{"id":1003,"date":"2017-09-02T05:25:45","date_gmt":"2017-09-02T04:25:45","guid":{"rendered":"http:\/\/igrivarhitektura.org\/?page_id=1003"},"modified":"2020-04-14T09:30:14","modified_gmt":"2020-04-14T08:30:14","slug":"ravnikarjeve-delavnice","status":"publish","type":"page","link":"http:\/\/igrivarhitektura.org\/en\/ravnikarjeve-delavnice\/","title":{"rendered":"Ravnikar's Workshops"},"content":{"rendered":"<div class=\"wpb-content-wrapper\"><div class=\"vc_row wpb_row vc_row-fluid\"><div class=\"wpb_column vc_column_container vc_col-sm-12\"><div class=\"vc_column-inner\"><div class=\"wpb_wrapper\"><h1 style=\"text-align: left\" class=\"vc_custom_heading vc_do_custom_heading\" >RAVNIKARJEVE DELAVNICE<\/h1><\/div><\/div><\/div><\/div><div class=\"vc_row wpb_row vc_row-fluid\"><div class=\"wpb_column vc_column_container vc_col-sm-6\"><div class=\"vc_column-inner\"><div class=\"wpb_wrapper\">\n\t<div class=\"wpb_text_column wpb_content_element\" >\n\t\t<div class=\"wpb_wrapper\">\n\t\t\t<p>Center arhitekture Slovenije se je s svojim programom za leto 2017 s projektom Igriva arhitektura: delavnice na temo Edvarda Ravnikarja vklju\u010dil med snovalce dogajanja <strong>ob 70. obletnici Nove Gorice<\/strong> in <strong>110. obletnici rojstva arhitekta in urbanista Edvarda Ravnikarja<\/strong>. U\u010denci so spoznavali \u017eivljenje in dela arhitekta, ki je pred 70. leti zasnoval urbanisti\u010dni na\u010drt za mesto na travniku &#8211; Novo Gorico.<\/p>\n<p>V tednu od 22. do 24. novembra 2017 smo Ravnikarjeve delavnice izvedli v naslednjih osnovnih \u0161olah:<\/p>\n<ul>\n<li>O\u0160 Branik<\/li>\n<li>O\u0160 \u010cepovan<\/li>\n<li>O\u0160 Dornberk s podru\u017eni\u010dno \u0161olo Prva\u010dina<\/li>\n<li>O\u0160 Frana Erjavca Nova Gorica<\/li>\n<li>O\u0160 Milojke \u0160trukelj Nova Gorica s podru\u017eni\u010dno \u0161olo Ledine<\/li>\n<li>O\u0160 Solkan s podru\u017eni\u010dnima \u0161olama Grgar in Trnovo<\/li>\n<li>O\u0160 \u0160empas<\/li>\n<li>O\u0160 Kozara Nova Gorica<\/li>\n<\/ul>\n<p>Delavnice <strong>Igriva arhitektura \u2013 Edvard Ravnikar<\/strong>, ki so nastale v okviru praznovanja, si \u017eelimo tudi v prihodnje izvajati po osnovnih \u0161olah znotraj Mestne ob\u010dine Nove Gorice in po ostalih osnovnih \u0161olah po Sloveniji.<\/p>\n\n\t\t<\/div>\n\t<\/div>\n\n\t<div class=\"wpb_text_column wpb_content_element\" >\n\t\t<div class=\"wpb_wrapper\">\n\t\t\t<p>Hvala Mestni ob\u010dini Nova Gorica za podporo pri izvedbi delavnic in posebna zahvala Gori\u0161kim opekarnam, ki so posebej za nas izdelale majhne opeke, ki so glavni material za izvedbo ene od delavnic.<\/p>\n\n\t\t<\/div>\n\t<\/div>\n<\/div><\/div><\/div><div class=\"wpb_column vc_column_container vc_col-sm-2\"><div class=\"vc_column-inner\"><div class=\"wpb_wrapper\">\n\t<div  class=\"wpb_single_image wpb_content_element vc_align_left wpb_content_element\">\n\t\t\n\t\t<figure class=\"wpb_wrapper vc_figure\">\n\t\t\t<div class=\"vc_single_image-wrapper   vc_box_border_grey\"><img decoding=\"async\" class=\"vc_single_image-img\" src=\"https:\/\/igrivarhitektura.org\/new\/wp-content\/uploads\/2017\/09\/Ferantov-vrt_pogled9_M.jpg\" width=\"180\" height=\"270\" alt=\"Ferantov-vrt_pogled9_M\" title=\"Ferantov-vrt_pogled9_M\" \/><\/div>\n\t\t<\/figure>\n\t<\/div>\n\n\t<div  class=\"wpb_single_image wpb_content_element vc_align_left wpb_content_element\">\n\t\t\n\t\t<figure class=\"wpb_wrapper vc_figure\">\n\t\t\t<div class=\"vc_single_image-wrapper   vc_box_border_grey\"><img decoding=\"async\" width=\"300\" height=\"300\" src=\"https:\/\/igrivarhitektura.org\/new\/wp-content\/uploads\/2017\/09\/logo_mo_ng.jpg\" class=\"vc_single_image-img attachment-full\" alt=\"\" title=\"logo_mo_ng\" srcset=\"https:\/\/igrivarhitektura.org\/new\/wp-content\/uploads\/2017\/09\/logo_mo_ng-24x24.jpg 24w, https:\/\/igrivarhitektura.org\/new\/wp-content\/uploads\/2017\/09\/logo_mo_ng-36x36.jpg 36w, https:\/\/igrivarhitektura.org\/new\/wp-content\/uploads\/2017\/09\/logo_mo_ng-48x48.jpg 48w, https:\/\/igrivarhitektura.org\/new\/wp-content\/uploads\/2017\/09\/logo_mo_ng-66x66.jpg 66w, https:\/\/igrivarhitektura.org\/new\/wp-content\/uploads\/2017\/09\/logo_mo_ng-150x150.jpg 150w, https:\/\/igrivarhitektura.org\/new\/wp-content\/uploads\/2017\/09\/logo_mo_ng-200x200.jpg 200w, https:\/\/igrivarhitektura.org\/new\/wp-content\/uploads\/2017\/09\/logo_mo_ng.jpg 300w\" sizes=\"(max-width: 300px) 100vw, 300px\" \/><\/div>\n\t\t<\/figure>\n\t<\/div>\n<\/div><\/div><\/div><div class=\"wpb_column vc_column_container vc_col-sm-4\"><div class=\"vc_column-inner\"><div class=\"wpb_wrapper\">\n\t<div  class=\"wpb_single_image wpb_content_element vc_align_left wpb_content_element\">\n\t\t\n\t\t<figure class=\"wpb_wrapper vc_figure\">\n\t\t\t<div class=\"vc_single_image-wrapper   vc_box_border_grey\"><img decoding=\"async\" width=\"750\" height=\"750\" src=\"https:\/\/igrivarhitektura.org\/new\/wp-content\/uploads\/2017\/09\/dg-erlj-263.jpg\" class=\"vc_single_image-img attachment-full\" alt=\"\" title=\"Ferantov vrt Residential and Commercial Complex\" srcset=\"https:\/\/igrivarhitektura.org\/new\/wp-content\/uploads\/2017\/09\/dg-erlj-263-24x24.jpg 24w, https:\/\/igrivarhitektura.org\/new\/wp-content\/uploads\/2017\/09\/dg-erlj-263-36x36.jpg 36w, https:\/\/igrivarhitektura.org\/new\/wp-content\/uploads\/2017\/09\/dg-erlj-263-48x48.jpg 48w, https:\/\/igrivarhitektura.org\/new\/wp-content\/uploads\/2017\/09\/dg-erlj-263-66x66.jpg 66w, https:\/\/igrivarhitektura.org\/new\/wp-content\/uploads\/2017\/09\/dg-erlj-263-150x150.jpg 150w, https:\/\/igrivarhitektura.org\/new\/wp-content\/uploads\/2017\/09\/dg-erlj-263-200x200.jpg 200w, https:\/\/igrivarhitektura.org\/new\/wp-content\/uploads\/2017\/09\/dg-erlj-263-300x300.jpg 300w, https:\/\/igrivarhitektura.org\/new\/wp-content\/uploads\/2017\/09\/dg-erlj-263-400x400.jpg 400w, https:\/\/igrivarhitektura.org\/new\/wp-content\/uploads\/2017\/09\/dg-erlj-263-600x600.jpg 600w, https:\/\/igrivarhitektura.org\/new\/wp-content\/uploads\/2017\/09\/dg-erlj-263.jpg 750w\" sizes=\"(max-width: 750px) 100vw, 750px\" \/><\/div>\n\t\t<\/figure>\n\t<\/div>\n<\/div><\/div><\/div><\/div><div class=\"vc_row wpb_row vc_row-fluid\"><div class=\"wpb_column vc_column_container vc_col-sm-12\"><div class=\"vc_column-inner\"><div class=\"wpb_wrapper\"><div class=\"vc_empty_space\"   style=\"height: 20px\"><span class=\"vc_empty_space_inner\"><\/span><\/div><div class=\"vc_separator wpb_content_element vc_separator_align_center vc_sep_width_100 vc_sep_pos_align_center vc_separator_no_text vc_sep_color_grey wpb_content_element  wpb_content_element\" ><span class=\"vc_sep_holder vc_sep_holder_l\"><span class=\"vc_sep_line\"><\/span><\/span><span class=\"vc_sep_holder vc_sep_holder_r\"><span class=\"vc_sep_line\"><\/span><\/span>\n<\/div><div class=\"vc_empty_space\"   style=\"height: 20px\"><span class=\"vc_empty_space_inner\"><\/span><\/div><\/div><\/div><\/div><\/div><div class=\"vc_row wpb_row vc_row-fluid\"><div class=\"wpb_column vc_column_container vc_col-sm-6\"><div class=\"vc_column-inner\"><div class=\"wpb_wrapper\">\n\t<div class=\"wpb_text_column wpb_content_element vc_custom_1585058089431\" >\n\t\t<div class=\"wpb_wrapper\">\n\t\t\t<p><strong>NAREDIMO PARK SPOMINA IN SODOBNO MESTO<\/strong><\/p>\n<p>Arhitekt Edvard Ravnikar je v svojih delih pogosto uporabil obliko trikotnika, naj je bila to tlorisna oblika stolpnic na Trgu republike v Ljubljani ali pa kamniti elementi , ki oblikujejo krajinsko postavitev grobi\u0161\u010da talcev v Dragi pri Begunjah. V delavnici smo iz trikotnih gradnikov postavili dve zasnovi razli\u010dnih prostorov, bolj intimni park spomina v katerem smo razmi\u0161ljali, kaj je prostor spomina, kaj sporo\u010da in kako se v njem po\u010dutimo.<br \/>\nDruga postavitev je bila iz istih gradnikov, le da je v ve\u010djem merilu ponazorila sodobno mesto.<\/p>\n\n\t\t<\/div>\n\t<\/div>\n<\/div><\/div><\/div><div class=\"wpb_column vc_column_container vc_col-sm-6\"><div class=\"vc_column-inner\"><div class=\"wpb_wrapper\">\n\t<div class=\"wpb_text_column wpb_content_element vc_custom_1585056828842\" >\n\t\t<div class=\"wpb_wrapper\">\n\t\t\t<p><strong>DETAJL NAREDI STAVBO <\/strong><\/p>\n<p>Opeka je bila ena od priljubljenih materialov, iz katere je arhitekt Ravnikar snoval zunanjost in tudi notranjost stavb, najve\u010dji kompleks zgrajen iz opeke je Farantov vrt v Ljubljani, eden lep\u0161ih primerov pa je Hotel Creina v Kranju. Iz opeke je oblikoval zanimive detajle, ki so stavbam dajale svojstven pe\u010dat. V drugi delavnici smo iz pomanj\u0161anih opek Gori\u0161kih opekarn ustvarjali vzorce in preizku\u0161ali, kako lahko na razli\u010dne na\u010dine zlo\u017eeni gradniki ustvarjajo igro svetlobe in senc. Povrnili smo se tudi v zgodovino in spoznali, kje vse se je lahko Edvard Ravnikar navdihoval v detajlih iz zlo\u017eene opeke.<\/p>\n\n\t\t<\/div>\n\t<\/div>\n<\/div><\/div><\/div><\/div><div class=\"vc_row wpb_row vc_row-fluid\"><div class=\"wpb_column vc_column_container vc_col-sm-6\"><div class=\"vc_column-inner\"><div class=\"wpb_wrapper\"><div class=\"wpb_images_carousel wpb_content_element vc_clearfix wpb_content_element\"><div class=\"wpb_wrapper\"><div id=\"vc_images-carousel-1-1777714925\" data-ride=\"vc_carousel\" data-wrap=\"false\" style=\"width: 100%;\" data-interval=\"5000\" data-auto-height=\"yes\" data-mode=\"horizontal\" data-partial=\"false\" data-per-view=\"1\" data-hide-on-end=\"false\" class=\"vc_slide vc_images_carousel\"><ol class=\"vc_carousel-indicators\"><li data-target=\"#vc_images-carousel-1-1777714925\" data-slide-to=\"0\"><\/li><li data-target=\"#vc_images-carousel-1-1777714925\" data-slide-to=\"1\"><\/li><\/ol><div class=\"vc_carousel-inner\"><div class=\"vc_carousel-slideline\"><div class=\"vc_carousel-slideline-inner\"><div class=\"vc_item\"><div class=\"vc_inner\"><img decoding=\"async\" width=\"1000\" height=\"750\" src=\"https:\/\/igrivarhitektura.org\/new\/wp-content\/uploads\/2020\/03\/2.jpg\" class=\"attachment-full\" alt=\"\" title=\"2\" srcset=\"https:\/\/igrivarhitektura.org\/new\/wp-content\/uploads\/2020\/03\/2-200x150.jpg 200w, https:\/\/igrivarhitektura.org\/new\/wp-content\/uploads\/2020\/03\/2-300x225.jpg 300w, https:\/\/igrivarhitektura.org\/new\/wp-content\/uploads\/2020\/03\/2-400x300.jpg 400w, https:\/\/igrivarhitektura.org\/new\/wp-content\/uploads\/2020\/03\/2-600x450.jpg 600w, https:\/\/igrivarhitektura.org\/new\/wp-content\/uploads\/2020\/03\/2-768x576.jpg 768w, https:\/\/igrivarhitektura.org\/new\/wp-content\/uploads\/2020\/03\/2-800x600.jpg 800w, https:\/\/igrivarhitektura.org\/new\/wp-content\/uploads\/2020\/03\/2.jpg 1000w\" sizes=\"(max-width: 1000px) 100vw, 1000px\" \/><\/div><\/div><div class=\"vc_item\"><div class=\"vc_inner\"><img decoding=\"async\" width=\"1000\" height=\"750\" src=\"https:\/\/igrivarhitektura.org\/new\/wp-content\/uploads\/2020\/03\/1.jpg\" class=\"attachment-full\" alt=\"\" title=\"1\" srcset=\"https:\/\/igrivarhitektura.org\/new\/wp-content\/uploads\/2020\/03\/1-200x150.jpg 200w, https:\/\/igrivarhitektura.org\/new\/wp-content\/uploads\/2020\/03\/1-300x225.jpg 300w, https:\/\/igrivarhitektura.org\/new\/wp-content\/uploads\/2020\/03\/1-400x300.jpg 400w, https:\/\/igrivarhitektura.org\/new\/wp-content\/uploads\/2020\/03\/1-600x450.jpg 600w, https:\/\/igrivarhitektura.org\/new\/wp-content\/uploads\/2020\/03\/1-768x576.jpg 768w, https:\/\/igrivarhitektura.org\/new\/wp-content\/uploads\/2020\/03\/1-800x600.jpg 800w, https:\/\/igrivarhitektura.org\/new\/wp-content\/uploads\/2020\/03\/1.jpg 1000w\" sizes=\"(max-width: 1000px) 100vw, 1000px\" \/><\/div><\/div><\/div><\/div><\/div><a class=\"vc_left vc_carousel-control\" href=\"#vc_images-carousel-1-1777714925\" data-slide=\"prev\"><span class=\"icon-prev\"><\/span><\/a><a class=\"vc_right vc_carousel-control\" href=\"#vc_images-carousel-1-1777714925\" data-slide=\"next\"><span class=\"icon-next\"><\/span><\/a><\/div><\/div><\/div><\/div><\/div><\/div><div class=\"wpb_column vc_column_container vc_col-sm-6\"><div class=\"vc_column-inner\"><div class=\"wpb_wrapper\"><div class=\"wpb_images_carousel wpb_content_element vc_clearfix wpb_content_element\"><div class=\"wpb_wrapper\"><div id=\"vc_images-carousel-2-1777714925\" data-ride=\"vc_carousel\" data-wrap=\"false\" style=\"width: 100%;\" data-interval=\"5000\" data-auto-height=\"yes\" data-mode=\"horizontal\" data-partial=\"false\" data-per-view=\"1\" data-hide-on-end=\"false\" class=\"vc_slide vc_images_carousel\"><ol class=\"vc_carousel-indicators\"><li data-target=\"#vc_images-carousel-2-1777714925\" data-slide-to=\"0\"><\/li><li data-target=\"#vc_images-carousel-2-1777714925\" data-slide-to=\"1\"><\/li><\/ol><div class=\"vc_carousel-inner\"><div class=\"vc_carousel-slideline\"><div class=\"vc_carousel-slideline-inner\"><div class=\"vc_item\"><div class=\"vc_inner\"><img decoding=\"async\" width=\"2560\" height=\"1920\" src=\"https:\/\/igrivarhitektura.org\/new\/wp-content\/uploads\/2020\/03\/IMG_E8459-scaled.jpg\" class=\"attachment-full\" alt=\"\" title=\"IMG_E8459\" srcset=\"https:\/\/igrivarhitektura.org\/new\/wp-content\/uploads\/2020\/03\/IMG_E8459-200x150.jpg 200w, https:\/\/igrivarhitektura.org\/new\/wp-content\/uploads\/2020\/03\/IMG_E8459-300x225.jpg 300w, https:\/\/igrivarhitektura.org\/new\/wp-content\/uploads\/2020\/03\/IMG_E8459-400x300.jpg 400w, https:\/\/igrivarhitektura.org\/new\/wp-content\/uploads\/2020\/03\/IMG_E8459-600x450.jpg 600w, https:\/\/igrivarhitektura.org\/new\/wp-content\/uploads\/2020\/03\/IMG_E8459-768x576.jpg 768w, https:\/\/igrivarhitektura.org\/new\/wp-content\/uploads\/2020\/03\/IMG_E8459-800x600.jpg 800w, https:\/\/igrivarhitektura.org\/new\/wp-content\/uploads\/2020\/03\/IMG_E8459-1024x768.jpg 1024w, https:\/\/igrivarhitektura.org\/new\/wp-content\/uploads\/2020\/03\/IMG_E8459-1536x1152.jpg 1536w, https:\/\/igrivarhitektura.org\/new\/wp-content\/uploads\/2020\/03\/IMG_E8459-scaled.jpg 2560w\" sizes=\"(max-width: 2560px) 100vw, 2560px\" \/><\/div><\/div><div class=\"vc_item\"><div class=\"vc_inner\"><img decoding=\"async\" width=\"2560\" height=\"1933\" src=\"https:\/\/igrivarhitektura.org\/new\/wp-content\/uploads\/2020\/03\/IMG_E8490-scaled.jpg\" class=\"attachment-full\" alt=\"\" title=\"IMG_E8490\" srcset=\"https:\/\/igrivarhitektura.org\/new\/wp-content\/uploads\/2020\/03\/IMG_E8490-200x151.jpg 200w, https:\/\/igrivarhitektura.org\/new\/wp-content\/uploads\/2020\/03\/IMG_E8490-300x227.jpg 300w, https:\/\/igrivarhitektura.org\/new\/wp-content\/uploads\/2020\/03\/IMG_E8490-400x302.jpg 400w, https:\/\/igrivarhitektura.org\/new\/wp-content\/uploads\/2020\/03\/IMG_E8490-600x453.jpg 600w, https:\/\/igrivarhitektura.org\/new\/wp-content\/uploads\/2020\/03\/IMG_E8490-768x580.jpg 768w, https:\/\/igrivarhitektura.org\/new\/wp-content\/uploads\/2020\/03\/IMG_E8490-800x604.jpg 800w, https:\/\/igrivarhitektura.org\/new\/wp-content\/uploads\/2020\/03\/IMG_E8490-1024x773.jpg 1024w, https:\/\/igrivarhitektura.org\/new\/wp-content\/uploads\/2020\/03\/IMG_E8490-1536x1160.jpg 1536w, https:\/\/igrivarhitektura.org\/new\/wp-content\/uploads\/2020\/03\/IMG_E8490-scaled.jpg 2560w\" sizes=\"(max-width: 2560px) 100vw, 2560px\" \/><\/div><\/div><\/div><\/div><\/div><a class=\"vc_left vc_carousel-control\" href=\"#vc_images-carousel-2-1777714925\" data-slide=\"prev\"><span class=\"icon-prev\"><\/span><\/a><a class=\"vc_right vc_carousel-control\" href=\"#vc_images-carousel-2-1777714925\" data-slide=\"next\"><span class=\"icon-next\"><\/span><\/a><\/div><\/div><\/div><\/div><\/div><\/div><\/div><div class=\"vc_row wpb_row vc_row-fluid\"><div class=\"wpb_column vc_column_container vc_col-sm-12\"><div class=\"vc_column-inner\"><div class=\"wpb_wrapper\"><div class=\"vc_empty_space\"   style=\"height: 32px\"><span class=\"vc_empty_space_inner\"><\/span><\/div><\/div><\/div><\/div><\/div>\n<\/div>","protected":false},"excerpt":{"rendered":"RAVNIKARJEVE DELAVNICE Center arhitekture Slovenije se je s svojim programom za leto 2017 s projektom Igriva arhitektura: delavnice na temo Edvarda Ravnikarja vklju\u010dil med snovalce dogajanja ob 70. obletnici Nove Gorice in 110. obletnici rojstva arhitekta in urbanista Edvarda Ravnikarja. U\u010denci so spoznavali \u017eivljenje in dela arhitekta, ki je pred 70. leti zasnoval urbanisti\u010dni na\u010drt","protected":false},"author":1,"featured_media":0,"parent":0,"menu_order":0,"comment_status":"closed","ping_status":"closed","template":"","meta":{"pgc_meta":"","iawp_total_views":36,"footnotes":""},"class_list":["post-1003","page","type-page","status-publish","hentry"],"pgc_meta":"","_links":{"self":[{"href":"http:\/\/igrivarhitektura.org\/en\/wp-json\/wp\/v2\/pages\/1003","targetHints":{"allow":["GET"]}}],"collection":[{"href":"http:\/\/igrivarhitektura.org\/en\/wp-json\/wp\/v2\/pages"}],"about":[{"href":"http:\/\/igrivarhitektura.org\/en\/wp-json\/wp\/v2\/types\/page"}],"author":[{"embeddable":true,"href":"http:\/\/igrivarhitektura.org\/en\/wp-json\/wp\/v2\/users\/1"}],"replies":[{"embeddable":true,"href":"http:\/\/igrivarhitektura.org\/en\/wp-json\/wp\/v2\/comments?post=1003"}],"version-history":[{"count":18,"href":"http:\/\/igrivarhitektura.org\/en\/wp-json\/wp\/v2\/pages\/1003\/revisions"}],"predecessor-version":[{"id":3321,"href":"http:\/\/igrivarhitektura.org\/en\/wp-json\/wp\/v2\/pages\/1003\/revisions\/3321"}],"wp:attachment":[{"href":"http:\/\/igrivarhitektura.org\/en\/wp-json\/wp\/v2\/media?parent=1003"}],"curies":[{"name":"wp","href":"https:\/\/api.w.org\/{rel}","templated":true}]}}