{"id":1027,"date":"2017-09-07T21:02:20","date_gmt":"2017-09-07T20:02:20","guid":{"rendered":"http:\/\/igrivarhitektura.org\/?page_id=1027"},"modified":"2021-02-13T07:50:38","modified_gmt":"2021-02-13T06:50:38","slug":"ustvarjanje-od-doma","status":"publish","type":"page","link":"http:\/\/igrivarhitektura.org\/en\/ustvarjanje-od-doma\/","title":{"rendered":"Creating at home"},"content":{"rendered":"<div class=\"wpb-content-wrapper\"><div class=\"vc_row wpb_row vc_row-fluid\"><div class=\"wpb_column vc_column_container vc_col-sm-12\"><div class=\"vc_column-inner\"><div class=\"wpb_wrapper\"><h1 style=\"text-align: left\" class=\"vc_custom_heading vc_do_custom_heading\" >USTVARJANJE OD DOMA<\/h1><\/div><\/div><\/div><\/div><div class=\"vc_row wpb_row vc_row-fluid\"><div class=\"wpb_column vc_column_container vc_col-sm-12\"><div class=\"vc_column-inner\"><div class=\"wpb_wrapper\">\n\t<div class=\"wpb_text_column wpb_content_element\" >\n\t\t<div class=\"wpb_wrapper\">\n\t\t\t<p>Dolgi popoldnevi ali de\u017ene kaplje lahko marsikaterega mladega raziskovalca zdolgo\u010dasijo, zato smo pripravili nekaj ustvarjalnih arhitekturnih delavnic, ki lahko popestrijo turobne dni. Vsaka od delavnic je enostavna in zabavna, vse potreb\u0161\u010dine pa se najdejo v doma\u010dih predalih.<br \/>\nNaj bo vsak dan ustvarjalen in naj bo nasmeh na obrazu narisan tudi ob dolgo\u010dasnih dnevih!<\/p>\n\n\t\t<\/div>\n\t<\/div>\n<\/div><\/div><\/div><\/div><div class=\"vc_row wpb_row vc_row-fluid\"><div class=\"wpb_column vc_column_container vc_col-sm-12\"><div class=\"vc_column-inner\"><div class=\"wpb_wrapper\"><div class=\"vc_empty_space\"   style=\"height: 20px\"><span class=\"vc_empty_space_inner\"><\/span><\/div><div class=\"vc_separator wpb_content_element vc_separator_align_center vc_sep_width_100 vc_sep_pos_align_center vc_separator_no_text vc_sep_color_grey wpb_content_element  wpb_content_element\" ><span class=\"vc_sep_holder vc_sep_holder_l\"><span class=\"vc_sep_line\"><\/span><\/span><span class=\"vc_sep_holder vc_sep_holder_r\"><span class=\"vc_sep_line\"><\/span><\/span>\n<\/div><div class=\"vc_empty_space\"   style=\"height: 20px\"><span class=\"vc_empty_space_inner\"><\/span><\/div><\/div><\/div><\/div><\/div><div class=\"vc_row wpb_row vc_row-fluid\"><div class=\"wpb_column vc_column_container vc_col-sm-6\"><div class=\"vc_column-inner\"><div class=\"wpb_wrapper\"><h2 style=\"text-align: left\" class=\"vc_custom_heading vc_do_custom_heading\" >SVETLOBA IN TEMA - ZIMSKI SOLSTICIJ<\/h2>\n\t<div class=\"wpb_text_column wpb_content_element\" >\n\t\t<div class=\"wpb_wrapper\">\n\t\t\t<p><strong>Jasno kot beli dan. Temno kot \u010drna no\u010d. Si \u017ee sli\u0161al za zimski solsticij? Ali ste \u017ee videli popolnoma bel ali popolnoma \u010drn prostor? Kaj je solsticij in zakaj je v\u010dasih no\u010d bela in dan \u010drn?<\/strong><\/p>\n<p>Vabimo te, da po ogledu videa, posname\u0161 svoj odgovor na zastavljeno vpra\u0161anje, ali pa sam posname\u0161 svoj video o svetlobi ali senci, nam razlo\u017ei\u0161 zakaj je svetloba tebi pomembna, kdaj je pomembna tudi senca.<\/p>\n<p>Posnetek nam po\u0161lji na naslov <a href=\"mailto:info@centerarhitekture.org\">info(at)centerarhitekture.org<\/a>. Najbolj\u0161e videe bomo <strong>nagradili<\/strong> in objavili na na\u0161i spletni strani. Ne pozabi si spodaj pogledati tudi zanimivih delavnic o arhitekturi in prostoru, ki jih lahko dela\u0161 doma.<\/p>\n<p>&nbsp;<\/p>\n<p><em>Zasnova projekta in producent: <a href=\"http:\/\/www.centerarhitekture.org\/\">Center arhitekture Slovenije<\/a>, program Igriva arhitektura<\/em><br \/>\n<em>Scenarij, snemanje, monta\u017ea:<a href=\"https:\/\/www.soos.si\/\"> SOOS, filmska produkcija<\/a><\/em><\/p>\n<p><em>Video je nastal v sodelovanju z Mestno ob\u010dino Ljubljana in Visit Ljubljana.<\/em><\/p>\n\n\t\t<\/div>\n\t<\/div>\n<\/div><\/div><\/div><div class=\"wpb_column vc_column_container vc_col-sm-6\"><div class=\"vc_column-inner\"><div class=\"wpb_wrapper\"><div class=\"vc_empty_space\"   style=\"height: 40px\"><span class=\"vc_empty_space_inner\"><\/span><\/div><div class=\"vc_empty_space\"   style=\"height: 40px\"><span class=\"vc_empty_space_inner\"><\/span><\/div><div class=\"vc_empty_space\"   style=\"height: 40px\"><span class=\"vc_empty_space_inner\"><\/span><\/div>\n\t<div class=\"wpb_text_column wpb_content_element\" >\n\t\t<div class=\"wpb_wrapper\">\n\t\t\t<div style=\"width: 1100px;\" class=\"wp-video\"><video class=\"wp-video-shortcode\" id=\"video-1027-1\" width=\"1100\" height=\"619\" preload=\"metadata\" controls=\"controls\"><source type=\"video\/mp4\" src=\"http:\/\/igrivarhitektura.org\/new\/wp-content\/uploads\/2020\/12\/Svetloba-in-tema-zimski-solsticij.mp4?_=1\" \/><a href=\"http:\/\/igrivarhitektura.org\/new\/wp-content\/uploads\/2020\/12\/Svetloba-in-tema-zimski-solsticij.mp4\">http:\/\/igrivarhitektura.org\/new\/wp-content\/uploads\/2020\/12\/Svetloba-in-tema-zimski-solsticij.mp4<\/a><\/video><\/div>\n\n\t\t<\/div>\n\t<\/div>\n<\/div><\/div><\/div><\/div><div class=\"vc_row wpb_row vc_row-fluid\"><div class=\"wpb_column vc_column_container vc_col-sm-12\"><div class=\"vc_column-inner\"><div class=\"wpb_wrapper\"><div class=\"vc_empty_space\"   style=\"height: 20px\"><span class=\"vc_empty_space_inner\"><\/span><\/div><div class=\"vc_separator wpb_content_element vc_separator_align_center vc_sep_width_100 vc_sep_pos_align_center vc_separator_no_text vc_sep_color_grey wpb_content_element  wpb_content_element\" ><span class=\"vc_sep_holder vc_sep_holder_l\"><span class=\"vc_sep_line\"><\/span><\/span><span class=\"vc_sep_holder vc_sep_holder_r\"><span class=\"vc_sep_line\"><\/span><\/span>\n<\/div><div class=\"vc_empty_space\"   style=\"height: 20px\"><span class=\"vc_empty_space_inner\"><\/span><\/div><\/div><\/div><\/div><\/div><div class=\"vc_row wpb_row vc_row-fluid\"><div class=\"wpb_column vc_column_container vc_col-sm-6\"><div class=\"vc_column-inner\"><div class=\"wpb_wrapper\"><h2 style=\"text-align: left\" class=\"vc_custom_heading vc_do_custom_heading\" >IGRIVO ARHITEKTURNO GUBANJE<\/h2>\n\t<div class=\"wpb_text_column wpb_content_element\" >\n\t\t<div class=\"wpb_wrapper\">\n\t\t\t<p>Potrebuje\u0161:<\/p>\n<p>&#8211; bel papir<br \/>\n&#8211; svin\u010dnik<br \/>\n&#8211; barvice<br \/>\n&#8211; \u0161karje<br \/>\n&#8211; lepilo<br \/>\n&#8211; figurico<\/p>\n<p>Stavbe so lahko razli\u010dnih oblik \u2012 lahko so sestavljene iz ravnih linij, lahko so tudi zavite ali zgubane. Iz listov navadnega papirja bomo z rezanjem in lepljenjem ustvarili stavbe. Poglej si film\u010dek na desni strani in iz papirja izdelaj domi\u0161ljijsko nagubano hi\u0161ko. Izberi si figurico, ki bo v domi\u0161ljijski hi\u0161ki doma. Ob ustvarjanju hi\u0161ke pazi, da bo ta v pravem merilu in da prebivalcu hi\u0161ke &#8220;ne bo prevelika ali premajhna&#8221;. Z gubanjem delov lista ustvari stene, streho in druge arhitekturne elemente, ki bodo domi\u0161ljijski hi\u0161ki iz papirja dale posebno obliko. Ko kon\u010da\u0161, na hi\u0161ko s pisalom nari\u0161i \u0161e okna in vrata (lahko jih tudi s \u0161karjami izre\u017ee\u0161), pobarvaj fasado in notranje stene, v njo pa postavi papirnato pohi\u0161tvo in figurico. \u010ce \u017eeli\u0161, lahko hi\u0161ki naredi\u0161 \u0161e okolico.<\/p>\n\n\t\t<\/div>\n\t<\/div>\n<\/div><\/div><\/div><div class=\"wpb_column vc_column_container vc_col-sm-6\"><div class=\"vc_column-inner\"><div class=\"wpb_wrapper\"><div class=\"vc_empty_space\"   style=\"height: 40px\"><span class=\"vc_empty_space_inner\"><\/span><\/div><div class=\"vc_empty_space\"   style=\"height: 40px\"><span class=\"vc_empty_space_inner\"><\/span><\/div><div class=\"vc_empty_space\"   style=\"height: 40px\"><span class=\"vc_empty_space_inner\"><\/span><\/div>\n\t<div class=\"wpb_text_column wpb_content_element\" >\n\t\t<div class=\"wpb_wrapper\">\n\t\t\t<div style=\"width: 1100px;\" class=\"wp-video\"><video class=\"wp-video-shortcode\" id=\"video-1027-2\" width=\"1100\" height=\"619\" preload=\"metadata\" controls=\"controls\"><source type=\"video\/mp4\" src=\"http:\/\/igrivarhitektura.org\/new\/wp-content\/uploads\/2020\/04\/Amag-Issue-03-article-07-PLAYFUL-FOLDING-ARCHITECTURE-by-Igriva-Arhitektura-Slovenia.mp4?_=2\" \/><a href=\"http:\/\/igrivarhitektura.org\/new\/wp-content\/uploads\/2020\/04\/Amag-Issue-03-article-07-PLAYFUL-FOLDING-ARCHITECTURE-by-Igriva-Arhitektura-Slovenia.mp4\">http:\/\/igrivarhitektura.org\/new\/wp-content\/uploads\/2020\/04\/Amag-Issue-03-article-07-PLAYFUL-FOLDING-ARCHITECTURE-by-Igriva-Arhitektura-Slovenia.mp4<\/a><\/video><\/div>\n\n\t\t<\/div>\n\t<\/div>\n<\/div><\/div><\/div><\/div><div class=\"vc_row wpb_row vc_row-fluid\"><div class=\"wpb_column vc_column_container vc_col-sm-12\"><div class=\"vc_column-inner\"><div class=\"wpb_wrapper\"><div class=\"vc_empty_space\"   style=\"height: 20px\"><span class=\"vc_empty_space_inner\"><\/span><\/div><div class=\"vc_separator wpb_content_element vc_separator_align_center vc_sep_width_100 vc_sep_pos_align_center vc_separator_no_text vc_sep_color_grey wpb_content_element  wpb_content_element\" ><span class=\"vc_sep_holder vc_sep_holder_l\"><span class=\"vc_sep_line\"><\/span><\/span><span class=\"vc_sep_holder vc_sep_holder_r\"><span class=\"vc_sep_line\"><\/span><\/span>\n<\/div><div class=\"vc_empty_space\"   style=\"height: 20px\"><span class=\"vc_empty_space_inner\"><\/span><\/div><\/div><\/div><\/div><\/div><div class=\"vc_row wpb_row vc_row-fluid\"><div class=\"wpb_column vc_column_container vc_col-sm-6\"><div class=\"vc_column-inner\"><div class=\"wpb_wrapper\">\n\t<div  class=\"wpb_single_image wpb_content_element vc_align_left wpb_content_element\">\n\t\t\n\t\t<figure class=\"wpb_wrapper vc_figure\">\n\t\t\t<div class=\"vc_single_image-wrapper   vc_box_border_grey\"><img decoding=\"async\" width=\"1024\" height=\"930\" src=\"https:\/\/igrivarhitektura.org\/new\/wp-content\/uploads\/2017\/09\/11_zgradi-svoje-mesto-1024x930.jpg\" class=\"vc_single_image-img attachment-large\" alt=\"\" title=\"11_zgradi svoje mesto\" srcset=\"https:\/\/igrivarhitektura.org\/new\/wp-content\/uploads\/2017\/09\/11_zgradi-svoje-mesto-24x22.jpg 24w, https:\/\/igrivarhitektura.org\/new\/wp-content\/uploads\/2017\/09\/11_zgradi-svoje-mesto-36x33.jpg 36w, https:\/\/igrivarhitektura.org\/new\/wp-content\/uploads\/2017\/09\/11_zgradi-svoje-mesto-48x44.jpg 48w, https:\/\/igrivarhitektura.org\/new\/wp-content\/uploads\/2017\/09\/11_zgradi-svoje-mesto-200x182.jpg 200w, https:\/\/igrivarhitektura.org\/new\/wp-content\/uploads\/2017\/09\/11_zgradi-svoje-mesto-300x273.jpg 300w, https:\/\/igrivarhitektura.org\/new\/wp-content\/uploads\/2017\/09\/11_zgradi-svoje-mesto-400x363.jpg 400w, https:\/\/igrivarhitektura.org\/new\/wp-content\/uploads\/2017\/09\/11_zgradi-svoje-mesto-600x545.jpg 600w, https:\/\/igrivarhitektura.org\/new\/wp-content\/uploads\/2017\/09\/11_zgradi-svoje-mesto-768x698.jpg 768w, https:\/\/igrivarhitektura.org\/new\/wp-content\/uploads\/2017\/09\/11_zgradi-svoje-mesto-800x727.jpg 800w, https:\/\/igrivarhitektura.org\/new\/wp-content\/uploads\/2017\/09\/11_zgradi-svoje-mesto-1024x930.jpg 1024w, https:\/\/igrivarhitektura.org\/new\/wp-content\/uploads\/2017\/09\/11_zgradi-svoje-mesto.jpg 1168w\" sizes=\"(max-width: 1024px) 100vw, 1024px\" \/><\/div>\n\t\t<\/figure>\n\t<\/div>\n<\/div><\/div><\/div><div class=\"wpb_column vc_column_container vc_col-sm-6\"><div class=\"vc_column-inner\"><div class=\"wpb_wrapper\"><h2 style=\"text-align: left\" class=\"vc_custom_heading vc_do_custom_heading\" >ZGRADI SVOJE MESTO<\/h2>\n\t<div class=\"wpb_text_column wpb_content_element\" >\n\t\t<div class=\"wpb_wrapper\">\n\t\t\t<p>Potrebuje\u0161:<\/p>\n<p>&#8211; papir razli\u010dnih barv<br \/>\n&#8211; barvice, svin\u010dnik, flomastre<br \/>\n&#8211; lepilo, \u0161karje<\/p>\n<p>Ali si si kdaj \u017ee zami\u0161ljal, kako bi bilo, \u010de bi lahko ustvaril \u010disto svoje mesto? Morda je danes ravno pravi dan za to! Poi\u0161\u010di stari papir, pobrskaj po predalih po kola\u017e papirju, uporabi\u0161 lahko tudi stari \u010dasopisni papir. Pomisli, kak\u0161ne stavbe najdemo v velikih mestih in kak\u0161ne v majhnih krajih? Ali bo to veliko mesto s stolpnicami in razglednimi stolpi ali \u017eeli\u0161 poustvariti svoj doma\u010di kraj? Na papir nari\u0161i in nato izre\u017ei razli\u010dne objekte, a ne pozabi razmisliti o njihovi vi\u0161ini, nadstropjih, \u0161tevilu oken in vrat ter seveda o njihovi namembnosti. Ali se stanovanjski bloki, bolni\u0161nica, \u0161ola, nakupovalni center in banka med seboj razlikujejo? Nato vse stavbe nalepi na ve\u010dji papir, ob tem pa razmisli, katera stavba bo bli\u017eje in katere bodo v daljavi. Doda\u0161 lahko tudi oblake, sonce, klopi, ljudi in avtomobile &#8211; za to uporabi \u010dim ve\u010d razli\u010dnih materialov, ki jih najde\u0161 doma.<\/p>\n\n\t\t<\/div>\n\t<\/div>\n<\/div><\/div><\/div><\/div><div class=\"vc_row wpb_row vc_row-fluid\"><div class=\"wpb_column vc_column_container vc_col-sm-12\"><div class=\"vc_column-inner\"><div class=\"wpb_wrapper\"><div class=\"vc_empty_space\"   style=\"height: 20px\"><span class=\"vc_empty_space_inner\"><\/span><\/div><div class=\"vc_separator wpb_content_element vc_separator_align_center vc_sep_width_100 vc_sep_pos_align_center vc_separator_no_text vc_sep_color_grey wpb_content_element  wpb_content_element\" ><span class=\"vc_sep_holder vc_sep_holder_l\"><span class=\"vc_sep_line\"><\/span><\/span><span class=\"vc_sep_holder vc_sep_holder_r\"><span class=\"vc_sep_line\"><\/span><\/span>\n<\/div><div class=\"vc_empty_space\"   style=\"height: 20px\"><span class=\"vc_empty_space_inner\"><\/span><\/div><\/div><\/div><\/div><\/div><div class=\"vc_row wpb_row vc_row-fluid\"><div class=\"wpb_column vc_column_container vc_col-sm-6\"><div class=\"vc_column-inner\"><div class=\"wpb_wrapper\"><h2 style=\"text-align: left\" class=\"vc_custom_heading vc_do_custom_heading\" >RAZISKUJ \u010cAROBNOST SENC<\/h2>\n\t<div class=\"wpb_text_column wpb_content_element\" >\n\t\t<div class=\"wpb_wrapper\">\n\t\t\t<p>Potrebuje\u0161:<\/p>\n<p>&#8211; predmete razli\u010dnih oblik<br \/>\n&#8211; okno<br \/>\n&#8211; bel papir<br \/>\n&#8211; svin\u010dnik<\/p>\n<p>Svetloba je tudi v arhitekturi pomemben element, s katerim lahko dose\u017eemo razli\u010dne zanimive u\u010dinke. Doma pod oknom razprostri velik bel list papirja, na katerega na ve\u010d na\u010dinov polagaj razli\u010dne predmete. To so lahko kocke, \u0161katle, igra\u010de ali pa katerikoli drugi predmet, ki ga najde\u0161 doma. Ob polaganju predmetov na listu opazuj spreminjanje in nastajanje senc, s katerimi lahko ustvari\u0161 razli\u010dne oblike, ki jih nato s svin\u010dnikom na papirju obri\u0161e\u0161. Ker se na\u0161 planet vrti okrog sonca, bodo sence v razli\u010dnih \u010dasih dneva dalj\u0161e ali kraj\u0161e, zato bodi pozoren tudi na to. Obliko na papirju lahko z barvicami ali flomastri pobarva\u0161 in jo spremeni\u0161 v nekaj popolnoma druga\u010dnega.<\/p>\n\n\t\t<\/div>\n\t<\/div>\n<\/div><\/div><\/div><div class=\"wpb_column vc_column_container vc_col-sm-6\"><div class=\"vc_column-inner\"><div class=\"wpb_wrapper\">\n\t<div  class=\"wpb_single_image wpb_content_element vc_align_left wpb_content_element\">\n\t\t\n\t\t<figure class=\"wpb_wrapper vc_figure\">\n\t\t\t<div class=\"vc_single_image-wrapper   vc_box_border_grey\"><img decoding=\"async\" width=\"1024\" height=\"832\" src=\"https:\/\/igrivarhitektura.org\/new\/wp-content\/uploads\/2017\/09\/22_sence-1024x832.jpg\" class=\"vc_single_image-img attachment-large\" alt=\"\" title=\"22_sence\" srcset=\"https:\/\/igrivarhitektura.org\/new\/wp-content\/uploads\/2017\/09\/22_sence-24x20.jpg 24w, https:\/\/igrivarhitektura.org\/new\/wp-content\/uploads\/2017\/09\/22_sence-36x29.jpg 36w, https:\/\/igrivarhitektura.org\/new\/wp-content\/uploads\/2017\/09\/22_sence-48x39.jpg 48w, https:\/\/igrivarhitektura.org\/new\/wp-content\/uploads\/2017\/09\/22_sence-200x163.jpg 200w, https:\/\/igrivarhitektura.org\/new\/wp-content\/uploads\/2017\/09\/22_sence-300x244.jpg 300w, https:\/\/igrivarhitektura.org\/new\/wp-content\/uploads\/2017\/09\/22_sence-400x325.jpg 400w, https:\/\/igrivarhitektura.org\/new\/wp-content\/uploads\/2017\/09\/22_sence-600x488.jpg 600w, https:\/\/igrivarhitektura.org\/new\/wp-content\/uploads\/2017\/09\/22_sence-768x624.jpg 768w, https:\/\/igrivarhitektura.org\/new\/wp-content\/uploads\/2017\/09\/22_sence-800x650.jpg 800w, https:\/\/igrivarhitektura.org\/new\/wp-content\/uploads\/2017\/09\/22_sence-1024x832.jpg 1024w, https:\/\/igrivarhitektura.org\/new\/wp-content\/uploads\/2017\/09\/22_sence.jpg 1163w\" sizes=\"(max-width: 1024px) 100vw, 1024px\" \/><\/div>\n\t\t<\/figure>\n\t<\/div>\n<\/div><\/div><\/div><\/div><div class=\"vc_row wpb_row vc_row-fluid\"><div class=\"wpb_column vc_column_container vc_col-sm-12\"><div class=\"vc_column-inner\"><div class=\"wpb_wrapper\"><div class=\"vc_empty_space\"   style=\"height: 20px\"><span class=\"vc_empty_space_inner\"><\/span><\/div><div class=\"vc_separator wpb_content_element vc_separator_align_center vc_sep_width_100 vc_sep_pos_align_center vc_separator_no_text vc_sep_color_grey wpb_content_element  wpb_content_element\" ><span class=\"vc_sep_holder vc_sep_holder_l\"><span class=\"vc_sep_line\"><\/span><\/span><span class=\"vc_sep_holder vc_sep_holder_r\"><span class=\"vc_sep_line\"><\/span><\/span>\n<\/div><div class=\"vc_empty_space\"   style=\"height: 20px\"><span class=\"vc_empty_space_inner\"><\/span><\/div><\/div><\/div><\/div><\/div><div class=\"vc_row wpb_row vc_row-fluid\"><div class=\"wpb_column vc_column_container vc_col-sm-6\"><div class=\"vc_column-inner\"><div class=\"wpb_wrapper\">\n\t<div  class=\"wpb_single_image wpb_content_element vc_align_left wpb_content_element\">\n\t\t\n\t\t<figure class=\"wpb_wrapper vc_figure\">\n\t\t\t<div class=\"vc_single_image-wrapper   vc_box_border_grey\"><img decoding=\"async\" width=\"1024\" height=\"940\" src=\"https:\/\/igrivarhitektura.org\/new\/wp-content\/uploads\/2017\/09\/33_utrdbe-1024x940.jpg\" class=\"vc_single_image-img attachment-large\" alt=\"\" title=\"33_utrdbe\" srcset=\"https:\/\/igrivarhitektura.org\/new\/wp-content\/uploads\/2017\/09\/33_utrdbe-24x22.jpg 24w, https:\/\/igrivarhitektura.org\/new\/wp-content\/uploads\/2017\/09\/33_utrdbe-36x33.jpg 36w, https:\/\/igrivarhitektura.org\/new\/wp-content\/uploads\/2017\/09\/33_utrdbe-48x44.jpg 48w, https:\/\/igrivarhitektura.org\/new\/wp-content\/uploads\/2017\/09\/33_utrdbe-200x184.jpg 200w, https:\/\/igrivarhitektura.org\/new\/wp-content\/uploads\/2017\/09\/33_utrdbe-300x275.jpg 300w, https:\/\/igrivarhitektura.org\/new\/wp-content\/uploads\/2017\/09\/33_utrdbe-400x367.jpg 400w, https:\/\/igrivarhitektura.org\/new\/wp-content\/uploads\/2017\/09\/33_utrdbe-600x551.jpg 600w, https:\/\/igrivarhitektura.org\/new\/wp-content\/uploads\/2017\/09\/33_utrdbe-768x705.jpg 768w, https:\/\/igrivarhitektura.org\/new\/wp-content\/uploads\/2017\/09\/33_utrdbe-800x734.jpg 800w, https:\/\/igrivarhitektura.org\/new\/wp-content\/uploads\/2017\/09\/33_utrdbe-1024x940.jpg 1024w, https:\/\/igrivarhitektura.org\/new\/wp-content\/uploads\/2017\/09\/33_utrdbe.jpg 1167w\" sizes=\"(max-width: 1024px) 100vw, 1024px\" \/><\/div>\n\t\t<\/figure>\n\t<\/div>\n<\/div><\/div><\/div><div class=\"wpb_column vc_column_container vc_col-sm-6\"><div class=\"vc_column-inner\"><div class=\"wpb_wrapper\"><h2 style=\"text-align: left\" class=\"vc_custom_heading vc_do_custom_heading\" >IZDELAJ \u010cISTO SVOJO UTRDBO<\/h2>\n\t<div class=\"wpb_text_column wpb_content_element\" >\n\t\t<div class=\"wpb_wrapper\">\n\t\t\t<p>Potrebuje\u0161:<\/p>\n<p>&#8211; rabljene \u0161katlice, karton, tulce<br \/>\n&#8211; barvni papir<br \/>\n&#8211; \u0161karje, lepilo, lepilni trak<br \/>\n&#8211; pisalo<\/p>\n<p>Pravi arhitekt svojo zamisel o hi\u0161i najprej preizkusi s pomo\u010djo makete. Makete so lahko izdelane iz najrazli\u010dnej\u0161ih materialov, med drugim pa tudi iz papirja. Doma poi\u0161\u010di stare \u0161katlice, papir, karton in druge materiale, s katerimi lahko izdela\u0161 maketo. Preden se loti\u0161 gradnje svoje makete, mora\u0161 razmisliti o obliki hi\u0161e, ki jo ho\u010de\u0161 zgraditi. To je lahko vsakdanja hi\u0161a, lahko je velika stolpnica, lahko pa je tudi \u010disto prava utrdba. Z lepilom skupaj zlepi vse potrebne dele, nato pa hi\u0161i dodaj \u0161e odprtine, dimnik, vhod in ostale elemente, ki se jih domisli\u0161. \u010ce ima\u0161 mo\u017enost, povabi svoje prijatelje in skupaj sestavite mesto. S cestami, potmi in drevesci pove\u017eite svoje hi\u0161e in utrdbe ter si zamislite zgodbo, ki jo nato predstavite svojim star\u0161em.<\/p>\n\n\t\t<\/div>\n\t<\/div>\n<\/div><\/div><\/div><\/div>\n<\/div>","protected":false},"excerpt":{"rendered":"USTVARJANJE OD DOMA Dolgi popoldnevi ali de\u017ene kaplje lahko marsikaterega mladega raziskovalca zdolgo\u010dasijo, zato smo pripravili nekaj ustvarjalnih arhitekturnih delavnic, ki lahko popestrijo turobne dni. Vsaka od delavnic je enostavna in zabavna, vse potreb\u0161\u010dine pa se najdejo v doma\u010dih predalih. Naj bo vsak dan ustvarjalen in naj bo nasmeh na obrazu narisan tudi ob dolgo\u010dasnih","protected":false},"author":1,"featured_media":0,"parent":0,"menu_order":0,"comment_status":"closed","ping_status":"closed","template":"","meta":{"pgc_meta":"","iawp_total_views":201,"footnotes":""},"class_list":["post-1027","page","type-page","status-publish","hentry"],"pgc_meta":"","_links":{"self":[{"href":"http:\/\/igrivarhitektura.org\/en\/wp-json\/wp\/v2\/pages\/1027","targetHints":{"allow":["GET"]}}],"collection":[{"href":"http:\/\/igrivarhitektura.org\/en\/wp-json\/wp\/v2\/pages"}],"about":[{"href":"http:\/\/igrivarhitektura.org\/en\/wp-json\/wp\/v2\/types\/page"}],"author":[{"embeddable":true,"href":"http:\/\/igrivarhitektura.org\/en\/wp-json\/wp\/v2\/users\/1"}],"replies":[{"embeddable":true,"href":"http:\/\/igrivarhitektura.org\/en\/wp-json\/wp\/v2\/comments?post=1027"}],"version-history":[{"count":22,"href":"http:\/\/igrivarhitektura.org\/en\/wp-json\/wp\/v2\/pages\/1027\/revisions"}],"predecessor-version":[{"id":3866,"href":"http:\/\/igrivarhitektura.org\/en\/wp-json\/wp\/v2\/pages\/1027\/revisions\/3866"}],"wp:attachment":[{"href":"http:\/\/igrivarhitektura.org\/en\/wp-json\/wp\/v2\/media?parent=1027"}],"curies":[{"name":"wp","href":"https:\/\/api.w.org\/{rel}","templated":true}]}}