{"id":1280,"date":"2017-11-13T21:22:35","date_gmt":"2017-11-13T20:22:35","guid":{"rendered":"http:\/\/igrivarhitektura.org\/?page_id=1280"},"modified":"2020-04-14T11:39:10","modified_gmt":"2020-04-14T10:39:10","slug":"materialrokaizkusnja","status":"publish","type":"page","link":"http:\/\/igrivarhitektura.org\/en\/materialrokaizkusnja\/","title":{"rendered":"Material+roka=izku\u0161nja"},"content":{"rendered":"<div class=\"wpb-content-wrapper\"><div class=\"vc_row wpb_row vc_row-fluid\"><div class=\"wpb_column vc_column_container vc_col-sm-12\"><div class=\"vc_column-inner\"><div class=\"wpb_wrapper\"><div class=\"vc_empty_space\"   style=\"height: 32px\"><span class=\"vc_empty_space_inner\"><\/span><\/div><h2 style=\"text-align: left\" class=\"vc_custom_heading vc_do_custom_heading\" >PROJEKT MATERIAL+ROKA=IZKU\u0160NJA<\/h2>\n\t<div class=\"wpb_text_column wpb_content_element\" >\n\t\t<div class=\"wpb_wrapper\">\n\t\t\t<p>Projekt MATERIAL + ROKA = IZKU\u0160NJA je na izkustven na\u010din u\u010dencem pribli\u017eal poklice, povezane z lesom in kamnom. U\u010denci so najprej prek predavanja spoznali delo in poklice, v katerih se strokovnjaki ukvarjajo s tema dvema materialoma in v katerih se u\u010denci lahko izpopolnijo. Poklici v teh dveh poljih veljajo za deficitarne poklice, kar pomeni, da so odprte \u0161iroke mo\u017enosti za u\u010denje in kasnej\u0161e poklicno udejstvovanje. V nadaljevanju so u\u010denci izdelali uporabni predmet v lesu ali kamniti izdelek. Na delavnicah so morali u\u010denci pokazati veliko ustvarjalnosti, iznajdljivosti, samostojnosti, u\u010dinkovitosti, spretnosti pri delu z orodjem, ob\u010dutka za estetiko in ob\u010dutka za upravljanje \u010dasa. \u017delimo si, da bi bilo izkustveno u\u010denje ve\u010dkrat vklju\u010deno v \u0161olanje, saj bi tako u\u010denci svoje sposobnosti razvijali na \u0161irokem polju znanj in la\u017eje na\u0161li pot do svojega bodo\u010dega poklica.<\/p>\n\n\t\t<\/div>\n\t<\/div>\n\n\t<div class=\"wpb_text_column wpb_content_element\" >\n\t\t<div class=\"wpb_wrapper\">\n\t\t\t<p><em>Center RS za poklicno izobra\u017eevanje je v sodelovanju s Centrom za arhitekturo Slovenije v \u0161olskem letu 2017\/2018 na osnovnih \u0161olah izvedel brezpla\u010dne delavnice s prikazom poklicnih spretnosti, s katerimi je pri u\u010dencih sku\u0161al pove\u010dati privla\u010dnost poklicnega in strokovnega izobra\u017eevanja. Cilj delavnic je spodbujati mlade k razmi\u0161ljanju o njihovi nadaljnji izobra\u017eevalni in poklicni poti in jih navdu\u0161iti za poklice, za katere je potrebna poklicna in strokovna izobrazba. Rde\u010da nit delavnic je bila predstavitev dveh panog, pri katerih se uporablja slovenski naravni material, tj. lesarstvo in kamnose\u0161tvo. To sta tudi panogi, v katerih Slovenija tekmuje na evropskem tekmovanju v poklicnih spretnostih za mlade \u2013 Euroskills.<\/em><\/p>\n\n\t\t<\/div>\n\t<\/div>\n<div class=\"vc_row wpb_row vc_inner vc_row-fluid\"><div class=\"wpb_column vc_column_container vc_col-sm-2\"><div class=\"vc_column-inner\"><div class=\"wpb_wrapper\">\n\t<div  class=\"wpb_single_image wpb_content_element vc_align_left wpb_content_element\">\n\t\t\n\t\t<figure class=\"wpb_wrapper vc_figure\">\n\t\t\t<div class=\"vc_single_image-wrapper   vc_box_border_grey\"><img decoding=\"async\" width=\"2843\" height=\"789\" src=\"https:\/\/igrivarhitektura.org\/new\/wp-content\/uploads\/2017\/11\/CPI.png\" class=\"vc_single_image-img attachment-full\" alt=\"\" title=\"CPI\" srcset=\"https:\/\/igrivarhitektura.org\/new\/wp-content\/uploads\/2017\/11\/CPI-24x7.png 24w, https:\/\/igrivarhitektura.org\/new\/wp-content\/uploads\/2017\/11\/CPI-36x10.png 36w, https:\/\/igrivarhitektura.org\/new\/wp-content\/uploads\/2017\/11\/CPI-48x13.png 48w, https:\/\/igrivarhitektura.org\/new\/wp-content\/uploads\/2017\/11\/CPI-200x56.png 200w, https:\/\/igrivarhitektura.org\/new\/wp-content\/uploads\/2017\/11\/CPI-300x83.png 300w, https:\/\/igrivarhitektura.org\/new\/wp-content\/uploads\/2017\/11\/CPI-400x111.png 400w, https:\/\/igrivarhitektura.org\/new\/wp-content\/uploads\/2017\/11\/CPI-600x167.png 600w, https:\/\/igrivarhitektura.org\/new\/wp-content\/uploads\/2017\/11\/CPI-768x213.png 768w, https:\/\/igrivarhitektura.org\/new\/wp-content\/uploads\/2017\/11\/CPI-800x222.png 800w, https:\/\/igrivarhitektura.org\/new\/wp-content\/uploads\/2017\/11\/CPI-1024x284.png 1024w, https:\/\/igrivarhitektura.org\/new\/wp-content\/uploads\/2017\/11\/CPI-1200x333.png 1200w, https:\/\/igrivarhitektura.org\/new\/wp-content\/uploads\/2017\/11\/CPI.png 2843w\" sizes=\"(max-width: 2843px) 100vw, 2843px\" \/><\/div>\n\t\t<\/figure>\n\t<\/div>\n<\/div><\/div><\/div><div class=\"wpb_column vc_column_container vc_col-sm-2\"><div class=\"vc_column-inner\"><div class=\"wpb_wrapper\">\n\t<div  class=\"wpb_single_image wpb_content_element vc_align_left wpb_content_element\">\n\t\t\n\t\t<figure class=\"wpb_wrapper vc_figure\">\n\t\t\t<div class=\"vc_single_image-wrapper   vc_box_border_grey\"><img decoding=\"async\" width=\"1701\" height=\"401\" src=\"https:\/\/igrivarhitektura.org\/new\/wp-content\/uploads\/2017\/11\/BORTOLATO-01.png\" class=\"vc_single_image-img attachment-full\" alt=\"\" title=\"BORTOLATO-01\" srcset=\"https:\/\/igrivarhitektura.org\/new\/wp-content\/uploads\/2017\/11\/BORTOLATO-01-24x6.png 24w, https:\/\/igrivarhitektura.org\/new\/wp-content\/uploads\/2017\/11\/BORTOLATO-01-36x8.png 36w, https:\/\/igrivarhitektura.org\/new\/wp-content\/uploads\/2017\/11\/BORTOLATO-01-48x11.png 48w, https:\/\/igrivarhitektura.org\/new\/wp-content\/uploads\/2017\/11\/BORTOLATO-01-200x47.png 200w, https:\/\/igrivarhitektura.org\/new\/wp-content\/uploads\/2017\/11\/BORTOLATO-01-300x71.png 300w, https:\/\/igrivarhitektura.org\/new\/wp-content\/uploads\/2017\/11\/BORTOLATO-01-400x94.png 400w, https:\/\/igrivarhitektura.org\/new\/wp-content\/uploads\/2017\/11\/BORTOLATO-01-600x141.png 600w, https:\/\/igrivarhitektura.org\/new\/wp-content\/uploads\/2017\/11\/BORTOLATO-01-768x181.png 768w, https:\/\/igrivarhitektura.org\/new\/wp-content\/uploads\/2017\/11\/BORTOLATO-01-800x189.png 800w, https:\/\/igrivarhitektura.org\/new\/wp-content\/uploads\/2017\/11\/BORTOLATO-01-1024x241.png 1024w, https:\/\/igrivarhitektura.org\/new\/wp-content\/uploads\/2017\/11\/BORTOLATO-01-1200x283.png 1200w, https:\/\/igrivarhitektura.org\/new\/wp-content\/uploads\/2017\/11\/BORTOLATO-01.png 1701w\" sizes=\"(max-width: 1701px) 100vw, 1701px\" \/><\/div>\n\t\t<\/figure>\n\t<\/div>\n<\/div><\/div><\/div><div class=\"wpb_column vc_column_container vc_col-sm-2\"><div class=\"vc_column-inner\"><div class=\"wpb_wrapper\"><\/div><\/div><\/div><div class=\"wpb_column vc_column_container vc_col-sm-2\"><div class=\"vc_column-inner\"><div class=\"wpb_wrapper\"><\/div><\/div><\/div><div class=\"wpb_column vc_column_container vc_col-sm-2\"><div class=\"vc_column-inner\"><div class=\"wpb_wrapper\"><\/div><\/div><\/div><div class=\"wpb_column vc_column_container vc_col-sm-2\"><div class=\"vc_column-inner\"><div class=\"wpb_wrapper\"><\/div><\/div><\/div><\/div><div class=\"vc_empty_space\"   style=\"height: 20px\"><span class=\"vc_empty_space_inner\"><\/span><\/div><div class=\"vc_tta-container\" data-vc-action=\"collapse\"><div class=\"vc_general vc_tta vc_tta-tabs vc_tta-color-grey vc_tta-style-classic vc_tta-shape-rounded vc_tta-spacing-1 vc_tta-tabs-position-top vc_tta-controls-align-left\"><div class=\"vc_tta-tabs-container\"><ul class=\"vc_tta-tabs-list\" role=\"tablist\"><li class=\"vc_tta-tab vc_active\" data-vc-tab role=\"presentation\"><a href=\"#1586853504189-f7200d75-0a87\" data-vc-tabs data-vc-container=\".vc_tta\" role=\"tab\" aria-selected=\"false\" id=\"tab-1586853504189-f7200d75-0a87\"><span class=\"vc_tta-title-text\">DELAVNICA LES<\/span><\/a><\/li><li class=\"vc_tta-tab\" data-vc-tab role=\"presentation\"><a href=\"#1586853504213-1d75a396-8705\" data-vc-tabs data-vc-container=\".vc_tta\" role=\"tab\" aria-selected=\"false\" id=\"tab-1586853504213-1d75a396-8705\"><span class=\"vc_tta-title-text\">DELAVNICA KAMEN<\/span><\/a><\/li><\/ul><\/div><div class=\"vc_tta-panels-container\"><div class=\"vc_tta-panels\"><div class=\"vc_tta-panel vc_active\" id=\"1586853504189-f7200d75-0a87\" data-vc-content=\".vc_tta-panel-body\"><div class=\"vc_tta-panel-heading\"><h4 class=\"vc_tta-panel-title\"><a href=\"#1586853504189-f7200d75-0a87\" data-vc-accordion data-vc-container=\".vc_tta-container\"><span class=\"vc_tta-title-text\">DELAVNICA LES<\/span><\/a><\/h4><\/div><div class=\"vc_tta-panel-body\">\n\t<div class=\"wpb_text_column wpb_content_element\" >\n\t\t<div class=\"wpb_wrapper\">\n\t\t\t<p>U\u010denci so samostojno izdelali zasnovo uporabnega predmeta in ga izdelali iz lesenih elementov.<\/p>\n<p>Vsak posameznik je najprej na A4-papir izrisal skico predmeta. Na podlagi skice je izrisal lesene elemente, potrebne za izdelavo predmeta. Predmet naj bi imel uporabno vrednost, torej naj slu\u017ei nekemu namenu. Sestavljen naj bi bil iz manj\u0161ega \u0161tevila lesenih elementov. Ti elementi so se med seboj spajali z lepljenjem, vija\u010denjem in \u017eeblji. Posameznik je imel za izdelavo izdelka na voljo \u0161olskih 8 ur, in sicer 4 \u0161olske ure na delavnici in 4 \u0161olske ure z u\u010diteljem za dokon\u010danje, predvsem za lepljenje posameznih delov.<\/p>\n<p>Ocenjevalni kriteriji za lesene izdelke:<\/p>\n<ol>\n<li>Doslednost izpeljave ideje od skice do izvedbe<\/li>\n<li>Izvirnost izvedbene ideje<\/li>\n<li>Uporabna vrednost izdelka<\/li>\n<li>Estetska vrednost izdelka<\/li>\n<li>Racionalnost izvedbe izdelka<\/li>\n<\/ol>\n<p>Pet\u010dlanska komisija, ki so jo sestavljali u\u010ditelj tehnike, u\u010ditelj likovnega pouka, arhitekt, en u\u010denec 7. razreda in en u\u010denec 8. razreda, se je sestala in izbrala pet predmetov, ki so podanim ocenjevalnim kriterijem ustrezali najbolj.<\/p>\n\n\t\t<\/div>\n\t<\/div>\n<\/div><\/div><div class=\"vc_tta-panel\" id=\"1586853504213-1d75a396-8705\" data-vc-content=\".vc_tta-panel-body\"><div class=\"vc_tta-panel-heading\"><h4 class=\"vc_tta-panel-title\"><a href=\"#1586853504213-1d75a396-8705\" data-vc-accordion data-vc-container=\".vc_tta-container\"><span class=\"vc_tta-title-text\">DELAVNICA KAMEN<\/span><\/a><\/h4><\/div><div class=\"vc_tta-panel-body\">\n\t<div class=\"wpb_text_column wpb_content_element\" >\n\t\t<div class=\"wpb_wrapper\">\n\t\t\t<p>U\u010denci so na kamnito plo\u0161\u010dico velikosti 15 \u00d7 20 cm s svin\u010dnikom zarisali simbol, \u010drko ali drug motiv, nato pa s seka\u010di izklesali plitki relief. Dolo\u010dene povr\u0161ine so pustili gladke, druge so \u0161tokali z zobatim kladivom (bo\u010dardo).<\/p>\n<p>Tako so se seznanili s klesanjem naravnega kamna, spoznali so kamen in osnove uporabe kamnose\u0161kega orodja. Pri tem se je pokazala njihova iznajdljivost, vztrajnost, natan\u010dnost in izvirnost idej. Izdelek so dokon\u010dali v dveh urah (120 minut).<\/p>\n<p>Ocenjevalni kriteriji za kamnite izdelke:<\/p>\n<ol>\n<li>Doslednost izpeljave ideje od skice do izvedbe<\/li>\n<li>Estetska vrednost izdelka<\/li>\n<li>Racionalnost izvedbe izdelka<\/li>\n<\/ol>\n<p>Pet\u010dlanska komisija, ki so jo sestavljali u\u010ditelj tehnike, u\u010ditelj likovnega pouka, arhitekt, en u\u010denec 7. razreda in en u\u010denec 8. razreda, se je sestala in izbrala pet predmetov, ki so podanim ocenjevalnim kriterijem ustrezali najbolj.<\/p>\n\n\t\t<\/div>\n\t<\/div>\n<\/div><\/div><\/div><\/div><\/div><\/div><div class=\"vc_row wpb_row vc_inner vc_row-fluid\"><div class=\"wpb_column vc_column_container vc_col-sm-12\"><div class=\"vc_column-inner\"><div class=\"wpb_wrapper\">\n\t<div class=\"wpb_text_column wpb_content_element\" >\n\t\t<div class=\"wpb_wrapper\">\n\t\t\t<p>Delavnice smo v preteklih letih izvajali na spodnjih osnovnih \u0161olah. S klikom na logotip \u0161ole si lahko ogledate fotografije izvedenih delavnic.<\/p>\n\n\t\t<\/div>\n\t<\/div>\n<\/div><\/div><\/div><\/div><div class=\"vc_row wpb_row vc_inner vc_row-fluid\"><div class=\"wpb_column vc_column_container vc_col-sm-2\"><div class=\"vc_column-inner\"><div class=\"wpb_wrapper\">\n\t<div class=\"wpb_text_column wpb_content_element\" >\n\t\t<div class=\"wpb_wrapper\">\n\t\t\t<p>Osnovna \u0161ola Ivana Roba \u0160empeter pri Gorici<br \/>\n13. 1o. 2017<\/p>\n\n\t\t<\/div>\n\t<\/div>\n\n\t<div  class=\"wpb_single_image wpb_content_element vc_align_left wpb_content_element\">\n\t\t\n\t\t<figure class=\"wpb_wrapper vc_figure\">\n\t\t\t<div class=\"vc_single_image-wrapper   vc_box_border_grey\"><img decoding=\"async\" width=\"1534\" height=\"1377\" src=\"https:\/\/igrivarhitektura.org\/new\/wp-content\/uploads\/2017\/11\/1_SEMPETER.png\" class=\"vc_single_image-img attachment-full\" alt=\"\" title=\"1_SEMPETER\" srcset=\"https:\/\/igrivarhitektura.org\/new\/wp-content\/uploads\/2017\/11\/1_SEMPETER-24x22.png 24w, https:\/\/igrivarhitektura.org\/new\/wp-content\/uploads\/2017\/11\/1_SEMPETER-36x32.png 36w, https:\/\/igrivarhitektura.org\/new\/wp-content\/uploads\/2017\/11\/1_SEMPETER-48x43.png 48w, https:\/\/igrivarhitektura.org\/new\/wp-content\/uploads\/2017\/11\/1_SEMPETER-200x180.png 200w, https:\/\/igrivarhitektura.org\/new\/wp-content\/uploads\/2017\/11\/1_SEMPETER-300x269.png 300w, https:\/\/igrivarhitektura.org\/new\/wp-content\/uploads\/2017\/11\/1_SEMPETER-400x359.png 400w, https:\/\/igrivarhitektura.org\/new\/wp-content\/uploads\/2017\/11\/1_SEMPETER-600x539.png 600w, https:\/\/igrivarhitektura.org\/new\/wp-content\/uploads\/2017\/11\/1_SEMPETER-768x689.png 768w, https:\/\/igrivarhitektura.org\/new\/wp-content\/uploads\/2017\/11\/1_SEMPETER-800x718.png 800w, https:\/\/igrivarhitektura.org\/new\/wp-content\/uploads\/2017\/11\/1_SEMPETER-1024x919.png 1024w, https:\/\/igrivarhitektura.org\/new\/wp-content\/uploads\/2017\/11\/1_SEMPETER-1200x1077.png 1200w, https:\/\/igrivarhitektura.org\/new\/wp-content\/uploads\/2017\/11\/1_SEMPETER.png 1534w\" sizes=\"(max-width: 1534px) 100vw, 1534px\" \/><\/div>\n\t\t<\/figure>\n\t<\/div>\n<\/div><\/div><\/div><div class=\"wpb_column vc_column_container vc_col-sm-2\"><div class=\"vc_column-inner\"><div class=\"wpb_wrapper\">\n\t<div class=\"wpb_text_column wpb_content_element\" >\n\t\t<div class=\"wpb_wrapper\">\n\t\t\t<p>Osnovna \u0161ola Kri\u017ee<br \/>\n18. 1o. 2017<\/p>\n\n\t\t<\/div>\n\t<\/div>\n\n\t<div  class=\"wpb_single_image wpb_content_element vc_align_left wpb_content_element\">\n\t\t\n\t\t<figure class=\"wpb_wrapper vc_figure\">\n\t\t\t<div class=\"vc_single_image-wrapper   vc_box_border_grey\"><img decoding=\"async\" width=\"300\" height=\"300\" src=\"https:\/\/igrivarhitektura.org\/new\/wp-content\/uploads\/2017\/11\/2_KRIZE.png\" class=\"vc_single_image-img attachment-full\" alt=\"\" title=\"2_KRIZE\" srcset=\"https:\/\/igrivarhitektura.org\/new\/wp-content\/uploads\/2017\/11\/2_KRIZE-24x24.png 24w, https:\/\/igrivarhitektura.org\/new\/wp-content\/uploads\/2017\/11\/2_KRIZE-36x36.png 36w, https:\/\/igrivarhitektura.org\/new\/wp-content\/uploads\/2017\/11\/2_KRIZE-48x48.png 48w, https:\/\/igrivarhitektura.org\/new\/wp-content\/uploads\/2017\/11\/2_KRIZE-66x66.png 66w, https:\/\/igrivarhitektura.org\/new\/wp-content\/uploads\/2017\/11\/2_KRIZE-150x150.png 150w, https:\/\/igrivarhitektura.org\/new\/wp-content\/uploads\/2017\/11\/2_KRIZE-200x200.png 200w, https:\/\/igrivarhitektura.org\/new\/wp-content\/uploads\/2017\/11\/2_KRIZE.png 300w\" sizes=\"(max-width: 300px) 100vw, 300px\" \/><\/div>\n\t\t<\/figure>\n\t<\/div>\n<\/div><\/div><\/div><div class=\"wpb_column vc_column_container vc_col-sm-2\"><div class=\"vc_column-inner\"><div class=\"wpb_wrapper\">\n\t<div class=\"wpb_text_column wpb_content_element\" >\n\t\t<div class=\"wpb_wrapper\">\n\t\t\t<p>Osnovna \u0161ola A. T. Linharta Radovljica<br \/>\n25. 10. 2017<\/p>\n\n\t\t<\/div>\n\t<\/div>\n\n\t<div  class=\"wpb_single_image wpb_content_element vc_align_left wpb_content_element\">\n\t\t\n\t\t<figure class=\"wpb_wrapper vc_figure\">\n\t\t\t<div class=\"vc_single_image-wrapper   vc_box_border_grey\"><img decoding=\"async\" width=\"1036\" height=\"1082\" src=\"https:\/\/igrivarhitektura.org\/new\/wp-content\/uploads\/2017\/11\/3_RADOVLJICA.png\" class=\"vc_single_image-img attachment-full\" alt=\"\" title=\"3_RADOVLJICA\" srcset=\"https:\/\/igrivarhitektura.org\/new\/wp-content\/uploads\/2017\/11\/3_RADOVLJICA-24x24.png 24w, https:\/\/igrivarhitektura.org\/new\/wp-content\/uploads\/2017\/11\/3_RADOVLJICA-34x36.png 34w, https:\/\/igrivarhitektura.org\/new\/wp-content\/uploads\/2017\/11\/3_RADOVLJICA-46x48.png 46w, https:\/\/igrivarhitektura.org\/new\/wp-content\/uploads\/2017\/11\/3_RADOVLJICA-200x209.png 200w, https:\/\/igrivarhitektura.org\/new\/wp-content\/uploads\/2017\/11\/3_RADOVLJICA-287x300.png 287w, https:\/\/igrivarhitektura.org\/new\/wp-content\/uploads\/2017\/11\/3_RADOVLJICA-400x418.png 400w, https:\/\/igrivarhitektura.org\/new\/wp-content\/uploads\/2017\/11\/3_RADOVLJICA-600x627.png 600w, https:\/\/igrivarhitektura.org\/new\/wp-content\/uploads\/2017\/11\/3_RADOVLJICA-768x802.png 768w, https:\/\/igrivarhitektura.org\/new\/wp-content\/uploads\/2017\/11\/3_RADOVLJICA-800x836.png 800w, https:\/\/igrivarhitektura.org\/new\/wp-content\/uploads\/2017\/11\/3_RADOVLJICA-980x1024.png 980w, https:\/\/igrivarhitektura.org\/new\/wp-content\/uploads\/2017\/11\/3_RADOVLJICA.png 1036w\" sizes=\"(max-width: 1036px) 100vw, 1036px\" \/><\/div>\n\t\t<\/figure>\n\t<\/div>\n<\/div><\/div><\/div><div class=\"wpb_column vc_column_container vc_col-sm-2\"><div class=\"vc_column-inner\"><div class=\"wpb_wrapper\">\n\t<div class=\"wpb_text_column wpb_content_element\" >\n\t\t<div class=\"wpb_wrapper\">\n\t\t\t<p>Osnovna \u0161ola Pohorskega odreda Slovenska Bistrica<br \/>\n26. 10. 2017<\/p>\n\n\t\t<\/div>\n\t<\/div>\n\n\t<div  class=\"wpb_single_image wpb_content_element vc_align_left wpb_content_element\">\n\t\t\n\t\t<figure class=\"wpb_wrapper vc_figure\">\n\t\t\t<div class=\"vc_single_image-wrapper   vc_box_border_grey\"><img decoding=\"async\" width=\"794\" height=\"707\" src=\"https:\/\/igrivarhitektura.org\/new\/wp-content\/uploads\/2017\/11\/4_SLO-BISTRICA.gif\" class=\"vc_single_image-img attachment-full\" alt=\"\" title=\"4_SLO BISTRICA\" \/><\/div>\n\t\t<\/figure>\n\t<\/div>\n<\/div><\/div><\/div><div class=\"wpb_column vc_column_container vc_col-sm-2\"><div class=\"vc_column-inner\"><div class=\"wpb_wrapper\">\n\t<div class=\"wpb_text_column wpb_content_element\" >\n\t\t<div class=\"wpb_wrapper\">\n\t\t\t<p>Osnovna \u0161ola Poljane<br \/>\n8. 11. 2017<\/p>\n\n\t\t<\/div>\n\t<\/div>\n\n\t<div  class=\"wpb_single_image wpb_content_element vc_align_left wpb_content_element\">\n\t\t\n\t\t<figure class=\"wpb_wrapper vc_figure\">\n\t\t\t<div class=\"vc_single_image-wrapper   vc_box_border_grey\"><img decoding=\"async\" width=\"838\" height=\"323\" src=\"https:\/\/igrivarhitektura.org\/new\/wp-content\/uploads\/2017\/11\/5_POLJANE.jpg\" class=\"vc_single_image-img attachment-full\" alt=\"\" title=\"5_POLJANE\" srcset=\"https:\/\/igrivarhitektura.org\/new\/wp-content\/uploads\/2017\/11\/5_POLJANE-24x9.jpg 24w, https:\/\/igrivarhitektura.org\/new\/wp-content\/uploads\/2017\/11\/5_POLJANE-36x14.jpg 36w, https:\/\/igrivarhitektura.org\/new\/wp-content\/uploads\/2017\/11\/5_POLJANE-48x19.jpg 48w, https:\/\/igrivarhitektura.org\/new\/wp-content\/uploads\/2017\/11\/5_POLJANE-200x77.jpg 200w, https:\/\/igrivarhitektura.org\/new\/wp-content\/uploads\/2017\/11\/5_POLJANE-300x116.jpg 300w, https:\/\/igrivarhitektura.org\/new\/wp-content\/uploads\/2017\/11\/5_POLJANE-400x154.jpg 400w, https:\/\/igrivarhitektura.org\/new\/wp-content\/uploads\/2017\/11\/5_POLJANE-600x231.jpg 600w, https:\/\/igrivarhitektura.org\/new\/wp-content\/uploads\/2017\/11\/5_POLJANE-768x296.jpg 768w, https:\/\/igrivarhitektura.org\/new\/wp-content\/uploads\/2017\/11\/5_POLJANE-800x308.jpg 800w, https:\/\/igrivarhitektura.org\/new\/wp-content\/uploads\/2017\/11\/5_POLJANE.jpg 838w\" sizes=\"(max-width: 838px) 100vw, 838px\" \/><\/div>\n\t\t<\/figure>\n\t<\/div>\n<\/div><\/div><\/div><div class=\"wpb_column vc_column_container vc_col-sm-2\"><div class=\"vc_column-inner\"><div class=\"wpb_wrapper\">\n\t<div class=\"wpb_text_column wpb_content_element\" >\n\t\t<div class=\"wpb_wrapper\">\n\t\t\t<p>Osnovna \u0161ola Simona Gregor\u010di\u010da Kobarid<br \/>\n14. 11. 2017<\/p>\n\n\t\t<\/div>\n\t<\/div>\n\n\t<div  class=\"wpb_single_image wpb_content_element vc_align_left wpb_content_element\">\n\t\t\n\t\t<figure class=\"wpb_wrapper vc_figure\">\n\t\t\t<div class=\"vc_single_image-wrapper   vc_box_border_grey\"><img decoding=\"async\" width=\"713\" height=\"859\" src=\"https:\/\/igrivarhitektura.org\/new\/wp-content\/uploads\/2017\/11\/logo_os-kobarid-01.jpg\" class=\"vc_single_image-img attachment-full\" alt=\"\" title=\"logo_os kobarid-01\" srcset=\"https:\/\/igrivarhitektura.org\/new\/wp-content\/uploads\/2017\/11\/logo_os-kobarid-01-20x24.jpg 20w, https:\/\/igrivarhitektura.org\/new\/wp-content\/uploads\/2017\/11\/logo_os-kobarid-01-30x36.jpg 30w, https:\/\/igrivarhitektura.org\/new\/wp-content\/uploads\/2017\/11\/logo_os-kobarid-01-40x48.jpg 40w, https:\/\/igrivarhitektura.org\/new\/wp-content\/uploads\/2017\/11\/logo_os-kobarid-01-200x241.jpg 200w, https:\/\/igrivarhitektura.org\/new\/wp-content\/uploads\/2017\/11\/logo_os-kobarid-01-249x300.jpg 249w, https:\/\/igrivarhitektura.org\/new\/wp-content\/uploads\/2017\/11\/logo_os-kobarid-01-400x482.jpg 400w, https:\/\/igrivarhitektura.org\/new\/wp-content\/uploads\/2017\/11\/logo_os-kobarid-01-600x723.jpg 600w, https:\/\/igrivarhitektura.org\/new\/wp-content\/uploads\/2017\/11\/logo_os-kobarid-01.jpg 713w\" sizes=\"(max-width: 713px) 100vw, 713px\" \/><\/div>\n\t\t<\/figure>\n\t<\/div>\n<\/div><\/div><\/div><\/div><div class=\"vc_row wpb_row vc_inner vc_row-fluid\"><div class=\"wpb_column vc_column_container vc_col-sm-12\"><div class=\"vc_column-inner\"><div class=\"wpb_wrapper\"><\/div><\/div><\/div><\/div><\/div><\/div><\/div><\/div>\n<\/div>","protected":false},"excerpt":{"rendered":"PROJEKT MATERIAL+ROKA=IZKU\u0160NJA Projekt MATERIAL + ROKA = IZKU\u0160NJA je na izkustven na\u010din u\u010dencem pribli\u017eal poklice, povezane z lesom in kamnom. U\u010denci so najprej prek predavanja spoznali delo in poklice, v katerih se strokovnjaki ukvarjajo s tema dvema materialoma in v katerih se u\u010denci lahko izpopolnijo. Poklici v teh dveh poljih veljajo za deficitarne poklice, kar","protected":false},"author":1,"featured_media":0,"parent":0,"menu_order":0,"comment_status":"closed","ping_status":"closed","template":"","meta":{"pgc_meta":"","iawp_total_views":12,"footnotes":""},"class_list":["post-1280","page","type-page","status-publish","hentry"],"pgc_meta":"","_links":{"self":[{"href":"http:\/\/igrivarhitektura.org\/en\/wp-json\/wp\/v2\/pages\/1280","targetHints":{"allow":["GET"]}}],"collection":[{"href":"http:\/\/igrivarhitektura.org\/en\/wp-json\/wp\/v2\/pages"}],"about":[{"href":"http:\/\/igrivarhitektura.org\/en\/wp-json\/wp\/v2\/types\/page"}],"author":[{"embeddable":true,"href":"http:\/\/igrivarhitektura.org\/en\/wp-json\/wp\/v2\/users\/1"}],"replies":[{"embeddable":true,"href":"http:\/\/igrivarhitektura.org\/en\/wp-json\/wp\/v2\/comments?post=1280"}],"version-history":[{"count":29,"href":"http:\/\/igrivarhitektura.org\/en\/wp-json\/wp\/v2\/pages\/1280\/revisions"}],"predecessor-version":[{"id":3325,"href":"http:\/\/igrivarhitektura.org\/en\/wp-json\/wp\/v2\/pages\/1280\/revisions\/3325"}],"wp:attachment":[{"href":"http:\/\/igrivarhitektura.org\/en\/wp-json\/wp\/v2\/media?parent=1280"}],"curies":[{"name":"wp","href":"https:\/\/api.w.org\/{rel}","templated":true}]}}