{"id":1555,"date":"2018-05-08T21:10:35","date_gmt":"2018-05-08T20:10:35","guid":{"rendered":"http:\/\/igrivarhitektura.org\/?page_id=1555"},"modified":"2025-07-08T19:35:28","modified_gmt":"2025-07-08T18:35:28","slug":"pocitnisko-varstvo","status":"publish","type":"page","link":"http:\/\/igrivarhitektura.org\/en\/pocitnisko-varstvo\/","title":{"rendered":"Po\u010ditni\u0161ko varstvo v Ljubljani"},"content":{"rendered":"<div class=\"wpb-content-wrapper\"><div class=\"vc_row wpb_row vc_row-fluid\"><div class=\"wpb_column vc_column_container vc_col-sm-12\"><div class=\"vc_column-inner\"><div class=\"wpb_wrapper\"><div class=\"vc_empty_space\"   style=\"height: 20px\"><span class=\"vc_empty_space_inner\"><\/span><\/div><\/div><\/div><\/div><\/div><div class=\"vc_row wpb_row vc_row-fluid\"><div class=\"wpb_column vc_column_container vc_col-sm-12\"><div class=\"vc_column-inner\"><div class=\"wpb_wrapper\"><h1 style=\"text-align: left\" class=\"vc_custom_heading vc_do_custom_heading\" >PO\u010cITNI\u0160KO VARSTVO Z IGRIVO ARHITEKTURO: Mestni detektivi<\/h1><div class=\"vc_separator wpb_content_element vc_separator_align_center vc_sep_width_100 vc_sep_pos_align_center vc_separator_no_text vc_sep_color_grey wpb_content_element  wpb_content_element\" ><span class=\"vc_sep_holder vc_sep_holder_l\"><span class=\"vc_sep_line\"><\/span><\/span><span class=\"vc_sep_holder vc_sep_holder_r\"><span class=\"vc_sep_line\"><\/span><\/span>\n<\/div><div class=\"vc_empty_space\"   style=\"height: 32px\"><span class=\"vc_empty_space_inner\"><\/span><\/div><\/div><\/div><\/div><\/div><div class=\"vc_row wpb_row vc_row-fluid\"><div class=\"wpb_column vc_column_container vc_col-sm-6\"><div class=\"vc_column-inner\"><div class=\"wpb_wrapper\">\n\t<div class=\"wpb_text_column wpb_content_element\" >\n\t\t<div class=\"wpb_wrapper\">\n\t\t\t<p><strong>Poletni program raziskovanja arhitekture, prostora in ustvarjalnosti v sredi\u0161\u010du Ljubljane<\/strong><\/p>\n<p>Kaj se skriva za vogalom? Kdo je ustvaril Ljubljano, kot jo poznamo danes? Kateri arhitekturni detajli pripovedujejo zgodbo mesta? Vabimo otroke na poletno raziskovanje mesta skozi o\u010di arhitekta!<\/p>\n<p>Skupaj bomo raziskovali mesto, se preizkusili v vlogi arhitekturnih detektivov, spoznavali znane stavbe, ustvarjali makete in skice, se gibali na prostem ter pre\u017eivljali ustvarjalne in spro\u0161\u010dene poletne dni.<\/p>\n\n\t\t<\/div>\n\t<\/div>\n<div class=\"vc_separator wpb_content_element vc_separator_align_center vc_sep_width_100 vc_sep_pos_align_center vc_separator_no_text vc_sep_color_grey wpb_content_element  wpb_content_element\" ><span class=\"vc_sep_holder vc_sep_holder_l\"><span class=\"vc_sep_line\"><\/span><\/span><span class=\"vc_sep_holder vc_sep_holder_r\"><span class=\"vc_sep_line\"><\/span><\/span>\n<\/div>\n\t<div class=\"wpb_text_column wpb_content_element\" >\n\t\t<div class=\"wpb_wrapper\">\n\t\t\t<p><strong>KJE?<\/strong><\/p>\n<p>Vsak dan bomo za\u010deli in zaklju\u010dili v varnem in prijetnem okolju\u00a0Centra arhitekture Slovenije (Stritarjeva ulica 7, 1000 Ljubljana), vmes pa raziskovali ljubljanske trge, parke in skrite koti\u010dke mesta.<\/p>\n<p><strong>KDAJ?<\/strong><\/p>\n<p>Od ponedeljka do petka med 7:30 in 16:30<\/p>\n\n\t\t<\/div>\n\t<\/div>\n<div class=\"vc_empty_space\"   style=\"height: 10px\"><span class=\"vc_empty_space_inner\"><\/span><\/div>\n\t<div class=\"wpb_text_column wpb_content_element\" >\n\t\t<div class=\"wpb_wrapper\">\n\t\t\t<p><strong>TERMINI PROGRAMA:<\/strong><\/p>\n<p>Program bo potekal od ponedeljka do petka, v naslednjih terminih:<\/p>\n<p>1.termin: 30. junij \u2013 4. julij 2025<\/p>\n<p>2.termin: 7. julij \u2013 11. julij 2025<\/p>\n<p>3.termin: 14. julij \u2013 18. julij 2025<\/p>\n<p>4.termin: 18. avgust \u2013 22. avgust 2025<\/p>\n<p>5.termin: 25. avgust \u2013 29. avgust 2025<\/p>\n<p>Udele\u017eba na po\u010ditni\u0161kem programu je brezpla\u010dna. En otrok se lahko prijavi le na en termin.<\/p>\n<p>Program vklju\u010duje malico, kosilo, vse ustvarjalne materiale ter vodenje izku\u0161enih strokovnih mentorjev.<\/p>\n<p>\u0160tevilo mest je omejeno!<\/p>\n<p>Prijave zbiramo do zapolnitve prostih mest na spodnji povezavi:<\/p>\n\n\t\t<\/div>\n\t<\/div>\n<div class=\"vc_btn3-container vc_btn3-inline vc_do_btn\" ><a style=\"background-color:#7BAE38; color:#FFFFFF;\" class=\"vc_general vc_btn3 vc_btn3-size-md vc_btn3-shape-square vc_btn3-style-custom\" href=\"https:\/\/forms.gle\/BEocqjJEU8nj9Raa7\" title=\"\">PRIJAVNICA<\/a><\/div><div class=\"vc_empty_space\"   style=\"height: 32px\"><span class=\"vc_empty_space_inner\"><\/span><\/div><div class=\"vc_row wpb_row vc_inner vc_row-fluid\"><div class=\"wpb_column vc_column_container vc_col-sm-8\"><div class=\"vc_column-inner\"><div class=\"wpb_wrapper\">\n\t<div  class=\"wpb_single_image wpb_content_element vc_align_left wpb_content_element\">\n\t\t\n\t\t<figure class=\"wpb_wrapper vc_figure\">\n\t\t\t<div class=\"vc_single_image-wrapper   vc_box_border_grey\"><img decoding=\"async\" width=\"800\" height=\"160\" src=\"https:\/\/igrivarhitektura.org\/new\/wp-content\/uploads\/2025\/07\/MDDSZ-.jpg\" class=\"vc_single_image-img attachment-full\" alt=\"\" title=\"MDDSZ-\" srcset=\"https:\/\/igrivarhitektura.org\/new\/wp-content\/uploads\/2025\/07\/MDDSZ--18x4.jpg 18w, https:\/\/igrivarhitektura.org\/new\/wp-content\/uploads\/2025\/07\/MDDSZ--200x40.jpg 200w, https:\/\/igrivarhitektura.org\/new\/wp-content\/uploads\/2025\/07\/MDDSZ--300x60.jpg 300w, https:\/\/igrivarhitektura.org\/new\/wp-content\/uploads\/2025\/07\/MDDSZ--400x80.jpg 400w, https:\/\/igrivarhitektura.org\/new\/wp-content\/uploads\/2025\/07\/MDDSZ--600x120.jpg 600w, https:\/\/igrivarhitektura.org\/new\/wp-content\/uploads\/2025\/07\/MDDSZ--768x154.jpg 768w, https:\/\/igrivarhitektura.org\/new\/wp-content\/uploads\/2025\/07\/MDDSZ-.jpg 800w\" sizes=\"(max-width: 800px) 100vw, 800px\" \/><\/div>\n\t\t<\/figure>\n\t<\/div>\n<\/div><\/div><\/div><div class=\"wpb_column vc_column_container vc_col-sm-4\"><div class=\"vc_column-inner\"><div class=\"wpb_wrapper\"><\/div><\/div><\/div><\/div>\n\t<div class=\"wpb_text_column wpb_content_element\" >\n\t\t<div class=\"wpb_wrapper\">\n\t\t\t<p>**Program financira Ministrstvo za delo, dru\u017eino, socialne zadeve in enake mo\u017enosti<\/p>\n\n\t\t<\/div>\n\t<\/div>\n<\/div><\/div><\/div><div class=\"wpb_column vc_column_container vc_col-sm-6 vc_col-has-fill\"><div class=\"vc_column-inner vc_custom_1621936699082\"><div class=\"wpb_wrapper\"><h2 style=\"text-align: left\" class=\"vc_custom_heading vc_do_custom_heading\" >PROGRAM PO DNEVIH<\/h2>\n\t<div class=\"wpb_text_column wpb_content_element\" >\n\t\t<div class=\"wpb_wrapper\">\n\t\t\t<p>V <strong>ponedeljek<\/strong> bodo otroci spoznavali skupino in tedenski program, nato pa se bodo odpravili na raziskovanje rimske Emone in srednjeve\u0161ke Ljubljane. Sprehodili se bodo po Vegovi ulici in zahodni stranici srednjeve\u0161kega mesta, opazovali ostanke zidov iz razli\u010dnih obdobij ter jih primerjali. S pomo\u010djo zemljevidov bodo ozna\u010devali vidne sledi preteklosti, pogovarjali se bodo o vlogi vode in terena pri razvoju mesta ter se u\u010dili skiciranja v prostoru kot na\u010dina opazovanja in pomnjenja. V ustvarjalni delavnici bodo razmi\u0161ljali o \u017eivljenju otrok v razli\u010dnih zgodovinskih obdobjih. Dan bodo zaklju\u010dili s prostorsko igro iskanja ostankov Emone in srednjeve\u0161kega mesta ter \u010dasom za prosto igro in sprostitev.<\/p>\n<p>V <strong>torek<\/strong> bodo otroci postali detektivi Ple\u010dnikovih skritih del. Z zemljevidi se bodo orientirali po krajinskem parku Tivoli, spoznavali pomen mestnega parka in se igrali igro \u00bbdrevesni detektiv\u00ab. Sprehodili se bodo po Ple\u010dnikovem drevoredu do nekdanjega letnega gledali\u0161\u010da za Cekinovim gradom, se poigrali na igri\u0161\u010du, nato pa na ustvarjalni delavnici izdelali makete domi\u0161ljijskega mestnega parka iz naravnih materialov. Dan se bo zaklju\u010dil z arhitekturno jogo.<\/p>\n<p>V <strong>sredo<\/strong> bodo obiskali Ple\u010dnikovo hi\u0161o in raziskovali njen notranji ter zunanji ambient. Spoznali bodo Ple\u010dnikovo \u017eivljenje in zanimive anekdote, kot je zgodba o njegovem psu Sivku. Sprehodili se bodo do Ple\u010dnikove piramide pri rimskem zidu in sodelovali v ustvarjalni delavnici, kjer bodo poustvarjali izbrane arhitekturne elemente. Dan se bo zaklju\u010dil s spro\u0161\u010deno igro.<\/p>\n<p>V <strong>\u010detrtek<\/strong> bo poudarek na sodobni arhitekturi in umetnosti. Otroci bodo obiskali Trg republike in spoznavali arhitekturo Edvarda Ravnikarja, vklju\u010dno s Cankarjevim domom, stolpnicama in sosesko Ferantov vrt. Pogovarjali se bodo o zna\u010dilnostih modernizma in pomenu trga kot javnega prostora. Ob koncu dneva bodo pripravili predstavitev za star\u0161e o tem, kaj so se novega nau\u010dili, ter se sprostili v parku ali na zelenici.<\/p>\n<p>V <strong>petek<\/strong> bo sledil pustolovski zaklju\u010dek tedna s pohodom na Ljubljanski grad, kjer bodo otroci raziskovali spremembe arhitekture skozi \u010das, spoznavali posege v arhitekturno dedi\u0161\u010dino in opazovali mestno veduto. V naravi bodo risali tlorise in sodelovali v ustvarjalni delavnici. Teden bodo zaklju\u010dili s predstavitvijo izdelkov star\u0161em in ustvarjenimi spominki.<\/p>\n<p>Vsak dan bo program dopolnjen s prostorskimi igrami in nalogami po mestu, gibanjem in igro na prostem v Tivoliju, na grajskem gri\u010du in drugih javnih prostorih, sprostitvenimi in \u010duje\u010dnostnimi tehnikami prilagojenimi otrokom, prostim \u010dasom za igro in dru\u017eenje ter dnevno refleksijo skozi risbo, pogovor ali predstavitev. Poskrbljeno bo za prehrano (malico in topel obrok), po\u010ditek ter miren koti\u010dek za umirjanje.<\/p>\n<p>**Pridr\u017eujemo si pravico do spremembe programa z obzirom na vreme ter druge dejavnike.<\/p>\n\n\t\t<\/div>\n\t<\/div>\n<div class=\"wpb_images_carousel wpb_content_element vc_clearfix vc_custom_1593518764506 wpb_content_element\"><div class=\"wpb_wrapper\"><div id=\"vc_images-carousel-1-1776605894\" data-ride=\"vc_carousel\" data-wrap=\"false\" style=\"width: 100%;\" data-interval=\"3000\" data-auto-height=\"yes\" data-mode=\"horizontal\" data-partial=\"false\" data-per-view=\"1\" data-hide-on-end=\"false\" class=\"vc_slide vc_images_carousel\"><ol class=\"vc_carousel-indicators\"><li data-target=\"#vc_images-carousel-1-1776605894\" data-slide-to=\"0\"><\/li><li data-target=\"#vc_images-carousel-1-1776605894\" data-slide-to=\"1\"><\/li><li data-target=\"#vc_images-carousel-1-1776605894\" data-slide-to=\"2\"><\/li><li data-target=\"#vc_images-carousel-1-1776605894\" data-slide-to=\"3\"><\/li><\/ol><div class=\"vc_carousel-inner\"><div class=\"vc_carousel-slideline\"><div class=\"vc_carousel-slideline-inner\"><div class=\"vc_item\"><div class=\"vc_inner\"><a class=\"\" href=\"https:\/\/igrivarhitektura.org\/new\/wp-content\/uploads\/2018\/04\/20915632_1706262396111885_7585211077364203167_n.png\" data-lightbox=\"lightbox[rel-1555-2115373344]\"><img decoding=\"async\" width=\"960\" height=\"720\" src=\"https:\/\/igrivarhitektura.org\/new\/wp-content\/uploads\/2018\/04\/20915632_1706262396111885_7585211077364203167_n.png\" class=\"attachment-full\" alt=\"\" title=\"20915632_1706262396111885_7585211077364203167_n\" srcset=\"https:\/\/igrivarhitektura.org\/new\/wp-content\/uploads\/2018\/04\/20915632_1706262396111885_7585211077364203167_n-24x18.png 24w, https:\/\/igrivarhitektura.org\/new\/wp-content\/uploads\/2018\/04\/20915632_1706262396111885_7585211077364203167_n-36x27.png 36w, https:\/\/igrivarhitektura.org\/new\/wp-content\/uploads\/2018\/04\/20915632_1706262396111885_7585211077364203167_n-48x36.png 48w, https:\/\/igrivarhitektura.org\/new\/wp-content\/uploads\/2018\/04\/20915632_1706262396111885_7585211077364203167_n-200x150.png 200w, https:\/\/igrivarhitektura.org\/new\/wp-content\/uploads\/2018\/04\/20915632_1706262396111885_7585211077364203167_n-300x225.png 300w, https:\/\/igrivarhitektura.org\/new\/wp-content\/uploads\/2018\/04\/20915632_1706262396111885_7585211077364203167_n-400x300.png 400w, https:\/\/igrivarhitektura.org\/new\/wp-content\/uploads\/2018\/04\/20915632_1706262396111885_7585211077364203167_n-600x450.png 600w, https:\/\/igrivarhitektura.org\/new\/wp-content\/uploads\/2018\/04\/20915632_1706262396111885_7585211077364203167_n-768x576.png 768w, https:\/\/igrivarhitektura.org\/new\/wp-content\/uploads\/2018\/04\/20915632_1706262396111885_7585211077364203167_n-800x600.png 800w, https:\/\/igrivarhitektura.org\/new\/wp-content\/uploads\/2018\/04\/20915632_1706262396111885_7585211077364203167_n.png 960w\" sizes=\"(max-width: 960px) 100vw, 960px\" \/><\/a><\/div><\/div><div class=\"vc_item\"><div class=\"vc_inner\"><a class=\"\" href=\"https:\/\/igrivarhitektura.org\/new\/wp-content\/uploads\/2018\/04\/20915131_1706032502801541_4334794376931417865_n.jpg\" data-lightbox=\"lightbox[rel-1555-2115373344]\"><img decoding=\"async\" width=\"960\" height=\"720\" src=\"https:\/\/igrivarhitektura.org\/new\/wp-content\/uploads\/2018\/04\/20915131_1706032502801541_4334794376931417865_n.jpg\" class=\"attachment-full\" alt=\"\" title=\"20915131_1706032502801541_4334794376931417865_n\" srcset=\"https:\/\/igrivarhitektura.org\/new\/wp-content\/uploads\/2018\/04\/20915131_1706032502801541_4334794376931417865_n-24x18.jpg 24w, https:\/\/igrivarhitektura.org\/new\/wp-content\/uploads\/2018\/04\/20915131_1706032502801541_4334794376931417865_n-36x27.jpg 36w, https:\/\/igrivarhitektura.org\/new\/wp-content\/uploads\/2018\/04\/20915131_1706032502801541_4334794376931417865_n-48x36.jpg 48w, https:\/\/igrivarhitektura.org\/new\/wp-content\/uploads\/2018\/04\/20915131_1706032502801541_4334794376931417865_n-200x150.jpg 200w, https:\/\/igrivarhitektura.org\/new\/wp-content\/uploads\/2018\/04\/20915131_1706032502801541_4334794376931417865_n-300x225.jpg 300w, https:\/\/igrivarhitektura.org\/new\/wp-content\/uploads\/2018\/04\/20915131_1706032502801541_4334794376931417865_n-400x300.jpg 400w, https:\/\/igrivarhitektura.org\/new\/wp-content\/uploads\/2018\/04\/20915131_1706032502801541_4334794376931417865_n-600x450.jpg 600w, https:\/\/igrivarhitektura.org\/new\/wp-content\/uploads\/2018\/04\/20915131_1706032502801541_4334794376931417865_n-768x576.jpg 768w, https:\/\/igrivarhitektura.org\/new\/wp-content\/uploads\/2018\/04\/20915131_1706032502801541_4334794376931417865_n-800x600.jpg 800w, https:\/\/igrivarhitektura.org\/new\/wp-content\/uploads\/2018\/04\/20915131_1706032502801541_4334794376931417865_n.jpg 960w\" sizes=\"(max-width: 960px) 100vw, 960px\" \/><\/a><\/div><\/div><div class=\"vc_item\"><div class=\"vc_inner\"><a class=\"\" href=\"https:\/\/igrivarhitektura.org\/new\/wp-content\/uploads\/2018\/04\/20914664_1706262576111867_201675446880162454_n.jpg\" data-lightbox=\"lightbox[rel-1555-2115373344]\"><img decoding=\"async\" width=\"960\" height=\"720\" src=\"https:\/\/igrivarhitektura.org\/new\/wp-content\/uploads\/2018\/04\/20914664_1706262576111867_201675446880162454_n.jpg\" class=\"attachment-full\" alt=\"\" title=\"20914664_1706262576111867_201675446880162454_n\" srcset=\"https:\/\/igrivarhitektura.org\/new\/wp-content\/uploads\/2018\/04\/20914664_1706262576111867_201675446880162454_n-24x18.jpg 24w, https:\/\/igrivarhitektura.org\/new\/wp-content\/uploads\/2018\/04\/20914664_1706262576111867_201675446880162454_n-36x27.jpg 36w, https:\/\/igrivarhitektura.org\/new\/wp-content\/uploads\/2018\/04\/20914664_1706262576111867_201675446880162454_n-48x36.jpg 48w, https:\/\/igrivarhitektura.org\/new\/wp-content\/uploads\/2018\/04\/20914664_1706262576111867_201675446880162454_n-200x150.jpg 200w, https:\/\/igrivarhitektura.org\/new\/wp-content\/uploads\/2018\/04\/20914664_1706262576111867_201675446880162454_n-300x225.jpg 300w, https:\/\/igrivarhitektura.org\/new\/wp-content\/uploads\/2018\/04\/20914664_1706262576111867_201675446880162454_n-400x300.jpg 400w, https:\/\/igrivarhitektura.org\/new\/wp-content\/uploads\/2018\/04\/20914664_1706262576111867_201675446880162454_n-600x450.jpg 600w, https:\/\/igrivarhitektura.org\/new\/wp-content\/uploads\/2018\/04\/20914664_1706262576111867_201675446880162454_n-768x576.jpg 768w, https:\/\/igrivarhitektura.org\/new\/wp-content\/uploads\/2018\/04\/20914664_1706262576111867_201675446880162454_n-800x600.jpg 800w, https:\/\/igrivarhitektura.org\/new\/wp-content\/uploads\/2018\/04\/20914664_1706262576111867_201675446880162454_n.jpg 960w\" sizes=\"(max-width: 960px) 100vw, 960px\" \/><\/a><\/div><\/div><div class=\"vc_item\"><div class=\"vc_inner\"><a class=\"\" href=\"https:\/\/igrivarhitektura.org\/new\/wp-content\/uploads\/2018\/04\/20915632_1706262396111885_7585211077364203167_n.jpg\" data-lightbox=\"lightbox[rel-1555-2115373344]\"><img decoding=\"async\" width=\"960\" height=\"720\" src=\"https:\/\/igrivarhitektura.org\/new\/wp-content\/uploads\/2018\/04\/20915632_1706262396111885_7585211077364203167_n.jpg\" class=\"attachment-full\" alt=\"\" title=\"20915632_1706262396111885_7585211077364203167_n\" srcset=\"https:\/\/igrivarhitektura.org\/new\/wp-content\/uploads\/2018\/04\/20915632_1706262396111885_7585211077364203167_n-24x18.jpg 24w, https:\/\/igrivarhitektura.org\/new\/wp-content\/uploads\/2018\/04\/20915632_1706262396111885_7585211077364203167_n-36x27.jpg 36w, https:\/\/igrivarhitektura.org\/new\/wp-content\/uploads\/2018\/04\/20915632_1706262396111885_7585211077364203167_n-48x36.jpg 48w, https:\/\/igrivarhitektura.org\/new\/wp-content\/uploads\/2018\/04\/20915632_1706262396111885_7585211077364203167_n-200x150.jpg 200w, https:\/\/igrivarhitektura.org\/new\/wp-content\/uploads\/2018\/04\/20915632_1706262396111885_7585211077364203167_n-300x225.jpg 300w, https:\/\/igrivarhitektura.org\/new\/wp-content\/uploads\/2018\/04\/20915632_1706262396111885_7585211077364203167_n-400x300.jpg 400w, https:\/\/igrivarhitektura.org\/new\/wp-content\/uploads\/2018\/04\/20915632_1706262396111885_7585211077364203167_n-600x450.jpg 600w, https:\/\/igrivarhitektura.org\/new\/wp-content\/uploads\/2018\/04\/20915632_1706262396111885_7585211077364203167_n-768x576.jpg 768w, https:\/\/igrivarhitektura.org\/new\/wp-content\/uploads\/2018\/04\/20915632_1706262396111885_7585211077364203167_n-800x600.jpg 800w, https:\/\/igrivarhitektura.org\/new\/wp-content\/uploads\/2018\/04\/20915632_1706262396111885_7585211077364203167_n.jpg 960w\" sizes=\"(max-width: 960px) 100vw, 960px\" \/><\/a><\/div><\/div><\/div><\/div><\/div><a class=\"vc_left vc_carousel-control\" href=\"#vc_images-carousel-1-1776605894\" data-slide=\"prev\"><span class=\"icon-prev\"><\/span><\/a><a class=\"vc_right vc_carousel-control\" href=\"#vc_images-carousel-1-1776605894\" data-slide=\"next\"><span class=\"icon-next\"><\/span><\/a><\/div><\/div><\/div><\/div><\/div><\/div><\/div><div class=\"vc_row wpb_row vc_row-fluid\"><div class=\"wpb_column vc_column_container vc_col-sm-12\"><div class=\"vc_column-inner\"><div class=\"wpb_wrapper\"><div class=\"vc_empty_space\"   style=\"height: 20px\"><span class=\"vc_empty_space_inner\"><\/span><\/div><\/div><\/div><\/div><\/div>\n<\/div>","protected":false},"excerpt":{"rendered":"PO\u010cITNI\u0160KO VARSTVO Z IGRIVO ARHITEKTURO: Mestni detektivi Poletni program raziskovanja arhitekture, prostora in ustvarjalnosti v sredi\u0161\u010du Ljubljane Kaj se skriva za vogalom? Kdo je ustvaril Ljubljano, kot jo poznamo danes? Kateri arhitekturni detajli pripovedujejo zgodbo mesta? Vabimo otroke na poletno raziskovanje mesta skozi o\u010di arhitekta! Skupaj bomo raziskovali mesto, se preizkusili v vlogi arhitekturnih detektivov,","protected":false},"author":1,"featured_media":0,"parent":0,"menu_order":0,"comment_status":"closed","ping_status":"closed","template":"","meta":{"pgc_meta":"","iawp_total_views":561,"footnotes":""},"class_list":["post-1555","page","type-page","status-publish","hentry"],"pgc_meta":"","_links":{"self":[{"href":"http:\/\/igrivarhitektura.org\/en\/wp-json\/wp\/v2\/pages\/1555","targetHints":{"allow":["GET"]}}],"collection":[{"href":"http:\/\/igrivarhitektura.org\/en\/wp-json\/wp\/v2\/pages"}],"about":[{"href":"http:\/\/igrivarhitektura.org\/en\/wp-json\/wp\/v2\/types\/page"}],"author":[{"embeddable":true,"href":"http:\/\/igrivarhitektura.org\/en\/wp-json\/wp\/v2\/users\/1"}],"replies":[{"embeddable":true,"href":"http:\/\/igrivarhitektura.org\/en\/wp-json\/wp\/v2\/comments?post=1555"}],"version-history":[{"count":57,"href":"http:\/\/igrivarhitektura.org\/en\/wp-json\/wp\/v2\/pages\/1555\/revisions"}],"predecessor-version":[{"id":4902,"href":"http:\/\/igrivarhitektura.org\/en\/wp-json\/wp\/v2\/pages\/1555\/revisions\/4902"}],"wp:attachment":[{"href":"http:\/\/igrivarhitektura.org\/en\/wp-json\/wp\/v2\/media?parent=1555"}],"curies":[{"name":"wp","href":"https:\/\/api.w.org\/{rel}","templated":true}]}}