{"id":21,"date":"2017-04-08T20:56:46","date_gmt":"2017-04-08T20:56:46","guid":{"rendered":"http:\/\/igrivarhitektura.org\/new\/?page_id=21"},"modified":"2024-06-20T08:11:14","modified_gmt":"2024-06-20T07:11:14","slug":"za-pedagoge","status":"publish","type":"page","link":"http:\/\/igrivarhitektura.org\/en\/za-pedagoge\/","title":{"rendered":"Za pedagoge"},"content":{"rendered":"<div class=\"wpb-content-wrapper\"><div class=\"vc_row wpb_row vc_row-fluid\"><div class=\"wpb_column vc_column_container vc_col-sm-8\"><div class=\"vc_column-inner\"><div class=\"wpb_wrapper\"><div class=\"vc_empty_space\"   style=\"height: 32px\"><span class=\"vc_empty_space_inner\"><\/span><\/div><h1 style=\"text-align: left\" class=\"vc_custom_heading vc_do_custom_heading\" >IZOBRA\u017dEVANJA IGRIVA ARHITEKTURA<br \/>\nZA VZGOJITELJE, U\u010cITELJE IN STROKOVNE DELAVCE<\/h1>\n\t<div class=\"wpb_text_column wpb_content_element vc_custom_1718867468719\" >\n\t\t<div class=\"wpb_wrapper\">\n\t\t\t<p><strong>Kdor druge u\u010di, se vedno tudi sam kaj nau\u010di. <\/strong><\/p>\n<p>Pomen kakovostno grajenega prostora in arhitekture \u017eelimo pribli\u017eati vsem, ki lahko to vedenje \u0161irijo naprej in s tem prispevajo k dvigu prostorskih vrednot, prostorske pismenosti in bivanjske kulture na\u0161e dru\u017ebe. V aktivni program vzgoje in izobra\u017eevanja otrok in mladine o prostoru in arhitekturi na obmo\u010dju celotne Slovenije vabimo \u010dim \u0161ir\u0161i krog vzgojno-izobra\u017eevalnih zavodov in kulturnih ustanov. Pedagogom ponujamo vso potrebno podporo, od izobra\u017eevanj do gradiv.<\/p>\n<p>Na na\u0161a izobra\u017eevanja se lahko prijavite preko <strong>sistema KATIS<\/strong>, kjer so razpisani<strong> termini za \u0161olsko leto 2024\/2025<\/strong>. Proste termine najdete tudi na tej strani. \u010ce vam ali va\u0161emu kolektivu predlagani termini ne ustrezajo, nam sporo\u010dite in skupaj bomo na\u0161li ustreznej\u0161e.<\/p>\n\n\t\t<\/div>\n\t<\/div>\n<div class=\"vc_btn3-container vc_btn3-center vc_custom_1579028422452 vc_do_btn\" ><a class=\"vc_general vc_btn3 vc_btn3-size-md vc_btn3-shape-square vc_btn3-style-flat vc_btn3-color-sky\" href=\"http:\/\/igrivarhitektura.org\/program-izobrazevanja-pedagogov\/\" title=\"\">Program izobra\u017eevanja Igriva arhitektura<\/a><\/div><div class=\"vc_separator wpb_content_element vc_separator_align_center vc_sep_width_100 vc_sep_pos_align_center vc_separator_no_text vc_sep_color_grey wpb_content_element  wpb_content_element\" ><span class=\"vc_sep_holder vc_sep_holder_l\"><span class=\"vc_sep_line\"><\/span><\/span><span class=\"vc_sep_holder vc_sep_holder_r\"><span class=\"vc_sep_line\"><\/span><\/span>\n<\/div><h1 style=\"text-align: left\" class=\"vc_custom_heading vc_do_custom_heading\" >PRIRO\u010cNIK IGRIVA ARHITEKTURA<\/h1>\n\t<div class=\"wpb_text_column wpb_content_element vc_custom_1563512643744\" >\n\t\t<div class=\"wpb_wrapper\">\n\t\t\t<p>V Priro\u010dniku smo objavile na\u0161a razmi\u0161ljanja in na\u010dela, ki jih \u017eelimo udejanjati in s tem spodbuditi u\u010ditelje in pedago\u0161ke delavce k izvajanju dejavnosti, ki bodo bodo\u010de odrasle izobrazile o pomenu kakovostnega prostora in arhitekture.<\/p>\n<p><strong>V Sloveniji potrebujemo na\u010drtno vse\u017eivljenjsko prostorsko opismenjevanje.<\/strong><\/p>\n<p>Marsikdo se ne zaveda, kako mo\u010dan vpliv imata prostor in arhitektura na na\u0161e \u017eivljenje, zdravje, po\u010dutje, uspe\u0161nost, varnost in zadovoljstvo. Obdajata nas vse \u017eivljenje in dajeta okvir vsem na\u0161im dejavnostim.<\/p>\n<p>Vsi ljudje, ne samo arhitekti, krajinski arhitekti in prostorski na\u010drtovalci, oblikujemo prostor, hkrati pa prostor oblikuje nas. Vse na\u0161e vrednote, tudi prostorske, so temelj na\u0161e kulture in ka\u017eejo na razvitost na\u0161e dru\u017ebe. Arhitektura nosi visoko kulturno, dru\u017ebeno in ekonomsko vrednost, zato njeno razumevanje spada v splo\u0161no izobrazbo.<\/p>\n<p>\u0160tevilne razvite dr\u017eave (Avstrija, Danska, Finska, Nizozemska, Norve\u0161ka) so \u017ee pred leti prepoznale pomen strokovnega, na\u010drtnega, odgovornega in eti\u010dnega ravnanja s prostorom. Pripravile so nacionalne prostorske in arhitekturne politike, s katerimi so prispevale h krepitvi narodne kulturne zavesti, za\u0161\u010ditile nacionalni prostorski interes in spodbudile zdravo in uravnote\u017eeno gospodarsko rast. Strokovnjaki v Slovenji (arhitekti, krajinski arhitekti, prostorski na\u010drtovalci in drugi) \u017ee ve\u010d let opozarjamo na pomanjkanje ustrezne nacionalne prostorske politike, ki bi varovala in spodbujala ustvarjanje kakovostnega prostora kot temelja nacionalne blaginje.<\/p>\n<p>V zadnjem stoletju je zaradi vse hitrej\u0161ega razvoja in nara\u0161\u010danja \u0161tevila prebivalstva pritisk na prostor vse ve\u010dji. Urbanizirana obmo\u010dja se \u2013 tudi drugod po svetu, predvsem pa v de\u017eelah v razvoju \u2013 \u0161irijo hitro in velikokrat tudi nepremi\u0161ljeno. Pogled na slovenski prostor v tem \u010dasu razkriva \u0161tevilne nesmotrne prostorske strategije in posege ter njihove negativne posledice:<\/p>\n<ul>\n<li>neuravnote\u017een prostorski razvoj, npr. s centraliziranim prostorskim razvojem vpliva na izseljevanje s pode\u017eelja, opu\u0161\u010danje kmetijske rabe in posledi\u010dno spreminjanje kulturne krajine ter \u010dezmerne pritiske na posamezna urbana obmo\u010dja;<\/li>\n<li>razpr\u0161ena poselitev z gradnjo stavb in objektov zunaj smiselnih mej za \u0161irjenje poselitve posameznega naselja negativno posega na kmetijska in druga varovana zemlji\u0161\u010da, prispeva k degradaciji kulturne krajine in naravnega okolja, pove\u010duje prometno in komunalno infrastrukturo in s tem povezane stro\u0161ke komunalnega opremljanja parcel, namenjenih za gradnjo;<\/li>\n<li>pozidava neprimernih poplavnih, plazovitih in drugih varovanih obmo\u010dij, zaradi \u010desar rastejo stro\u0161ki sanacije posledic na prizadetih obmo\u010djih;<\/li>\n<li>premajhna pozornost, namenjena kakovostni prenovi stavbne dedi\u0161\u010dine z upo\u0161tevanjem sodobnih arhitekturnih in urbanisti\u010dnih na\u010del (npr. neprimerna za\u0161\u010dita arhitekturno napredne povojne arhitekture ipd.);<\/li>\n<li>porast nekakovostne arhitekture ter neustrezne in zastarele komunalne in prometne infrastrukture;<\/li>\n<li>veliko \u0161tevilo energetsko neu\u010dinkovitih stavb zaradi pomanjkljivega znanja, ozave\u0161\u010denosti in ustreznih spodbud v preteklosti;<\/li>\n<li>neizkori\u0161\u010denost obstoje\u010dega stavbnega fonda, ki se odra\u017ea v propadanju stavb ter so\u010dasnem nara\u0161\u010danju \u0161tevila novogradenj, kar je v nasprotju s temeljno usmeritvijo trajnostnega razvoja, ki prenovi daje prednost pred novogradnjo;<\/li>\n<li>degradirana obmo\u010dja znotraj in zunaj naselij, ki so slabo uporabljena ali celo opu\u0161\u010dena, onesna\u017eena in hitro propadajo\u010da.<\/li>\n<\/ul>\n<p>Tak\u0161no prostorsko stanje vpliva na nizko raven prostorskih vrednot in bivanjske kulture prebivalstva ter hkrati slabi nacionalno ekonomijo, saj zni\u017euje vrednost nepremi\u010dnin ter pozitivne vplive okolja na zdravje in kakovost \u017eivljenja ljudi. Zni\u017euje tudi turisti\u010dno privla\u010dnost posameznih krajev.<\/p>\n<p>Prostor je omejena dobrina, zato mora splo\u0161ni dvig prostorskih vrednot in prostorske pismenosti postati del vse\u017eivljenjskega izobra\u017eevanja in skupni cilj na\u0161e dru\u017ebe. Zelo pomembno je medresorsko partnersko povezovanje (mednarodno, nacionalno in lokalno), saj se urejanje prostora dotika razli\u010dnih resorjev (lokalna samouprava, kmetijstvo, zdravstvo, \u0161olstvo, gospodarstvo, promet, kultura idr.).<\/p>\n\n\t\t<\/div>\n\t<\/div>\n\n\t<div class=\"wpb_text_column wpb_content_element vc_custom_1563512653695\" >\n\t\t<div class=\"wpb_wrapper\">\n\t\t\t<p><strong>Vzgoja in izobra\u017eevanje mladih o prostoru in arhitekturi<\/strong><\/p>\n<p>\u010ce \u017eelimo v Sloveniji krepiti prostorske vrednote in eti\u010dne posege v prostor ter zagotoviti kakovosten prostor tudi za na\u0161e zanamce, je pomembno z vzgojo in izobra\u017eevanjem o grajenem prostoru in arhitekturi za\u010deti \u017ee v pred\u0161olskem obdobju. V na\u0161em \u0161olskem sistemu so \u017ee vklju\u010dene tematike o arhitekturi in urejanju prostora ter o trajnostnem prostorskem razvoju, vendar niso obravnavane ustrezno in zadostno. Le s sistemskim vklju\u010devanjem vzgoje in izobra\u017eevanja o grajenem prostoru in arhitekturi v proces formalnega in neformalnega izobra\u017eevanja bomo lahko vzgojili osve\u0161\u010dene, ustvarjalne in aktivne dr\u017eavljane.<\/p>\n<p>V prihodnje bo kakovost prostora odvisna predvsem od na\u0161ih otrok in mladine. Prav oni bodo neko\u010d sprejemali razvojne prostorske odlo\u010ditve ali naro\u010dali gradnjo stavb in objektov, zato moramo danes v vzgojno-izobra\u017eevalnem procesu poiskati na\u010dine, ki jim lahko omogo\u010dijo neposredno izku\u0161njo kakovostno grajenega prostora in arhitekture. Nau\u010diti jih moramo opazovati in lo\u010devati manj kakovosten prostor od kakovostnej\u0161ega ter jih nau\u010diti zavedanja njegovega pomena za vsakodnevno \u017eivljenje.<\/p>\n<p>Poudariti \u017eelimo, da prostorsko opismenjevanje ni namenjeno vzgoji malih arhitektov, temve\u010d razvoju ozave\u0161\u010denih uporabnikov ter razli\u010dnih poklicev, ki so vezani na urejanje prostora, gradnjo in oblikovanje, kot tudi bodo\u010dih zahtevnih ozave\u0161\u010denih investitorjev tako v zasebnem kot javnem sektorju. Z vzgojno-izobra\u017eevalnim programom o arhitekturi in grajenem prostoru \u017eelimo prese\u010di ustaljeno razumevanje prostora ter njegovih problemov in potencialov. \u017delimo navdihniti ljudi in institucije, da bi zahtevali kakovostnej\u0161e oblikovanje prostora.<\/p>\n\n\t\t<\/div>\n\t<\/div>\n\n\t<div class=\"wpb_text_column wpb_content_element vc_custom_1563512662431\" >\n\t\t<div class=\"wpb_wrapper\">\n\t\t\t<p><strong>Mednarodne smernice za izobra\u017eevanje o grajenem prostoru<\/strong><\/p>\n<p>Ob uvajanju nacionalnih prostorskih in arhitekturnih politik so na Finskem, Norve\u0161kem, \u0160vedskem, v Avstriji in \u0161e nekaterih dr\u017eavah \u017ee v sedemdesetih letih prej\u0161njega stoletja za\u010deli z na\u010drtnim in sistemskim izobra\u017eevanjem otrok in mladih o grajenem prostoru. Leta 1999 je Svetovna zveza arhitektov (International Union of Architects, v nadaljevanju UIA) ustanovila delovno skupino Architecture and Children (Arhitektura in otroci, v nadaljevanju AIO), v kateri danes deluje \u017ee ve\u010d kot trideset dr\u017eav, od leta 2009 tudi Slovenija. Leta 2008 je UIA izdala Smernice za izobra\u017eevanje o grajenem prostoru,1 ki so strokovnim delavcem v vzgoji in izobra\u017eevanju, arhitektom in drugim v pomo\u010d, da svoje strokovno znanje in spretnosti pove\u017eejo s programi, ki ponujajo razvoj kriti\u010dne presoje otrok in mladih do grajenega prostora in procesa njegovega urejanja in oblikovanja.<\/p>\n<p>V smernicah je navedeno, da bi si morala vsaka dr\u017eava prizadevati, da izobra\u017eevanje mladih o grajenem prostoru in arhitekturi postane vsebina novih vladnih arhitekturnih politik in profesionalnih arhitekturnih zdru\u017eenj. Vzpostavitev povezav med razli\u010dnimi akterji in strokami vodi do razvoja programov, materialov, u\u010dnih gradiv in konstruktivnih partnerstev. Poleg temeljnih ciljev vzgoje in izobra\u017eevanja o grajenem prostoru poudarjajo smernice tudi pomembnost povezanosti \u0161tevilnih podro\u010dij, kot so dru\u017eba, zgodovina, okolje, tehnologija in likovnost z arhitekturo. Navedena so tudi merila, ki naj jih \u0161ole upo\u0161tevajo pri izbiranju zunanjih sodelavcev na tem podro\u010dju.<\/p>\n\n\t\t<\/div>\n\t<\/div>\n<\/div><\/div><\/div><div class=\"wpb_column vc_column_container vc_col-sm-4\"><div class=\"vc_column-inner\"><div class=\"wpb_wrapper\"><div class=\"vc_empty_space\"   style=\"height: 32px\"><span class=\"vc_empty_space_inner\"><\/span><\/div>\n\t<div  class=\"wpb_single_image wpb_content_element vc_align_center wpb_content_element vc_custom_1561563165425\">\n\t\t\n\t\t<figure class=\"wpb_wrapper vc_figure\">\n\t\t\t<a href=\"http:\/\/igrivarhitektura.org\/new\/wp-content\/uploads\/2017\/04\/Prirocnik-Igriva-arhitektura.pdf\" target=\"_self\" class=\"vc_single_image-wrapper   vc_box_border_grey\"><img decoding=\"async\" width=\"1501\" height=\"1220\" src=\"https:\/\/igrivarhitektura.org\/new\/wp-content\/uploads\/2019\/04\/prirocnik_IGRIVA-ARHITEKTURA_naslovnica_MINI_2-1.jpg\" class=\"vc_single_image-img attachment-full\" alt=\"\" title=\"prirocnik_IGRIVA ARHITEKTURA_naslovnica_MINI_2\" srcset=\"https:\/\/igrivarhitektura.org\/new\/wp-content\/uploads\/2019\/04\/prirocnik_IGRIVA-ARHITEKTURA_naslovnica_MINI_2-1-200x163.jpg 200w, https:\/\/igrivarhitektura.org\/new\/wp-content\/uploads\/2019\/04\/prirocnik_IGRIVA-ARHITEKTURA_naslovnica_MINI_2-1-300x244.jpg 300w, https:\/\/igrivarhitektura.org\/new\/wp-content\/uploads\/2019\/04\/prirocnik_IGRIVA-ARHITEKTURA_naslovnica_MINI_2-1-400x325.jpg 400w, https:\/\/igrivarhitektura.org\/new\/wp-content\/uploads\/2019\/04\/prirocnik_IGRIVA-ARHITEKTURA_naslovnica_MINI_2-1-600x488.jpg 600w, https:\/\/igrivarhitektura.org\/new\/wp-content\/uploads\/2019\/04\/prirocnik_IGRIVA-ARHITEKTURA_naslovnica_MINI_2-1-768x624.jpg 768w, https:\/\/igrivarhitektura.org\/new\/wp-content\/uploads\/2019\/04\/prirocnik_IGRIVA-ARHITEKTURA_naslovnica_MINI_2-1-800x650.jpg 800w, https:\/\/igrivarhitektura.org\/new\/wp-content\/uploads\/2019\/04\/prirocnik_IGRIVA-ARHITEKTURA_naslovnica_MINI_2-1-1024x832.jpg 1024w, https:\/\/igrivarhitektura.org\/new\/wp-content\/uploads\/2019\/04\/prirocnik_IGRIVA-ARHITEKTURA_naslovnica_MINI_2-1-1200x975.jpg 1200w, https:\/\/igrivarhitektura.org\/new\/wp-content\/uploads\/2019\/04\/prirocnik_IGRIVA-ARHITEKTURA_naslovnica_MINI_2-1.jpg 1501w\" sizes=\"(max-width: 1501px) 100vw, 1501px\" \/><\/a>\n\t\t<\/figure>\n\t<\/div>\n<div class=\"vc_btn3-container vc_btn3-center vc_custom_1603700165458 vc_do_btn\" ><a class=\"vc_general vc_btn3 vc_btn3-size-sm vc_btn3-shape-square vc_btn3-style-flat vc_btn3-block vc_btn3-icon-left vc_btn3-color-sky\" href=\"http:\/\/igrivarhitektura.org\/new\/wp-content\/uploads\/2017\/04\/Prirocnik-Igriva-arhitektura.pdf\" title=\"\"><i class=\"vc_btn3-icon fas fa-download\"><\/i> Prenesite si priro\u010dnik IGRIVA ARHITEKTURA<\/a><\/div>\n\t<div  class=\"wpb_single_image wpb_content_element vc_align_center wpb_content_element vc_custom_1581432627821\">\n\t\t\n\t\t<figure class=\"wpb_wrapper vc_figure\">\n\t\t\t<a href=\"http:\/\/igrivarhitektura.org\/new\/wp-content\/uploads\/2019\/04\/2019_PRIROCNIK_MATERIAL-ROKA-IZKUSNJA_xs_cel.pdf\" target=\"_self\" class=\"vc_single_image-wrapper   vc_box_border_grey\"><img decoding=\"async\" width=\"1501\" height=\"1220\" src=\"https:\/\/igrivarhitektura.org\/new\/wp-content\/uploads\/2019\/04\/prirocnik_MATERIALROKAIZKUSNJA_naslovnica_MINI_2.jpg\" class=\"vc_single_image-img attachment-full\" alt=\"\" title=\"prirocnik_MATERIAL+ROKA=IZKUSNJA_naslovnica_MINI_2\" srcset=\"https:\/\/igrivarhitektura.org\/new\/wp-content\/uploads\/2019\/04\/prirocnik_MATERIALROKAIZKUSNJA_naslovnica_MINI_2-200x163.jpg 200w, https:\/\/igrivarhitektura.org\/new\/wp-content\/uploads\/2019\/04\/prirocnik_MATERIALROKAIZKUSNJA_naslovnica_MINI_2-300x244.jpg 300w, https:\/\/igrivarhitektura.org\/new\/wp-content\/uploads\/2019\/04\/prirocnik_MATERIALROKAIZKUSNJA_naslovnica_MINI_2-400x325.jpg 400w, https:\/\/igrivarhitektura.org\/new\/wp-content\/uploads\/2019\/04\/prirocnik_MATERIALROKAIZKUSNJA_naslovnica_MINI_2-600x488.jpg 600w, https:\/\/igrivarhitektura.org\/new\/wp-content\/uploads\/2019\/04\/prirocnik_MATERIALROKAIZKUSNJA_naslovnica_MINI_2-768x624.jpg 768w, https:\/\/igrivarhitektura.org\/new\/wp-content\/uploads\/2019\/04\/prirocnik_MATERIALROKAIZKUSNJA_naslovnica_MINI_2-800x650.jpg 800w, https:\/\/igrivarhitektura.org\/new\/wp-content\/uploads\/2019\/04\/prirocnik_MATERIALROKAIZKUSNJA_naslovnica_MINI_2-1024x832.jpg 1024w, https:\/\/igrivarhitektura.org\/new\/wp-content\/uploads\/2019\/04\/prirocnik_MATERIALROKAIZKUSNJA_naslovnica_MINI_2-1200x975.jpg 1200w, https:\/\/igrivarhitektura.org\/new\/wp-content\/uploads\/2019\/04\/prirocnik_MATERIALROKAIZKUSNJA_naslovnica_MINI_2.jpg 1501w\" sizes=\"(max-width: 1501px) 100vw, 1501px\" \/><\/a>\n\t\t<\/figure>\n\t<\/div>\n<div class=\"vc_btn3-container vc_btn3-center vc_custom_1603700187415 vc_do_btn\" ><a class=\"vc_general vc_btn3 vc_btn3-size-sm vc_btn3-shape-square vc_btn3-style-flat vc_btn3-block vc_btn3-icon-left vc_btn3-color-sky\" href=\"http:\/\/igrivarhitektura.org\/new\/wp-content\/uploads\/2019\/04\/2019_PRIROCNIK_MATERIAL-ROKA-IZKUSNJA_xs_cel.pdf\" title=\"\"><i class=\"vc_btn3-icon fas fa-download\"><\/i> Prenesite si priro\u010dnik MATERIAL+ROKA=IZKU\u0160NJA<\/a><\/div>\n\t<div  class=\"wpb_single_image wpb_content_element vc_align_center wpb_content_element vc_custom_1603701277859\">\n\t\t\n\t\t<figure class=\"wpb_wrapper vc_figure\">\n\t\t\t<a href=\"http:\/\/igrivarhitektura.org\/new\/wp-content\/uploads\/2020\/10\/2020_PRIROCNIK-PO-POTEH-LESA-V-ARHITEKTURI.pdf\" target=\"_self\" class=\"vc_single_image-wrapper   vc_box_border_grey\"><img decoding=\"async\" width=\"1501\" height=\"1220\" src=\"https:\/\/igrivarhitektura.org\/new\/wp-content\/uploads\/2020\/10\/2020_PRIROCNIK-PO-POTEH-LESA-V-ARHITEKTURI_naslovnica_web.jpg\" class=\"vc_single_image-img attachment-full\" alt=\"\" title=\"2020_PRIROCNIK PO POTEH LESA V ARHITEKTURI_naslovnica_web\" srcset=\"https:\/\/igrivarhitektura.org\/new\/wp-content\/uploads\/2020\/10\/2020_PRIROCNIK-PO-POTEH-LESA-V-ARHITEKTURI_naslovnica_web-200x163.jpg 200w, https:\/\/igrivarhitektura.org\/new\/wp-content\/uploads\/2020\/10\/2020_PRIROCNIK-PO-POTEH-LESA-V-ARHITEKTURI_naslovnica_web-300x244.jpg 300w, https:\/\/igrivarhitektura.org\/new\/wp-content\/uploads\/2020\/10\/2020_PRIROCNIK-PO-POTEH-LESA-V-ARHITEKTURI_naslovnica_web-400x325.jpg 400w, https:\/\/igrivarhitektura.org\/new\/wp-content\/uploads\/2020\/10\/2020_PRIROCNIK-PO-POTEH-LESA-V-ARHITEKTURI_naslovnica_web-600x488.jpg 600w, https:\/\/igrivarhitektura.org\/new\/wp-content\/uploads\/2020\/10\/2020_PRIROCNIK-PO-POTEH-LESA-V-ARHITEKTURI_naslovnica_web-768x624.jpg 768w, https:\/\/igrivarhitektura.org\/new\/wp-content\/uploads\/2020\/10\/2020_PRIROCNIK-PO-POTEH-LESA-V-ARHITEKTURI_naslovnica_web-800x650.jpg 800w, https:\/\/igrivarhitektura.org\/new\/wp-content\/uploads\/2020\/10\/2020_PRIROCNIK-PO-POTEH-LESA-V-ARHITEKTURI_naslovnica_web-1024x832.jpg 1024w, https:\/\/igrivarhitektura.org\/new\/wp-content\/uploads\/2020\/10\/2020_PRIROCNIK-PO-POTEH-LESA-V-ARHITEKTURI_naslovnica_web-1200x975.jpg 1200w, https:\/\/igrivarhitektura.org\/new\/wp-content\/uploads\/2020\/10\/2020_PRIROCNIK-PO-POTEH-LESA-V-ARHITEKTURI_naslovnica_web.jpg 1501w\" sizes=\"(max-width: 1501px) 100vw, 1501px\" \/><\/a>\n\t\t<\/figure>\n\t<\/div>\n<div class=\"vc_btn3-container vc_btn3-center vc_custom_1603700211161 vc_do_btn\" ><a class=\"vc_general vc_btn3 vc_btn3-size-sm vc_btn3-shape-square vc_btn3-style-flat vc_btn3-block vc_btn3-icon-left vc_btn3-color-sky\" href=\"http:\/\/igrivarhitektura.org\/new\/wp-content\/uploads\/2020\/10\/2020_PRIROCNIK-PO-POTEH-LESA-V-ARHITEKTURI.pdf\" title=\"\"><i class=\"vc_btn3-icon fas fa-download\"><\/i> Download learning guide PATHS OF WOOD IN ARCHITECTURE<\/a><\/div><div class=\"vc_separator wpb_content_element vc_separator_align_center vc_sep_width_100 vc_sep_pos_align_center vc_separator_no_text vc_sep_color_grey wpb_content_element  wpb_content_element\" ><span class=\"vc_sep_holder vc_sep_holder_l\"><span class=\"vc_sep_line\"><\/span><\/span><span class=\"vc_sep_holder vc_sep_holder_r\"><span class=\"vc_sep_line\"><\/span><\/span>\n<\/div>\n\t<div class=\"wpb_text_column wpb_content_element\" >\n\t\t<div class=\"wpb_wrapper\">\n\t\t\t<p>Delavnica z naslovom <strong>Sightless Common Ground<\/strong> je nastala v sodelovanju z Zavodom za slepe in slabovidne Slovenije in bila izvedena na 13. arhitekturnem bienalu v Benetkah.<\/p>\n\n\t\t<\/div>\n\t<\/div>\n\n\t<div class=\"wpb_video_widget wpb_content_element vc_clearfix   vc_video-aspect-ratio-169 vc_video-el-width-100 vc_video-align-center\" >\n\t\t<div class=\"wpb_wrapper\">\n\t\t\t\n\t\t\t<div class=\"wpb_video_wrapper\"><div class=\"video-shortcode\"><iframe title=\"Sightless Common Ground\" width=\"413\" height=\"310\" src=\"https:\/\/www.youtube.com\/embed\/Wk75z3AUKgw?feature=oembed\" frameborder=\"0\" allow=\"accelerometer; autoplay; clipboard-write; encrypted-media; gyroscope; picture-in-picture; web-share\" allowfullscreen><\/iframe><\/div><\/div>\n\t\t<\/div>\n\t<\/div>\n<div class=\"vc_separator wpb_content_element vc_separator_align_center vc_sep_width_100 vc_sep_pos_align_center vc_separator_no_text vc_sep_color_grey wpb_content_element  wpb_content_element\" ><span class=\"vc_sep_holder vc_sep_holder_l\"><span class=\"vc_sep_line\"><\/span><\/span><span class=\"vc_sep_holder vc_sep_holder_r\"><span class=\"vc_sep_line\"><\/span><\/span>\n<\/div>\n\t<div class=\"wpb_text_column wpb_content_element\" >\n\t\t<div class=\"wpb_wrapper\">\n\t\t\t<p>Delavnica z naslovom <strong>Get Involved II<\/strong>, ki so se jo udele\u017eili tudi dijaki Waldorfske \u0161ole Ljubljana, je od mladih ustvarjalcev terjala razmislek o gradnji iz papirja, gradbeni material pa je prispevala medijska hi\u0161a Delo.<\/p>\n\n\t\t<\/div>\n\t<\/div>\n\n\t<div class=\"wpb_video_widget wpb_content_element vc_clearfix   vc_video-aspect-ratio-169 vc_video-el-width-100 vc_video-align-center\" >\n\t\t<div class=\"wpb_wrapper\">\n\t\t\t\n\t\t\t<div class=\"wpb_video_wrapper\"><div class=\"video-shortcode\"><iframe title=\"Delo-gradnja na 14. arhitekturnem bienalu v Benetkah\" width=\"500\" height=\"281\" src=\"https:\/\/www.youtube.com\/embed\/9muclfB20_o?feature=oembed\" frameborder=\"0\" allow=\"accelerometer; autoplay; clipboard-write; encrypted-media; gyroscope; picture-in-picture; web-share\" allowfullscreen><\/iframe><\/div><\/div>\n\t\t<\/div>\n\t<\/div>\n<div class=\"vc_separator wpb_content_element vc_separator_align_center vc_sep_width_100 vc_sep_pos_align_center vc_separator_no_text vc_sep_color_grey wpb_content_element  wpb_content_element\" ><span class=\"vc_sep_holder vc_sep_holder_l\"><span class=\"vc_sep_line\"><\/span><\/span><span class=\"vc_sep_holder vc_sep_holder_r\"><span class=\"vc_sep_line\"><\/span><\/span>\n<\/div>\n\t<div class=\"wpb_text_column wpb_content_element\" >\n\t\t<div class=\"wpb_wrapper\">\n\t\t\t<p>Video predstavitev delavnice <strong>Playful Folding Architecture<\/strong>.<\/p>\n\n\t\t<\/div>\n\t<\/div>\n\n\t<div class=\"wpb_video_widget wpb_content_element vc_clearfix   vc_video-aspect-ratio-169 vc_video-el-width-100 vc_video-align-center\" >\n\t\t<div class=\"wpb_wrapper\">\n\t\t\t\n\t\t\t<div class=\"wpb_video_wrapper\"><div class=\"video-shortcode\"><iframe title=\"Amag! Issue 03, article #07, PLAYFUL FOLDING ARCHITECTURE by Igriva Arhitektura, Slovenia\" src=\"https:\/\/player.vimeo.com\/video\/104281144?dnt=1&amp;app_id=122963\" width=\"500\" height=\"281\" frameborder=\"0\" allow=\"autoplay; fullscreen; picture-in-picture\"><\/iframe><\/div><\/div>\n\t\t<\/div>\n\t<\/div>\n<\/div><\/div><\/div><\/div>\n<\/div>","protected":false},"excerpt":{"rendered":"IZOBRA\u017dEVANJA IGRIVA ARHITEKTURA ZA VZGOJITELJE, U\u010cITELJE IN STROKOVNE DELAVCE Kdor druge u\u010di, se vedno tudi sam kaj nau\u010di. Pomen kakovostno grajenega prostora in arhitekture \u017eelimo pribli\u017eati vsem, ki lahko to vedenje \u0161irijo naprej in s tem prispevajo k dvigu prostorskih vrednot, prostorske pismenosti in bivanjske kulture na\u0161e dru\u017ebe. V aktivni program vzgoje in izobra\u017eevanja otrok","protected":false},"author":1,"featured_media":0,"parent":0,"menu_order":0,"comment_status":"closed","ping_status":"closed","template":"","meta":{"pgc_meta":"","iawp_total_views":298,"footnotes":""},"class_list":["post-21","page","type-page","status-publish","hentry"],"pgc_meta":"","_links":{"self":[{"href":"http:\/\/igrivarhitektura.org\/en\/wp-json\/wp\/v2\/pages\/21","targetHints":{"allow":["GET"]}}],"collection":[{"href":"http:\/\/igrivarhitektura.org\/en\/wp-json\/wp\/v2\/pages"}],"about":[{"href":"http:\/\/igrivarhitektura.org\/en\/wp-json\/wp\/v2\/types\/page"}],"author":[{"embeddable":true,"href":"http:\/\/igrivarhitektura.org\/en\/wp-json\/wp\/v2\/users\/1"}],"replies":[{"embeddable":true,"href":"http:\/\/igrivarhitektura.org\/en\/wp-json\/wp\/v2\/comments?post=21"}],"version-history":[{"count":69,"href":"http:\/\/igrivarhitektura.org\/en\/wp-json\/wp\/v2\/pages\/21\/revisions"}],"predecessor-version":[{"id":4692,"href":"http:\/\/igrivarhitektura.org\/en\/wp-json\/wp\/v2\/pages\/21\/revisions\/4692"}],"wp:attachment":[{"href":"http:\/\/igrivarhitektura.org\/en\/wp-json\/wp\/v2\/media?parent=21"}],"curies":[{"name":"wp","href":"https:\/\/api.w.org\/{rel}","templated":true}]}}