{"id":3061,"date":"2020-03-24T16:11:20","date_gmt":"2020-03-24T15:11:20","guid":{"rendered":"http:\/\/igrivarhitektura.org\/?page_id=3061"},"modified":"2020-03-24T16:19:26","modified_gmt":"2020-03-24T15:19:26","slug":"nagrada-natecaja-center-znanosti","status":"publish","type":"page","link":"http:\/\/igrivarhitektura.org\/en\/nagrada-natecaja-center-znanosti\/","title":{"rendered":"Nagrada nate\u010daja za izbor imena &#8220;Centra znanosti&#8221;"},"content":{"rendered":"<div class=\"wpb-content-wrapper\"><div class=\"vc_row wpb_row vc_row-fluid\"><div class=\"wpb_column vc_column_container vc_col-sm-6\"><div class=\"vc_column-inner\"><div class=\"wpb_wrapper\"><div class=\"vc_empty_space\"   style=\"height: 20px\"><span class=\"vc_empty_space_inner\"><\/span><\/div><h2 style=\"text-align: left\" class=\"vc_custom_heading vc_do_custom_heading\" >NAGRADA NATE\u010cAJA<br \/>\nZA IZBOR IMENA \"CENTRA ZNANOSTI\"<\/h2><\/div><\/div><\/div><div class=\"wpb_column vc_column_container vc_col-sm-6\"><div class=\"vc_column-inner\"><div class=\"wpb_wrapper\"><\/div><\/div><\/div><\/div><div class=\"vc_row wpb_row vc_row-fluid\"><div class=\"wpb_column vc_column_container vc_col-sm-6\"><div class=\"vc_column-inner\"><div class=\"wpb_wrapper\">\n\t<div class=\"wpb_text_column wpb_content_element\" >\n\t\t<div class=\"wpb_wrapper\">\n\t\t\t<p><strong>Zmagovalni u\u010denki z mentorjem<\/strong> iz O\u0160 Mislinja sta v sredo, \u010detrtek in petek (17. &#8211; 19. 4. 2019), <strong>v Zavodu 404<\/strong>, ki pripravlja delavnice s podro\u010dja tehnologije, strojev, programiranja in elektrotehnike za osnovno\u0161olce, s pomo\u010djo mentorjev zavoda ustvarjali projekt. Vse tri dneve sta u\u010denki od 9. do 14. ure<strong> izdelovali avtonomno robotsko vozilo po programu Zavoda 404<\/strong>. Nau\u010dili sta se spajkanja in izdelave prototipa robota. Po testiranju robota sta se nau\u010dili odpravljanja napak ter programiranja v jeziku C++. Kot zaklju\u010dek dela z robotom sta se nau\u010dili nalaganja kode na kon\u010dno vezje ter sestavljanja delujo\u010dega vezja z ohi\u0161jem.<\/p>\n<p>V sredo popoldne so mentorji Centra arhitekture Slovenije zmagovalni u\u010denki in mentorja po kosilu popeljali na arhitekturni sprehod po Ljubljani, kjer so si ogledali znana arhitekturna dela Ple\u010dnika, Fabianija in Vurnika. U\u010denki z mentorjem sta dvakrat prespali v C-punkt hostlu. Drugo popoldne, v \u010detrtek, sta si u\u010denki z mentorjem ogledali predstavo \u00bbPravica biti \u010dlovek\u00ab v Lutkovnem gledali\u0161\u010du.<\/p>\n<p><strong>Drugo- in tretjenagrajeni skupini iz O\u0160 \u0160empas in O\u0160 Pre\u017eihovega Voranca Bistrici<\/strong> sta Zavod 404 obiskali v \u010detrtek, 18. 4. 2019, in en dan ustvarjali z mentorji Zavoda, ustvarjali pa so<strong> napravo MOOD JAR<\/strong>, ki so jo s pomo\u010djo programiranja v jeziku C++ in programiranja mikrokrmilnika ter drugimi metodami izdelali med 9. in 14. uro. Po kosilu z mentorjem Centra arhitekture Slovenije so se odpravili proti domu.<\/p>\n\n\t\t<\/div>\n\t<\/div>\n<\/div><\/div><\/div><div class=\"wpb_column vc_column_container vc_col-sm-6\"><div class=\"vc_column-inner\"><div class=\"wpb_wrapper\"><div class=\"wpb_images_carousel wpb_content_element vc_clearfix wpb_content_element\"><div class=\"wpb_wrapper\"><div id=\"vc_images-carousel-1-1777716686\" data-ride=\"vc_carousel\" data-wrap=\"false\" style=\"width: 100%;\" data-interval=\"0\" data-auto-height=\"yes\" data-mode=\"horizontal\" data-partial=\"false\" data-per-view=\"1\" data-hide-on-end=\"true\" class=\"vc_slide vc_images_carousel\"><ol class=\"vc_carousel-indicators\"><li data-target=\"#vc_images-carousel-1-1777716686\" data-slide-to=\"0\"><\/li><li data-target=\"#vc_images-carousel-1-1777716686\" data-slide-to=\"1\"><\/li><li data-target=\"#vc_images-carousel-1-1777716686\" data-slide-to=\"2\"><\/li><li data-target=\"#vc_images-carousel-1-1777716686\" data-slide-to=\"3\"><\/li><li data-target=\"#vc_images-carousel-1-1777716686\" data-slide-to=\"4\"><\/li><li data-target=\"#vc_images-carousel-1-1777716686\" data-slide-to=\"5\"><\/li><li data-target=\"#vc_images-carousel-1-1777716686\" data-slide-to=\"6\"><\/li><li data-target=\"#vc_images-carousel-1-1777716686\" data-slide-to=\"7\"><\/li><li data-target=\"#vc_images-carousel-1-1777716686\" data-slide-to=\"8\"><\/li><\/ol><div class=\"vc_carousel-inner\"><div class=\"vc_carousel-slideline\"><div class=\"vc_carousel-slideline-inner\"><div class=\"vc_item\"><div class=\"vc_inner\"><a class=\"\" href=\"https:\/\/igrivarhitektura.org\/new\/wp-content\/uploads\/2020\/03\/IMG_3544.jpg\" data-lightbox=\"lightbox[rel-3061-410341012]\"><img decoding=\"async\" width=\"1000\" height=\"750\" src=\"https:\/\/igrivarhitektura.org\/new\/wp-content\/uploads\/2020\/03\/IMG_3544.jpg\" class=\"attachment-full\" alt=\"\" title=\"IMG_3544\" srcset=\"https:\/\/igrivarhitektura.org\/new\/wp-content\/uploads\/2020\/03\/IMG_3544-200x150.jpg 200w, https:\/\/igrivarhitektura.org\/new\/wp-content\/uploads\/2020\/03\/IMG_3544-300x225.jpg 300w, https:\/\/igrivarhitektura.org\/new\/wp-content\/uploads\/2020\/03\/IMG_3544-400x300.jpg 400w, https:\/\/igrivarhitektura.org\/new\/wp-content\/uploads\/2020\/03\/IMG_3544-600x450.jpg 600w, https:\/\/igrivarhitektura.org\/new\/wp-content\/uploads\/2020\/03\/IMG_3544-768x576.jpg 768w, https:\/\/igrivarhitektura.org\/new\/wp-content\/uploads\/2020\/03\/IMG_3544-800x600.jpg 800w, https:\/\/igrivarhitektura.org\/new\/wp-content\/uploads\/2020\/03\/IMG_3544.jpg 1000w\" sizes=\"(max-width: 1000px) 100vw, 1000px\" \/><\/a><\/div><\/div><div class=\"vc_item\"><div class=\"vc_inner\"><a class=\"\" href=\"https:\/\/igrivarhitektura.org\/new\/wp-content\/uploads\/2020\/03\/IMG_3545.jpg\" data-lightbox=\"lightbox[rel-3061-410341012]\"><img decoding=\"async\" width=\"1000\" height=\"750\" src=\"https:\/\/igrivarhitektura.org\/new\/wp-content\/uploads\/2020\/03\/IMG_3545.jpg\" class=\"attachment-full\" alt=\"\" title=\"IMG_3545\" srcset=\"https:\/\/igrivarhitektura.org\/new\/wp-content\/uploads\/2020\/03\/IMG_3545-200x150.jpg 200w, https:\/\/igrivarhitektura.org\/new\/wp-content\/uploads\/2020\/03\/IMG_3545-300x225.jpg 300w, https:\/\/igrivarhitektura.org\/new\/wp-content\/uploads\/2020\/03\/IMG_3545-400x300.jpg 400w, https:\/\/igrivarhitektura.org\/new\/wp-content\/uploads\/2020\/03\/IMG_3545-600x450.jpg 600w, https:\/\/igrivarhitektura.org\/new\/wp-content\/uploads\/2020\/03\/IMG_3545-768x576.jpg 768w, https:\/\/igrivarhitektura.org\/new\/wp-content\/uploads\/2020\/03\/IMG_3545-800x600.jpg 800w, https:\/\/igrivarhitektura.org\/new\/wp-content\/uploads\/2020\/03\/IMG_3545.jpg 1000w\" sizes=\"(max-width: 1000px) 100vw, 1000px\" \/><\/a><\/div><\/div><div class=\"vc_item\"><div class=\"vc_inner\"><a class=\"\" href=\"https:\/\/igrivarhitektura.org\/new\/wp-content\/uploads\/2020\/03\/IMG_3546.jpg\" data-lightbox=\"lightbox[rel-3061-410341012]\"><img decoding=\"async\" width=\"1000\" height=\"750\" src=\"https:\/\/igrivarhitektura.org\/new\/wp-content\/uploads\/2020\/03\/IMG_3546.jpg\" class=\"attachment-full\" alt=\"\" title=\"IMG_3546\" srcset=\"https:\/\/igrivarhitektura.org\/new\/wp-content\/uploads\/2020\/03\/IMG_3546-200x150.jpg 200w, https:\/\/igrivarhitektura.org\/new\/wp-content\/uploads\/2020\/03\/IMG_3546-300x225.jpg 300w, https:\/\/igrivarhitektura.org\/new\/wp-content\/uploads\/2020\/03\/IMG_3546-400x300.jpg 400w, https:\/\/igrivarhitektura.org\/new\/wp-content\/uploads\/2020\/03\/IMG_3546-600x450.jpg 600w, https:\/\/igrivarhitektura.org\/new\/wp-content\/uploads\/2020\/03\/IMG_3546-768x576.jpg 768w, https:\/\/igrivarhitektura.org\/new\/wp-content\/uploads\/2020\/03\/IMG_3546-800x600.jpg 800w, https:\/\/igrivarhitektura.org\/new\/wp-content\/uploads\/2020\/03\/IMG_3546.jpg 1000w\" sizes=\"(max-width: 1000px) 100vw, 1000px\" \/><\/a><\/div><\/div><div class=\"vc_item\"><div class=\"vc_inner\"><a class=\"\" href=\"https:\/\/igrivarhitektura.org\/new\/wp-content\/uploads\/2020\/03\/IMG_3547.jpg\" data-lightbox=\"lightbox[rel-3061-410341012]\"><img decoding=\"async\" width=\"1000\" height=\"750\" src=\"https:\/\/igrivarhitektura.org\/new\/wp-content\/uploads\/2020\/03\/IMG_3547.jpg\" class=\"attachment-full\" alt=\"\" title=\"IMG_3547\" srcset=\"https:\/\/igrivarhitektura.org\/new\/wp-content\/uploads\/2020\/03\/IMG_3547-200x150.jpg 200w, https:\/\/igrivarhitektura.org\/new\/wp-content\/uploads\/2020\/03\/IMG_3547-300x225.jpg 300w, https:\/\/igrivarhitektura.org\/new\/wp-content\/uploads\/2020\/03\/IMG_3547-400x300.jpg 400w, https:\/\/igrivarhitektura.org\/new\/wp-content\/uploads\/2020\/03\/IMG_3547-600x450.jpg 600w, https:\/\/igrivarhitektura.org\/new\/wp-content\/uploads\/2020\/03\/IMG_3547-768x576.jpg 768w, https:\/\/igrivarhitektura.org\/new\/wp-content\/uploads\/2020\/03\/IMG_3547-800x600.jpg 800w, https:\/\/igrivarhitektura.org\/new\/wp-content\/uploads\/2020\/03\/IMG_3547.jpg 1000w\" sizes=\"(max-width: 1000px) 100vw, 1000px\" \/><\/a><\/div><\/div><div class=\"vc_item\"><div class=\"vc_inner\"><a class=\"\" href=\"https:\/\/igrivarhitektura.org\/new\/wp-content\/uploads\/2020\/03\/IMG_3550.jpg\" data-lightbox=\"lightbox[rel-3061-410341012]\"><img decoding=\"async\" width=\"1000\" height=\"750\" src=\"https:\/\/igrivarhitektura.org\/new\/wp-content\/uploads\/2020\/03\/IMG_3550.jpg\" class=\"attachment-full\" alt=\"\" title=\"IMG_3550\" srcset=\"https:\/\/igrivarhitektura.org\/new\/wp-content\/uploads\/2020\/03\/IMG_3550-200x150.jpg 200w, https:\/\/igrivarhitektura.org\/new\/wp-content\/uploads\/2020\/03\/IMG_3550-300x225.jpg 300w, https:\/\/igrivarhitektura.org\/new\/wp-content\/uploads\/2020\/03\/IMG_3550-400x300.jpg 400w, https:\/\/igrivarhitektura.org\/new\/wp-content\/uploads\/2020\/03\/IMG_3550-600x450.jpg 600w, https:\/\/igrivarhitektura.org\/new\/wp-content\/uploads\/2020\/03\/IMG_3550-768x576.jpg 768w, https:\/\/igrivarhitektura.org\/new\/wp-content\/uploads\/2020\/03\/IMG_3550-800x600.jpg 800w, https:\/\/igrivarhitektura.org\/new\/wp-content\/uploads\/2020\/03\/IMG_3550.jpg 1000w\" sizes=\"(max-width: 1000px) 100vw, 1000px\" \/><\/a><\/div><\/div><div class=\"vc_item\"><div class=\"vc_inner\"><a class=\"\" href=\"https:\/\/igrivarhitektura.org\/new\/wp-content\/uploads\/2020\/03\/IMG_3554.jpg\" data-lightbox=\"lightbox[rel-3061-410341012]\"><img decoding=\"async\" width=\"1000\" height=\"750\" src=\"https:\/\/igrivarhitektura.org\/new\/wp-content\/uploads\/2020\/03\/IMG_3554.jpg\" class=\"attachment-full\" alt=\"\" title=\"IMG_3554\" srcset=\"https:\/\/igrivarhitektura.org\/new\/wp-content\/uploads\/2020\/03\/IMG_3554-200x150.jpg 200w, https:\/\/igrivarhitektura.org\/new\/wp-content\/uploads\/2020\/03\/IMG_3554-300x225.jpg 300w, https:\/\/igrivarhitektura.org\/new\/wp-content\/uploads\/2020\/03\/IMG_3554-400x300.jpg 400w, https:\/\/igrivarhitektura.org\/new\/wp-content\/uploads\/2020\/03\/IMG_3554-600x450.jpg 600w, https:\/\/igrivarhitektura.org\/new\/wp-content\/uploads\/2020\/03\/IMG_3554-768x576.jpg 768w, https:\/\/igrivarhitektura.org\/new\/wp-content\/uploads\/2020\/03\/IMG_3554-800x600.jpg 800w, https:\/\/igrivarhitektura.org\/new\/wp-content\/uploads\/2020\/03\/IMG_3554.jpg 1000w\" sizes=\"(max-width: 1000px) 100vw, 1000px\" \/><\/a><\/div><\/div><div class=\"vc_item\"><div class=\"vc_inner\"><a class=\"\" href=\"https:\/\/igrivarhitektura.org\/new\/wp-content\/uploads\/2020\/03\/IMG_3557.jpg\" data-lightbox=\"lightbox[rel-3061-410341012]\"><img decoding=\"async\" width=\"1000\" height=\"750\" src=\"https:\/\/igrivarhitektura.org\/new\/wp-content\/uploads\/2020\/03\/IMG_3557.jpg\" class=\"attachment-full\" alt=\"\" title=\"IMG_3557\" srcset=\"https:\/\/igrivarhitektura.org\/new\/wp-content\/uploads\/2020\/03\/IMG_3557-200x150.jpg 200w, https:\/\/igrivarhitektura.org\/new\/wp-content\/uploads\/2020\/03\/IMG_3557-300x225.jpg 300w, https:\/\/igrivarhitektura.org\/new\/wp-content\/uploads\/2020\/03\/IMG_3557-400x300.jpg 400w, https:\/\/igrivarhitektura.org\/new\/wp-content\/uploads\/2020\/03\/IMG_3557-600x450.jpg 600w, https:\/\/igrivarhitektura.org\/new\/wp-content\/uploads\/2020\/03\/IMG_3557-768x576.jpg 768w, https:\/\/igrivarhitektura.org\/new\/wp-content\/uploads\/2020\/03\/IMG_3557-800x600.jpg 800w, https:\/\/igrivarhitektura.org\/new\/wp-content\/uploads\/2020\/03\/IMG_3557.jpg 1000w\" sizes=\"(max-width: 1000px) 100vw, 1000px\" \/><\/a><\/div><\/div><div class=\"vc_item\"><div class=\"vc_inner\"><a class=\"\" href=\"https:\/\/igrivarhitektura.org\/new\/wp-content\/uploads\/2020\/03\/IMG_3533.jpg\" data-lightbox=\"lightbox[rel-3061-410341012]\"><img decoding=\"async\" width=\"1000\" height=\"750\" src=\"https:\/\/igrivarhitektura.org\/new\/wp-content\/uploads\/2020\/03\/IMG_3533.jpg\" class=\"attachment-full\" alt=\"\" title=\"IMG_3533\" srcset=\"https:\/\/igrivarhitektura.org\/new\/wp-content\/uploads\/2020\/03\/IMG_3533-200x150.jpg 200w, https:\/\/igrivarhitektura.org\/new\/wp-content\/uploads\/2020\/03\/IMG_3533-300x225.jpg 300w, https:\/\/igrivarhitektura.org\/new\/wp-content\/uploads\/2020\/03\/IMG_3533-400x300.jpg 400w, https:\/\/igrivarhitektura.org\/new\/wp-content\/uploads\/2020\/03\/IMG_3533-600x450.jpg 600w, https:\/\/igrivarhitektura.org\/new\/wp-content\/uploads\/2020\/03\/IMG_3533-768x576.jpg 768w, https:\/\/igrivarhitektura.org\/new\/wp-content\/uploads\/2020\/03\/IMG_3533-800x600.jpg 800w, https:\/\/igrivarhitektura.org\/new\/wp-content\/uploads\/2020\/03\/IMG_3533.jpg 1000w\" sizes=\"(max-width: 1000px) 100vw, 1000px\" \/><\/a><\/div><\/div><div class=\"vc_item\"><div class=\"vc_inner\"><a class=\"\" href=\"https:\/\/igrivarhitektura.org\/new\/wp-content\/uploads\/2020\/03\/IMG_3535.jpg\" data-lightbox=\"lightbox[rel-3061-410341012]\"><img decoding=\"async\" width=\"1000\" height=\"750\" src=\"https:\/\/igrivarhitektura.org\/new\/wp-content\/uploads\/2020\/03\/IMG_3535.jpg\" class=\"attachment-full\" alt=\"\" title=\"IMG_3535\" srcset=\"https:\/\/igrivarhitektura.org\/new\/wp-content\/uploads\/2020\/03\/IMG_3535-200x150.jpg 200w, https:\/\/igrivarhitektura.org\/new\/wp-content\/uploads\/2020\/03\/IMG_3535-300x225.jpg 300w, https:\/\/igrivarhitektura.org\/new\/wp-content\/uploads\/2020\/03\/IMG_3535-400x300.jpg 400w, https:\/\/igrivarhitektura.org\/new\/wp-content\/uploads\/2020\/03\/IMG_3535-600x450.jpg 600w, https:\/\/igrivarhitektura.org\/new\/wp-content\/uploads\/2020\/03\/IMG_3535-768x576.jpg 768w, https:\/\/igrivarhitektura.org\/new\/wp-content\/uploads\/2020\/03\/IMG_3535-800x600.jpg 800w, https:\/\/igrivarhitektura.org\/new\/wp-content\/uploads\/2020\/03\/IMG_3535.jpg 1000w\" sizes=\"(max-width: 1000px) 100vw, 1000px\" \/><\/a><\/div><\/div><\/div><\/div><\/div><a class=\"vc_left vc_carousel-control\" href=\"#vc_images-carousel-1-1777716686\" data-slide=\"prev\"><span class=\"icon-prev\"><\/span><\/a><a class=\"vc_right vc_carousel-control\" href=\"#vc_images-carousel-1-1777716686\" data-slide=\"next\"><span class=\"icon-next\"><\/span><\/a><\/div><\/div><\/div><\/div><\/div><\/div><\/div><div class=\"vc_row wpb_row vc_row-fluid\"><div class=\"wpb_column vc_column_container vc_col-sm-12\"><div class=\"vc_column-inner\"><div class=\"wpb_wrapper\"><div class=\"vc_empty_space\"   style=\"height: 32px\"><span class=\"vc_empty_space_inner\"><\/span><\/div><\/div><\/div><\/div><\/div>\n<\/div>","protected":false},"excerpt":{"rendered":"NAGRADA NATE\u010cAJA ZA IZBOR IMENA \"CENTRA ZNANOSTI\" Zmagovalni u\u010denki z mentorjem iz O\u0160 Mislinja sta v sredo, \u010detrtek in petek (17. - 19. 4. 2019), v Zavodu 404, ki pripravlja delavnice s podro\u010dja tehnologije, strojev, programiranja in elektrotehnike za osnovno\u0161olce, s pomo\u010djo mentorjev zavoda ustvarjali projekt. Vse tri dneve sta u\u010denki od 9. do 14.","protected":false},"author":3,"featured_media":0,"parent":0,"menu_order":0,"comment_status":"closed","ping_status":"closed","template":"","meta":{"pgc_meta":"","iawp_total_views":0,"footnotes":""},"class_list":["post-3061","page","type-page","status-publish","hentry"],"pgc_meta":"","_links":{"self":[{"href":"http:\/\/igrivarhitektura.org\/en\/wp-json\/wp\/v2\/pages\/3061","targetHints":{"allow":["GET"]}}],"collection":[{"href":"http:\/\/igrivarhitektura.org\/en\/wp-json\/wp\/v2\/pages"}],"about":[{"href":"http:\/\/igrivarhitektura.org\/en\/wp-json\/wp\/v2\/types\/page"}],"author":[{"embeddable":true,"href":"http:\/\/igrivarhitektura.org\/en\/wp-json\/wp\/v2\/users\/3"}],"replies":[{"embeddable":true,"href":"http:\/\/igrivarhitektura.org\/en\/wp-json\/wp\/v2\/comments?post=3061"}],"version-history":[{"count":4,"href":"http:\/\/igrivarhitektura.org\/en\/wp-json\/wp\/v2\/pages\/3061\/revisions"}],"predecessor-version":[{"id":3074,"href":"http:\/\/igrivarhitektura.org\/en\/wp-json\/wp\/v2\/pages\/3061\/revisions\/3074"}],"wp:attachment":[{"href":"http:\/\/igrivarhitektura.org\/en\/wp-json\/wp\/v2\/media?parent=3061"}],"curies":[{"name":"wp","href":"https:\/\/api.w.org\/{rel}","templated":true}]}}