{"id":3077,"date":"2020-03-24T16:31:38","date_gmt":"2020-03-24T15:31:38","guid":{"rendered":"http:\/\/igrivarhitektura.org\/?page_id=3077"},"modified":"2020-03-24T16:56:18","modified_gmt":"2020-03-24T15:56:18","slug":"razstava-natecaja-center-znanosti","status":"publish","type":"page","link":"http:\/\/igrivarhitektura.org\/en\/razstava-natecaja-center-znanosti\/","title":{"rendered":"Razstava nate\u010daja za izbor imena &#8220;Centra znanosti&#8221;"},"content":{"rendered":"<div class=\"wpb-content-wrapper\"><div class=\"vc_row wpb_row vc_row-fluid\"><div class=\"wpb_column vc_column_container vc_col-sm-6\"><div class=\"vc_column-inner\"><div class=\"wpb_wrapper\"><div class=\"vc_empty_space\"   style=\"height: 20px\"><span class=\"vc_empty_space_inner\"><\/span><\/div><h2 style=\"text-align: left\" class=\"vc_custom_heading vc_do_custom_heading\" >RAZSTAVA NATE\u010cAJA<br \/>\nZA IZBOR IMENA \"CENTRA ZNANOSTI\"<\/h2><\/div><\/div><\/div><div class=\"wpb_column vc_column_container vc_col-sm-6\"><div class=\"vc_column-inner\"><div class=\"wpb_wrapper\"><\/div><\/div><\/div><\/div><div class=\"vc_row wpb_row vc_row-fluid\"><div class=\"wpb_column vc_column_container vc_col-sm-6\"><div class=\"vc_column-inner\"><div class=\"wpb_wrapper\">\n\t<div class=\"wpb_text_column wpb_content_element\" >\n\t\t<div class=\"wpb_wrapper\">\n\t\t\t<p><strong>Razstava nagrajenih in izbranih najbolj\u0161ih izdelkov<\/strong> sovpada z razstavo nate\u010dajnih re\u0161itev arhitekturnega projektnega nate\u010daja za izbiro strokovno najprimernej\u0161e urbanisti\u010dno-arhitekturne nate\u010dajne re\u0161itve za projekt \u00bbIzgradnja Centra znanosti kot demonstracijskega objekta\u00ab. Razstava je bila <span class=\"m_4213717358676338686A0\">do 4. 4. 2019 <\/span>na ogled v <span class=\"m_4213717358676338686A0\"><strong>Muzeju za arhitekturo in oblikovanje<\/strong> v Ljubljani<\/span><span class=\"m_4213717358676338686A0\">.<\/span><\/p>\n<p>Razstavljeni predlogi <strong>nate\u010daja za izbor imena &#8220;Centra znanosti&#8221;<\/strong>:<\/p>\n<p><strong>1. nagrada: <\/strong>nate\u010dajni predlog \u00bb<strong>LU\u010cKA<\/strong>\u00ab, Osnovna \u0161ola Mislinja<br \/>\navtorici: <strong>Jasmina Bre\u0161ar, <\/strong><strong>Maja Vetrih; Osnovna \u0161ola Mislinja<\/strong><br \/>\nmentor:\u00a0<strong>Milan Baj\u017eelj<\/strong><\/p>\n<p><strong>enakovredna 2. nagrada<\/strong>: nate\u010dajni predlog \u00bb<strong>NEST<\/strong>\u00ab<br \/>\navtorja:\u00a0<strong>Bla\u017e \u0160uber, <\/strong><strong>Nejc Mladovan; Osnovna \u0161ola \u0160empas<\/strong><br \/>\nmentorica:\u00a0<strong>Lilijana Zalesjak Gerlica <\/strong><\/p>\n<p><strong>enakovredna 2. nagrada: <\/strong>nate\u010dajni predlog \u00bb<strong>ZUM<\/strong>\u00ab<br \/>\navtorice: <strong>Nika Klisari\u010d,\u00a0<\/strong><strong>Melisa Tom\u0161i\u010d,\u00a0<\/strong><strong>Zala Bremec,\u00a0<\/strong><strong>Zala Hrovatin; Osnovna \u0161ola \u0160empas<\/strong><br \/>\nmentorica: <strong>Patricija Pregrad<\/strong><\/p>\n<p><strong>enakovredna 2. nagrada: <\/strong>nate\u010dajni predlog \u00bb<strong>VEGA<\/strong>\u00ab<br \/>\navtorica: <strong>Neja Filip; Osnovna \u0161ola Pre\u017eihovega Voranca Bistrica<\/strong><br \/>\nmentorici: <strong>Metka Filip<\/strong>, <strong>Klementina Weis<\/strong><\/p>\n<p>Hkrati je komisija odlo\u010dila, da se<strong> poleg nagrajenih predlogov razstavijo<\/strong> tudi naslednji nenagrajeni predlogi:<\/p>\n<ul>\n<li>\u00bb<strong>CENTER SREDI ZNANOSTI<\/strong>\u00ab, O\u0160 Pre\u017eihovega Voranca Bistrica, avtorici Tja\u0161a Kustec in Zala Lucija Bala\u017eic, mentorici Metka Filip in Klementina Weis<\/li>\n<li>\u00bb<strong>CENTER ZNANOSTI SLOVENIJE \u2013 CZS<\/strong>\u00ab, O\u0160 Pre\u017eihovega Voranca Bistrica, avtorica Ivana Krampa\u010d, mentorici Metka Filip in Klementina Weis<\/li>\n<li>\u00bb<strong>PRIZMA<\/strong>\u00ab, O\u0160 Polhov Gradec, avtorji Neli Dolinar, Ajda U\u0161eni\u010dnik, Lea Ko\u0161ir in Tadej Trobec, mentor Jure Kramar<\/li>\n<li>\u00bb<strong>LUNA<\/strong>\u00ab, O\u0160 \u0160empas, avtorice Tia Mi\u0161i\u010d, Lara Ter\u010di\u010d in Ana Tia Hohkraut, mentorica Lilijana Zalesjak Gerlica<\/li>\n<li>\u00bb<strong>PREMICA<\/strong>\u00ab, O\u0160 \u0160empas, avtorice Marina Bav\u010dar, Karolina Beltram in Lana Klisari\u010d, mentorica Lilijana Zalesjak Gerlica<\/li>\n<li>\u00bb<strong>ZNANIUM<\/strong>\u00ab, O\u0160 Franceta Pre\u0161erna \u010cren\u0161ovci, avtorica Iva Okorn, mentor Tibor Fran\u010di\u010d<\/li>\n<li>\u00bb<strong>INICI\/ART)IVA KRE(ART)IVA<\/strong>\u00ab, O\u0160 Milana \u0160u\u0161tar\u0161i\u010da Ljubljana, avtorji Eva Grmi\u010d, Kazimir Plesni\u010dar in Kristina Miheli\u010d, mentorici Marija Murenc, Nata\u0161a \u0160korjanc Strnad<\/li>\n<li>\u00bb<strong>MI.RE<\/strong>\u00ab, O\u0160 Milana \u0160u\u0161tar\u0161i\u010da Ljubljana, avtorji Eva Grmi\u010d, Kazimir Plesni\u010dar in Kristina Miheli\u010d, mentorici Marija Murenc, Nata\u0161a \u0160korjanc Strnad<\/li>\n<li>\u00bb<strong>SVET ZNANOSTI<\/strong>\u00ab, O\u0160 Bi\u010devje, avtorji Ajla Be\u0107i\u0107, Kal Gabrijel Turek, Maida \u017duni\u0107, Minea \u0160uvi\u0107, mentorica Helena Angelski<\/li>\n<li>\u00bb<strong>INSIGHT<\/strong>\u00ab, O\u0160 Ka\u0161elj, avtorica Katarina Brezovnik, mentorica Rebeka Jerman<\/li>\n<li>\u00bb<strong>LOGIUM<\/strong>\u00ab, O\u0160 Ka\u0161elj, avtor Tadej \u0160andor, mentorica Rebeka Jerman<\/li>\n<\/ul>\n\n\t\t<\/div>\n\t<\/div>\n<\/div><\/div><\/div><div class=\"wpb_column vc_column_container vc_col-sm-6\"><div class=\"vc_column-inner\"><div class=\"wpb_wrapper\"><div class=\"wpb_images_carousel wpb_content_element vc_clearfix wpb_content_element\"><div class=\"wpb_wrapper\"><div id=\"vc_images-carousel-1-1777716400\" data-ride=\"vc_carousel\" data-wrap=\"false\" style=\"width: 100%;\" data-interval=\"0\" data-auto-height=\"yes\" data-mode=\"horizontal\" data-partial=\"false\" data-per-view=\"1\" data-hide-on-end=\"true\" class=\"vc_slide vc_images_carousel\"><ol class=\"vc_carousel-indicators\"><li data-target=\"#vc_images-carousel-1-1777716400\" data-slide-to=\"0\"><\/li><li data-target=\"#vc_images-carousel-1-1777716400\" data-slide-to=\"1\"><\/li><li data-target=\"#vc_images-carousel-1-1777716400\" data-slide-to=\"2\"><\/li><li data-target=\"#vc_images-carousel-1-1777716400\" data-slide-to=\"3\"><\/li><\/ol><div class=\"vc_carousel-inner\"><div class=\"vc_carousel-slideline\"><div class=\"vc_carousel-slideline-inner\"><div class=\"vc_item\"><div class=\"vc_inner\"><a class=\"\" href=\"https:\/\/igrivarhitektura.org\/new\/wp-content\/uploads\/2020\/03\/20190321_125421-1.jpg\" data-lightbox=\"lightbox[rel-3077-4149835393]\"><img decoding=\"async\" width=\"1000\" height=\"750\" src=\"https:\/\/igrivarhitektura.org\/new\/wp-content\/uploads\/2020\/03\/20190321_125421-1.jpg\" class=\"attachment-full\" alt=\"\" title=\"20190321_125421\" srcset=\"https:\/\/igrivarhitektura.org\/new\/wp-content\/uploads\/2020\/03\/20190321_125421-1-200x150.jpg 200w, https:\/\/igrivarhitektura.org\/new\/wp-content\/uploads\/2020\/03\/20190321_125421-1-300x225.jpg 300w, https:\/\/igrivarhitektura.org\/new\/wp-content\/uploads\/2020\/03\/20190321_125421-1-400x300.jpg 400w, https:\/\/igrivarhitektura.org\/new\/wp-content\/uploads\/2020\/03\/20190321_125421-1-600x450.jpg 600w, https:\/\/igrivarhitektura.org\/new\/wp-content\/uploads\/2020\/03\/20190321_125421-1-768x576.jpg 768w, https:\/\/igrivarhitektura.org\/new\/wp-content\/uploads\/2020\/03\/20190321_125421-1-800x600.jpg 800w, https:\/\/igrivarhitektura.org\/new\/wp-content\/uploads\/2020\/03\/20190321_125421-1.jpg 1000w\" sizes=\"(max-width: 1000px) 100vw, 1000px\" \/><\/a><\/div><\/div><div class=\"vc_item\"><div class=\"vc_inner\"><a class=\"\" href=\"https:\/\/igrivarhitektura.org\/new\/wp-content\/uploads\/2020\/03\/20190321_125428-1.jpg\" data-lightbox=\"lightbox[rel-3077-4149835393]\"><img decoding=\"async\" width=\"1000\" height=\"750\" src=\"https:\/\/igrivarhitektura.org\/new\/wp-content\/uploads\/2020\/03\/20190321_125428-1.jpg\" class=\"attachment-full\" alt=\"\" title=\"20190321_125428\" srcset=\"https:\/\/igrivarhitektura.org\/new\/wp-content\/uploads\/2020\/03\/20190321_125428-1-200x150.jpg 200w, https:\/\/igrivarhitektura.org\/new\/wp-content\/uploads\/2020\/03\/20190321_125428-1-300x225.jpg 300w, https:\/\/igrivarhitektura.org\/new\/wp-content\/uploads\/2020\/03\/20190321_125428-1-400x300.jpg 400w, https:\/\/igrivarhitektura.org\/new\/wp-content\/uploads\/2020\/03\/20190321_125428-1-600x450.jpg 600w, https:\/\/igrivarhitektura.org\/new\/wp-content\/uploads\/2020\/03\/20190321_125428-1-768x576.jpg 768w, https:\/\/igrivarhitektura.org\/new\/wp-content\/uploads\/2020\/03\/20190321_125428-1-800x600.jpg 800w, https:\/\/igrivarhitektura.org\/new\/wp-content\/uploads\/2020\/03\/20190321_125428-1.jpg 1000w\" sizes=\"(max-width: 1000px) 100vw, 1000px\" \/><\/a><\/div><\/div><div class=\"vc_item\"><div class=\"vc_inner\"><a class=\"\" href=\"https:\/\/igrivarhitektura.org\/new\/wp-content\/uploads\/2020\/03\/20190321_125437-1.jpg\" data-lightbox=\"lightbox[rel-3077-4149835393]\"><img decoding=\"async\" width=\"1000\" height=\"750\" src=\"https:\/\/igrivarhitektura.org\/new\/wp-content\/uploads\/2020\/03\/20190321_125437-1.jpg\" class=\"attachment-full\" alt=\"\" title=\"20190321_125437\" srcset=\"https:\/\/igrivarhitektura.org\/new\/wp-content\/uploads\/2020\/03\/20190321_125437-1-200x150.jpg 200w, https:\/\/igrivarhitektura.org\/new\/wp-content\/uploads\/2020\/03\/20190321_125437-1-300x225.jpg 300w, https:\/\/igrivarhitektura.org\/new\/wp-content\/uploads\/2020\/03\/20190321_125437-1-400x300.jpg 400w, https:\/\/igrivarhitektura.org\/new\/wp-content\/uploads\/2020\/03\/20190321_125437-1-600x450.jpg 600w, https:\/\/igrivarhitektura.org\/new\/wp-content\/uploads\/2020\/03\/20190321_125437-1-768x576.jpg 768w, https:\/\/igrivarhitektura.org\/new\/wp-content\/uploads\/2020\/03\/20190321_125437-1-800x600.jpg 800w, https:\/\/igrivarhitektura.org\/new\/wp-content\/uploads\/2020\/03\/20190321_125437-1.jpg 1000w\" sizes=\"(max-width: 1000px) 100vw, 1000px\" \/><\/a><\/div><\/div><div class=\"vc_item\"><div class=\"vc_inner\"><a class=\"\" href=\"https:\/\/igrivarhitektura.org\/new\/wp-content\/uploads\/2020\/03\/20190321_125453-1.jpg\" data-lightbox=\"lightbox[rel-3077-4149835393]\"><img decoding=\"async\" width=\"1000\" height=\"750\" src=\"https:\/\/igrivarhitektura.org\/new\/wp-content\/uploads\/2020\/03\/20190321_125453-1.jpg\" class=\"attachment-full\" alt=\"\" title=\"20190321_125453\" srcset=\"https:\/\/igrivarhitektura.org\/new\/wp-content\/uploads\/2020\/03\/20190321_125453-1-200x150.jpg 200w, https:\/\/igrivarhitektura.org\/new\/wp-content\/uploads\/2020\/03\/20190321_125453-1-300x225.jpg 300w, https:\/\/igrivarhitektura.org\/new\/wp-content\/uploads\/2020\/03\/20190321_125453-1-400x300.jpg 400w, https:\/\/igrivarhitektura.org\/new\/wp-content\/uploads\/2020\/03\/20190321_125453-1-600x450.jpg 600w, https:\/\/igrivarhitektura.org\/new\/wp-content\/uploads\/2020\/03\/20190321_125453-1-768x576.jpg 768w, https:\/\/igrivarhitektura.org\/new\/wp-content\/uploads\/2020\/03\/20190321_125453-1-800x600.jpg 800w, https:\/\/igrivarhitektura.org\/new\/wp-content\/uploads\/2020\/03\/20190321_125453-1.jpg 1000w\" sizes=\"(max-width: 1000px) 100vw, 1000px\" \/><\/a><\/div><\/div><\/div><\/div><\/div><a class=\"vc_left vc_carousel-control\" href=\"#vc_images-carousel-1-1777716400\" data-slide=\"prev\"><span class=\"icon-prev\"><\/span><\/a><a class=\"vc_right vc_carousel-control\" href=\"#vc_images-carousel-1-1777716400\" data-slide=\"next\"><span class=\"icon-next\"><\/span><\/a><\/div><\/div><\/div><\/div><\/div><\/div><\/div>\n<\/div>","protected":false},"excerpt":{"rendered":"RAZSTAVA NATE\u010cAJA ZA IZBOR IMENA \"CENTRA ZNANOSTI\" Razstava nagrajenih in izbranih najbolj\u0161ih izdelkov sovpada z razstavo nate\u010dajnih re\u0161itev arhitekturnega projektnega nate\u010daja za izbiro strokovno najprimernej\u0161e urbanisti\u010dno-arhitekturne nate\u010dajne re\u0161itve za projekt \u00bbIzgradnja Centra znanosti kot demonstracijskega objekta\u00ab. Razstava je bila do 4. 4. 2019 na ogled v Muzeju za arhitekturo in oblikovanje v Ljubljani. Razstavljeni predlogi","protected":false},"author":3,"featured_media":0,"parent":0,"menu_order":0,"comment_status":"closed","ping_status":"closed","template":"","meta":{"pgc_meta":"","iawp_total_views":10,"footnotes":""},"class_list":["post-3077","page","type-page","status-publish","hentry"],"pgc_meta":"","_links":{"self":[{"href":"http:\/\/igrivarhitektura.org\/en\/wp-json\/wp\/v2\/pages\/3077","targetHints":{"allow":["GET"]}}],"collection":[{"href":"http:\/\/igrivarhitektura.org\/en\/wp-json\/wp\/v2\/pages"}],"about":[{"href":"http:\/\/igrivarhitektura.org\/en\/wp-json\/wp\/v2\/types\/page"}],"author":[{"embeddable":true,"href":"http:\/\/igrivarhitektura.org\/en\/wp-json\/wp\/v2\/users\/3"}],"replies":[{"embeddable":true,"href":"http:\/\/igrivarhitektura.org\/en\/wp-json\/wp\/v2\/comments?post=3077"}],"version-history":[{"count":6,"href":"http:\/\/igrivarhitektura.org\/en\/wp-json\/wp\/v2\/pages\/3077\/revisions"}],"predecessor-version":[{"id":3094,"href":"http:\/\/igrivarhitektura.org\/en\/wp-json\/wp\/v2\/pages\/3077\/revisions\/3094"}],"wp:attachment":[{"href":"http:\/\/igrivarhitektura.org\/en\/wp-json\/wp\/v2\/media?parent=3077"}],"curies":[{"name":"wp","href":"https:\/\/api.w.org\/{rel}","templated":true}]}}