{"id":3557,"date":"2020-10-26T10:00:45","date_gmt":"2020-10-26T09:00:45","guid":{"rendered":"http:\/\/igrivarhitektura.org\/?page_id=3557"},"modified":"2020-10-29T16:06:36","modified_gmt":"2020-10-29T15:06:36","slug":"prirocnik-po-poteh-lesa-v-arhitekturi","status":"publish","type":"page","link":"http:\/\/igrivarhitektura.org\/en\/prirocnik-po-poteh-lesa-v-arhitekturi\/","title":{"rendered":"Handbook PATHS OF WOOD IN ARCHITECTURE"},"content":{"rendered":"<div class=\"wpb-content-wrapper\"><div class=\"vc_row wpb_row vc_row-fluid\"><div class=\"wpb_column vc_column_container vc_col-sm-8\"><div class=\"vc_column-inner\"><div class=\"wpb_wrapper\"><div class=\"vc_empty_space\"   style=\"height: 32px\"><span class=\"vc_empty_space_inner\"><\/span><\/div><h2 style=\"text-align: left\" class=\"vc_custom_heading vc_do_custom_heading\" >PO POTEH LESA V ARHITEKTURI<br \/>\nPriro\u010dnik za spoznavanje arhitekture v lesu<\/h2><h3 style=\"text-align: left\" class=\"vc_custom_heading vc_do_custom_heading\" >Implementacija znanja o arhitekturi, prostoru in oblikovanju s poudarkom na arhitekturni kulturni dedi\u0161\u010dini na poklicnih strokovnih lesnih \u0161olah<\/h3><\/div><\/div><\/div><div class=\"wpb_column vc_column_container vc_col-sm-4\"><div class=\"vc_column-inner\"><div class=\"wpb_wrapper\"><div class=\"vc_empty_space\"   style=\"height: 32px\"><span class=\"vc_empty_space_inner\"><\/span><\/div><\/div><\/div><\/div><\/div><div class=\"vc_row wpb_row vc_row-fluid\"><div class=\"wpb_column vc_column_container vc_col-sm-12\"><div class=\"vc_column-inner\"><div class=\"wpb_wrapper\"><div class=\"vc_empty_space\"   style=\"height: 10px\"><span class=\"vc_empty_space_inner\"><\/span><\/div><div class=\"vc_separator wpb_content_element vc_separator_align_center vc_sep_width_100 vc_sep_pos_align_center vc_separator_no_text vc_sep_color_grey wpb_content_element  wpb_content_element\" ><span class=\"vc_sep_holder vc_sep_holder_l\"><span class=\"vc_sep_line\"><\/span><\/span><span class=\"vc_sep_holder vc_sep_holder_r\"><span class=\"vc_sep_line\"><\/span><\/span>\n<\/div><div class=\"vc_empty_space\"   style=\"height: 10px\"><span class=\"vc_empty_space_inner\"><\/span><\/div><\/div><\/div><\/div><\/div><div class=\"vc_row wpb_row vc_row-fluid\"><div class=\"wpb_column vc_column_container vc_col-sm-8\"><div class=\"vc_column-inner\"><div class=\"wpb_wrapper\">\n\t<div class=\"wpb_text_column wpb_content_element\" >\n\t\t<div class=\"wpb_wrapper\">\n\t\t\t<p>V arhitekturni in oblikovalski stroki \u017ee dolgo \u010dasa opa\u017eamo, da je splo\u0161ni nivo zavedanja o kakovostni arhitekturi in oblikovanju kakor tudi odnos do stavbne kulturne dedi\u0161\u010dine na zelo nizki ravni.<\/p>\n<p><strong>Center arhitekture Slovenije <\/strong>smo si skupaj s partnerji (\u0160ola za gozdarstvo in lesarstvo Karlovac, Fakulteta za arhitekturo Univerze v Zagrebu, \u0160olski center \u0160kofja Loka, bilding. \u0160ola za umetnost in arhitekturo za otroke in mladino iz Innsbrucka) znotraj projekta ERASMUS+ prizadevali premostiti ovire pri prenosu znanj o arhitekturi in oblikovanju ter v ta prizadevanja vklju\u010dili dijake srednjih poklicnih \u0161ol smeri lesarstvo.<\/p>\n<p>Znotraj priro\u010dnika so predstavljeni primeri dobrih praks arhitekture in interierja v lesu v Avstriji, Sloveniji in na Hrva\u0161kem. Itinerariji objektov so zastavljeni tako, da dijaki spoznajo tako tradicionalno arhitekturo in interierje, arhitekturo iz 50. in 60. let 20. stoletja, poudarek pa je na sodobni arhitekturi. Prikazani objekti dijakom odstirajo svet arhitekture in oblikovanja in jih ob ogledu opolnomo\u010dijo v prepoznavanju, da bodo znali ceniti in pravilno vrednotiti stavbno dedi\u0161\u010dino, lo\u010devati kakovostne primere od manj kakovostnih.<\/p>\n<p>Trijezi\u010dni priro\u010dnik <strong>Po poteh lesa v arhitekturi <\/strong>je namenjen spoznavanju arhitekture v lesu in ga priporo\u010damo vsem srednje\u0161olskim u\u010diteljem lesnih \u0161ol in vsem tistim, ki \u017eelijo po poteh kakovostne lesene arhitekture v Sloveniji, Avstriji in na Hrva\u0161kem.<\/p>\n<p>Priro\u010dnik je v letu 2020 izdal Center arhitekture Slovenije. Hvala vsem, ki ste nam pomagali pri organizaciji ekskurzij in nam omogo\u010dili oglede objektov, ki so vklju\u010deni v tem priro\u010dniku. Hvala tudi vsem sodelujo\u010dim pri pripravi priro\u010dnika.<\/p>\n\n\t\t<\/div>\n\t<\/div>\n<\/div><\/div><\/div><div class=\"wpb_column vc_column_container vc_col-sm-4\"><div class=\"vc_column-inner\"><div class=\"wpb_wrapper\">\n\t<div  class=\"wpb_single_image wpb_content_element vc_align_left wpb_content_element vc_custom_1603781016140\">\n\t\t\n\t\t<figure class=\"wpb_wrapper vc_figure\">\n\t\t\t<a href=\"http:\/\/http:\/\/igrivarhitektura.org\/new\/wp-content\/uploads\/2020\/10\/2020_PRIROCNIK-PO-POTEH-LESA-V-ARHITEKTURI.pdf\" target=\"_self\" class=\"vc_single_image-wrapper   vc_box_border_grey\"><img decoding=\"async\" width=\"1181\" height=\"1181\" src=\"https:\/\/igrivarhitektura.org\/new\/wp-content\/uploads\/2020\/10\/2020_PRIROCNIK-PO-POTEH-LESA-V-ARHITEKTURI_naslovnica_web_square.jpg\" class=\"vc_single_image-img attachment-full\" alt=\"\" title=\"2020_PRIROCNIK PO POTEH LESA V ARHITEKTURI_naslovnica_web_square\" srcset=\"https:\/\/igrivarhitektura.org\/new\/wp-content\/uploads\/2020\/10\/2020_PRIROCNIK-PO-POTEH-LESA-V-ARHITEKTURI_naslovnica_web_square-66x66.jpg 66w, https:\/\/igrivarhitektura.org\/new\/wp-content\/uploads\/2020\/10\/2020_PRIROCNIK-PO-POTEH-LESA-V-ARHITEKTURI_naslovnica_web_square-150x150.jpg 150w, https:\/\/igrivarhitektura.org\/new\/wp-content\/uploads\/2020\/10\/2020_PRIROCNIK-PO-POTEH-LESA-V-ARHITEKTURI_naslovnica_web_square-200x200.jpg 200w, https:\/\/igrivarhitektura.org\/new\/wp-content\/uploads\/2020\/10\/2020_PRIROCNIK-PO-POTEH-LESA-V-ARHITEKTURI_naslovnica_web_square-300x300.jpg 300w, https:\/\/igrivarhitektura.org\/new\/wp-content\/uploads\/2020\/10\/2020_PRIROCNIK-PO-POTEH-LESA-V-ARHITEKTURI_naslovnica_web_square-400x400.jpg 400w, https:\/\/igrivarhitektura.org\/new\/wp-content\/uploads\/2020\/10\/2020_PRIROCNIK-PO-POTEH-LESA-V-ARHITEKTURI_naslovnica_web_square-600x600.jpg 600w, https:\/\/igrivarhitektura.org\/new\/wp-content\/uploads\/2020\/10\/2020_PRIROCNIK-PO-POTEH-LESA-V-ARHITEKTURI_naslovnica_web_square-768x768.jpg 768w, https:\/\/igrivarhitektura.org\/new\/wp-content\/uploads\/2020\/10\/2020_PRIROCNIK-PO-POTEH-LESA-V-ARHITEKTURI_naslovnica_web_square-800x800.jpg 800w, https:\/\/igrivarhitektura.org\/new\/wp-content\/uploads\/2020\/10\/2020_PRIROCNIK-PO-POTEH-LESA-V-ARHITEKTURI_naslovnica_web_square-1024x1024.jpg 1024w, https:\/\/igrivarhitektura.org\/new\/wp-content\/uploads\/2020\/10\/2020_PRIROCNIK-PO-POTEH-LESA-V-ARHITEKTURI_naslovnica_web_square.jpg 1181w\" sizes=\"(max-width: 1181px) 100vw, 1181px\" \/><\/a>\n\t\t<\/figure>\n\t<\/div>\n<div class=\"vc_btn3-container vc_btn3-center vc_do_btn\" ><a class=\"vc_general vc_btn3 vc_btn3-size-sm vc_btn3-shape-square vc_btn3-style-flat vc_btn3-icon-left vc_btn3-color-sky\" href=\"http:\/\/igrivarhitektura.org\/new\/wp-content\/uploads\/2020\/10\/2020_PRIROCNIK-PO-POTEH-LESA-V-ARHITEKTURI.pdf\" title=\"\"><i class=\"vc_btn3-icon fas fa-download\"><\/i> Prenesite si priro\u010dnik PO POTEH LESA V ARHITEKTURI<\/a><\/div><\/div><\/div><\/div><\/div><div class=\"vc_row wpb_row vc_row-fluid\"><div class=\"wpb_column vc_column_container vc_col-sm-12\"><div class=\"vc_column-inner\"><div class=\"wpb_wrapper\"><div class=\"vc_empty_space\"   style=\"height: 10px\"><span class=\"vc_empty_space_inner\"><\/span><\/div><div class=\"vc_separator wpb_content_element vc_separator_align_center vc_sep_width_100 vc_sep_pos_align_center vc_separator_no_text vc_sep_color_grey wpb_content_element  wpb_content_element\" ><span class=\"vc_sep_holder vc_sep_holder_l\"><span class=\"vc_sep_line\"><\/span><\/span><span class=\"vc_sep_holder vc_sep_holder_r\"><span class=\"vc_sep_line\"><\/span><\/span>\n<\/div><div class=\"vc_empty_space\"   style=\"height: 4px\"><span class=\"vc_empty_space_inner\"><\/span><\/div><h3 style=\"text-align: left\" class=\"vc_custom_heading vc_do_custom_heading\" >Sodelujo\u010de ustanove<\/h3><div class=\"vc_empty_space\"   style=\"height: 4px\"><span class=\"vc_empty_space_inner\"><\/span><\/div><\/div><\/div><\/div><\/div><div class=\"vc_row wpb_row vc_row-fluid\"><div class=\"wpb_column vc_column_container vc_col-sm-8\"><div class=\"vc_column-inner\"><div class=\"wpb_wrapper\"><div class=\"vc_row wpb_row vc_inner vc_row-fluid\"><div class=\"wpb_column vc_column_container vc_col-sm-2\"><div class=\"vc_column-inner\"><div class=\"wpb_wrapper\">\n\t<div  class=\"wpb_single_image wpb_content_element vc_align_left wpb_content_element\">\n\t\t\n\t\t<figure class=\"wpb_wrapper vc_figure\">\n\t\t\t<a href=\"http:\/\/www.centerarhitekture.org\/\" target=\"_self\" class=\"vc_single_image-wrapper   vc_box_border_grey\"><img decoding=\"async\" width=\"3337\" height=\"2564\" src=\"https:\/\/igrivarhitektura.org\/new\/wp-content\/uploads\/2020\/03\/CAS_logo_outline_transparent.png\" class=\"vc_single_image-img attachment-full\" alt=\"\" title=\"CAS_logo_outline_transparent\" srcset=\"https:\/\/igrivarhitektura.org\/new\/wp-content\/uploads\/2020\/03\/CAS_logo_outline_transparent-200x154.png 200w, https:\/\/igrivarhitektura.org\/new\/wp-content\/uploads\/2020\/03\/CAS_logo_outline_transparent-300x231.png 300w, https:\/\/igrivarhitektura.org\/new\/wp-content\/uploads\/2020\/03\/CAS_logo_outline_transparent-400x307.png 400w, https:\/\/igrivarhitektura.org\/new\/wp-content\/uploads\/2020\/03\/CAS_logo_outline_transparent-600x461.png 600w, https:\/\/igrivarhitektura.org\/new\/wp-content\/uploads\/2020\/03\/CAS_logo_outline_transparent-768x590.png 768w, https:\/\/igrivarhitektura.org\/new\/wp-content\/uploads\/2020\/03\/CAS_logo_outline_transparent-800x615.png 800w, https:\/\/igrivarhitektura.org\/new\/wp-content\/uploads\/2020\/03\/CAS_logo_outline_transparent-1024x787.png 1024w, https:\/\/igrivarhitektura.org\/new\/wp-content\/uploads\/2020\/03\/CAS_logo_outline_transparent-1200x922.png 1200w, https:\/\/igrivarhitektura.org\/new\/wp-content\/uploads\/2020\/03\/CAS_logo_outline_transparent-1536x1180.png 1536w, https:\/\/igrivarhitektura.org\/new\/wp-content\/uploads\/2020\/03\/CAS_logo_outline_transparent.png 3337w\" sizes=\"(max-width: 3337px) 100vw, 3337px\" \/><\/a>\n\t\t<\/figure>\n\t<\/div>\n<\/div><\/div><\/div><div class=\"wpb_column vc_column_container vc_col-sm-2\"><div class=\"vc_column-inner\"><div class=\"wpb_wrapper\">\n\t<div  class=\"wpb_single_image wpb_content_element vc_align_left wpb_content_element\">\n\t\t\n\t\t<figure class=\"wpb_wrapper vc_figure\">\n\t\t\t<a href=\"http:\/\/igrivarhitektura.org\/\" target=\"_self\" class=\"vc_single_image-wrapper   vc_box_border_grey\"><img decoding=\"async\" width=\"200\" height=\"108\" src=\"https:\/\/igrivarhitektura.org\/new\/wp-content\/uploads\/2017\/04\/logo_ia-3.png\" class=\"vc_single_image-img attachment-full\" alt=\"\" title=\"logo_ia-3\" \/><\/a>\n\t\t<\/figure>\n\t<\/div>\n<\/div><\/div><\/div><div class=\"wpb_column vc_column_container vc_col-sm-2\"><div class=\"vc_column-inner\"><div class=\"wpb_wrapper\">\n\t<div  class=\"wpb_single_image wpb_content_element vc_align_left wpb_content_element\">\n\t\t\n\t\t<figure class=\"wpb_wrapper vc_figure\">\n\t\t\t<a href=\"http:\/\/www.ss-sumarskaidrvodjeljska-ka.skole.hr\" target=\"_self\" class=\"vc_single_image-wrapper   vc_box_border_grey\"><img decoding=\"async\" width=\"1088\" height=\"658\" src=\"https:\/\/igrivarhitektura.org\/new\/wp-content\/uploads\/2020\/10\/Logotip_karlovac.jpg\" class=\"vc_single_image-img attachment-full\" alt=\"\" title=\"Logotip.cdr\" srcset=\"https:\/\/igrivarhitektura.org\/new\/wp-content\/uploads\/2020\/10\/Logotip_karlovac-200x121.jpg 200w, https:\/\/igrivarhitektura.org\/new\/wp-content\/uploads\/2020\/10\/Logotip_karlovac-300x181.jpg 300w, https:\/\/igrivarhitektura.org\/new\/wp-content\/uploads\/2020\/10\/Logotip_karlovac-400x242.jpg 400w, https:\/\/igrivarhitektura.org\/new\/wp-content\/uploads\/2020\/10\/Logotip_karlovac-600x363.jpg 600w, https:\/\/igrivarhitektura.org\/new\/wp-content\/uploads\/2020\/10\/Logotip_karlovac-768x464.jpg 768w, https:\/\/igrivarhitektura.org\/new\/wp-content\/uploads\/2020\/10\/Logotip_karlovac-800x484.jpg 800w, https:\/\/igrivarhitektura.org\/new\/wp-content\/uploads\/2020\/10\/Logotip_karlovac-1024x619.jpg 1024w, https:\/\/igrivarhitektura.org\/new\/wp-content\/uploads\/2020\/10\/Logotip_karlovac.jpg 1088w\" sizes=\"(max-width: 1088px) 100vw, 1088px\" \/><\/a>\n\t\t<\/figure>\n\t<\/div>\n<\/div><\/div><\/div><div class=\"wpb_column vc_column_container vc_col-sm-2\"><div class=\"vc_column-inner\"><div class=\"wpb_wrapper\">\n\t<div  class=\"wpb_single_image wpb_content_element vc_align_left wpb_content_element\">\n\t\t\n\t\t<figure class=\"wpb_wrapper vc_figure\">\n\t\t\t<a href=\"http:\/\/www.scsl.si\/o-soli-lesna\" target=\"_self\" class=\"vc_single_image-wrapper   vc_box_border_grey\"><img decoding=\"async\" width=\"642\" height=\"265\" src=\"https:\/\/igrivarhitektura.org\/new\/wp-content\/uploads\/2020\/10\/solski-center-skofja-loka.jpg\" class=\"vc_single_image-img attachment-full\" alt=\"\" title=\"solski center skofja loka\" srcset=\"https:\/\/igrivarhitektura.org\/new\/wp-content\/uploads\/2020\/10\/solski-center-skofja-loka-200x83.jpg 200w, https:\/\/igrivarhitektura.org\/new\/wp-content\/uploads\/2020\/10\/solski-center-skofja-loka-300x124.jpg 300w, https:\/\/igrivarhitektura.org\/new\/wp-content\/uploads\/2020\/10\/solski-center-skofja-loka-400x165.jpg 400w, https:\/\/igrivarhitektura.org\/new\/wp-content\/uploads\/2020\/10\/solski-center-skofja-loka-600x248.jpg 600w, https:\/\/igrivarhitektura.org\/new\/wp-content\/uploads\/2020\/10\/solski-center-skofja-loka.jpg 642w\" sizes=\"(max-width: 642px) 100vw, 642px\" \/><\/a>\n\t\t<\/figure>\n\t<\/div>\n<\/div><\/div><\/div><div class=\"wpb_column vc_column_container vc_col-sm-2\"><div class=\"vc_column-inner\"><div class=\"wpb_wrapper\">\n\t<div  class=\"wpb_single_image wpb_content_element vc_align_left wpb_content_element\">\n\t\t\n\t\t<figure class=\"wpb_wrapper vc_figure\">\n\t\t\t<a href=\"http:\/\/www.arhitekt.hr\" target=\"_self\" class=\"vc_single_image-wrapper   vc_box_border_grey\"><img decoding=\"async\" width=\"1269\" height=\"389\" src=\"https:\/\/igrivarhitektura.org\/new\/wp-content\/uploads\/2020\/10\/fa-zagreb.jpg\" class=\"vc_single_image-img attachment-full\" alt=\"\" title=\"fa zagreb\" srcset=\"https:\/\/igrivarhitektura.org\/new\/wp-content\/uploads\/2020\/10\/fa-zagreb-200x61.jpg 200w, https:\/\/igrivarhitektura.org\/new\/wp-content\/uploads\/2020\/10\/fa-zagreb-300x92.jpg 300w, https:\/\/igrivarhitektura.org\/new\/wp-content\/uploads\/2020\/10\/fa-zagreb-400x123.jpg 400w, https:\/\/igrivarhitektura.org\/new\/wp-content\/uploads\/2020\/10\/fa-zagreb-600x184.jpg 600w, https:\/\/igrivarhitektura.org\/new\/wp-content\/uploads\/2020\/10\/fa-zagreb-768x235.jpg 768w, https:\/\/igrivarhitektura.org\/new\/wp-content\/uploads\/2020\/10\/fa-zagreb-800x245.jpg 800w, https:\/\/igrivarhitektura.org\/new\/wp-content\/uploads\/2020\/10\/fa-zagreb-1024x314.jpg 1024w, https:\/\/igrivarhitektura.org\/new\/wp-content\/uploads\/2020\/10\/fa-zagreb-1200x368.jpg 1200w, https:\/\/igrivarhitektura.org\/new\/wp-content\/uploads\/2020\/10\/fa-zagreb.jpg 1269w\" sizes=\"(max-width: 1269px) 100vw, 1269px\" \/><\/a>\n\t\t<\/figure>\n\t<\/div>\n<\/div><\/div><\/div><div class=\"wpb_column vc_column_container vc_col-sm-2\"><div class=\"vc_column-inner\"><div class=\"wpb_wrapper\">\n\t<div  class=\"wpb_single_image wpb_content_element vc_align_left wpb_content_element\">\n\t\t\n\t\t<figure class=\"wpb_wrapper vc_figure\">\n\t\t\t<a href=\"http:\/\/www.bilding.at\" target=\"_self\" class=\"vc_single_image-wrapper   vc_box_border_grey\"><img decoding=\"async\" width=\"756\" height=\"155\" src=\"https:\/\/igrivarhitektura.org\/new\/wp-content\/uploads\/2020\/10\/bilding-logo.jpg\" class=\"vc_single_image-img attachment-full\" alt=\"\" title=\"bilding logo\" srcset=\"https:\/\/igrivarhitektura.org\/new\/wp-content\/uploads\/2020\/10\/bilding-logo-200x41.jpg 200w, https:\/\/igrivarhitektura.org\/new\/wp-content\/uploads\/2020\/10\/bilding-logo-300x62.jpg 300w, https:\/\/igrivarhitektura.org\/new\/wp-content\/uploads\/2020\/10\/bilding-logo-400x82.jpg 400w, https:\/\/igrivarhitektura.org\/new\/wp-content\/uploads\/2020\/10\/bilding-logo-600x123.jpg 600w, https:\/\/igrivarhitektura.org\/new\/wp-content\/uploads\/2020\/10\/bilding-logo.jpg 756w\" sizes=\"(max-width: 756px) 100vw, 756px\" \/><\/a>\n\t\t<\/figure>\n\t<\/div>\n<\/div><\/div><\/div><\/div><div class=\"vc_empty_space\"   style=\"height: 20px\"><span class=\"vc_empty_space_inner\"><\/span><\/div><div class=\"vc_row wpb_row vc_inner vc_row-fluid\"><div class=\"wpb_column vc_column_container vc_col-sm-4\"><div class=\"vc_column-inner\"><div class=\"wpb_wrapper\"><div class=\"vc_empty_space\"   style=\"height: 20px\"><span class=\"vc_empty_space_inner\"><\/span><\/div>\n\t<div  class=\"wpb_single_image wpb_content_element vc_align_left wpb_content_element\">\n\t\t\n\t\t<figure class=\"wpb_wrapper vc_figure\">\n\t\t\t<div class=\"vc_single_image-wrapper   vc_box_border_grey\"><img decoding=\"async\" width=\"2620\" height=\"749\" src=\"https:\/\/igrivarhitektura.org\/new\/wp-content\/uploads\/2020\/10\/EU-flag-Erasmus_vect_POS-PMS.png\" class=\"vc_single_image-img attachment-full\" alt=\"\" title=\"EU flag-Erasmus+_vect_POS [PMS]\" srcset=\"https:\/\/igrivarhitektura.org\/new\/wp-content\/uploads\/2020\/10\/EU-flag-Erasmus_vect_POS-PMS-200x57.png 200w, https:\/\/igrivarhitektura.org\/new\/wp-content\/uploads\/2020\/10\/EU-flag-Erasmus_vect_POS-PMS-300x86.png 300w, https:\/\/igrivarhitektura.org\/new\/wp-content\/uploads\/2020\/10\/EU-flag-Erasmus_vect_POS-PMS-400x114.png 400w, https:\/\/igrivarhitektura.org\/new\/wp-content\/uploads\/2020\/10\/EU-flag-Erasmus_vect_POS-PMS-600x172.png 600w, https:\/\/igrivarhitektura.org\/new\/wp-content\/uploads\/2020\/10\/EU-flag-Erasmus_vect_POS-PMS-768x220.png 768w, https:\/\/igrivarhitektura.org\/new\/wp-content\/uploads\/2020\/10\/EU-flag-Erasmus_vect_POS-PMS-800x229.png 800w, https:\/\/igrivarhitektura.org\/new\/wp-content\/uploads\/2020\/10\/EU-flag-Erasmus_vect_POS-PMS-1024x293.png 1024w, https:\/\/igrivarhitektura.org\/new\/wp-content\/uploads\/2020\/10\/EU-flag-Erasmus_vect_POS-PMS-1200x343.png 1200w, https:\/\/igrivarhitektura.org\/new\/wp-content\/uploads\/2020\/10\/EU-flag-Erasmus_vect_POS-PMS-1536x439.png 1536w, https:\/\/igrivarhitektura.org\/new\/wp-content\/uploads\/2020\/10\/EU-flag-Erasmus_vect_POS-PMS.png 2620w\" sizes=\"(max-width: 2620px) 100vw, 2620px\" \/><\/div>\n\t\t<\/figure>\n\t<\/div>\n<\/div><\/div><\/div><div class=\"wpb_column vc_column_container vc_col-sm-8\"><div class=\"vc_column-inner\"><div class=\"wpb_wrapper\"><div class=\"vc_empty_space\"   style=\"height: 20px\"><span class=\"vc_empty_space_inner\"><\/span><\/div>\n\t<div class=\"wpb_text_column wpb_content_element\" >\n\t\t<div class=\"wpb_wrapper\">\n\t\t\t<p><em>Izvedba tega projekta je financirana s strani Evropske komisije. Vsebina publikacije (komunikacije) je izklju\u010dno odgovornost avtorja in v nobenem primeru ne predstavlja stali\u0161\u010d Evropske komisije.<\/em><\/p>\n\n\t\t<\/div>\n\t<\/div>\n<\/div><\/div><\/div><\/div><\/div><\/div><\/div><div class=\"wpb_column vc_column_container vc_col-sm-4\"><div class=\"vc_column-inner\"><div class=\"wpb_wrapper\">\n\t<div class=\"wpb_text_column wpb_content_element vc_custom_1603783087742\" >\n\t\t<div class=\"wpb_wrapper\">\n\t\t\t<p><em>\u00bbPriro\u010dnik ne \u017eeli u\u010diti, kako se lesena gradnja na\u010drtuje, ampak v prvi vrsti, kaj vse je mo\u017eno iz lesa zasnovati in kako lahko ta naravni in vseprisotni material pripomore k kakovostnemu bivalnemu okolju, kulturi gradnje ter splo\u0161ni ubranosti in podobi okolja.\u00ab<\/em><\/p>\n<p><em>Iz recenzije <\/em><br \/>\n<em>izr. prof. dr. Mateja Blenku\u0161a, univ. dipl. in\u017e. arh.<\/em><\/p>\n\n\t\t<\/div>\n\t<\/div>\n<\/div><\/div><\/div><\/div><div class=\"vc_row wpb_row vc_row-fluid\"><div class=\"wpb_column vc_column_container vc_col-sm-12\"><div class=\"vc_column-inner\"><div class=\"wpb_wrapper\"><div class=\"vc_empty_space\"   style=\"height: 32px\"><span class=\"vc_empty_space_inner\"><\/span><\/div><\/div><\/div><\/div><\/div>\n<\/div>","protected":false},"excerpt":{"rendered":"PO POTEH LESA V ARHITEKTURI Priro\u010dnik za spoznavanje arhitekture v lesuImplementacija znanja o arhitekturi, prostoru in oblikovanju s poudarkom na arhitekturni kulturni dedi\u0161\u010dini na poklicnih strokovnih lesnih \u0161olah V arhitekturni in oblikovalski stroki \u017ee dolgo \u010dasa opa\u017eamo, da je splo\u0161ni nivo zavedanja o kakovostni arhitekturi in oblikovanju kakor tudi odnos do stavbne kulturne dedi\u0161\u010dine na","protected":false},"author":3,"featured_media":0,"parent":0,"menu_order":0,"comment_status":"closed","ping_status":"closed","template":"","meta":{"pgc_meta":"","iawp_total_views":33,"footnotes":""},"class_list":["post-3557","page","type-page","status-publish","hentry"],"pgc_meta":"","_links":{"self":[{"href":"http:\/\/igrivarhitektura.org\/en\/wp-json\/wp\/v2\/pages\/3557","targetHints":{"allow":["GET"]}}],"collection":[{"href":"http:\/\/igrivarhitektura.org\/en\/wp-json\/wp\/v2\/pages"}],"about":[{"href":"http:\/\/igrivarhitektura.org\/en\/wp-json\/wp\/v2\/types\/page"}],"author":[{"embeddable":true,"href":"http:\/\/igrivarhitektura.org\/en\/wp-json\/wp\/v2\/users\/3"}],"replies":[{"embeddable":true,"href":"http:\/\/igrivarhitektura.org\/en\/wp-json\/wp\/v2\/comments?post=3557"}],"version-history":[{"count":16,"href":"http:\/\/igrivarhitektura.org\/en\/wp-json\/wp\/v2\/pages\/3557\/revisions"}],"predecessor-version":[{"id":3561,"href":"http:\/\/igrivarhitektura.org\/en\/wp-json\/wp\/v2\/pages\/3557\/revisions\/3561"}],"wp:attachment":[{"href":"http:\/\/igrivarhitektura.org\/en\/wp-json\/wp\/v2\/media?parent=3557"}],"curies":[{"name":"wp","href":"https:\/\/api.w.org\/{rel}","templated":true}]}}