{"id":4451,"date":"2023-04-04T18:47:54","date_gmt":"2023-04-04T17:47:54","guid":{"rendered":"https:\/\/igrivarhitektura.org\/?page_id=4451"},"modified":"2023-04-23T14:41:04","modified_gmt":"2023-04-23T13:41:04","slug":"prostor-za-spremembe","status":"publish","type":"page","link":"http:\/\/igrivarhitektura.org\/en\/za-pedagoge\/prostor-za-spremembe\/","title":{"rendered":"Prostor za spremembe"},"content":{"rendered":"<div class=\"wpb-content-wrapper\"><div class=\"vc_row wpb_row vc_row-fluid\"><div class=\"wpb_column vc_column_container vc_col-sm-12\"><div class=\"vc_column-inner\"><div class=\"wpb_wrapper\"><div class=\"vc_empty_space\"   style=\"height: 32px\"><span class=\"vc_empty_space_inner\"><\/span><\/div><h2 style=\"text-align: left\" class=\"vc_custom_heading vc_do_custom_heading\" >PROSTOR ZA SPREMEMBE - IZOBRA\u017dEVALNI MODEL ZA OSNOVNO\u0160OLCE O TRAJNOSTNEM UREJANJU PROSTORA<\/h2><div class=\"vc_row wpb_row vc_inner vc_row-fluid\"><div class=\"wpb_column vc_column_container vc_col-sm-6\"><div class=\"vc_column-inner\"><div class=\"wpb_wrapper\">\n\t<div class=\"wpb_text_column wpb_content_element\" >\n\t\t<div class=\"wpb_wrapper\">\n\t\t\t<p>Projekt je del Podnebnih akcij Podnebnega programa Mre\u017ee za prostor, ki ga sofinancirata Eko sklad in Ministrstvo za okolje in prostor iz Sklada za podnebne spremembe.<\/p>\n<p>Predstavljajmo si prostor v prihodnosti. Se zavedamo, da ga danes urejamo za naslednja desetletja? Problem urejanja prostora in gradnje, ki ne upo\u0161tevata in ne re\u0161ujeta negativnih posledic podnebnih sprememb je opazen \u017ee danes, z njim pa bodo \u017eivele prihodnje generacije. Kako torej na\u010drtovati prostor, ki bo bolje prilagojen na podnebne spremembe?<\/p>\n<p>Na\u0161 prostor je omejena dobrina \u2013 v njem se odra\u017eajo na\u0161e navade in na\u010dini \u017eivljenja. Dana\u0161nje generacije se slabo zavedajo, da lahko s premi\u0161ljenim na\u010drtovanjem, rabo in urejanjem prostora zmanj\u0161amo ranljivost in pove\u010damo odpornost na vplive podnebnih sprememb.<\/p>\n\n\t\t<\/div>\n\t<\/div>\n<div class=\"vc_empty_space\"   style=\"height: 32px\"><span class=\"vc_empty_space_inner\"><\/span><\/div><\/div><\/div><\/div><div class=\"wpb_column vc_column_container vc_col-sm-6\"><div class=\"vc_column-inner\"><div class=\"wpb_wrapper\">\n\t<div class=\"wpb_text_column wpb_content_element\" >\n\t\t<div class=\"wpb_wrapper\">\n\t\t\t<p><strong>Izobra\u017eevanje generacije, ki bo ustvarjala prostor prihodnosti se za\u010dne zdaj.<\/strong> Z izobra\u017eevanjem otrok o podnebni problematiki, naravnih mehanizmih in prostoru \u017eelimo ozavestiti o pomenu trajnostnega in na podnebne spremembe prilagojenega urejanja prostora. Preko otrok \u017eelimo opolnomo\u010diti celotno skupnost za sodelovanje v nadaljnjih procesih urejanja prostora.<\/p>\n<p>V okviru projekta je bil razvit <strong>model prostorskega izobra\u017eevanja o pomenu trajnostnega in na podnebne spremembe odpornega urejanja prostora primeren za 2. triado osnovne \u0161ole.<\/strong> Model, ki zajema 4 tematske sklope, je bil pilotno izveden z u\u010denci 4. in 5. razred O\u0160 Staneta \u017dagarja v Kranju. Preko prakti\u010dnih in izkustvenih aktivnosti so se u\u010denci izobrazili o pomenu trajnostnega urejanja prostora in kako lahko le-to vpliva na bla\u017eenje ter prilagajanje na podnebne spremembe.<\/p>\n<p>Izobra\u017eevalni model z navodili in vsemi potrebnimi gradivi za samostojno izvedbo je dosegljiv na spletni strani Centra arhitekture Slovenije in Dru\u0161tva Pazi!park. Za vse dodatne informacije, nasvete in pomo\u010d pri izvedbi smo vam na voljo.<\/p>\n\n\t\t<\/div>\n\t<\/div>\n<\/div><\/div><\/div><\/div><div class=\"vc_separator wpb_content_element vc_separator_align_center vc_sep_width_100 vc_sep_pos_align_center vc_separator_no_text vc_sep_color_grey wpb_content_element  wpb_content_element\" ><span class=\"vc_sep_holder vc_sep_holder_l\"><span class=\"vc_sep_line\"><\/span><\/span><span class=\"vc_sep_holder vc_sep_holder_r\"><span class=\"vc_sep_line\"><\/span><\/span>\n<\/div><div class=\"vc_row wpb_row vc_inner vc_row-fluid\"><div class=\"wpb_column vc_column_container vc_col-sm-8\"><div class=\"vc_column-inner\"><div class=\"wpb_wrapper\"><h2 style=\"text-align: left\" class=\"vc_custom_heading vc_do_custom_heading\" >1. delavnica: KAJ PO\u010cNEJO DREVESA V MESTIH?<\/h2>\n\t<div class=\"wpb_text_column wpb_content_element\" >\n\t\t<div class=\"wpb_wrapper\">\n\t\t\t<p>Delavnica za 4., 5. in 6. razred, 3 \u0161olske ure<\/p>\n<p>Pripravil: Dru\u0161tvo Pazi!park<\/p>\n<p>Namen delavnice je spoznati, kaj so podnebne spremembe, kaj jih povzro\u010da in katere so njihove negativne posledice. Predstaviti nastanek in u\u010dinek tople grede. Seznanjanje z mo\u017enimi re\u0161itvami za bla\u017eenje in prilagajanje podnebnim spremembam, s poudarkom na vlogi zelenih povr\u0161in in vegetacije. Spoznati vlogo zelenja, \u0161e posebej dreves, v mestih in strokovnjake, ki se ukvarjajo z na\u010drtovanjem zelenih povr\u0161in \u2013 krajinske arhitekte. Podrobno spoznati koristne vplive dreves v mestih.<\/p>\n\n\t\t<\/div>\n\t<\/div>\n<div class=\"vc_empty_space\"   style=\"height: 32px\"><span class=\"vc_empty_space_inner\"><\/span><\/div><div class=\"vc_btn3-container vc_btn3-inline vc_do_btn\" ><a class=\"vc_general vc_btn3 vc_btn3-size-md vc_btn3-shape-square vc_btn3-style-flat vc_btn3-color-info\" href=\"https:\/\/igrivarhitektura.org\/new\/wp-content\/uploads\/2023\/04\/B3_CMYK_Temperatura-plakat-final.pdf\" title=\"\">Plakat: Kak\u0161ne so temperature v mestu? (PDF)<\/a><\/div><div class=\"vc_empty_space\"   style=\"height: 5px\"><span class=\"vc_empty_space_inner\"><\/span><\/div><div class=\"vc_btn3-container vc_btn3-inline vc_do_btn\" ><a class=\"vc_general vc_btn3 vc_btn3-size-md vc_btn3-shape-square vc_btn3-style-flat vc_btn3-color-info\" href=\"https:\/\/igrivarhitektura.org\/new\/wp-content\/uploads\/2023\/04\/B2_CMYK_Drevo-plakat-final.pdf\" title=\"\">Plakat: Zakaj so drevesa dobra? (PDF)<\/a><\/div><\/div><\/div><\/div><div class=\"wpb_column vc_column_container vc_col-sm-4\"><div class=\"vc_column-inner\"><div class=\"wpb_wrapper\"><div class=\"vc_btn3-container vc_btn3-inline vc_do_btn\" ><a class=\"vc_general vc_btn3 vc_btn3-size-md vc_btn3-shape-square vc_btn3-style-flat vc_btn3-color-info\" href=\"https:\/\/igrivarhitektura.org\/new\/wp-content\/uploads\/2023\/04\/Navodila_Kaj-pocnejo-drevesa-v-mestih-final.pdf\" title=\"\">Navodila za izvedbo delavnice (PDF)<\/a><\/div><div class=\"vc_btn3-container vc_btn3-inline vc_do_btn\" ><a class=\"vc_general vc_btn3 vc_btn3-size-md vc_btn3-shape-square vc_btn3-style-flat vc_btn3-color-info\" href=\"https:\/\/www.youtube.com\/watch?v=JxiWOI9iNBw&#038;list=PLSkYFmxVRK6vERA5GX9omELDPLnbEZPrR&#038;index=1\" title=\"\">Navodila za izvedbo delavnice (video)<\/a><\/div><div class=\"wpb_images_carousel wpb_content_element vc_clearfix wpb_content_element\"><div class=\"wpb_wrapper\"><div id=\"vc_images-carousel-1-1776605820\" data-ride=\"vc_carousel\" data-wrap=\"false\" style=\"width: 100%;\" data-interval=\"0\" data-auto-height=\"yes\" data-mode=\"horizontal\" data-partial=\"false\" data-per-view=\"1\" data-hide-on-end=\"true\" class=\"vc_slide vc_images_carousel\"><ol class=\"vc_carousel-indicators\"><li data-target=\"#vc_images-carousel-1-1776605820\" data-slide-to=\"0\"><\/li><li data-target=\"#vc_images-carousel-1-1776605820\" data-slide-to=\"1\"><\/li><li data-target=\"#vc_images-carousel-1-1776605820\" data-slide-to=\"2\"><\/li><li data-target=\"#vc_images-carousel-1-1776605820\" data-slide-to=\"3\"><\/li><\/ol><div class=\"vc_carousel-inner\"><div class=\"vc_carousel-slideline\"><div class=\"vc_carousel-slideline-inner\"><div class=\"vc_item\"><div class=\"vc_inner\"><a class=\"\" href=\"https:\/\/igrivarhitektura.org\/new\/wp-content\/uploads\/2023\/04\/IMG20221024140100.jpg\" data-lightbox=\"lightbox[rel-4451-2375212614]\"><img decoding=\"async\" width=\"800\" height=\"600\" src=\"https:\/\/igrivarhitektura.org\/new\/wp-content\/uploads\/2023\/04\/IMG20221024140100.jpg\" class=\"attachment-full\" alt=\"\" title=\"IMG20221024140100\" srcset=\"https:\/\/igrivarhitektura.org\/new\/wp-content\/uploads\/2023\/04\/IMG20221024140100-16x12.jpg 16w, https:\/\/igrivarhitektura.org\/new\/wp-content\/uploads\/2023\/04\/IMG20221024140100-200x150.jpg 200w, https:\/\/igrivarhitektura.org\/new\/wp-content\/uploads\/2023\/04\/IMG20221024140100-300x225.jpg 300w, https:\/\/igrivarhitektura.org\/new\/wp-content\/uploads\/2023\/04\/IMG20221024140100-400x300.jpg 400w, https:\/\/igrivarhitektura.org\/new\/wp-content\/uploads\/2023\/04\/IMG20221024140100-600x450.jpg 600w, https:\/\/igrivarhitektura.org\/new\/wp-content\/uploads\/2023\/04\/IMG20221024140100-768x576.jpg 768w, https:\/\/igrivarhitektura.org\/new\/wp-content\/uploads\/2023\/04\/IMG20221024140100.jpg 800w\" sizes=\"(max-width: 800px) 100vw, 800px\" \/><\/a><\/div><\/div><div class=\"vc_item\"><div class=\"vc_inner\"><a class=\"\" href=\"https:\/\/igrivarhitektura.org\/new\/wp-content\/uploads\/2023\/04\/IMG20221024140706.jpg\" data-lightbox=\"lightbox[rel-4451-2375212614]\"><img decoding=\"async\" width=\"800\" height=\"600\" src=\"https:\/\/igrivarhitektura.org\/new\/wp-content\/uploads\/2023\/04\/IMG20221024140706.jpg\" class=\"attachment-full\" alt=\"\" title=\"IMG20221024140706\" srcset=\"https:\/\/igrivarhitektura.org\/new\/wp-content\/uploads\/2023\/04\/IMG20221024140706-16x12.jpg 16w, https:\/\/igrivarhitektura.org\/new\/wp-content\/uploads\/2023\/04\/IMG20221024140706-200x150.jpg 200w, https:\/\/igrivarhitektura.org\/new\/wp-content\/uploads\/2023\/04\/IMG20221024140706-300x225.jpg 300w, https:\/\/igrivarhitektura.org\/new\/wp-content\/uploads\/2023\/04\/IMG20221024140706-400x300.jpg 400w, https:\/\/igrivarhitektura.org\/new\/wp-content\/uploads\/2023\/04\/IMG20221024140706-600x450.jpg 600w, https:\/\/igrivarhitektura.org\/new\/wp-content\/uploads\/2023\/04\/IMG20221024140706-768x576.jpg 768w, https:\/\/igrivarhitektura.org\/new\/wp-content\/uploads\/2023\/04\/IMG20221024140706.jpg 800w\" sizes=\"(max-width: 800px) 100vw, 800px\" \/><\/a><\/div><\/div><div class=\"vc_item\"><div class=\"vc_inner\"><a class=\"\" href=\"https:\/\/igrivarhitektura.org\/new\/wp-content\/uploads\/2023\/04\/IMG20221024141053.jpg\" data-lightbox=\"lightbox[rel-4451-2375212614]\"><img decoding=\"async\" width=\"800\" height=\"600\" src=\"https:\/\/igrivarhitektura.org\/new\/wp-content\/uploads\/2023\/04\/IMG20221024141053.jpg\" class=\"attachment-full\" alt=\"\" title=\"IMG20221024141053\" srcset=\"https:\/\/igrivarhitektura.org\/new\/wp-content\/uploads\/2023\/04\/IMG20221024141053-16x12.jpg 16w, https:\/\/igrivarhitektura.org\/new\/wp-content\/uploads\/2023\/04\/IMG20221024141053-200x150.jpg 200w, https:\/\/igrivarhitektura.org\/new\/wp-content\/uploads\/2023\/04\/IMG20221024141053-300x225.jpg 300w, https:\/\/igrivarhitektura.org\/new\/wp-content\/uploads\/2023\/04\/IMG20221024141053-400x300.jpg 400w, https:\/\/igrivarhitektura.org\/new\/wp-content\/uploads\/2023\/04\/IMG20221024141053-600x450.jpg 600w, https:\/\/igrivarhitektura.org\/new\/wp-content\/uploads\/2023\/04\/IMG20221024141053-768x576.jpg 768w, https:\/\/igrivarhitektura.org\/new\/wp-content\/uploads\/2023\/04\/IMG20221024141053.jpg 800w\" sizes=\"(max-width: 800px) 100vw, 800px\" \/><\/a><\/div><\/div><div class=\"vc_item\"><div class=\"vc_inner\"><a class=\"\" href=\"https:\/\/igrivarhitektura.org\/new\/wp-content\/uploads\/2023\/04\/IMG20221024144704.jpg\" data-lightbox=\"lightbox[rel-4451-2375212614]\"><img decoding=\"async\" width=\"800\" height=\"600\" src=\"https:\/\/igrivarhitektura.org\/new\/wp-content\/uploads\/2023\/04\/IMG20221024144704.jpg\" class=\"attachment-full\" alt=\"\" title=\"IMG20221024144704\" srcset=\"https:\/\/igrivarhitektura.org\/new\/wp-content\/uploads\/2023\/04\/IMG20221024144704-16x12.jpg 16w, https:\/\/igrivarhitektura.org\/new\/wp-content\/uploads\/2023\/04\/IMG20221024144704-200x150.jpg 200w, https:\/\/igrivarhitektura.org\/new\/wp-content\/uploads\/2023\/04\/IMG20221024144704-300x225.jpg 300w, https:\/\/igrivarhitektura.org\/new\/wp-content\/uploads\/2023\/04\/IMG20221024144704-400x300.jpg 400w, https:\/\/igrivarhitektura.org\/new\/wp-content\/uploads\/2023\/04\/IMG20221024144704-600x450.jpg 600w, https:\/\/igrivarhitektura.org\/new\/wp-content\/uploads\/2023\/04\/IMG20221024144704-768x576.jpg 768w, https:\/\/igrivarhitektura.org\/new\/wp-content\/uploads\/2023\/04\/IMG20221024144704.jpg 800w\" sizes=\"(max-width: 800px) 100vw, 800px\" \/><\/a><\/div><\/div><\/div><\/div><\/div><a class=\"vc_left vc_carousel-control\" href=\"#vc_images-carousel-1-1776605820\" data-slide=\"prev\"><span class=\"icon-prev\"><\/span><\/a><a class=\"vc_right vc_carousel-control\" href=\"#vc_images-carousel-1-1776605820\" data-slide=\"next\"><span class=\"icon-next\"><\/span><\/a><\/div><\/div><\/div><\/div><\/div><\/div><\/div><div class=\"vc_separator wpb_content_element vc_separator_align_center vc_sep_width_100 vc_sep_pos_align_center vc_separator_no_text vc_sep_color_grey wpb_content_element  wpb_content_element\" ><span class=\"vc_sep_holder vc_sep_holder_l\"><span class=\"vc_sep_line\"><\/span><\/span><span class=\"vc_sep_holder vc_sep_holder_r\"><span class=\"vc_sep_line\"><\/span><\/span>\n<\/div><div class=\"vc_row wpb_row vc_inner vc_row-fluid\"><div class=\"wpb_column vc_column_container vc_col-sm-8\"><div class=\"vc_column-inner\"><div class=\"wpb_wrapper\"><h2 style=\"text-align: left\" class=\"vc_custom_heading vc_do_custom_heading\" >2. delavnica: POPLAVE \u2013 KDAJ JE VODA LAHKO NEVARNA?<\/h2>\n\t<div class=\"wpb_text_column wpb_content_element\" >\n\t\t<div class=\"wpb_wrapper\">\n\t\t\t<p>Delavnica za 4., 5. in 6. razred, 3 \u0161olske ure<\/p>\n<p>Pripravil: Dru\u0161tvo Pazi!park<\/p>\n<p>Namen delavnice je pou\u010diti u\u010dence o posledicah podnebnih sprememb, ki so najbolj pogoste pri nas. Spoznati poplave in su\u0161e, dva nasprotujo\u010da si pojava, ki bosta v prihodnosti zaradi podnebnih sprememb vedno bolj pogosta in intenzivnej\u0161a. Seznanjanje z mo\u017enimi re\u0161itvami za bla\u017eenje in prilagajanje na ekstremne dogodke poplav in su\u0161e. Spoznati, da se lahko z ustreznim na\u010drtovanjem in oblikovanjem prostora ubla\u017ei posledice ekstremnih pojavov in zmanj\u0161a ali celo prepre\u010di nastalo \u0161kodo.<\/p>\n\n\t\t<\/div>\n\t<\/div>\n<div class=\"vc_empty_space\"   style=\"height: 32px\"><span class=\"vc_empty_space_inner\"><\/span><\/div><\/div><\/div><\/div><div class=\"wpb_column vc_column_container vc_col-sm-4\"><div class=\"vc_column-inner\"><div class=\"wpb_wrapper\"><div class=\"vc_btn3-container vc_btn3-inline vc_do_btn\" ><a class=\"vc_general vc_btn3 vc_btn3-size-md vc_btn3-shape-square vc_btn3-style-flat vc_btn3-color-info\" href=\"https:\/\/igrivarhitektura.org\/new\/wp-content\/uploads\/2023\/04\/Navodila_Poplave-Kdaj-je-voda-lahko-nevarna-final.pdf\" title=\"\">Navodila za izvedbo delavnice (PDF)<\/a><\/div><div class=\"vc_btn3-container vc_btn3-inline vc_do_btn\" ><a class=\"vc_general vc_btn3 vc_btn3-size-md vc_btn3-shape-square vc_btn3-style-flat vc_btn3-color-info\" href=\"https:\/\/www.youtube.com\/watch?v=Y7tmUiCXESQ&#038;list=PLSkYFmxVRK6vERA5GX9omELDPLnbEZPrR&#038;index=2\" title=\"\">Navodila za izvedbo delavnice (video)<\/a><\/div><\/div><\/div><\/div><\/div><div class=\"vc_separator wpb_content_element vc_separator_align_center vc_sep_width_100 vc_sep_pos_align_center vc_separator_no_text vc_sep_color_grey wpb_content_element  wpb_content_element\" ><span class=\"vc_sep_holder vc_sep_holder_l\"><span class=\"vc_sep_line\"><\/span><\/span><span class=\"vc_sep_holder vc_sep_holder_r\"><span class=\"vc_sep_line\"><\/span><\/span>\n<\/div><div class=\"vc_row wpb_row vc_inner vc_row-fluid\"><div class=\"wpb_column vc_column_container vc_col-sm-4\"><div class=\"vc_column-inner\"><div class=\"wpb_wrapper\"><div class=\"wpb_images_carousel wpb_content_element vc_clearfix wpb_content_element\"><div class=\"wpb_wrapper\"><div id=\"vc_images-carousel-2-1776605820\" data-ride=\"vc_carousel\" data-wrap=\"false\" style=\"width: 100%;\" data-interval=\"0\" data-auto-height=\"yes\" data-mode=\"horizontal\" data-partial=\"false\" data-per-view=\"1\" data-hide-on-end=\"true\" class=\"vc_slide vc_images_carousel\"><ol class=\"vc_carousel-indicators\"><li data-target=\"#vc_images-carousel-2-1776605820\" data-slide-to=\"0\"><\/li><li data-target=\"#vc_images-carousel-2-1776605820\" data-slide-to=\"1\"><\/li><li data-target=\"#vc_images-carousel-2-1776605820\" data-slide-to=\"2\"><\/li><li data-target=\"#vc_images-carousel-2-1776605820\" data-slide-to=\"3\"><\/li><\/ol><div class=\"vc_carousel-inner\"><div class=\"vc_carousel-slideline\"><div class=\"vc_carousel-slideline-inner\"><div class=\"vc_item\"><div class=\"vc_inner\"><a class=\"\" href=\"https:\/\/igrivarhitektura.org\/new\/wp-content\/uploads\/2023\/04\/18.jpg\" data-lightbox=\"lightbox[rel-4451-601237520]\"><img decoding=\"async\" width=\"600\" height=\"800\" src=\"https:\/\/igrivarhitektura.org\/new\/wp-content\/uploads\/2023\/04\/18.jpg\" class=\"attachment-full\" alt=\"\" title=\"18\" srcset=\"https:\/\/igrivarhitektura.org\/new\/wp-content\/uploads\/2023\/04\/18-9x12.jpg 9w, https:\/\/igrivarhitektura.org\/new\/wp-content\/uploads\/2023\/04\/18-200x267.jpg 200w, https:\/\/igrivarhitektura.org\/new\/wp-content\/uploads\/2023\/04\/18-225x300.jpg 225w, https:\/\/igrivarhitektura.org\/new\/wp-content\/uploads\/2023\/04\/18-300x400.jpg 300w, https:\/\/igrivarhitektura.org\/new\/wp-content\/uploads\/2023\/04\/18-400x533.jpg 400w, https:\/\/igrivarhitektura.org\/new\/wp-content\/uploads\/2023\/04\/18.jpg 600w\" sizes=\"(max-width: 600px) 100vw, 600px\" \/><\/a><\/div><\/div><div class=\"vc_item\"><div class=\"vc_inner\"><a class=\"\" href=\"https:\/\/igrivarhitektura.org\/new\/wp-content\/uploads\/2023\/04\/03.jpg\" data-lightbox=\"lightbox[rel-4451-601237520]\"><img decoding=\"async\" width=\"600\" height=\"800\" src=\"https:\/\/igrivarhitektura.org\/new\/wp-content\/uploads\/2023\/04\/03.jpg\" class=\"attachment-full\" alt=\"\" title=\"03\" srcset=\"https:\/\/igrivarhitektura.org\/new\/wp-content\/uploads\/2023\/04\/03-9x12.jpg 9w, https:\/\/igrivarhitektura.org\/new\/wp-content\/uploads\/2023\/04\/03-200x267.jpg 200w, https:\/\/igrivarhitektura.org\/new\/wp-content\/uploads\/2023\/04\/03-225x300.jpg 225w, https:\/\/igrivarhitektura.org\/new\/wp-content\/uploads\/2023\/04\/03-300x400.jpg 300w, https:\/\/igrivarhitektura.org\/new\/wp-content\/uploads\/2023\/04\/03-400x533.jpg 400w, https:\/\/igrivarhitektura.org\/new\/wp-content\/uploads\/2023\/04\/03.jpg 600w\" sizes=\"(max-width: 600px) 100vw, 600px\" \/><\/a><\/div><\/div><div class=\"vc_item\"><div class=\"vc_inner\"><a class=\"\" href=\"https:\/\/igrivarhitektura.org\/new\/wp-content\/uploads\/2023\/04\/02.jpg\" data-lightbox=\"lightbox[rel-4451-601237520]\"><img decoding=\"async\" width=\"600\" height=\"800\" src=\"https:\/\/igrivarhitektura.org\/new\/wp-content\/uploads\/2023\/04\/02.jpg\" class=\"attachment-full\" alt=\"\" title=\"02\" srcset=\"https:\/\/igrivarhitektura.org\/new\/wp-content\/uploads\/2023\/04\/02-9x12.jpg 9w, https:\/\/igrivarhitektura.org\/new\/wp-content\/uploads\/2023\/04\/02-200x267.jpg 200w, https:\/\/igrivarhitektura.org\/new\/wp-content\/uploads\/2023\/04\/02-225x300.jpg 225w, https:\/\/igrivarhitektura.org\/new\/wp-content\/uploads\/2023\/04\/02-300x400.jpg 300w, https:\/\/igrivarhitektura.org\/new\/wp-content\/uploads\/2023\/04\/02-400x533.jpg 400w, https:\/\/igrivarhitektura.org\/new\/wp-content\/uploads\/2023\/04\/02.jpg 600w\" sizes=\"(max-width: 600px) 100vw, 600px\" \/><\/a><\/div><\/div><div class=\"vc_item\"><div class=\"vc_inner\"><a class=\"\" href=\"https:\/\/igrivarhitektura.org\/new\/wp-content\/uploads\/2023\/04\/PXL_20221010_120836450.MP_.jpg\" data-lightbox=\"lightbox[rel-4451-601237520]\"><img decoding=\"async\" width=\"800\" height=\"600\" src=\"https:\/\/igrivarhitektura.org\/new\/wp-content\/uploads\/2023\/04\/PXL_20221010_120836450.MP_.jpg\" class=\"attachment-full\" alt=\"\" title=\"PXL_20221010_120836450.MP\" srcset=\"https:\/\/igrivarhitektura.org\/new\/wp-content\/uploads\/2023\/04\/PXL_20221010_120836450.MP_-16x12.jpg 16w, https:\/\/igrivarhitektura.org\/new\/wp-content\/uploads\/2023\/04\/PXL_20221010_120836450.MP_-200x150.jpg 200w, https:\/\/igrivarhitektura.org\/new\/wp-content\/uploads\/2023\/04\/PXL_20221010_120836450.MP_-300x225.jpg 300w, https:\/\/igrivarhitektura.org\/new\/wp-content\/uploads\/2023\/04\/PXL_20221010_120836450.MP_-400x300.jpg 400w, https:\/\/igrivarhitektura.org\/new\/wp-content\/uploads\/2023\/04\/PXL_20221010_120836450.MP_-600x450.jpg 600w, https:\/\/igrivarhitektura.org\/new\/wp-content\/uploads\/2023\/04\/PXL_20221010_120836450.MP_-768x576.jpg 768w, https:\/\/igrivarhitektura.org\/new\/wp-content\/uploads\/2023\/04\/PXL_20221010_120836450.MP_.jpg 800w\" sizes=\"(max-width: 800px) 100vw, 800px\" \/><\/a><\/div><\/div><\/div><\/div><\/div><a class=\"vc_left vc_carousel-control\" href=\"#vc_images-carousel-2-1776605820\" data-slide=\"prev\"><span class=\"icon-prev\"><\/span><\/a><a class=\"vc_right vc_carousel-control\" href=\"#vc_images-carousel-2-1776605820\" data-slide=\"next\"><span class=\"icon-next\"><\/span><\/a><\/div><\/div><\/div><\/div><\/div><\/div><div class=\"wpb_column vc_column_container vc_col-sm-8\"><div class=\"vc_column-inner\"><div class=\"wpb_wrapper\"><h2 style=\"text-align: left\" class=\"vc_custom_heading vc_do_custom_heading\" >3. delavnica: OGLJI\u010cNI ODTIS UPORABE PROSTORA?<\/h2>\n\t<div class=\"wpb_text_column wpb_content_element\" >\n\t\t<div class=\"wpb_wrapper\">\n\t\t\t<p>Delavnica za 4., 5. in 6. razred, 3 \u0161olske ure<\/p>\n<p>Pripravil: Center arhitekture Slovenije<\/p>\n<p>Seznanjenje z zasnovo stavbe in razmestitvijo prostorov v stavbi z upo\u0161tevanjem orientiranosti stavbe glede na smeri neba in vplivi okolja na bivanje. Seznanjenje s pomenom trajnostne gradnje.<\/p>\n\n\t\t<\/div>\n\t<\/div>\n<div class=\"vc_empty_space\"   style=\"height: 32px\"><span class=\"vc_empty_space_inner\"><\/span><\/div><div class=\"vc_btn3-container vc_btn3-inline vc_do_btn\" ><a class=\"vc_general vc_btn3 vc_btn3-size-md vc_btn3-shape-square vc_btn3-style-flat vc_btn3-color-info\" href=\"https:\/\/igrivarhitektura.org\/new\/wp-content\/uploads\/2023\/04\/Navodila_Ogljicni-odtis-uporabe-prostora.pdf\" title=\"\">Navodila za izvedbo delavnice (PDF)<\/a><\/div><div class=\"vc_empty_space\"   style=\"height: 5px\"><span class=\"vc_empty_space_inner\"><\/span><\/div><div class=\"vc_btn3-container vc_btn3-inline vc_do_btn\" ><a class=\"vc_general vc_btn3 vc_btn3-size-md vc_btn3-shape-square vc_btn3-style-flat vc_btn3-color-info\" href=\"https:\/\/www.youtube.com\/watch?v=0BRQZWrF4cQ&#038;list=PLSkYFmxVRK6vERA5GX9omELDPLnbEZPrR&#038;index=3\" title=\"\">Navodila za izvedbo delavnice (video)<\/a><\/div><\/div><\/div><\/div><\/div><div class=\"vc_separator wpb_content_element vc_separator_align_center vc_sep_width_100 vc_sep_pos_align_center vc_separator_no_text vc_sep_color_grey wpb_content_element  wpb_content_element\" ><span class=\"vc_sep_holder vc_sep_holder_l\"><span class=\"vc_sep_line\"><\/span><\/span><span class=\"vc_sep_holder vc_sep_holder_r\"><span class=\"vc_sep_line\"><\/span><\/span>\n<\/div><div class=\"vc_row wpb_row vc_inner vc_row-fluid\"><div class=\"wpb_column vc_column_container vc_col-sm-8\"><div class=\"vc_column-inner\"><div class=\"wpb_wrapper\"><h2 style=\"text-align: left\" class=\"vc_custom_heading vc_do_custom_heading\" >4. delavnica: KOLIKO PROSTORA POTREBUJEM?<\/h2>\n\t<div class=\"wpb_text_column wpb_content_element\" >\n\t\t<div class=\"wpb_wrapper\">\n\t\t\t<p>Delavnica za 4., 5. in 6. razred, 3 \u0161olske ure<\/p>\n<p>Pripravil: Center arhitekture Slovenije<\/p>\n<p>Kaj je prostor, kako oblikujemo in kako definiramo prostor? Kako bi opisali prostor? Kaj je veliko 1 m2? Mi in postelja, ali nam je postelja prav velika ali nam je prevelika? Kaj pomeni na\u010drtovati bivalno okolje? Kako vemo, koliko prostora potrebujemo? Ali imamo dovolj prostora?<\/p>\n\n\t\t<\/div>\n\t<\/div>\n<div class=\"vc_empty_space\"   style=\"height: 32px\"><span class=\"vc_empty_space_inner\"><\/span><\/div><\/div><\/div><\/div><div class=\"wpb_column vc_column_container vc_col-sm-4\"><div class=\"vc_column-inner\"><div class=\"wpb_wrapper\"><div class=\"vc_btn3-container vc_btn3-inline vc_do_btn\" ><a class=\"vc_general vc_btn3 vc_btn3-size-md vc_btn3-shape-square vc_btn3-style-flat vc_btn3-color-info\" href=\"https:\/\/igrivarhitektura.org\/new\/wp-content\/uploads\/2023\/04\/Navodila_za_delavnice-PP_koliko_prostora_potrebujem.pdf\" title=\"\">Navodila za izvedbo delavnice (PDF)<\/a><\/div><div class=\"vc_btn3-container vc_btn3-inline vc_do_btn\" ><a class=\"vc_general vc_btn3 vc_btn3-size-md vc_btn3-shape-square vc_btn3-style-flat vc_btn3-color-info\" href=\"https:\/\/www.youtube.com\/watch?v=eECwJsVDjH0&#038;list=PLSkYFmxVRK6vERA5GX9omELDPLnbEZPrR&#038;index=4\" title=\"\">Navodila za izvedbo delavnice (video)<\/a><\/div><\/div><\/div><\/div><\/div><\/div><\/div><\/div><\/div>\n<\/div>","protected":false},"excerpt":{"rendered":"PROSTOR ZA SPREMEMBE - IZOBRA\u017dEVALNI MODEL ZA OSNOVNO\u0160OLCE O TRAJNOSTNEM UREJANJU PROSTORA Projekt je del Podnebnih akcij Podnebnega programa Mre\u017ee za prostor, ki ga sofinancirata Eko sklad in Ministrstvo za okolje in prostor iz Sklada za podnebne spremembe. Predstavljajmo si prostor v prihodnosti. Se zavedamo, da ga danes urejamo za naslednja desetletja? Problem urejanja prostora","protected":false},"author":1,"featured_media":0,"parent":21,"menu_order":0,"comment_status":"closed","ping_status":"closed","template":"","meta":{"pgc_meta":"","iawp_total_views":28,"footnotes":""},"class_list":["post-4451","page","type-page","status-publish","hentry"],"pgc_meta":"","_links":{"self":[{"href":"http:\/\/igrivarhitektura.org\/en\/wp-json\/wp\/v2\/pages\/4451","targetHints":{"allow":["GET"]}}],"collection":[{"href":"http:\/\/igrivarhitektura.org\/en\/wp-json\/wp\/v2\/pages"}],"about":[{"href":"http:\/\/igrivarhitektura.org\/en\/wp-json\/wp\/v2\/types\/page"}],"author":[{"embeddable":true,"href":"http:\/\/igrivarhitektura.org\/en\/wp-json\/wp\/v2\/users\/1"}],"replies":[{"embeddable":true,"href":"http:\/\/igrivarhitektura.org\/en\/wp-json\/wp\/v2\/comments?post=4451"}],"version-history":[{"count":19,"href":"http:\/\/igrivarhitektura.org\/en\/wp-json\/wp\/v2\/pages\/4451\/revisions"}],"predecessor-version":[{"id":4487,"href":"http:\/\/igrivarhitektura.org\/en\/wp-json\/wp\/v2\/pages\/4451\/revisions\/4487"}],"up":[{"embeddable":true,"href":"http:\/\/igrivarhitektura.org\/en\/wp-json\/wp\/v2\/pages\/21"}],"wp:attachment":[{"href":"http:\/\/igrivarhitektura.org\/en\/wp-json\/wp\/v2\/media?parent=4451"}],"curies":[{"name":"wp","href":"https:\/\/api.w.org\/{rel}","templated":true}]}}