{"id":862,"date":"2017-05-21T08:42:12","date_gmt":"2017-05-21T07:42:12","guid":{"rendered":"http:\/\/igrivarhitektura.org\/?page_id=862"},"modified":"2022-01-25T14:28:28","modified_gmt":"2022-01-25T13:28:28","slug":"priporocena-literatura-viri","status":"publish","type":"page","link":"http:\/\/igrivarhitektura.org\/en\/priporocena-literatura-viri\/","title":{"rendered":"Recommended readings"},"content":{"rendered":"<div class=\"wpb-content-wrapper\"><div class=\"vc_row wpb_row vc_row-fluid\"><div class=\"wpb_column vc_column_container vc_col-sm-8\"><div class=\"vc_column-inner\"><div class=\"wpb_wrapper\"><h1 style=\"text-align: left\" class=\"vc_custom_heading vc_do_custom_heading\" >Recommended readings<\/h1><\/div><\/div><\/div><div class=\"wpb_column vc_column_container vc_col-sm-4\"><div class=\"vc_column-inner\"><div class=\"wpb_wrapper\"><\/div><\/div><\/div><\/div><div class=\"vc_row wpb_row vc_row-fluid\"><div class=\"wpb_column vc_column_container vc_col-sm-8\"><div class=\"vc_column-inner\"><div class=\"wpb_wrapper\">\n\t<div class=\"wpb_text_column wpb_content_element\" >\n\t\t<div class=\"wpb_wrapper\">\n\t\t\t<p><strong>General references<\/strong><\/p>\n<ul>\n<li>Bucik, N., Po\u017ear Matja\u0161i\u010d, N. in Pirc, V. (2011). Kulturno-umetnostna vzgoja: priro\u010dnik s primeri dobre prakse iz vrtcev, osnovnih in srednjih \u0161ol. Ljubljana: Zavod RS za \u0161olstvo in Ministrstvo za \u0161olstvo in \u0161port.<\/li>\n<li>Ching, F. D. K. (2007). Architecture: Form, Space and Order. New York: Van Nostrand Reinhold.<\/li>\n<li>Education for Sustainable Development. Dostopno na\u00a0<a href=\"http:\/\/www.unesco.org\/new\/en\/education\/themes\/leading-the-international-agenda\/education-for-sustainable-development\/educationfor-sustainable-development\/\">povezavi<\/a> (pridobljeno 11. 8. 2013).<\/li>\n<li>Ivani\u010d, M. in Kuhar, \u0160. (2008). Sodobna arhitektura \u0161ol v Sloveniji 1991\u20132007. Wien New York: Springer.<\/li>\n<li>Klemenc, A. idr. (2010). Razmi\u0161ljamo in delujemo trajnostno: priro\u010dnik za vklju\u010devanje vsebin trajnostnega razvoja v izobra\u017eevanje. Ljubljana: Center RS za poklicno izobra\u017eevanje. Dostopno na\u00a0<a href=\"http:\/\/www.cpi.si\/mednarodno-sodelovanje\/ess\/kakovost-in-prepoznavnost\/zakladnica-znanja\/trajnostni-razvoj.aspx\">povezavi<\/a>.<\/li>\n<li>Lamov\u0161ek, Z. A. in Fikfak, A. (2010). Urejanje prostora: vaje za sodelovanje v trajnostnem prostorskem razvoju. Ljubljana: In\u0161titut za politike prostora.<\/li>\n<li>Playce (2012). Arhitekturni detektiv, raziskuj, opazuj, za\u010duti, prisluhni!. Didakta: Radovljica.<\/li>\n<li>Prosen, A. idr. (2005). Terminolo\u0161ki slovar urejanja prostora. Ljubljana: UL Fakulteta za gradbeni\u0161tvo in geodezijo \u2013 Katedra za prostorsko planiranje; Znanstvenoraziskovalni center Slovenske akademije znanosti in umetnosti; Novo mesto : ACER \u2013 Prostorsko na\u010drtovanje, projektiranje in varstvo okolja.<\/li>\n<li>Salvadori, M. in Heller, R. (1979). Konstrukcije v arhitekturi. Ljubljana: Dr\u017eavna zalo\u017eba Slovenije.<\/li>\n<li>Siemensove raziskave trajnostne urbane infrastrukture. Dostopno na\u00a0<a href=\"https:\/\/www.cee.siemens.com\/web\/si\/sl\/corporate\/portal\/raziskave\/Pages\/raziskave.aspx\">povezavi<\/a> (pridobljeno 16. 8. 2013).<\/li>\n<li>\u0160ola in trajnostna arhitektura. Mednarodna konferenca. (2006). Dostopno na:\u00a0<a href=\"http:\/\/www.mizs.gov.si\/si\/delovna_podrocja\/sluzba_za_mednarodno_sodelovanje_in_evropske_zadeve\/arhiv\/konferenca_oecd\/\">povezavi<\/a><\/li>\n<\/ul>\n<p><strong>On the history of architecture<\/strong><\/p>\n<ul>\n<li>\u010celik, M. (2007). New Architecture in Slovenia. Wien, New York : Springer.<\/li>\n<li>Hrausky, A. in Ivani\u010d, M. (2010). Contemporary Architecture in Slovenia. Ljubljana: Dessa.<\/li>\n<li>Hrausky, A. in Ko\u017eelj, J. (2002). Arhitekturni vodnik po Ljubljani: 100 izbranih zgradb. Ljubljana: Zalo\u017eba Rokus.<\/li>\n<li>Koch, W. (1999). Umetnost stavbarstva: veliko standardno delo o evropskem stavbarstvu od antike do danes. Ljubljana: Mladinska knjiga.<\/li>\n<li>Kostof, S. (2010). A History of Architecture: settings and rituals. New York, Oxford: Oxford University Press.<\/li>\n<li>Marinko, J. (1997). Anti\u010dna arhitektura. Ljubljana: Dru\u017eina.<\/li>\n<li>Mu\u0161i\u010d, M. (1965\u20131968). Veliki arhitekti. Maribor: Obzorja.<\/li>\n<li>Paxmann, C. in Ibelings, A. (2012). Architecture: From Mud Huts to Skyscrapers. M\u00fcnchen, London, New York: Prestel Verlag.<\/li>\n<li>Roeder, A. (2009). 13 Buildings Children Should Know. London: Prestel Publishing.<\/li>\n<li>Zevi, B. (1959). Pogledi na arhitekturo. Ljubljana: Cankarjeva zalo\u017eba in Ljudska pravica.<\/li>\n<li>Igriva arhitektura \u2013 priroc\u030cnik za izobra\u017eevanje o grajenem prostoru<\/li>\n<\/ul>\n\n\t\t<\/div>\n\t<\/div>\n\n\t<div class=\"wpb_text_column wpb_content_element\" >\n\t\t<div class=\"wpb_wrapper\">\n\t\t\t<p><strong>Readings for children and young people<\/strong><\/p>\n<p><strong>For children up to 5 years old<\/strong><\/p>\n<ul>\n<li>Beaty, A. (2010). Igi \u0160pic, arhitekt. Ljubljana: Zalo\u017eba Rokus Klett.<\/li>\n<li>Bussolati, E. (1998). V mestu. Tr\u017ei\u010d: U\u010dila.<\/li>\n<li>Cousins, L. (2002). Minkina hi\u0161a: postavljanka in igralna knjiga. Ljubljana: Mladinska knjiga.<\/li>\n<li>Donaldson, J. (2011). Hi\u0161ka, majhna kot mi\u0161ka. Ljubljana: Mladinska knjiga.<\/li>\n<li>Kova\u010di\u010d, L. (1974). Mo\u017ei\u010dek med dimniki. Ljubljana: Mladinska knjiga.<\/li>\n<li>Musil, M. (2011). Mala arhitekta. Nova Gorica: Educa.<\/li>\n<li>Osojnik, M. (2001). Hi\u0161a, ki bi rada imela sonce. Ljubljana: Mladinska knjiga.<\/li>\n<li>Peroci, E. (2012). Hi\u0161ica iz kock. Ljubljana: Mladinska knjiga.<\/li>\n<li>Peroci, E. (1973). Stara hi\u0161a \u0161t. 3. Ljubljana: Mladinska knjiga.<\/li>\n<li>Sokolov, C. (2004). Rde\u010da hi\u0161a. Ljubljana: Mladinska knjiga.<\/li>\n<li>\u0160tefan, A. (2009). I\u0161\u010demo hi\u0161ico. Ljubljana: Mladinska knjiga.<\/li>\n<li>Trije pra\u0161i\u010dki. (2009). Ljubljana: Mladinska knjiga.<\/li>\n<li>Winters, P. (2011). Gradimo hi\u0161o. Murska Sobota: Pomurska zalo\u017eba.<\/li>\n<li>Zajc, D. (2002). Lete\u010da hi\u0161ica. Ljubljana: Mladinska knjiga.<\/li>\n<\/ul>\n<p><strong>For children from 5 to 9 years old<\/strong><\/p>\n<ul>\n<li>Beaumont, \u00c9. (2003). Podobe umetnosti. Ljubljana: Otro\u0161ka knjiga Oka.<\/li>\n<li>Caselli, G. (1989). \u010cuda sveta. Ljubljana: Domus: Mladinska knjiga.<\/li>\n<li>Deu, \u017d. in Kolenc, B. (2010). Kje pa ti \u017eivi\u0161?. Ljubljana: Zalo\u017eba Rokus Klett.<\/li>\n<li>Golluch, N. (2010). Jaz \u017eivim tako, kako pa ti?. Radovljica: Didakta.<\/li>\n<li>Grafenauer, N. (1980). Neboti\u010dniki, sedite. Ljubljana: Mladinska knjiga.<\/li>\n<li>Grimshaw, C. (1996). Zgradbe. Ljubljana: Modrijan.<\/li>\n<li>Kirkwood, J. (1998). Velikanske zgradbe. Tr\u017ei\u010d: U\u010dila.<\/li>\n<li>Mantegazza, G. (2007). Hi\u0161a. Tr\u017ei\u010d: U\u010dila International.<\/li>\n<li>Millard, A. (1996). Najlep\u0161a knjiga o piramidah. Tr\u017ei\u010d: U\u010dila.<\/li>\n<li>Pollard, M. (1997). Neverjetne zgradbe. Tr\u017ei\u010d: U\u010dila.<\/li>\n<li>Simon, P. in Bouet, M.-L. (2002). Podobe mest. Ljubljana: Otro\u0161ka knjiga Oka.<\/li>\n<li>Steele, P. (1996). Najlep\u0161a knjiga o gradovih. Tr\u017ei\u010d: U\u010dila.<\/li>\n<\/ul>\n<p><strong>For children and young people from 9 to 18 years old<\/strong><\/p>\n<ul>\n<li>Lamprell, K. (2012). \u0160tirje naslovi iz zbirke Ni za star\u0161e \u2013 London, New York, Pariz in Rim. Ljubljana: Mladinska knjiga.<\/li>\n<li>Playce (2012). Arhitekturni detektiv, raziskuj, opazuj, za\u010duti, prisluhni!. Didakta: Radovljica.<\/li>\n<li>\u0160mid, A. (2010). Arhitekturni pojmovnik za mlade. Zalo\u017eba Aristej.<\/li>\n<li>Vojskovi\u010d, M. (1988). Hi\u0161a \u0161t. 15. Ljubljana: Mladinska knjiga.<\/li>\n<li>Zajc, D. (1990). Hi\u0161a. Ljubljana: Domus.<\/li>\n<li>Zajc, D. (2004). Hi\u0161a sanja: izbrane pesmi za otroke. Ljubljana: Mladinska knjiga<\/li>\n<\/ul>\n\n\t\t<\/div>\n\t<\/div>\n\n\t<div class=\"wpb_text_column wpb_content_element\" >\n\t\t<div class=\"wpb_wrapper\">\n\t\t\t<p><strong>References used<\/strong><\/p>\n<ul>\n<li>Architecture and Design for Children and Youth. (2011 ). Copenhagen: The Network for Children and Culture. Dostopno na\u00a0<a href=\"http:\/\/www.boernekultur.dk\/fileadmin\/user_upload\/billeder_og_pdf\/Publikationer\/2011\/Architecture_and_Design_for_Children_and_Youth.pdf\">povezavi<\/a> (pridobljeno 1. 7. 2013).<\/li>\n<li>architecture.now. Norwegian Architectural Policy. (2009), Oslo: The Ministry of Culture and Church Affairs. Dostopno na\u00a0<a href=\"http:\/\/www.regjeringen.no\/upload\/KKD\/Kultur\/Rapporter%20og%20utredninger\/KKD_architecture.now.pdf\">povezavi<\/a> (pridobljeno 1. 7. 2013).<\/li>\n<li>Bucik, N., Po\u017ear Matja\u0161i\u010d, N. in Pirc, V. (2011). Kulturno-umetnostna vzgoja: priro\u010dnik s primeri dobre prakse iz vrtcev, osnovnih in srednjih \u0161ol. Ljubljana: Zavod RS za \u0161olstvo in Ministrstvo za \u0161olstvo in \u0161port.<\/li>\n<li>Dra\u0161ler, A. (2008). O krajini z risbo. Ljubljana: Biotehni\u0161ka fakulteta, Arhitekturni muzej.<\/li>\n<li>The Finnish Architectural Policy (1999). Arts Council of Finland and Ministry of Education. Dostopno na\u00a0<a href=\"http:\/\/www.apoli.fi\/\">http:\/\/www.apoli.fi\/<\/a>\u00a0(pridobljeno 1. 7. 2013).<\/li>\n<li>Hrovatin, J. idr. (2010). Niko Kralj. Ljubljana: Visoka \u0161ola za dizajn: Politron.<\/li>\n<li>Ivani\u010d, M. in Kuhar, \u0160. (2008). Sodobna arhitektura \u0161ol v Sloveniji 1991\u20132007. Wien New York: Springer.<\/li>\n<li>Lamov\u0161ek, Z. A. in Fikfak, A. (2010). Urejanje prostora: vaje za sodelovanje v trajnostnem prostorskem razvoju. Ljubljana: In\u0161titut za politike prostora.<\/li>\n<li>Maljevac, T. (2004). Urejanje odprtega prostora osnovnih \u0161ol glede na u\u010dne na\u010drte devetletke: diplomsko delo. Ljubljana: Biotehni\u0161ka fakulteta, Oddelek za krajinsko arhitekturo.<\/li>\n<li>National Spatial Strategy Creating space for development, Ministerie van Volkshuisvesting, Netherland. (2010). Dostopno na\u00a0<a href=\"http:\/\/www.rijksoverheid.nl\/\">www.rijksoverheid.nl<\/a>\u00a0(pridobljeno 1. 7. 2013).<\/li>\n<li>An Open House Resource: Architectural Exploration. (2009). London: Open House.<\/li>\n<li>\u00d6sterreichischer Baukultur Report 2011 (2011). Wien: Bundeskanzleramt \u00d6sterreich. Dostopno na\u00a0<a href=\"http:\/\/www.baukulturreport.at\/\">http:\/\/www.baukulturreport.at\/<\/a>\u00a0(pridobljeno 1. 7. 2013).<\/li>\n<li>Play as a context for Early Learning and Development (2007). Dublin: National Council for Curriculum and Assessment, NCCA. Dostopno na\u00a0<a href=\"http:\/\/www.ncca.ie\/en\/Curriculum_and_Assessment\/Early_Childhood_and_Primary_Education\/Early_Childhood_Education\/How_Aistear_was_developed\/Research_Papers\/Play_paper.pdf\">povezavi<\/a> (pridobljeno 1. 7. 2013).<\/li>\n<li>Playce (2012). Arhitekturni detektiv, raziskuj, opazuj, za\u010duti, prisluhni!. Didakta: Radovljica.<\/li>\n<li>Play+Space, Architecture Education for Children and Young People (2006 ). Helsinki: Alvar Aalto Academy, Arts Council of Helsinki Metropolitan Region. Dostopno na\u00a0<a href=\"http:\/\/www.playce.org\/index.php?page=art-pro\">povezavi<\/a> (pridobljeno 1. 6. 2013).<\/li>\n<li>Prosen, A. idr. (2005). Terminolo\u0161ki slovar urejanja prostora. Ljubljana: UL Fakulteta za gradbeni\u0161tvo in geodezijo \u2013 Katedra za prostorsko planiranje; Znanstvenoraziskovalni center Slovenske akademije znanosti in umetnosti; Novo mesto: ACER \u2013 Prostorsko na\u010drtovanje, projektiranje in varstvo okolja.<\/li>\n<li>Rozman, V. (2001). Snovanje pohi\u0161tva. Ljubljana: Zveza lesarjev Slovenije, Lesarska zalo\u017eba.<\/li>\n<li>Salvadori, M. in Heller, R. (1979). Konstrukcije v arhitekturi. Ljubljana: Dr\u017eavna zalo\u017eba Slovenije.<\/li>\n<li>Shaping Space (1997). The Royal Institute of the Architects of Ireland. Dostopno na\u00a0<a href=\"http:\/\/riai.ie\/education\/architecture_young_people\/shaping_space\/\">povezavi<\/a>\u00a0(pridobljeno 1. 7. 2013).<\/li>\n<\/ul>\n\n\t\t<\/div>\n\t<\/div>\n<\/div><\/div><\/div><div class=\"wpb_column vc_column_container vc_col-sm-4\"><div class=\"vc_column-inner\"><div class=\"wpb_wrapper\">\n\t<div  class=\"wpb_single_image wpb_content_element vc_align_left wpb_content_element\">\n\t\t\n\t\t<figure class=\"wpb_wrapper vc_figure\">\n\t\t\t<a href=\"http:\/\/igrivarhitektura.org\/new\/wp-content\/uploads\/2017\/04\/Prirocnik-Igriva-arhitektura.pdf\" target=\"_self\" class=\"vc_single_image-wrapper   vc_box_border_grey\"><img decoding=\"async\" width=\"976\" height=\"976\" src=\"https:\/\/igrivarhitektura.org\/new\/wp-content\/uploads\/2017\/04\/prirocnik_igriva_arhitektura.jpg\" class=\"vc_single_image-img attachment-full\" alt=\"\" title=\"prirocnik_igriva_arhitektura\" srcset=\"https:\/\/igrivarhitektura.org\/new\/wp-content\/uploads\/2017\/04\/prirocnik_igriva_arhitektura-66x66.jpg 66w, https:\/\/igrivarhitektura.org\/new\/wp-content\/uploads\/2017\/04\/prirocnik_igriva_arhitektura-150x150.jpg 150w, https:\/\/igrivarhitektura.org\/new\/wp-content\/uploads\/2017\/04\/prirocnik_igriva_arhitektura-200x200.jpg 200w, https:\/\/igrivarhitektura.org\/new\/wp-content\/uploads\/2017\/04\/prirocnik_igriva_arhitektura-300x300.jpg 300w, https:\/\/igrivarhitektura.org\/new\/wp-content\/uploads\/2017\/04\/prirocnik_igriva_arhitektura-400x400.jpg 400w, https:\/\/igrivarhitektura.org\/new\/wp-content\/uploads\/2017\/04\/prirocnik_igriva_arhitektura-600x600.jpg 600w, https:\/\/igrivarhitektura.org\/new\/wp-content\/uploads\/2017\/04\/prirocnik_igriva_arhitektura-768x768.jpg 768w, https:\/\/igrivarhitektura.org\/new\/wp-content\/uploads\/2017\/04\/prirocnik_igriva_arhitektura-800x800.jpg 800w, https:\/\/igrivarhitektura.org\/new\/wp-content\/uploads\/2017\/04\/prirocnik_igriva_arhitektura.jpg 976w\" sizes=\"(max-width: 976px) 100vw, 976px\" \/><\/a>\n\t\t<\/figure>\n\t<\/div>\n<div class=\"vc_btn3-container vc_btn3-inline vc_do_btn\" ><a class=\"vc_general vc_btn3 vc_btn3-size-md vc_btn3-shape-square vc_btn3-style-flat vc_btn3-icon-left vc_btn3-color-danger\" href=\"http:\/\/igrivarhitektura.org\/new\/wp-content\/uploads\/2017\/04\/Prirocnik-Igriva-arhitektura.pdf\" title=\"\"><i class=\"vc_btn3-icon fas fa-download\"><\/i> Prenesite si Priro\u010dnik Igriva arhitektura<\/a><\/div>\n\t<div  class=\"wpb_single_image wpb_content_element vc_align_left wpb_content_element\">\n\t\t\n\t\t<figure class=\"wpb_wrapper vc_figure\">\n\t\t\t<a href=\"http:\/\/igrivarhitektura.org\/new\/wp-content\/uploads\/2019\/04\/2019_PRIROCNIK_MATERIAL-ROKA-IZKUSNJA_xs_cel.pdf\" target=\"_self\" class=\"vc_single_image-wrapper   vc_box_border_grey\"><img decoding=\"async\" width=\"1501\" height=\"1220\" src=\"https:\/\/igrivarhitektura.org\/new\/wp-content\/uploads\/2019\/04\/prirocnik_MATERIALROKAIZKUSNJA_naslovnica_MINI_2.jpg\" class=\"vc_single_image-img attachment-full\" alt=\"\" title=\"prirocnik_MATERIAL+ROKA=IZKUSNJA_naslovnica_MINI_2\" srcset=\"https:\/\/igrivarhitektura.org\/new\/wp-content\/uploads\/2019\/04\/prirocnik_MATERIALROKAIZKUSNJA_naslovnica_MINI_2-200x163.jpg 200w, https:\/\/igrivarhitektura.org\/new\/wp-content\/uploads\/2019\/04\/prirocnik_MATERIALROKAIZKUSNJA_naslovnica_MINI_2-300x244.jpg 300w, https:\/\/igrivarhitektura.org\/new\/wp-content\/uploads\/2019\/04\/prirocnik_MATERIALROKAIZKUSNJA_naslovnica_MINI_2-400x325.jpg 400w, https:\/\/igrivarhitektura.org\/new\/wp-content\/uploads\/2019\/04\/prirocnik_MATERIALROKAIZKUSNJA_naslovnica_MINI_2-600x488.jpg 600w, https:\/\/igrivarhitektura.org\/new\/wp-content\/uploads\/2019\/04\/prirocnik_MATERIALROKAIZKUSNJA_naslovnica_MINI_2-768x624.jpg 768w, https:\/\/igrivarhitektura.org\/new\/wp-content\/uploads\/2019\/04\/prirocnik_MATERIALROKAIZKUSNJA_naslovnica_MINI_2-800x650.jpg 800w, https:\/\/igrivarhitektura.org\/new\/wp-content\/uploads\/2019\/04\/prirocnik_MATERIALROKAIZKUSNJA_naslovnica_MINI_2-1024x832.jpg 1024w, https:\/\/igrivarhitektura.org\/new\/wp-content\/uploads\/2019\/04\/prirocnik_MATERIALROKAIZKUSNJA_naslovnica_MINI_2-1200x975.jpg 1200w, https:\/\/igrivarhitektura.org\/new\/wp-content\/uploads\/2019\/04\/prirocnik_MATERIALROKAIZKUSNJA_naslovnica_MINI_2.jpg 1501w\" sizes=\"(max-width: 1501px) 100vw, 1501px\" \/><\/a>\n\t\t<\/figure>\n\t<\/div>\n<div class=\"vc_btn3-container vc_btn3-inline vc_do_btn\" ><a class=\"vc_general vc_btn3 vc_btn3-size-md vc_btn3-shape-square vc_btn3-style-flat vc_btn3-icon-left vc_btn3-color-danger\" href=\"http:\/\/igrivarhitektura.org\/new\/wp-content\/uploads\/2019\/04\/2019_PRIROCNIK_MATERIAL-ROKA-IZKUSNJA_xs_cel.pdf\" title=\"\"><i class=\"vc_btn3-icon fas fa-download\"><\/i> Prenesite si priro\u010dnik MATERIAL+ROKA=IZKU\u0160NJA<\/a><\/div>\n\t<div  class=\"wpb_single_image wpb_content_element vc_align_left wpb_content_element\">\n\t\t\n\t\t<figure class=\"wpb_wrapper vc_figure\">\n\t\t\t<a href=\"http:\/\/igrivarhitektura.org\/new\/wp-content\/uploads\/2020\/10\/2020_PRIROCNIK-PO-POTEH-LESA-V-ARHITEKTURI.pdf\" target=\"_self\" class=\"vc_single_image-wrapper   vc_box_border_grey\"><img decoding=\"async\" width=\"1501\" height=\"1220\" src=\"https:\/\/igrivarhitektura.org\/new\/wp-content\/uploads\/2020\/10\/2020_PRIROCNIK-PO-POTEH-LESA-V-ARHITEKTURI_naslovnica_web.jpg\" class=\"vc_single_image-img attachment-full\" alt=\"\" title=\"2020_PRIROCNIK PO POTEH LESA V ARHITEKTURI_naslovnica_web\" srcset=\"https:\/\/igrivarhitektura.org\/new\/wp-content\/uploads\/2020\/10\/2020_PRIROCNIK-PO-POTEH-LESA-V-ARHITEKTURI_naslovnica_web-200x163.jpg 200w, https:\/\/igrivarhitektura.org\/new\/wp-content\/uploads\/2020\/10\/2020_PRIROCNIK-PO-POTEH-LESA-V-ARHITEKTURI_naslovnica_web-300x244.jpg 300w, https:\/\/igrivarhitektura.org\/new\/wp-content\/uploads\/2020\/10\/2020_PRIROCNIK-PO-POTEH-LESA-V-ARHITEKTURI_naslovnica_web-400x325.jpg 400w, https:\/\/igrivarhitektura.org\/new\/wp-content\/uploads\/2020\/10\/2020_PRIROCNIK-PO-POTEH-LESA-V-ARHITEKTURI_naslovnica_web-600x488.jpg 600w, https:\/\/igrivarhitektura.org\/new\/wp-content\/uploads\/2020\/10\/2020_PRIROCNIK-PO-POTEH-LESA-V-ARHITEKTURI_naslovnica_web-768x624.jpg 768w, https:\/\/igrivarhitektura.org\/new\/wp-content\/uploads\/2020\/10\/2020_PRIROCNIK-PO-POTEH-LESA-V-ARHITEKTURI_naslovnica_web-800x650.jpg 800w, https:\/\/igrivarhitektura.org\/new\/wp-content\/uploads\/2020\/10\/2020_PRIROCNIK-PO-POTEH-LESA-V-ARHITEKTURI_naslovnica_web-1024x832.jpg 1024w, https:\/\/igrivarhitektura.org\/new\/wp-content\/uploads\/2020\/10\/2020_PRIROCNIK-PO-POTEH-LESA-V-ARHITEKTURI_naslovnica_web-1200x975.jpg 1200w, https:\/\/igrivarhitektura.org\/new\/wp-content\/uploads\/2020\/10\/2020_PRIROCNIK-PO-POTEH-LESA-V-ARHITEKTURI_naslovnica_web.jpg 1501w\" sizes=\"(max-width: 1501px) 100vw, 1501px\" \/><\/a>\n\t\t<\/figure>\n\t<\/div>\n<div class=\"vc_btn3-container vc_btn3-inline vc_do_btn\" ><a class=\"vc_general vc_btn3 vc_btn3-size-md vc_btn3-shape-square vc_btn3-style-flat vc_btn3-icon-left vc_btn3-color-danger\" href=\"http:\/\/igrivarhitektura.org\/new\/wp-content\/uploads\/2020\/10\/2020_PRIROCNIK-PO-POTEH-LESA-V-ARHITEKTURI.pdf\" title=\"\"><i class=\"vc_btn3-icon fas fa-download\"><\/i> Download learning guide PATHS OF WOOD IN ARCHITECTURE<\/a><\/div>\n\t<div  class=\"wpb_single_image wpb_content_element vc_align_left wpb_content_element\">\n\t\t\n\t\t<figure class=\"wpb_wrapper vc_figure\">\n\t\t\t<a href=\"https:\/\/igrivarhitektura.org\/new\/wp-content\/uploads\/2022\/01\/2022_PRIROCNIK_KREATIVNOST_ODGOVORNOST_PRIHODNOST_web.pdf\" target=\"_self\" class=\"vc_single_image-wrapper   vc_box_border_grey\"><img decoding=\"async\" width=\"1501\" height=\"1220\" src=\"https:\/\/igrivarhitektura.org\/new\/wp-content\/uploads\/2022\/01\/naslovnica-KREATIVNOST-ODGOVORNOST-PRIHODNOST_web.jpg\" class=\"vc_single_image-img attachment-full\" alt=\"\" title=\"naslovnica-KREATIVNOST-ODGOVORNOST-PRIHODNOST_web\" srcset=\"https:\/\/igrivarhitektura.org\/new\/wp-content\/uploads\/2022\/01\/naslovnica-KREATIVNOST-ODGOVORNOST-PRIHODNOST_web-15x12.jpg 15w, https:\/\/igrivarhitektura.org\/new\/wp-content\/uploads\/2022\/01\/naslovnica-KREATIVNOST-ODGOVORNOST-PRIHODNOST_web-200x163.jpg 200w, https:\/\/igrivarhitektura.org\/new\/wp-content\/uploads\/2022\/01\/naslovnica-KREATIVNOST-ODGOVORNOST-PRIHODNOST_web-300x244.jpg 300w, https:\/\/igrivarhitektura.org\/new\/wp-content\/uploads\/2022\/01\/naslovnica-KREATIVNOST-ODGOVORNOST-PRIHODNOST_web-400x325.jpg 400w, https:\/\/igrivarhitektura.org\/new\/wp-content\/uploads\/2022\/01\/naslovnica-KREATIVNOST-ODGOVORNOST-PRIHODNOST_web-600x488.jpg 600w, https:\/\/igrivarhitektura.org\/new\/wp-content\/uploads\/2022\/01\/naslovnica-KREATIVNOST-ODGOVORNOST-PRIHODNOST_web-768x624.jpg 768w, https:\/\/igrivarhitektura.org\/new\/wp-content\/uploads\/2022\/01\/naslovnica-KREATIVNOST-ODGOVORNOST-PRIHODNOST_web-800x650.jpg 800w, https:\/\/igrivarhitektura.org\/new\/wp-content\/uploads\/2022\/01\/naslovnica-KREATIVNOST-ODGOVORNOST-PRIHODNOST_web-1024x832.jpg 1024w, https:\/\/igrivarhitektura.org\/new\/wp-content\/uploads\/2022\/01\/naslovnica-KREATIVNOST-ODGOVORNOST-PRIHODNOST_web-1200x975.jpg 1200w, https:\/\/igrivarhitektura.org\/new\/wp-content\/uploads\/2022\/01\/naslovnica-KREATIVNOST-ODGOVORNOST-PRIHODNOST_web.jpg 1501w\" sizes=\"(max-width: 1501px) 100vw, 1501px\" \/><\/a>\n\t\t<\/figure>\n\t<\/div>\n<div class=\"vc_btn3-container vc_btn3-inline vc_do_btn\" ><a class=\"vc_general vc_btn3 vc_btn3-size-md vc_btn3-shape-square vc_btn3-style-flat vc_btn3-icon-left vc_btn3-color-danger\" href=\"https:\/\/igrivarhitektura.org\/new\/wp-content\/uploads\/2022\/01\/2022_PRIROCNIK_KREATIVNOST_ODGOVORNOST_PRIHODNOST_web.pdf\" title=\"\"><i class=\"vc_btn3-icon fas fa-download\"><\/i> Prenesite si priro\u010dnik KREATIVNOST + ODGOVORNOST = PRIHODNOST<\/a><\/div><div class=\"vc_empty_space\"   style=\"height: 20px\"><span class=\"vc_empty_space_inner\"><\/span><\/div>\n\t<div class=\"wpb_text_column wpb_content_element\" >\n\t\t<div class=\"wpb_wrapper\">\n\t\t\t<p><strong>Spletne strani z naborom kakovostnih prostorov in arhitekture<\/strong><\/p>\n<p>V slovenskem jeziku:<\/p>\n<ul>\n<li><a href=\"http:\/\/www.odprtehiseslovenije.org\/\">www.odprtehiseslovenije.org<\/a><\/li>\n<li><a href=\"http:\/\/www.evidenca.org\/\">www.evidenca.org<\/a><\/li>\n<li><a href=\"http:\/\/www.arhitekturni-vodnik.org\/\">www.arhitekturni-vodnik.org<\/a><\/li>\n<\/ul>\n<p>V tujih jezikih:<\/p>\n<ul>\n<li><a href=\"http:\/\/www.archdaily.com\/\">www.archdaily.com<\/a><\/li>\n<li><a href=\"http:\/\/www.architizer.com\/\">www.architizer.com<\/a><\/li>\n<li><a href=\"http:\/\/www.dezeen.com\/\">www.dezeen.com<\/a><\/li>\n<li><a href=\"http:\/\/www.landezine.com\/\">www.landezine.com<\/a><\/li>\n<li><a href=\"http:\/\/www.miesarch.com\/\">www.miesarch.com<\/a><\/li>\n<li><a href=\"http:\/\/www.mimoa.eu\/\">www.mimoa.eu<\/a><\/li>\n<li><a href=\"http:\/\/www.nextroom.at\/\">www.nextroom.at<\/a><\/li>\n<li><a href=\"http:\/\/www.pps.org\/\">www.pps.org<\/a><\/li>\n<li><a href=\"http:\/\/www.publicspace.org\/\">www.publicspace.org<\/a><\/li>\n<li><a href=\"http:\/\/www.thecoolhunter.net\/\">www.thecoolhunter.net<\/a><\/li>\n<li><a href=\"http:\/\/www.world-architects.com\/\">www.world-architects.com<\/a><\/li>\n<\/ul>\n\n\t\t<\/div>\n\t<\/div>\n<\/div><\/div><\/div><\/div>\n<\/div>","protected":false},"excerpt":{"rendered":"Priporo\u010dena literatura in viri Literatura splo\u0161no Bucik, N., Po\u017ear Matja\u0161i\u010d, N. in Pirc, V. (2011). Kulturno-umetnostna vzgoja: priro\u010dnik s primeri dobre prakse iz vrtcev, osnovnih in srednjih \u0161ol. Ljubljana: Zavod RS za \u0161olstvo in Ministrstvo za \u0161olstvo in \u0161port. Ching, F. D. K. (2007). Architecture: Form, Space and Order. New York: Van Nostrand Reinhold. Education","protected":false},"author":1,"featured_media":0,"parent":0,"menu_order":0,"comment_status":"closed","ping_status":"closed","template":"","meta":{"pgc_meta":"","iawp_total_views":160,"footnotes":""},"class_list":["post-862","page","type-page","status-publish","hentry"],"pgc_meta":"","_links":{"self":[{"href":"http:\/\/igrivarhitektura.org\/en\/wp-json\/wp\/v2\/pages\/862","targetHints":{"allow":["GET"]}}],"collection":[{"href":"http:\/\/igrivarhitektura.org\/en\/wp-json\/wp\/v2\/pages"}],"about":[{"href":"http:\/\/igrivarhitektura.org\/en\/wp-json\/wp\/v2\/types\/page"}],"author":[{"embeddable":true,"href":"http:\/\/igrivarhitektura.org\/en\/wp-json\/wp\/v2\/users\/1"}],"replies":[{"embeddable":true,"href":"http:\/\/igrivarhitektura.org\/en\/wp-json\/wp\/v2\/comments?post=862"}],"version-history":[{"count":15,"href":"http:\/\/igrivarhitektura.org\/en\/wp-json\/wp\/v2\/pages\/862\/revisions"}],"predecessor-version":[{"id":4167,"href":"http:\/\/igrivarhitektura.org\/en\/wp-json\/wp\/v2\/pages\/862\/revisions\/4167"}],"wp:attachment":[{"href":"http:\/\/igrivarhitektura.org\/en\/wp-json\/wp\/v2\/media?parent=862"}],"curies":[{"name":"wp","href":"https:\/\/api.w.org\/{rel}","templated":true}]}}