{"id":1106,"date":"2017-10-10T20:37:14","date_gmt":"2017-10-10T19:37:14","guid":{"rendered":"http:\/\/igrivarhitektura.org\/?page_id=1106"},"modified":"2020-03-10T00:13:20","modified_gmt":"2020-03-09T23:13:20","slug":"objave-v-medijih","status":"publish","type":"page","link":"https:\/\/igrivarhitektura.org\/en\/objave-v-medijih\/","title":{"rendered":"Media"},"content":{"rendered":"<div class=\"wpb-content-wrapper\"><div class=\"vc_row wpb_row vc_row-fluid\"><div class=\"wpb_column vc_column_container vc_col-sm-12\"><div class=\"vc_column-inner\"><div class=\"wpb_wrapper\"><h1 style=\"text-align: left\" class=\"vc_custom_heading vc_do_custom_heading\" >OBJAVE V MEDIJIH<\/h1><\/div><\/div><\/div><\/div><div class=\"vc_row wpb_row vc_row-fluid\"><div class=\"wpb_column vc_column_container vc_col-sm-3\"><div class=\"vc_column-inner\"><div class=\"wpb_wrapper\">\n\t<div  class=\"wpb_single_image wpb_content_element vc_align_left wpb_content_element vc_custom_1583795575810\">\n\t\t\n\t\t<figure class=\"wpb_wrapper vc_figure\">\n\t\t\t<a href=\"http:\/\/igrivarhitektura.org\/new\/wp-content\/uploads\/2020\/03\/Hise113_CAS_intervju.pdf\" target=\"_blank\" class=\"vc_single_image-wrapper   vc_box_border_grey\"><img decoding=\"async\" class=\"vc_single_image-img\" src=\"https:\/\/igrivarhitektura.org\/new\/wp-content\/uploads\/2020\/03\/Hise113_CAS_intervju_Page_1-250x250.png\" width=\"250\" height=\"250\" alt=\"Hise113_CAS_intervju_Page_1\" title=\"Hise113_CAS_intervju_Page_1\" \/><\/a>\n\t\t<\/figure>\n\t<\/div>\n<h3 style=\"text-align: left\" class=\"vc_custom_heading vc_do_custom_heading\" ><a href=\"http:\/\/igrivarhitektura.org\/new\/wp-content\/uploads\/2020\/03\/Hise113_CAS_intervju.pdf\">Hi\u0161e, december 2019<br \/>\nDeset let Igrive arhitekture ali za\u010detki novih pogledov na arhitekturo<\/a><\/h3><\/div><\/div><\/div><div class=\"wpb_column vc_column_container vc_col-sm-3\"><div class=\"vc_column-inner\"><div class=\"wpb_wrapper\"><\/div><\/div><\/div><div class=\"wpb_column vc_column_container vc_col-sm-3\"><div class=\"vc_column-inner\"><div class=\"wpb_wrapper\"><\/div><\/div><\/div><div class=\"wpb_column vc_column_container vc_col-sm-3\"><div class=\"vc_column-inner\"><div class=\"wpb_wrapper\"><\/div><\/div><\/div><\/div><div class=\"vc_row wpb_row vc_row-fluid\"><div class=\"wpb_column vc_column_container vc_col-sm-3\"><div class=\"vc_column-inner\"><div class=\"wpb_wrapper\">\n\t<div  class=\"wpb_single_image wpb_content_element vc_align_left wpb_content_element vc_custom_1556910839983\">\n\t\t\n\t\t<figure class=\"wpb_wrapper vc_figure\">\n\t\t\t<a href=\"http:\/\/igrivarhitektura.org\/new\/wp-content\/uploads\/2019\/05\/CAS-clanek_25_09_2018.pdf\" target=\"_self\" class=\"vc_single_image-wrapper   vc_box_border_grey\"><img decoding=\"async\" class=\"vc_single_image-img\" src=\"https:\/\/igrivarhitektura.org\/new\/wp-content\/uploads\/2019\/05\/SLOWOODLIFE-clanek_25_09_2018_Page_2-250x250.jpg\" width=\"250\" height=\"250\" alt=\"SLOWOODLIFE clanek_25_09_2018_Page_2\" title=\"SLOWOODLIFE clanek_25_09_2018_Page_2\" \/><\/a>\n\t\t<\/figure>\n\t<\/div>\n<h3 style=\"text-align: left\" class=\"vc_custom_heading vc_do_custom_heading\" >SloWoodLife, oktober 2018<br \/>\nIgriva arhitektura, sklop delavnic igrivi les<\/h3><\/div><\/div><\/div><div class=\"wpb_column vc_column_container vc_col-sm-3\"><div class=\"vc_column-inner\"><div class=\"wpb_wrapper\">\n\t<div  class=\"wpb_single_image wpb_content_element vc_align_left wpb_content_element vc_custom_1556911149933\">\n\t\t\n\t\t<figure class=\"wpb_wrapper vc_figure\">\n\t\t\t<a href=\"http:\/\/igrivarhitektura.org\/new\/wp-content\/uploads\/2019\/05\/H102_31_Pages.pdf\" target=\"_self\" class=\"vc_single_image-wrapper   vc_box_border_grey\"><img decoding=\"async\" class=\"vc_single_image-img\" src=\"https:\/\/igrivarhitektura.org\/new\/wp-content\/uploads\/2019\/05\/HI\u0160E_102_31_Pages-250x250.jpg\" width=\"250\" height=\"250\" alt=\"HI\u0160E_102_31_Pages\" title=\"HI\u0160E_102_31_Pages\" \/><\/a>\n\t\t<\/figure>\n\t<\/div>\n<h3 style=\"text-align: left\" class=\"vc_custom_heading vc_do_custom_heading\" >Hi\u0161e, november 2017<br \/>\nPod eno streho skrbimo za prostorsko opismenjevanje otrok in odraslih<\/h3><\/div><\/div><\/div><div class=\"wpb_column vc_column_container vc_col-sm-3\"><div class=\"vc_column-inner\"><div class=\"wpb_wrapper\">\n\t<div  class=\"wpb_single_image wpb_content_element vc_align_left wpb_content_element vc_custom_1556910151628\">\n\t\t\n\t\t<figure class=\"wpb_wrapper vc_figure\">\n\t\t\t<a href=\"http:\/\/igrivarhitektura.org\/new\/wp-content\/uploads\/2019\/05\/2017_8-10_Nedelo_Doma\u010de-igri\u0161\u010de_1-1.pdf\" target=\"_self\" class=\"vc_single_image-wrapper   vc_box_border_grey\"><img decoding=\"async\" class=\"vc_single_image-img\" src=\"https:\/\/igrivarhitektura.org\/new\/wp-content\/uploads\/2019\/05\/2017_8-10_Nedelo_Doma\u010de-igri\u0161\u010de_1-250x250.jpg\" width=\"250\" height=\"250\" alt=\"2017_8-10_Nedelo_Doma\u010de-igri\u0161\u010de_1\" title=\"2017_8-10_Nedelo_Doma\u010de-igri\u0161\u010de_1\" \/><\/a>\n\t\t<\/figure>\n\t<\/div>\n<h3 style=\"text-align: left\" class=\"vc_custom_heading vc_do_custom_heading\" >Nedelo, 8. oktober 2017<br \/>\nOtroci za igro ne potrebujejo veliko<\/h3><\/div><\/div><\/div><div class=\"wpb_column vc_column_container vc_col-sm-3\"><div class=\"vc_column-inner\"><div class=\"wpb_wrapper\">\n\t<div  class=\"wpb_single_image wpb_content_element vc_align_left wpb_content_element vc_custom_1556910866014\">\n\t\t\n\t\t<figure class=\"wpb_wrapper vc_figure\">\n\t\t\t<a href=\"http:\/\/igrivarhitektura.org\/new\/wp-content\/uploads\/2019\/05\/H101_33_Pages.pdf\" target=\"_self\" class=\"vc_single_image-wrapper   vc_box_border_grey\"><img decoding=\"async\" class=\"vc_single_image-img\" src=\"https:\/\/igrivarhitektura.org\/new\/wp-content\/uploads\/2019\/05\/HI\u0160E_101_33_Pages-250x250.jpg\" width=\"250\" height=\"250\" alt=\"HI\u0160E_101_33_Pages\" title=\"HI\u0160E_101_33_Pages\" \/><\/a>\n\t\t<\/figure>\n\t<\/div>\n<h3 style=\"text-align: left\" class=\"vc_custom_heading vc_do_custom_heading\" >Hi\u0161e, oktober 2017<br \/>\nHi\u0161a prihodnosti<\/h3><\/div><\/div><\/div><\/div><div class=\"vc_row wpb_row vc_row-fluid\"><div class=\"wpb_column vc_column_container vc_col-sm-3\"><div class=\"vc_column-inner\"><div class=\"wpb_wrapper\">\n\t<div  class=\"wpb_single_image wpb_content_element vc_align_left wpb_content_element vc_custom_1556910197854\">\n\t\t\n\t\t<figure class=\"wpb_wrapper vc_figure\">\n\t\t\t<a href=\"http:\/\/igrivarhitektura.org\/new\/wp-content\/uploads\/2019\/05\/CA-kolumna-H101.pdf\" target=\"_self\" class=\"vc_single_image-wrapper   vc_box_border_grey\"><img decoding=\"async\" class=\"vc_single_image-img\" src=\"https:\/\/igrivarhitektura.org\/new\/wp-content\/uploads\/2019\/05\/HI\u0160E-kolumna-H101-250x250.jpg\" width=\"250\" height=\"250\" alt=\"HI\u0160E-kolumna-H101\" title=\"HI\u0160E-kolumna-H101\" \/><\/a>\n\t\t<\/figure>\n\t<\/div>\n<h3 style=\"text-align: left\" class=\"vc_custom_heading vc_do_custom_heading\" >Hi\u0161e, oktober 2017<br \/>\nLes je prihodnost<\/h3><\/div><\/div><\/div><div class=\"wpb_column vc_column_container vc_col-sm-3\"><div class=\"vc_column-inner\"><div class=\"wpb_wrapper\">\n\t<div  class=\"wpb_single_image wpb_content_element vc_align_left wpb_content_element vc_custom_1556910210498\">\n\t\t\n\t\t<figure class=\"wpb_wrapper vc_figure\">\n\t\t\t<a href=\"http:\/\/igrivarhitektura.org\/new\/wp-content\/uploads\/2019\/05\/H101_33_Pages.pdf\" target=\"_self\" class=\"vc_single_image-wrapper   vc_box_border_grey\"><img decoding=\"async\" class=\"vc_single_image-img\" src=\"https:\/\/igrivarhitektura.org\/new\/wp-content\/uploads\/2019\/05\/HI\u0160E_101_33_Pages-250x250.jpg\" width=\"250\" height=\"250\" alt=\"HI\u0160E_101_33_Pages\" title=\"HI\u0160E_101_33_Pages\" \/><\/a>\n\t\t<\/figure>\n\t<\/div>\n<h3 style=\"text-align: left\" class=\"vc_custom_heading vc_do_custom_heading\" >Hi\u0161e, oktober 2017<br \/>\nHi\u0161a prihodnosti<\/h3><\/div><\/div><\/div><div class=\"wpb_column vc_column_container vc_col-sm-3\"><div class=\"vc_column-inner\"><div class=\"wpb_wrapper\">\n\t<div  class=\"wpb_single_image wpb_content_element vc_align_left wpb_content_element vc_custom_1556911090688\">\n\t\t\n\t\t<figure class=\"wpb_wrapper vc_figure\">\n\t\t\t<a href=\"http:\/\/igrivarhitektura.org\/new\/wp-content\/uploads\/2019\/05\/H98-99_32_Pages.pdf\" target=\"_self\" class=\"vc_single_image-wrapper   vc_box_border_grey\"><img decoding=\"async\" class=\"vc_single_image-img\" src=\"https:\/\/igrivarhitektura.org\/new\/wp-content\/uploads\/2019\/05\/HI\u0160E_98-99_32_Pages-250x250.jpg\" width=\"250\" height=\"250\" alt=\"HI\u0160E_98-99_32_Pages\" title=\"HI\u0160E_98-99_32_Pages\" \/><\/a>\n\t\t<\/figure>\n\t<\/div>\n<h3 style=\"text-align: left\" class=\"vc_custom_heading vc_do_custom_heading\" >Hi\u0161e, julij in avgust 2017<br \/>\nSobe<\/h3><\/div><\/div><\/div><div class=\"wpb_column vc_column_container vc_col-sm-3\"><div class=\"vc_column-inner\"><div class=\"wpb_wrapper\">\n\t<div  class=\"wpb_single_image wpb_content_element vc_align_left wpb_content_element vc_custom_1556910142727\">\n\t\t\n\t\t<figure class=\"wpb_wrapper vc_figure\">\n\t\t\t<a href=\"http:\/\/igrivarhitektura.org\/new\/wp-content\/uploads\/2019\/05\/2017_11-05_Delo_Po\u010ditnice-razgrabljene-v-nekaj-dneh.pdf\" target=\"_self\" class=\"vc_single_image-wrapper   vc_box_border_grey\"><img decoding=\"async\" class=\"vc_single_image-img\" src=\"https:\/\/igrivarhitektura.org\/new\/wp-content\/uploads\/2019\/05\/2017_11-05_Delo_Po\u010ditnice-razgrabljene-v-nekaj-dneh-250x250.jpg\" width=\"250\" height=\"250\" alt=\"2017_11-05_Delo_Po\u010ditnice razgrabljene v nekaj dneh\" title=\"2017_11-05_Delo_Po\u010ditnice razgrabljene v nekaj dneh\" \/><\/a>\n\t\t<\/figure>\n\t<\/div>\n<h3 style=\"text-align: left\" class=\"vc_custom_heading vc_do_custom_heading\" >Delo, 11. maj 2017<br \/>\nPo\u010ditnice razgrabljene v nekaj dneh<\/h3><\/div><\/div><\/div><\/div><div class=\"vc_row wpb_row vc_row-fluid\"><div class=\"wpb_column vc_column_container vc_col-sm-3\"><div class=\"vc_column-inner\"><div class=\"wpb_wrapper\">\n\t<div  class=\"wpb_single_image wpb_content_element vc_align_left wpb_content_element vc_custom_1556910854613\">\n\t\t\n\t\t<figure class=\"wpb_wrapper vc_figure\">\n\t\t\t<a href=\"http:\/\/igrivarhitektura.org\/new\/wp-content\/uploads\/2019\/05\/Delo_09-07-2015_19_stran.pdf\" target=\"_self\" class=\"vc_single_image-wrapper   vc_box_border_grey\"><img decoding=\"async\" class=\"vc_single_image-img\" src=\"https:\/\/igrivarhitektura.org\/new\/wp-content\/uploads\/2019\/05\/Delo_09-07-2015_19_stran-250x250.jpg\" width=\"250\" height=\"250\" alt=\"Delo_09-07-2015_19_stran\" title=\"Delo_09-07-2015_19_stran\" \/><\/a>\n\t\t<\/figure>\n\t<\/div>\n<h3 style=\"text-align: left\" class=\"vc_custom_heading vc_do_custom_heading\" >Delo, 9. julij 2015<br \/>\nPo\u010ditnice v parku Tivoli<\/h3><\/div><\/div><\/div><div class=\"wpb_column vc_column_container vc_col-sm-3\"><div class=\"vc_column-inner\"><div class=\"wpb_wrapper\">\n\t<div  class=\"wpb_single_image wpb_content_element vc_align_left wpb_content_element vc_custom_1556910222863\">\n\t\t\n\t\t<figure class=\"wpb_wrapper vc_figure\">\n\t\t\t<a href=\"http:\/\/igrivarhitektura.org\/new\/wp-content\/uploads\/2019\/05\/2017_8-10_Nedelo_Domace-igrisce_1.pdf\" target=\"_self\" class=\"vc_single_image-wrapper   vc_box_border_grey\"><img decoding=\"async\" class=\"vc_single_image-img\" src=\"https:\/\/igrivarhitektura.org\/new\/wp-content\/uploads\/2019\/05\/VurnikDelav12.11_edit.2014-250x250.jpg\" width=\"250\" height=\"250\" alt=\"VurnikDelav12.11_edit.2014\" title=\"VurnikDelav12.11_edit.2014\" \/><\/a>\n\t\t<\/figure>\n\t<\/div>\n<h3 style=\"text-align: left\" class=\"vc_custom_heading vc_do_custom_heading\" >Delo, 12. november 2014<br \/>\nDelavnice za otroke<\/h3><\/div><\/div><\/div><div class=\"wpb_column vc_column_container vc_col-sm-3\"><div class=\"vc_column-inner\"><div class=\"wpb_wrapper\">\n\t<div  class=\"wpb_single_image wpb_content_element vc_align_left wpb_content_element vc_custom_1556910500517\">\n\t\t\n\t\t<figure class=\"wpb_wrapper vc_figure\">\n\t\t\t<a href=\"http:\/\/igrivarhitektura.org\/new\/wp-content\/uploads\/2019\/05\/Delo_23-10-2014_19_stran.pdf\" target=\"_self\" class=\"vc_single_image-wrapper   vc_box_border_grey\"><img decoding=\"async\" class=\"vc_single_image-img\" src=\"https:\/\/igrivarhitektura.org\/new\/wp-content\/uploads\/2019\/05\/Delo_23-10-2014_19_stran-250x250.jpg\" width=\"250\" height=\"250\" alt=\"Delo_23-10-2014_19_stran\" title=\"Delo_23-10-2014_19_stran\" \/><\/a>\n\t\t<\/figure>\n\t<\/div>\n<h3 style=\"text-align: left\" class=\"vc_custom_heading vc_do_custom_heading\" >Delo, 23. oktober 2014<br \/>\nZ domi\u0161ljijo v gozdi\u010dek iz Dela in k vodnjaku iz One<\/h3><\/div><\/div><\/div><div class=\"wpb_column vc_column_container vc_col-sm-3\"><div class=\"vc_column-inner\"><div class=\"wpb_wrapper\">\n\t<div  class=\"wpb_single_image wpb_content_element vc_align_left wpb_content_element vc_custom_1556911452118\">\n\t\t\n\t\t<figure class=\"wpb_wrapper vc_figure\">\n\t\t\t<a href=\"http:\/\/igrivarhitektura.org\/new\/wp-content\/uploads\/2019\/05\/vecer-14.3.2012_igriva-arhitektura.pdf\" target=\"_self\" class=\"vc_single_image-wrapper   vc_box_border_grey\"><img decoding=\"async\" class=\"vc_single_image-img\" src=\"https:\/\/igrivarhitektura.org\/new\/wp-content\/uploads\/2019\/05\/vecer-14.3.2012_igriva-arhitektura-250x250.jpg\" width=\"250\" height=\"250\" alt=\"vecer-14.3.2012_igriva arhitektura\" title=\"vecer-14.3.2012_igriva arhitektura\" \/><\/a>\n\t\t<\/figure>\n\t<\/div>\n<h3 style=\"text-align: left\" class=\"vc_custom_heading vc_do_custom_heading\" >Ve\u010der, 14. marec 2012<br \/>\nIgriva arhitektura<\/h3><\/div><\/div><\/div><\/div><div class=\"vc_row wpb_row vc_row-fluid\"><div class=\"wpb_column vc_column_container vc_col-sm-3\"><div class=\"vc_column-inner\"><div class=\"wpb_wrapper\">\n\t<div  class=\"wpb_single_image wpb_content_element vc_align_left wpb_content_element vc_custom_1556910233460\">\n\t\t\n\t\t<figure class=\"wpb_wrapper vc_figure\">\n\t\t\t<a href=\"http:\/\/igrivarhitektura.org\/new\/wp-content\/uploads\/2019\/05\/2017_8-10_Nedelo_Domace-igrisce_1.pdf\" target=\"_self\" class=\"vc_single_image-wrapper   vc_box_border_grey\"><img decoding=\"async\" class=\"vc_single_image-img\" src=\"https:\/\/igrivarhitektura.org\/new\/wp-content\/uploads\/2019\/05\/IMG_2443-250x250.jpg\" width=\"250\" height=\"250\" alt=\"IMG_2443\" title=\"IMG_2443\" \/><\/a>\n\t\t<\/figure>\n\t<\/div>\n<h3 style=\"text-align: left\" class=\"vc_custom_heading vc_do_custom_heading\" >Gorenjski glas, 10. januar 2012<br \/>\nIgriva arhitektura za otroke<\/h3><\/div><\/div><\/div><div class=\"wpb_column vc_column_container vc_col-sm-3\"><div class=\"vc_column-inner\"><div class=\"wpb_wrapper\"><\/div><\/div><\/div><div class=\"wpb_column vc_column_container vc_col-sm-3\"><div class=\"vc_column-inner\"><div class=\"wpb_wrapper\"><\/div><\/div><\/div><div class=\"wpb_column vc_column_container vc_col-sm-3\"><div class=\"vc_column-inner\"><div class=\"wpb_wrapper\"><\/div><\/div><\/div><\/div><div class=\"vc_row wpb_row vc_row-fluid\"><div class=\"wpb_column vc_column_container vc_col-sm-6\"><div class=\"vc_column-inner\"><div class=\"wpb_wrapper\"><h3 style=\"text-align: left\" class=\"vc_custom_heading vc_do_custom_heading\" >2012<\/h3>\n\t<div class=\"wpb_text_column wpb_content_element\" >\n\t\t<div class=\"wpb_wrapper\">\n\t\t\t<p>Ciciban 2012 \u2013 u\u010dni listi<br \/>\nCicido 2012 \u2013 u\u010dni listi<br \/>\nGorenjski glas 10.1.2012\u00a0<strong>Igriva arhitektura za otroke<\/strong><br \/>\nDelo 11.1.2012\u00a0<strong>Arhitektura za najmlaj\u0161e<\/strong><br \/>\nDe\u017eelne novice 13.1.2012\u00a0<strong>Razstava o igrivi arhitekturi<\/strong><br \/>\nDelo 14.1.2012\u00a0<strong>Postani arhitekturni detektiv<\/strong><br \/>\nVe\u010der 14.1.2012\u00a0<strong>Dija\u0161ke zamisli o ureditvi vodotokov<\/strong><br \/>\nNedelo 15.1.2012\u00a0<strong>Mali arhitekti in detektivi<\/strong><br \/>\nProsto\u010dasnik\u00a0<strong>Arhiktura in otroci<\/strong><br \/>\nPrimorske novice 16.1.2012\u00a0<strong>Mali arhitekti ustvarjali skrivali\u0161\u010da<\/strong><br \/>\nDelo in Dom 1.2.2012\u00a0<strong>Hi konji\u010dek razstava<\/strong><br \/>\nDnevnik 1.2.2012\u00a0<strong>Hi konjicek razstava<\/strong><br \/>\nVe\u010der_1.2.2012\u00a0<strong>Arhitekturni detektiv<\/strong><br \/>\nStudio City 3.12.2012\u00a0<strong>Drevo \u017eelja<\/strong>\u00a0(Prispevek na 37:05 minut)<br \/>\nPoro\u010dila 1.12.2012\u00a0<strong>Drevo \u017eelja<\/strong>\u00a0(Poglejte prispevek na 14:10 minut)<br \/>\nPrimorske novice\u00a0<strong>Drevo \u017eelja<\/strong><br \/>\nDe\u017eelne novice\u00a0<strong>Drevo \u017eelja<\/strong><\/p>\n\n\t\t<\/div>\n\t<\/div>\n<\/div><\/div><\/div><div class=\"wpb_column vc_column_container vc_col-sm-6\"><div class=\"vc_column-inner\"><div class=\"wpb_wrapper\"><h3 style=\"text-align: left\" class=\"vc_custom_heading vc_do_custom_heading\" >2010<\/h3>\n\t<div class=\"wpb_text_column wpb_content_element\" >\n\t\t<div class=\"wpb_wrapper\">\n\t\t\t<p>Delo 5.10.2010\u00a0<strong>Ko bom velik bom \u2026<\/strong><\/p>\n\n\t\t<\/div>\n\t<\/div>\n<h3 style=\"text-align: left\" class=\"vc_custom_heading vc_do_custom_heading\" >2009<\/h3>\n\t<div class=\"wpb_text_column wpb_content_element\" >\n\t\t<div class=\"wpb_wrapper\">\n\t\t\t<p>Delo 7.10.2009\u00a0<strong>Skozi igro do ob\u010dutenja prostora<\/strong><br \/>\nDelo 12.12.2009\u00a0<strong>Kreativne delavnice<\/strong><br \/>\nMladina 30.10.2009\u00a0<strong>Arhitektura in otroci, Skozi igro do znanja<\/strong><br \/>\nBibaleze.si 14.12.2009\u00a0<strong>Igrajmo se arhitekturo<\/strong><\/p>\n\n\t\t<\/div>\n\t<\/div>\n<\/div><\/div><\/div><\/div>\n<\/div>","protected":false},"excerpt":{"rendered":"OBJAVE V MEDIJIH Hi\u0161e, december 2019 Deset let Igrive arhitekture ali za\u010detki novih pogledov na arhitekturo SloWoodLife, oktober 2018 Igriva arhitektura, sklop delavnic igrivi les Hi\u0161e, november 2017 Pod eno streho skrbimo za prostorsko opismenjevanje otrok in odraslih Nedelo, 8. oktober 2017 Otroci za igro ne potrebujejo veliko Hi\u0161e, oktober 2017 Hi\u0161a prihodnosti Hi\u0161e, oktober","protected":false},"author":1,"featured_media":0,"parent":0,"menu_order":0,"comment_status":"closed","ping_status":"closed","template":"","meta":{"pgc_meta":"","iawp_total_views":17,"footnotes":""},"class_list":["post-1106","page","type-page","status-publish","hentry"],"pgc_meta":"","_links":{"self":[{"href":"https:\/\/igrivarhitektura.org\/en\/wp-json\/wp\/v2\/pages\/1106","targetHints":{"allow":["GET"]}}],"collection":[{"href":"https:\/\/igrivarhitektura.org\/en\/wp-json\/wp\/v2\/pages"}],"about":[{"href":"https:\/\/igrivarhitektura.org\/en\/wp-json\/wp\/v2\/types\/page"}],"author":[{"embeddable":true,"href":"https:\/\/igrivarhitektura.org\/en\/wp-json\/wp\/v2\/users\/1"}],"replies":[{"embeddable":true,"href":"https:\/\/igrivarhitektura.org\/en\/wp-json\/wp\/v2\/comments?post=1106"}],"version-history":[{"count":40,"href":"https:\/\/igrivarhitektura.org\/en\/wp-json\/wp\/v2\/pages\/1106\/revisions"}],"predecessor-version":[{"id":2847,"href":"https:\/\/igrivarhitektura.org\/en\/wp-json\/wp\/v2\/pages\/1106\/revisions\/2847"}],"wp:attachment":[{"href":"https:\/\/igrivarhitektura.org\/en\/wp-json\/wp\/v2\/media?parent=1106"}],"curies":[{"name":"wp","href":"https:\/\/api.w.org\/{rel}","templated":true}]}}