{"id":1735,"date":"2018-10-01T08:35:23","date_gmt":"2018-10-01T07:35:23","guid":{"rendered":"http:\/\/igrivarhitektura.org\/?page_id=1735"},"modified":"2020-03-24T16:53:04","modified_gmt":"2020-03-24T15:53:04","slug":"natecaj-center-znanosti","status":"publish","type":"page","link":"https:\/\/igrivarhitektura.org\/en\/natecaj-center-znanosti\/","title":{"rendered":"Nate\u010daj za izbor imena &#8221;Centra znanosti&#8221;"},"content":{"rendered":"<div class=\"wpb-content-wrapper\"><div class=\"vc_row wpb_row vc_row-fluid\"><div class=\"wpb_column vc_column_container vc_col-sm-10\"><div class=\"vc_column-inner\"><div class=\"wpb_wrapper\"><div class=\"vc_empty_space\"   style=\"height: 32px\"><span class=\"vc_empty_space_inner\"><\/span><\/div>\n\t<div  class=\"wpb_single_image wpb_content_element vc_align_left wpb_content_element\">\n\t\t\n\t\t<figure class=\"wpb_wrapper vc_figure\">\n\t\t\t<div class=\"vc_single_image-wrapper   vc_box_border_grey\"><img decoding=\"async\" class=\"vc_single_image-img\" src=\"https:\/\/igrivarhitektura.org\/new\/wp-content\/uploads\/2020\/03\/natecaj-CenterZnanosti1WEB-1-600x327.jpg\" width=\"600\" height=\"327\" alt=\"natecaj-CenterZnanosti1WEB\" title=\"natecaj-CenterZnanosti1WEB\" \/><\/div>\n\t\t<\/figure>\n\t<\/div>\n<h2 style=\"text-align: left\" class=\"vc_custom_heading vc_do_custom_heading\" >NATE\u010cAJ ZA IZBOR IMENA \"CENTRA ZNANOSTI\"<\/h2><\/div><\/div><\/div><div class=\"wpb_column vc_column_container vc_col-sm-2\"><div class=\"vc_column-inner\"><div class=\"wpb_wrapper\"><\/div><\/div><\/div><\/div><div class=\"vc_row wpb_row vc_row-fluid\"><div class=\"wpb_column vc_column_container vc_col-sm-10\"><div class=\"vc_column-inner\"><div class=\"wpb_wrapper\">\n\t<div class=\"wpb_text_column wpb_content_element\" >\n\t\t<div class=\"wpb_wrapper\">\n\t\t\t<p><strong>Ministrstvo za izobra\u017eevanje, znanost in \u0161port<\/strong> (v nadaljevanju Ministrstvo) je v sodelovanju s <strong>Centrom arhitekture Slovenije<\/strong> povabilo k sodelovanju na nate\u010daju za izbor imena \u00bbCentra znanosti\u00ab u\u010dence 7., 8. in 9. razreda osnovnih \u0161ol ter njihove mentorje.<\/p>\n<p>Center arhitekture Slovenije in Ministrstvo za izobra\u017eevanje, znanost in \u0161port sta oktobra 2018, objavila <strong>nate\u010daj za izbor imena \u00bbCentra znanosti\u00ab<\/strong>. Ta je potekal v dveh fazah:<\/p>\n<p><strong>1. faza<\/strong>: Prijava osnovnih \u0161ol k sodelovanju.<br \/>\nDo roka za izpolnitev spletne prijavnice, tj. do 19. oktobra 2018, se je na nate\u010daj pravo\u010dasno prijavilo 16 osnovnih \u0161ol iz Slovenije.<br \/>\n<strong>2. faza<\/strong>: Podrobnej\u0161a predstavitev projekta prijavljenim \u0161olam in priprava izdelkov<br \/>\nVse prijavljene \u0161ole so do 19. novembra 2018 obiskali sodelavci Centra arhitekture Slovenije, ki so podrobneje predstavili projekt \u00bbCenter znanosti\u00ab, namen nate\u010daja, primere obstoje\u010dih imen, ipd.<\/p>\n<p>Tako so bili osnovno\u0161olci zadnje triade pozvani, da posamezno ali v skupinah z ne ve\u010d kot \u0161tirimi u\u010denci pripravijo likovne predloge oz. izdelke, v katerih je prikazano ime \u00bbCentra znanosti\u00ab. Tehnike likovnih predlogov so lahko bile poljubne \u2012 risbe s svin\u010dniki ali barvicami, slike, kola\u017ei, grafike, fotomonta\u017ee, stripi, makete, ipd.<\/p>\n<p><strong>V nate\u010daju za izbor imena \u00bbCentra znanosti\u00ab<\/strong> so sodelovale naslednje <strong>osnovne \u0161ole<\/strong>: Osnovna \u0161ola Petrov\u010de, Osnovna \u0161ola Elvire Vatovec Prade Koper, Osnovna \u0161ola Ka\u0161elj, Osnovna \u0161ola Bi\u010devje, Osnovna \u0161ola Milana \u0160u\u0161tar\u0161i\u010da Ljubljana, Osnovna \u0161ola Mislinja, Osnovna \u0161ola \u0160empas, Osnovna \u0161ola Franceta Pre\u0161erna \u010cren\u0161ovci, Osnovna \u0161ola Polhov Gradec, Osnovna \u0161ola Pre\u017eihovega Voranca Bistrica in Osnovna \u0161ola Tabor Logatec.<\/p>\n<p><strong>Ocenjevalna komisija<\/strong> je bila mnenja, da so vsi prispeli predlogi na tak\u0161en ali druga\u010den na\u010din uspeli najti in predstaviti ime, za katerega menijo, da bi \u00bbCentru znanosti\u00ab najbolj pristajalo. Vsa prispela dela so bila vsebinsko in oblikovno zelo raznolika in kakovostna. Tehnike likovnih predlogov so bile poljubne in zelo raznolike \u2013 risbe s svin\u010dniki ali barvicami, slike, kola\u017ei, grafike, fotomonta\u017ee in tudi makete. Pri vseh predlogih je bilo vidno, da so se avtorji z iskanjem imena in s tem tudi z raziskovanjem o znanosti precej ukvarjali.<\/p>\n\n\t\t<\/div>\n\t<\/div>\n<div class=\"vc_empty_space\"   style=\"height: 20px\"><span class=\"vc_empty_space_inner\"><\/span><\/div><\/div><\/div><\/div><div class=\"wpb_column vc_column_container vc_col-sm-2\"><div class=\"vc_column-inner\"><div class=\"wpb_wrapper\"><div class=\"vc_btn3-container vc_btn3-left vc_do_btn\" ><a class=\"vc_general vc_btn3 vc_btn3-size-sm vc_btn3-shape-square vc_btn3-style-flat vc_btn3-color-danger\" href=\"http:\/\/igrivarhitektura.org\/new\/wp-content\/uploads\/2019\/03\/natecaj-ime-centra-znanosti_porocilo.pdf\" title=\"\">PORO\u010cILO \u017dIRIJE<\/a><\/div>\n\t<div class=\"wpb_text_column wpb_content_element\" >\n\t\t<div class=\"wpb_wrapper\">\n\t\t\t<p><em>Preberite kon\u010dno poro\u010dilo komisije z obrazlo\u017eitvijo izbora nagrajenih in nenagrajenih predlogov<\/em><\/p>\n\n\t\t<\/div>\n\t<\/div>\n<div class=\"vc_empty_space\"   style=\"height: 10px\"><span class=\"vc_empty_space_inner\"><\/span><\/div><div class=\"vc_btn3-container vc_btn3-left vc_do_btn\" ><a class=\"vc_general vc_btn3 vc_btn3-size-sm vc_btn3-shape-square vc_btn3-style-flat vc_btn3-color-danger\" href=\"http:\/\/igrivarhitektura.org\/new\/wp-content\/uploads\/2019\/03\/natecaj-ime-centra-znanosti_dopis.jpg\" title=\"\">DOPIS \u017dIRIJE<\/a><\/div>\n\t<div class=\"wpb_text_column wpb_content_element\" >\n\t\t<div class=\"wpb_wrapper\">\n\t\t\t<p><em>Preberite dopis o izboru nagrajenih predlogov<\/em><\/p>\n\n\t\t<\/div>\n\t<\/div>\n<div class=\"vc_empty_space\"   style=\"height: 10px\"><span class=\"vc_empty_space_inner\"><\/span><\/div><div class=\"vc_btn3-container vc_btn3-left vc_do_btn\" ><a class=\"vc_general vc_btn3 vc_btn3-size-sm vc_btn3-shape-square vc_btn3-style-flat vc_btn3-color-danger\" href=\"http:\/\/igrivarhitektura.org\/nagrada-natecaja-center-znanosti\/\" title=\"\" target=\"_blank\">FOTO NAGRADE<\/a><\/div>\n\t<div class=\"wpb_text_column wpb_content_element\" >\n\t\t<div class=\"wpb_wrapper\">\n\t\t\t<p><em>Oglejte si fotografije nagradnega ustvarjanja v Zavodu 404.<\/em><\/p>\n\n\t\t<\/div>\n\t<\/div>\n<div class=\"vc_empty_space\"   style=\"height: 10px\"><span class=\"vc_empty_space_inner\"><\/span><\/div><div class=\"vc_btn3-container vc_btn3-left vc_do_btn\" ><a class=\"vc_general vc_btn3 vc_btn3-size-sm vc_btn3-shape-square vc_btn3-style-flat vc_btn3-color-danger\" href=\"http:\/\/igrivarhitektura.org\/razstava-natecaja-center-znanosti\/\" title=\"\" target=\"_blank\">FOTO RAZSTAVE<\/a><\/div>\n\t<div class=\"wpb_text_column wpb_content_element\" >\n\t\t<div class=\"wpb_wrapper\">\n\t\t\t<p><em>Oglejte si fotografije razstave najbolj\u0161ih predlogov<\/em><\/p>\n\n\t\t<\/div>\n\t<\/div>\n<\/div><\/div><\/div><\/div><div class=\"vc_row wpb_row vc_row-fluid\"><div class=\"wpb_column vc_column_container vc_col-sm-12\"><div class=\"vc_column-inner\"><div class=\"wpb_wrapper\"><div class=\"vc_empty_space\"   style=\"height: 10px\"><span class=\"vc_empty_space_inner\"><\/span><\/div><div class=\"vc_separator wpb_content_element vc_separator_align_center vc_sep_width_100 vc_sep_pos_align_center vc_separator_no_text vc_sep_color_grey wpb_content_element  wpb_content_element\" ><span class=\"vc_sep_holder vc_sep_holder_l\"><span class=\"vc_sep_line\"><\/span><\/span><span class=\"vc_sep_holder vc_sep_holder_r\"><span class=\"vc_sep_line\"><\/span><\/span>\n<\/div><div class=\"vc_empty_space\"   style=\"height: 10px\"><span class=\"vc_empty_space_inner\"><\/span><\/div><\/div><\/div><\/div><\/div><div class=\"vc_row wpb_row vc_row-fluid\"><div class=\"wpb_column vc_column_container vc_col-sm-6\"><div class=\"vc_column-inner\"><div class=\"wpb_wrapper\"><h3 style=\"text-align: left\" class=\"vc_custom_heading vc_do_custom_heading\" >1. NAGRADA<\/h3><\/div><\/div><\/div><div class=\"wpb_column vc_column_container vc_col-sm-6\"><div class=\"vc_column-inner\"><div class=\"wpb_wrapper\"><\/div><\/div><\/div><\/div><div class=\"vc_row wpb_row vc_row-fluid\"><div class=\"wpb_column vc_column_container vc_col-sm-6\"><div class=\"vc_column-inner\"><div class=\"wpb_wrapper\">\n\t<div class=\"wpb_text_column wpb_content_element\" >\n\t\t<div class=\"wpb_wrapper\">\n\t\t\t<p>\u00bb<strong>LU\u010cKA<\/strong>\u00ab<\/p>\n<p><strong>avtorici:<\/strong> Jasmina Bre\u0161ar, Maja Vetrih; Osnovna \u0161ola Mislinja<br \/>\n<strong>mentor:<\/strong> Milan Baj\u017eelj<\/p>\n\n\t\t<\/div>\n\t<\/div>\n\n\t<div class=\"wpb_text_column wpb_content_element\" >\n\t\t<div class=\"wpb_wrapper\">\n\t\t\t<p>U\u010denki Osnovne \u0161ole Mislinja sta za ime \u00bbCentra znanosti\u00ab izbrali \u00bbLu\u010dka\u00ab, ki sta ga tudi likovno upodobili. Ocenjevalna komisija se je strinjala, da je ime na posluh prijetno in primerno za slovensko publiko. Komisija je zaradi \u0161umnika v imenu smatrala, da je tak\u0161en predlog morda manj primeren za tujce, a se je na koncu strinjala, da pa so \u0161umniki hkrati tudi zna\u010dilnost na\u0161ega prostora. U\u010denki sta ime izbrali zaradi asociacije na \u017earnico, ki se nam pri\u017ege nad glavo, ko se domislimo nove zamisli. Zaradi duhovitosti in tematske ustreznosti, ter razli\u010dnih mo\u017enosti in asociacij, ki jih predlog ponuja (lu\u010d \u2013 ideja, pozitivna naravnanost, ipd.; regratova lu\u010dka &#8211; raz\u0161irimo znanost; spol &#8211; \u017eenske v znanosti, \u2026), se je komisija odlo\u010dila, da u\u010denkama podeli 1. nagrado ter njun predlog uvrsti na razstavo bolj\u0161ih predlogov. Hkrati je komisija mnenja, da se predlog najbolj sklada z arhitekturno zasnovo zmagovalne re\u0161itve na projektnem nate\u010daju \u00bbCenter znanosti\u00ab.<\/p>\n\n\t\t<\/div>\n\t<\/div>\n<\/div><\/div><\/div><div class=\"wpb_column vc_column_container vc_col-sm-6\"><div class=\"vc_column-inner\"><div class=\"wpb_wrapper\">\n\t<div  class=\"wpb_single_image wpb_content_element vc_align_left wpb_content_element\">\n\t\t\n\t\t<figure class=\"wpb_wrapper vc_figure\">\n\t\t\t<div class=\"vc_single_image-wrapper   vc_box_border_grey\"><img decoding=\"async\" width=\"1000\" height=\"702\" src=\"https:\/\/igrivarhitektura.org\/new\/wp-content\/uploads\/2020\/03\/lucka.jpg\" class=\"vc_single_image-img attachment-full\" alt=\"\" title=\"lucka\" srcset=\"https:\/\/igrivarhitektura.org\/new\/wp-content\/uploads\/2020\/03\/lucka-200x140.jpg 200w, https:\/\/igrivarhitektura.org\/new\/wp-content\/uploads\/2020\/03\/lucka-300x211.jpg 300w, https:\/\/igrivarhitektura.org\/new\/wp-content\/uploads\/2020\/03\/lucka-400x281.jpg 400w, https:\/\/igrivarhitektura.org\/new\/wp-content\/uploads\/2020\/03\/lucka-600x421.jpg 600w, https:\/\/igrivarhitektura.org\/new\/wp-content\/uploads\/2020\/03\/lucka-768x539.jpg 768w, https:\/\/igrivarhitektura.org\/new\/wp-content\/uploads\/2020\/03\/lucka-800x562.jpg 800w, https:\/\/igrivarhitektura.org\/new\/wp-content\/uploads\/2020\/03\/lucka.jpg 1000w\" sizes=\"(max-width: 1000px) 100vw, 1000px\" \/><\/div>\n\t\t<\/figure>\n\t<\/div>\n<\/div><\/div><\/div><\/div><div class=\"vc_row wpb_row vc_row-fluid\"><div class=\"wpb_column vc_column_container vc_col-sm-12\"><div class=\"vc_column-inner\"><div class=\"wpb_wrapper\"><div class=\"vc_empty_space\"   style=\"height: 10px\"><span class=\"vc_empty_space_inner\"><\/span><\/div><div class=\"vc_separator wpb_content_element vc_separator_align_center vc_sep_width_100 vc_sep_pos_align_center vc_separator_no_text vc_sep_color_grey wpb_content_element  wpb_content_element\" ><span class=\"vc_sep_holder vc_sep_holder_l\"><span class=\"vc_sep_line\"><\/span><\/span><span class=\"vc_sep_holder vc_sep_holder_r\"><span class=\"vc_sep_line\"><\/span><\/span>\n<\/div><div class=\"vc_empty_space\"   style=\"height: 10px\"><span class=\"vc_empty_space_inner\"><\/span><\/div><\/div><\/div><\/div><\/div><div class=\"vc_row wpb_row vc_row-fluid\"><div class=\"wpb_column vc_column_container vc_col-sm-6\"><div class=\"vc_column-inner\"><div class=\"wpb_wrapper\"><h3 style=\"text-align: left\" class=\"vc_custom_heading vc_do_custom_heading\" >ENAKOVREDNA 2. NAGRADA<\/h3><\/div><\/div><\/div><div class=\"wpb_column vc_column_container vc_col-sm-6\"><div class=\"vc_column-inner\"><div class=\"wpb_wrapper\"><\/div><\/div><\/div><\/div><div class=\"vc_row wpb_row vc_row-fluid\"><div class=\"wpb_column vc_column_container vc_col-sm-6\"><div class=\"vc_column-inner\"><div class=\"wpb_wrapper\">\n\t<div class=\"wpb_text_column wpb_content_element\" >\n\t\t<div class=\"wpb_wrapper\">\n\t\t\t<p>\u00bb<strong>NEST<\/strong>\u00ab<\/p>\n<p><strong>avtorja:<\/strong> Bla\u017e \u0160uber, Nejc Mladovan; Osnovna \u0161ola \u0160empas<br \/>\n<strong>mentorica:<\/strong> Lilijana Zalesjak Gerlica<\/p>\n\n\t\t<\/div>\n\t<\/div>\n\n\t<div class=\"wpb_text_column wpb_content_element\" >\n\t\t<div class=\"wpb_wrapper\">\n\t\t\t<p>Nate\u010dajni predlog \u00bbNEST\u00ab poimenuje novi \u00bbCenter znanosti\u00ab kot gnezdo vseh znanj, v katerem se rojevajo najbolj\u0161e ideje in znanja. U\u010denca Bla\u017e \u0160uber in Nejc Mladovan sta se pod mentorstvom Lilijane Zalesjak Gerlica iz Osnovne \u0161ole \u0160empas izkazala s premi\u0161ljeno izdelano maketo, ki sta jo s fotografijo primerno predstavila na A3 listu. Uporabila sta ve\u010d razli\u010dnih materialov, da sta nazorno prikazala gnezdo, na njega pa postavila \u0161e likovno domiselno izdelane \u010drke, ki prikazujejo predlagano ime. V obrazlo\u017eitvi pojasnita, da je beseda \u00bbNEST\u00ab sestavljena iz prvih \u010drk besed: narava, eksperimenti, spoznavanje in tehnologija. A hkrati nudi tudi mo\u017enost drugih asociacij, kot npr. gnezdo \u2013 valilnica dobrih idej, nestor, ipd. Skupek likovne predstavitve, tematske ustreznosti in domiselnosti predstavlja enega najbolj\u0161ih prispelih predlogov, zato se je komisija odlo\u010dila, da mu podeli enakovredno 2. nagrado in predlog uvrsti na razstavo bolj\u0161ih predlogov.<\/p>\n\n\t\t<\/div>\n\t<\/div>\n<\/div><\/div><\/div><div class=\"wpb_column vc_column_container vc_col-sm-6\"><div class=\"vc_column-inner\"><div class=\"wpb_wrapper\">\n\t<div  class=\"wpb_single_image wpb_content_element vc_align_center wpb_content_element\">\n\t\t\n\t\t<figure class=\"wpb_wrapper vc_figure\">\n\t\t\t<div class=\"vc_single_image-wrapper   vc_box_border_grey\"><img decoding=\"async\" class=\"vc_single_image-img\" src=\"https:\/\/igrivarhitektura.org\/new\/wp-content\/uploads\/2020\/03\/nest-276x400.jpg\" width=\"276\" height=\"400\" alt=\"nest\" title=\"nest\" \/><\/div>\n\t\t<\/figure>\n\t<\/div>\n<\/div><\/div><\/div><\/div><div class=\"vc_row wpb_row vc_row-fluid\"><div class=\"wpb_column vc_column_container vc_col-sm-12\"><div class=\"vc_column-inner\"><div class=\"wpb_wrapper\"><div class=\"vc_empty_space\"   style=\"height: 10px\"><span class=\"vc_empty_space_inner\"><\/span><\/div><div class=\"vc_separator wpb_content_element vc_separator_align_center vc_sep_width_100 vc_sep_pos_align_center vc_separator_no_text vc_sep_color_grey wpb_content_element  wpb_content_element\" ><span class=\"vc_sep_holder vc_sep_holder_l\"><span class=\"vc_sep_line\"><\/span><\/span><span class=\"vc_sep_holder vc_sep_holder_r\"><span class=\"vc_sep_line\"><\/span><\/span>\n<\/div><div class=\"vc_empty_space\"   style=\"height: 10px\"><span class=\"vc_empty_space_inner\"><\/span><\/div><\/div><\/div><\/div><\/div><div class=\"vc_row wpb_row vc_row-fluid\"><div class=\"wpb_column vc_column_container vc_col-sm-6\"><div class=\"vc_column-inner\"><div class=\"wpb_wrapper\"><h3 style=\"text-align: left\" class=\"vc_custom_heading vc_do_custom_heading\" >ENAKOVREDNA 2. NAGRADA<\/h3><\/div><\/div><\/div><div class=\"wpb_column vc_column_container vc_col-sm-6\"><div class=\"vc_column-inner\"><div class=\"wpb_wrapper\"><\/div><\/div><\/div><\/div><div class=\"vc_row wpb_row vc_row-fluid\"><div class=\"wpb_column vc_column_container vc_col-sm-6\"><div class=\"vc_column-inner\"><div class=\"wpb_wrapper\">\n\t<div class=\"wpb_text_column wpb_content_element\" >\n\t\t<div class=\"wpb_wrapper\">\n\t\t\t<p>\u00bb<strong>ZUM<\/strong>\u00ab<\/p>\n<p><strong>avtorice:<\/strong> Nika Klisari\u010d, Melisa Tom\u0161i\u010d, Zala Bremec, Zala Hrovatin; Osnovna \u0161ola \u0160empas<br \/>\n<strong>mentorica:<\/strong> Patricija Pregrad<\/p>\n\n\t\t<\/div>\n\t<\/div>\n\n\t<div class=\"wpb_text_column wpb_content_element\" >\n\t\t<div class=\"wpb_wrapper\">\n\t\t\t<p>U\u010denke iz Osnovne \u0161ole \u0160empas so na grafi\u010dno domiselni in \u0161e posebej kvalitetni na\u010din predstavile svoj predlog za ime \u00bbCentra znanosti\u00ab, ki se glasi \u00bbZUM\u00ab. Iz njihovega prispevka je razvidno, da so veliko \u010dasa namenile razmi\u0161ljanju o inicialkah novega imena (znanost, umetnost, misli ali mo\u017egani), za katerega so se odlo\u010dile prav zaradi njegove jedrnatosti. Predlog nudi tudi mo\u017enost drugih asociacij, kot npr. znanstveni um, pribli\u017eati in razumeti&#8230; Komisijo je predlog prepri\u010dal zaradi \u010diste in jasne likovne predstavitve ter dobre obrazlo\u017eitve izbire imena, zato se je odlo\u010dila, da mu podeli enakovredno 2. nagrado in uvrsti na razstavo bolj\u0161ih predlogov.<\/p>\n\n\t\t<\/div>\n\t<\/div>\n<\/div><\/div><\/div><div class=\"wpb_column vc_column_container vc_col-sm-6\"><div class=\"vc_column-inner\"><div class=\"wpb_wrapper\">\n\t<div  class=\"wpb_single_image wpb_content_element vc_align_center wpb_content_element\">\n\t\t\n\t\t<figure class=\"wpb_wrapper vc_figure\">\n\t\t\t<div class=\"vc_single_image-wrapper   vc_box_border_grey\"><img decoding=\"async\" width=\"1000\" height=\"696\" src=\"https:\/\/igrivarhitektura.org\/new\/wp-content\/uploads\/2020\/03\/zum.jpg\" class=\"vc_single_image-img attachment-full\" alt=\"\" title=\"zum\" srcset=\"https:\/\/igrivarhitektura.org\/new\/wp-content\/uploads\/2020\/03\/zum-200x139.jpg 200w, https:\/\/igrivarhitektura.org\/new\/wp-content\/uploads\/2020\/03\/zum-300x209.jpg 300w, https:\/\/igrivarhitektura.org\/new\/wp-content\/uploads\/2020\/03\/zum-400x278.jpg 400w, https:\/\/igrivarhitektura.org\/new\/wp-content\/uploads\/2020\/03\/zum-600x418.jpg 600w, https:\/\/igrivarhitektura.org\/new\/wp-content\/uploads\/2020\/03\/zum-768x535.jpg 768w, https:\/\/igrivarhitektura.org\/new\/wp-content\/uploads\/2020\/03\/zum-800x557.jpg 800w, https:\/\/igrivarhitektura.org\/new\/wp-content\/uploads\/2020\/03\/zum.jpg 1000w\" sizes=\"(max-width: 1000px) 100vw, 1000px\" \/><\/div>\n\t\t<\/figure>\n\t<\/div>\n<\/div><\/div><\/div><\/div><div class=\"vc_row wpb_row vc_row-fluid\"><div class=\"wpb_column vc_column_container vc_col-sm-12\"><div class=\"vc_column-inner\"><div class=\"wpb_wrapper\"><div class=\"vc_empty_space\"   style=\"height: 10px\"><span class=\"vc_empty_space_inner\"><\/span><\/div><div class=\"vc_separator wpb_content_element vc_separator_align_center vc_sep_width_100 vc_sep_pos_align_center vc_separator_no_text vc_sep_color_grey wpb_content_element  wpb_content_element\" ><span class=\"vc_sep_holder vc_sep_holder_l\"><span class=\"vc_sep_line\"><\/span><\/span><span class=\"vc_sep_holder vc_sep_holder_r\"><span class=\"vc_sep_line\"><\/span><\/span>\n<\/div><div class=\"vc_empty_space\"   style=\"height: 10px\"><span class=\"vc_empty_space_inner\"><\/span><\/div><\/div><\/div><\/div><\/div><div class=\"vc_row wpb_row vc_row-fluid\"><div class=\"wpb_column vc_column_container vc_col-sm-6\"><div class=\"vc_column-inner\"><div class=\"wpb_wrapper\"><h3 style=\"text-align: left\" class=\"vc_custom_heading vc_do_custom_heading\" >ENAKOVREDNA 2. NAGRADA<\/h3><\/div><\/div><\/div><div class=\"wpb_column vc_column_container vc_col-sm-6\"><div class=\"vc_column-inner\"><div class=\"wpb_wrapper\"><\/div><\/div><\/div><\/div><div class=\"vc_row wpb_row vc_row-fluid\"><div class=\"wpb_column vc_column_container vc_col-sm-6\"><div class=\"vc_column-inner\"><div class=\"wpb_wrapper\">\n\t<div class=\"wpb_text_column wpb_content_element\" >\n\t\t<div class=\"wpb_wrapper\">\n\t\t\t<p>\u00bb<strong>VEGA<\/strong>\u00ab<\/p>\n<p><strong>avtorica:<\/strong> Neja Filip; Osnovna \u0161ola Pre\u017eihovega Voranca Bistrica<br \/>\n<strong>mentorici:<\/strong> Metka Filip, Klementina Weis<\/p>\n\n\t\t<\/div>\n\t<\/div>\n\n\t<div class=\"wpb_text_column wpb_content_element\" >\n\t\t<div class=\"wpb_wrapper\">\n\t\t\t<p>U\u010denka Osnovne \u0161ole Pre\u017eihovega Voranca Bistrica je za ime \u00bbCentra znanosti\u00ab izbrala ime \u00bbVega\u00ab. Navdih za iskanje imena je na\u0161la v svetovno znanem slovenskem fiziku Juriju Vegi, ki je pripomogel k velikemu napredku svetovne znanosti. U\u010denka je z domi\u0161ljeno in \u010disto likovno predstavitvijo imena pritegnila pozornost komisije, ki je mnenja, da si avtorica imena zaradi kvalitete predstavitve in ob\u0161irne obrazlo\u017eitve prislu\u017ei enakovredno 2. nagrado ter se uvrsti na razstavo bolj\u0161ih predlogov. Iz obrazlo\u017eitve likovne predstavitve je o\u010ditno, da je avtorica predstavitvi namenila veliko razmisleka in truda, saj je vsak del logotipa jasno obrazlo\u017een in utemeljen. Tako npr. prvo \u010drko imena predstavlja iluzijski trikotnik, ki ponazarja razmi\u0161ljanje, dvosmerna pu\u0161\u010dica pod imenom pa kemijsko reakcijo.<\/p>\n\n\t\t<\/div>\n\t<\/div>\n<\/div><\/div><\/div><div class=\"wpb_column vc_column_container vc_col-sm-6\"><div class=\"vc_column-inner\"><div class=\"wpb_wrapper\">\n\t<div  class=\"wpb_single_image wpb_content_element vc_align_center wpb_content_element\">\n\t\t\n\t\t<figure class=\"wpb_wrapper vc_figure\">\n\t\t\t<div class=\"vc_single_image-wrapper   vc_box_border_grey\"><img decoding=\"async\" width=\"1000\" height=\"669\" src=\"https:\/\/igrivarhitektura.org\/new\/wp-content\/uploads\/2020\/03\/vega.jpg\" class=\"vc_single_image-img attachment-full\" alt=\"\" title=\"vega\" srcset=\"https:\/\/igrivarhitektura.org\/new\/wp-content\/uploads\/2020\/03\/vega-200x134.jpg 200w, https:\/\/igrivarhitektura.org\/new\/wp-content\/uploads\/2020\/03\/vega-300x201.jpg 300w, https:\/\/igrivarhitektura.org\/new\/wp-content\/uploads\/2020\/03\/vega-400x268.jpg 400w, https:\/\/igrivarhitektura.org\/new\/wp-content\/uploads\/2020\/03\/vega-600x401.jpg 600w, https:\/\/igrivarhitektura.org\/new\/wp-content\/uploads\/2020\/03\/vega-768x514.jpg 768w, https:\/\/igrivarhitektura.org\/new\/wp-content\/uploads\/2020\/03\/vega-800x535.jpg 800w, https:\/\/igrivarhitektura.org\/new\/wp-content\/uploads\/2020\/03\/vega.jpg 1000w\" sizes=\"(max-width: 1000px) 100vw, 1000px\" \/><\/div>\n\t\t<\/figure>\n\t<\/div>\n<\/div><\/div><\/div><\/div><div class=\"vc_row wpb_row vc_row-fluid\"><div class=\"wpb_column vc_column_container vc_col-sm-12\"><div class=\"vc_column-inner\"><div class=\"wpb_wrapper\"><div class=\"vc_empty_space\"   style=\"height: 32px\"><span class=\"vc_empty_space_inner\"><\/span><\/div><\/div><\/div><\/div><\/div>\n<\/div>","protected":false},"excerpt":{"rendered":"NATE\u010cAJ ZA IZBOR IMENA \"CENTRA ZNANOSTI\" Ministrstvo za izobra\u017eevanje, znanost in \u0161port (v nadaljevanju Ministrstvo) je v sodelovanju s Centrom arhitekture Slovenije povabilo k sodelovanju na nate\u010daju za izbor imena \u00bbCentra znanosti\u00ab u\u010dence 7., 8. in 9. razreda osnovnih \u0161ol ter njihove mentorje. Center arhitekture Slovenije in Ministrstvo za izobra\u017eevanje, znanost in \u0161port sta oktobra","protected":false},"author":1,"featured_media":0,"parent":0,"menu_order":0,"comment_status":"closed","ping_status":"closed","template":"","meta":{"pgc_meta":"","iawp_total_views":6,"footnotes":""},"class_list":["post-1735","page","type-page","status-publish","hentry"],"pgc_meta":"","_links":{"self":[{"href":"https:\/\/igrivarhitektura.org\/en\/wp-json\/wp\/v2\/pages\/1735","targetHints":{"allow":["GET"]}}],"collection":[{"href":"https:\/\/igrivarhitektura.org\/en\/wp-json\/wp\/v2\/pages"}],"about":[{"href":"https:\/\/igrivarhitektura.org\/en\/wp-json\/wp\/v2\/types\/page"}],"author":[{"embeddable":true,"href":"https:\/\/igrivarhitektura.org\/en\/wp-json\/wp\/v2\/users\/1"}],"replies":[{"embeddable":true,"href":"https:\/\/igrivarhitektura.org\/en\/wp-json\/wp\/v2\/comments?post=1735"}],"version-history":[{"count":19,"href":"https:\/\/igrivarhitektura.org\/en\/wp-json\/wp\/v2\/pages\/1735\/revisions"}],"predecessor-version":[{"id":3092,"href":"https:\/\/igrivarhitektura.org\/en\/wp-json\/wp\/v2\/pages\/1735\/revisions\/3092"}],"wp:attachment":[{"href":"https:\/\/igrivarhitektura.org\/en\/wp-json\/wp\/v2\/media?parent=1735"}],"curies":[{"name":"wp","href":"https:\/\/api.w.org\/{rel}","templated":true}]}}