{"id":3010,"date":"2020-03-24T11:28:10","date_gmt":"2020-03-24T10:28:10","guid":{"rendered":"http:\/\/igrivarhitektura.org\/?page_id=3010"},"modified":"2020-03-24T16:47:50","modified_gmt":"2020-03-24T15:47:50","slug":"projektne-delavnice","status":"publish","type":"page","link":"https:\/\/igrivarhitektura.org\/en\/projektne-delavnice\/","title":{"rendered":"Project Workshops"},"content":{"rendered":"<div class=\"wpb-content-wrapper\"><div class=\"vc_row wpb_row vc_row-fluid\"><div class=\"wpb_column vc_column_container vc_col-sm-12\"><div class=\"vc_column-inner\"><div class=\"wpb_wrapper\"><div class=\"vc_empty_space\"   style=\"height: 20px\"><span class=\"vc_empty_space_inner\"><\/span><\/div><div class=\"vc_empty_space\"   style=\"height: 20px\"><span class=\"vc_empty_space_inner\"><\/span><\/div><h2 style=\"line-height: 1;text-align: left\" class=\"vc_custom_heading vc_do_custom_heading\" >PROJEKTNE DELAVNICE<\/h2>\n\t<div class=\"wpb_text_column wpb_content_element\" >\n\t\t<div class=\"wpb_wrapper\">\n\t\t\t<p>V Centru arhitekture Slovenije &#8211; program Igriva arhitektura &#8211; se trudimo k \u010dim ve\u010dji raznolikosti <strong>izkustvenih projektnih delavnic<\/strong>, ki jih lahko ponudimo u\u010diteljem in u\u010dencem osnovnih \u0161ol. Z aktivnim sodelovanjem in povezovanjem z mnogimi <strong>ob\u010dinami, podjetji in ministrstvi<\/strong> kreiramo projekte, nate\u010daje in posamezne cikle delavnic, ki poudarjajo pomen prostorskega opismenjevanja. Skozi delo na posameznih projektih u\u010denci spoznavajo grajeni in odprti prostor, trajnostni prostorski razvoj, zgodovino arhitekturne kulturne dedi\u0161\u010dine, poklice ter pridobivajo vrline osve\u0161\u010denih, ustvarjalnih in aktivnih dr\u017eavljanov.<\/p>\n<p><strong>Izkustveno delo<\/strong>, ki ga u\u010denci izkusijo v delavnicah, povezuje in zdru\u017euje umsko in telesno delo, mi\u0161ljenje in aktivnosti, \u0161olo in \u017eivljenje, teorijo in prakso, kar brez dvoma izbolj\u0161uje u\u010dne dose\u017eke posameznika. Uspe\u0161no u\u010denje, ki pomeni trajno spremembo v dejavnosti in osebnosti, je torej praviloma <strong>posledica izku\u0161enj<\/strong>. Prizadevamo si za smiselno integracijo delavnic v pedago\u0161ki proces kot obliko posredovanja prakti\u010dnih znanj z izku\u0161njo, ko je pomembna strnjenost in u\u010dinkovitost pridobljenega znanja.<\/p>\n\n\t\t<\/div>\n\t<\/div>\n<div class=\"vc_empty_space\"   style=\"height: 20px\"><span class=\"vc_empty_space_inner\"><\/span><\/div><div class=\"vc_separator wpb_content_element vc_separator_align_center vc_sep_width_100 vc_sep_pos_align_center vc_separator_no_text vc_sep_color_grey wpb_content_element  wpb_content_element\" ><span class=\"vc_sep_holder vc_sep_holder_l\"><span class=\"vc_sep_line\"><\/span><\/span><span class=\"vc_sep_holder vc_sep_holder_r\"><span class=\"vc_sep_line\"><\/span><\/span>\n<\/div><\/div><\/div><\/div><\/div><div class=\"vc_row wpb_row vc_row-fluid\"><div class=\"wpb_column vc_column_container vc_col-sm-3\"><div class=\"vc_column-inner\"><div class=\"wpb_wrapper\"><h3 style=\"text-align: center\" class=\"vc_custom_heading vc_do_custom_heading\" ><a href=\"http:\/\/igrivarhitektura.org\/ravnikarjeve-delavnice\/\" target=\"_blank\">RAVNIKARJEVE DELAVNICE<\/a><\/h3><div class=\"vc_empty_space\"   style=\"height: 10px\"><span class=\"vc_empty_space_inner\"><\/span><\/div>\n\t<div  class=\"wpb_single_image wpb_content_element vc_align_left wpb_content_element\">\n\t\t\n\t\t<figure class=\"wpb_wrapper vc_figure\">\n\t\t\t<a href=\"http:\/\/igrivarhitektura.org\/ravnikarjeve-delavnice\/\" target=\"_blank\" class=\"vc_single_image-wrapper   vc_box_border_grey\"><img decoding=\"async\" width=\"1000\" height=\"702\" src=\"https:\/\/igrivarhitektura.org\/new\/wp-content\/uploads\/2020\/03\/podpis_ER.jpg\" class=\"vc_single_image-img attachment-full\" alt=\"\" title=\"podpis_ER\" srcset=\"https:\/\/igrivarhitektura.org\/new\/wp-content\/uploads\/2020\/03\/podpis_ER-200x140.jpg 200w, https:\/\/igrivarhitektura.org\/new\/wp-content\/uploads\/2020\/03\/podpis_ER-300x211.jpg 300w, https:\/\/igrivarhitektura.org\/new\/wp-content\/uploads\/2020\/03\/podpis_ER-400x281.jpg 400w, https:\/\/igrivarhitektura.org\/new\/wp-content\/uploads\/2020\/03\/podpis_ER-600x421.jpg 600w, https:\/\/igrivarhitektura.org\/new\/wp-content\/uploads\/2020\/03\/podpis_ER-768x539.jpg 768w, https:\/\/igrivarhitektura.org\/new\/wp-content\/uploads\/2020\/03\/podpis_ER-800x562.jpg 800w, https:\/\/igrivarhitektura.org\/new\/wp-content\/uploads\/2020\/03\/podpis_ER.jpg 1000w\" sizes=\"(max-width: 1000px) 100vw, 1000px\" \/><\/a>\n\t\t<\/figure>\n\t<\/div>\n<\/div><\/div><\/div><div class=\"wpb_column vc_column_container vc_col-sm-3\"><div class=\"vc_column-inner\"><div class=\"wpb_wrapper\"><h3 style=\"text-align: center\" class=\"vc_custom_heading vc_do_custom_heading\" >VURNIKOVE DELAVNICE<\/h3><div class=\"vc_empty_space\"   style=\"height: 10px\"><span class=\"vc_empty_space_inner\"><\/span><\/div>\n\t<div  class=\"wpb_single_image wpb_content_element vc_align_left wpb_content_element\">\n\t\t\n\t\t<figure class=\"wpb_wrapper vc_figure\">\n\t\t\t<div class=\"vc_single_image-wrapper   vc_box_border_grey\"><img decoding=\"async\" class=\"vc_single_image-img\" src=\"https:\/\/igrivarhitektura.org\/new\/wp-content\/uploads\/2020\/03\/VURNIK_lucke_OSLipnica05o-497x388.jpg\" width=\"497\" height=\"388\" alt=\"VURNIK_lucke_OSLipnica05o\" title=\"VURNIK_lucke_OSLipnica05o\" \/><\/div>\n\t\t<\/figure>\n\t<\/div>\n<\/div><\/div><\/div><div class=\"wpb_column vc_column_container vc_col-sm-3\"><div class=\"vc_column-inner\"><div class=\"wpb_wrapper\"><h3 style=\"text-align: center\" class=\"vc_custom_heading vc_do_custom_heading\" ><a href=\"http:\/\/igrivarhitektura.org\/natecaj-center-znanosti\/\" target=\"_blank\">NATE\u010cAJ ZA IZBOR IMENA \"CENTRA ZNANOSTI\"<\/a><\/h3><div class=\"vc_empty_space\"   style=\"height: 10px\"><span class=\"vc_empty_space_inner\"><\/span><\/div>\n\t<div  class=\"wpb_single_image wpb_content_element vc_align_left wpb_content_element\">\n\t\t\n\t\t<figure class=\"wpb_wrapper vc_figure\">\n\t\t\t<a href=\"http:\/\/igrivarhitektura.org\/natecaj-center-znanosti\/\" target=\"_blank\" class=\"vc_single_image-wrapper   vc_box_border_grey\"><img decoding=\"async\" width=\"1545\" height=\"900\" src=\"https:\/\/igrivarhitektura.org\/new\/wp-content\/uploads\/2020\/03\/natecaj-CenterZnanosti1WEB.jpg\" class=\"vc_single_image-img attachment-full\" alt=\"\" title=\"natecaj-CenterZnanosti1WEB\" srcset=\"https:\/\/igrivarhitektura.org\/new\/wp-content\/uploads\/2020\/03\/natecaj-CenterZnanosti1WEB-200x117.jpg 200w, https:\/\/igrivarhitektura.org\/new\/wp-content\/uploads\/2020\/03\/natecaj-CenterZnanosti1WEB-300x175.jpg 300w, https:\/\/igrivarhitektura.org\/new\/wp-content\/uploads\/2020\/03\/natecaj-CenterZnanosti1WEB-400x233.jpg 400w, https:\/\/igrivarhitektura.org\/new\/wp-content\/uploads\/2020\/03\/natecaj-CenterZnanosti1WEB-600x350.jpg 600w, https:\/\/igrivarhitektura.org\/new\/wp-content\/uploads\/2020\/03\/natecaj-CenterZnanosti1WEB-768x447.jpg 768w, https:\/\/igrivarhitektura.org\/new\/wp-content\/uploads\/2020\/03\/natecaj-CenterZnanosti1WEB-800x466.jpg 800w, https:\/\/igrivarhitektura.org\/new\/wp-content\/uploads\/2020\/03\/natecaj-CenterZnanosti1WEB-1024x597.jpg 1024w, https:\/\/igrivarhitektura.org\/new\/wp-content\/uploads\/2020\/03\/natecaj-CenterZnanosti1WEB-1200x699.jpg 1200w, https:\/\/igrivarhitektura.org\/new\/wp-content\/uploads\/2020\/03\/natecaj-CenterZnanosti1WEB-1536x895.jpg 1536w, https:\/\/igrivarhitektura.org\/new\/wp-content\/uploads\/2020\/03\/natecaj-CenterZnanosti1WEB.jpg 1545w\" sizes=\"(max-width: 1545px) 100vw, 1545px\" \/><\/a>\n\t\t<\/figure>\n\t<\/div>\n<\/div><\/div><\/div><div class=\"wpb_column vc_column_container vc_col-sm-3\"><div class=\"vc_column-inner\"><div class=\"wpb_wrapper\"><h3 style=\"text-align: center\" class=\"vc_custom_heading vc_do_custom_heading\" ><a href=\"http:\/\/igrivarhitektura.org\/materialrokaizkusnja\/\" target=\"_blank\">MATERIAL + HAND = EXPERIENCE<\/a><\/h3><div class=\"vc_empty_space\"   style=\"height: 10px\"><span class=\"vc_empty_space_inner\"><\/span><\/div>\n\t<div  class=\"wpb_single_image wpb_content_element vc_align_left wpb_content_element\">\n\t\t\n\t\t<figure class=\"wpb_wrapper vc_figure\">\n\t\t\t<a href=\"http:\/\/igrivarhitektura.org\/materialrokaizkusnja\/\" target=\"_blank\" class=\"vc_single_image-wrapper   vc_box_border_grey\"><img decoding=\"async\" class=\"vc_single_image-img\" src=\"https:\/\/igrivarhitektura.org\/new\/wp-content\/uploads\/2020\/03\/kamen_les_web-500x400.jpg\" width=\"500\" height=\"400\" alt=\"kamen_les_web\" title=\"kamen_les_web\" \/><\/a>\n\t\t<\/figure>\n\t<\/div>\n<\/div><\/div><\/div><\/div><div class=\"vc_row wpb_row vc_row-fluid\"><div class=\"wpb_column vc_column_container vc_col-sm-3\"><div class=\"vc_column-inner\"><div class=\"wpb_wrapper\">\n\t<div class=\"wpb_text_column wpb_content_element\" >\n\t\t<div class=\"wpb_wrapper\">\n\t\t\t<p style=\"text-align: center;\"><em>S klikom na <span style=\"color: #000000;\"><a style=\"color: #000000;\" href=\"http:\/\/igrivarhitektura.org\/ravnikarjeve-delavnice\/\" target=\"_blank\" rel=\"noopener noreferrer\"><span style=\"text-decoration: underline;\">povezavo<\/span><\/a> <\/span>si oglejte ve\u010d o projektu Ravnikarjevih delavnic.<\/em><\/p>\n\n\t\t<\/div>\n\t<\/div>\n<\/div><\/div><\/div><div class=\"wpb_column vc_column_container vc_col-sm-3\"><div class=\"vc_column-inner\"><div class=\"wpb_wrapper\"><\/div><\/div><\/div><div class=\"wpb_column vc_column_container vc_col-sm-3\"><div class=\"vc_column-inner\"><div class=\"wpb_wrapper\">\n\t<div class=\"wpb_text_column wpb_content_element\" >\n\t\t<div class=\"wpb_wrapper\">\n\t\t\t<p style=\"text-align: center;\"><em>S klikom na <span style=\"color: #000000;\"><a style=\"color: #000000;\" href=\"http:\/\/igrivarhitektura.org\/natecaj-center-znanosti\/\" target=\"_blank\" rel=\"noopener noreferrer\"><span style=\"text-decoration: underline;\">povezavo<\/span><\/a><\/span> si oglejte ve\u010d o Nate\u010daju za izbor imena &#8220;Centra znanosti&#8221;.<\/em><\/p>\n\n\t\t<\/div>\n\t<\/div>\n<\/div><\/div><\/div><div class=\"wpb_column vc_column_container vc_col-sm-3\"><div class=\"vc_column-inner\"><div class=\"wpb_wrapper\">\n\t<div class=\"wpb_text_column wpb_content_element\" >\n\t\t<div class=\"wpb_wrapper\">\n\t\t\t<p style=\"text-align: center;\"><em>S klikom na <span style=\"color: #000000;\"><a style=\"color: #000000;\" href=\"http:\/\/igrivarhitektura.org\/materialrokaizkusnja\/\" target=\"_blank\" rel=\"noopener noreferrer\"><span style=\"text-decoration: underline;\">povezavo<\/span><\/a><\/span> si oglejte ve\u010d o projektu MATERIAL + ROKA = IZKU\u0160NJA.<\/em><\/p>\n\n\t\t<\/div>\n\t<\/div>\n<\/div><\/div><\/div><\/div><div class=\"vc_row wpb_row vc_row-fluid\"><div class=\"wpb_column vc_column_container vc_col-sm-12\"><div class=\"vc_column-inner\"><div class=\"wpb_wrapper\"><div class=\"vc_separator wpb_content_element vc_separator_align_center vc_sep_width_100 vc_sep_pos_align_center vc_separator_no_text vc_sep_color_grey wpb_content_element  wpb_content_element\" ><span class=\"vc_sep_holder vc_sep_holder_l\"><span class=\"vc_sep_line\"><\/span><\/span><span class=\"vc_sep_holder vc_sep_holder_r\"><span class=\"vc_sep_line\"><\/span><\/span>\n<\/div><\/div><\/div><\/div><\/div><div class=\"vc_row wpb_row vc_row-fluid\"><div class=\"wpb_column vc_column_container vc_col-sm-3\"><div class=\"vc_column-inner\"><div class=\"wpb_wrapper\"><div class=\"vc_empty_space\"   style=\"height: 10px\"><span class=\"vc_empty_space_inner\"><\/span><\/div>\n\t<div  class=\"wpb_single_image wpb_content_element vc_align_center wpb_content_element\">\n\t\t\n\t\t<figure class=\"wpb_wrapper vc_figure\">\n\t\t\t<div class=\"vc_single_image-wrapper   vc_box_border_grey\"><img decoding=\"async\" class=\"vc_single_image-img\" src=\"https:\/\/igrivarhitektura.org\/new\/wp-content\/uploads\/2020\/03\/logoMONG_z_napisom_jpg-92x108.jpg\" width=\"92\" height=\"108\" alt=\"logoMONG_z_napisom_jpg\" title=\"logoMONG_z_napisom_jpg\" \/><\/div>\n\t\t<\/figure>\n\t<\/div>\n<\/div><\/div><\/div><div class=\"wpb_column vc_column_container vc_col-sm-3\"><div class=\"vc_column-inner\"><div class=\"wpb_wrapper\"><div class=\"vc_empty_space\"   style=\"height: 10px\"><span class=\"vc_empty_space_inner\"><\/span><\/div>\n\t<div  class=\"wpb_single_image wpb_content_element vc_align_center wpb_content_element\">\n\t\t\n\t\t<figure class=\"wpb_wrapper vc_figure\">\n\t\t\t<div class=\"vc_single_image-wrapper   vc_box_border_grey\"><img decoding=\"async\" class=\"vc_single_image-img\" src=\"https:\/\/igrivarhitektura.org\/new\/wp-content\/uploads\/2020\/03\/ObcRadovljica-136x95.jpg\" width=\"136\" height=\"95\" alt=\"ObcRadovljica\" title=\"ObcRadovljica\" \/><\/div>\n\t\t<\/figure>\n\t<\/div>\n<\/div><\/div><\/div><div class=\"wpb_column vc_column_container vc_col-sm-3\"><div class=\"vc_column-inner\"><div class=\"wpb_wrapper\"><div class=\"vc_empty_space\"   style=\"height: 10px\"><span class=\"vc_empty_space_inner\"><\/span><\/div>\n\t<div  class=\"wpb_single_image wpb_content_element vc_align_left wpb_content_element\">\n\t\t\n\t\t<figure class=\"wpb_wrapper vc_figure\">\n\t\t\t<div class=\"vc_single_image-wrapper   vc_box_border_grey\"><img decoding=\"async\" width=\"796\" height=\"129\" src=\"https:\/\/igrivarhitektura.org\/new\/wp-content\/uploads\/2020\/03\/MIZS_sloven\u0161\u010dina.jpg\" class=\"vc_single_image-img attachment-full\" alt=\"\" title=\"MIZS_sloven\u0161\u010dina\" srcset=\"https:\/\/igrivarhitektura.org\/new\/wp-content\/uploads\/2020\/03\/MIZS_sloven\u0161\u010dina-200x32.jpg 200w, https:\/\/igrivarhitektura.org\/new\/wp-content\/uploads\/2020\/03\/MIZS_sloven\u0161\u010dina-300x49.jpg 300w, https:\/\/igrivarhitektura.org\/new\/wp-content\/uploads\/2020\/03\/MIZS_sloven\u0161\u010dina-400x65.jpg 400w, https:\/\/igrivarhitektura.org\/new\/wp-content\/uploads\/2020\/03\/MIZS_sloven\u0161\u010dina-600x97.jpg 600w, https:\/\/igrivarhitektura.org\/new\/wp-content\/uploads\/2020\/03\/MIZS_sloven\u0161\u010dina-768x124.jpg 768w, https:\/\/igrivarhitektura.org\/new\/wp-content\/uploads\/2020\/03\/MIZS_sloven\u0161\u010dina.jpg 796w\" sizes=\"(max-width: 796px) 100vw, 796px\" \/><\/div>\n\t\t<\/figure>\n\t<\/div>\n\n\t<div  class=\"wpb_single_image wpb_content_element vc_align_left wpb_content_element\">\n\t\t\n\t\t<figure class=\"wpb_wrapper vc_figure\">\n\t\t\t<div class=\"vc_single_image-wrapper   vc_box_border_grey\"><img decoding=\"async\" width=\"1000\" height=\"484\" src=\"https:\/\/igrivarhitektura.org\/new\/wp-content\/uploads\/2020\/03\/Logo_EKP_strukturni_in_investicijski_skladi_SLO.jpg\" class=\"vc_single_image-img attachment-full\" alt=\"\" title=\"Logo_EKP_strukturni_in_investicijski_skladi_SLO\" srcset=\"https:\/\/igrivarhitektura.org\/new\/wp-content\/uploads\/2020\/03\/Logo_EKP_strukturni_in_investicijski_skladi_SLO-200x97.jpg 200w, https:\/\/igrivarhitektura.org\/new\/wp-content\/uploads\/2020\/03\/Logo_EKP_strukturni_in_investicijski_skladi_SLO-300x145.jpg 300w, https:\/\/igrivarhitektura.org\/new\/wp-content\/uploads\/2020\/03\/Logo_EKP_strukturni_in_investicijski_skladi_SLO-400x194.jpg 400w, https:\/\/igrivarhitektura.org\/new\/wp-content\/uploads\/2020\/03\/Logo_EKP_strukturni_in_investicijski_skladi_SLO-600x290.jpg 600w, https:\/\/igrivarhitektura.org\/new\/wp-content\/uploads\/2020\/03\/Logo_EKP_strukturni_in_investicijski_skladi_SLO-768x372.jpg 768w, https:\/\/igrivarhitektura.org\/new\/wp-content\/uploads\/2020\/03\/Logo_EKP_strukturni_in_investicijski_skladi_SLO-800x387.jpg 800w, https:\/\/igrivarhitektura.org\/new\/wp-content\/uploads\/2020\/03\/Logo_EKP_strukturni_in_investicijski_skladi_SLO.jpg 1000w\" sizes=\"(max-width: 1000px) 100vw, 1000px\" \/><\/div>\n\t\t<\/figure>\n\t<\/div>\n<\/div><\/div><\/div><div class=\"wpb_column vc_column_container vc_col-sm-3\"><div class=\"vc_column-inner\"><div class=\"wpb_wrapper\"><div class=\"vc_empty_space\"   style=\"height: 10px\"><span class=\"vc_empty_space_inner\"><\/span><\/div>\n\t<div  class=\"wpb_single_image wpb_content_element vc_align_center wpb_content_element\">\n\t\t\n\t\t<figure class=\"wpb_wrapper vc_figure\">\n\t\t\t<div class=\"vc_single_image-wrapper   vc_box_border_grey\"><img decoding=\"async\" class=\"vc_single_image-img\" src=\"https:\/\/igrivarhitektura.org\/new\/wp-content\/uploads\/2020\/03\/CPI-200x55.png\" width=\"200\" height=\"55\" alt=\"CPI\" title=\"CPI\" \/><\/div>\n\t\t<\/figure>\n\t<\/div>\n\n\t<div  class=\"wpb_single_image wpb_content_element vc_align_center wpb_content_element\">\n\t\t\n\t\t<figure class=\"wpb_wrapper vc_figure\">\n\t\t\t<div class=\"vc_single_image-wrapper   vc_box_border_grey\"><img decoding=\"async\" class=\"vc_single_image-img\" src=\"https:\/\/igrivarhitektura.org\/new\/wp-content\/uploads\/2020\/03\/BORTOLATO-01-210x50.png\" width=\"210\" height=\"50\" alt=\"BORTOLATO-01\" title=\"BORTOLATO-01\" \/><\/div>\n\t\t<\/figure>\n\t<\/div>\n<\/div><\/div><\/div><\/div><div class=\"vc_row wpb_row vc_row-fluid\"><div class=\"wpb_column vc_column_container vc_col-sm-12\"><div class=\"vc_column-inner\"><div class=\"wpb_wrapper\"><div class=\"vc_empty_space\"   style=\"height: 32px\"><span class=\"vc_empty_space_inner\"><\/span><\/div><\/div><\/div><\/div><\/div>\n<\/div>","protected":false},"excerpt":{"rendered":"PROJEKTNE DELAVNICE V Centru arhitekture Slovenije - program Igriva arhitektura - se trudimo k \u010dim ve\u010dji raznolikosti izkustvenih projektnih delavnic, ki jih lahko ponudimo u\u010diteljem in u\u010dencem osnovnih \u0161ol. Z aktivnim sodelovanjem in povezovanjem z mnogimi ob\u010dinami, podjetji in ministrstvi kreiramo projekte, nate\u010daje in posamezne cikle delavnic, ki poudarjajo pomen prostorskega opismenjevanja. Skozi delo na","protected":false},"author":3,"featured_media":0,"parent":0,"menu_order":0,"comment_status":"closed","ping_status":"closed","template":"","meta":{"pgc_meta":"","iawp_total_views":58,"footnotes":""},"class_list":["post-3010","page","type-page","status-publish","hentry"],"pgc_meta":"","_links":{"self":[{"href":"https:\/\/igrivarhitektura.org\/en\/wp-json\/wp\/v2\/pages\/3010","targetHints":{"allow":["GET"]}}],"collection":[{"href":"https:\/\/igrivarhitektura.org\/en\/wp-json\/wp\/v2\/pages"}],"about":[{"href":"https:\/\/igrivarhitektura.org\/en\/wp-json\/wp\/v2\/types\/page"}],"author":[{"embeddable":true,"href":"https:\/\/igrivarhitektura.org\/en\/wp-json\/wp\/v2\/users\/3"}],"replies":[{"embeddable":true,"href":"https:\/\/igrivarhitektura.org\/en\/wp-json\/wp\/v2\/comments?post=3010"}],"version-history":[{"count":8,"href":"https:\/\/igrivarhitektura.org\/en\/wp-json\/wp\/v2\/pages\/3010\/revisions"}],"predecessor-version":[{"id":3081,"href":"https:\/\/igrivarhitektura.org\/en\/wp-json\/wp\/v2\/pages\/3010\/revisions\/3081"}],"wp:attachment":[{"href":"https:\/\/igrivarhitektura.org\/en\/wp-json\/wp\/v2\/media?parent=3010"}],"curies":[{"name":"wp","href":"https:\/\/api.w.org\/{rel}","templated":true}]}}