{"id":3292,"date":"2020-04-07T13:29:55","date_gmt":"2020-04-07T12:29:55","guid":{"rendered":"http:\/\/igrivarhitektura.org\/?page_id=3292"},"modified":"2022-05-09T06:22:10","modified_gmt":"2022-05-09T05:22:10","slug":"dopisovanje-z-igijem-spicem","status":"publish","type":"page","link":"https:\/\/igrivarhitektura.org\/en\/dopisovanje-z-igijem-spicem\/","title":{"rendered":"Letters from Iggy Peck"},"content":{"rendered":"<div class=\"wpb-content-wrapper\"><div class=\"vc_row wpb_row vc_row-fluid\"><div class=\"wpb_column vc_column_container vc_col-sm-12\"><div class=\"vc_column-inner\"><div class=\"wpb_wrapper\"><div class=\"vc_empty_space\"   style=\"height: 20px\"><span class=\"vc_empty_space_inner\"><\/span><\/div><\/div><\/div><\/div><\/div><div class=\"vc_row wpb_row vc_row-fluid\"><div class=\"wpb_column vc_column_container vc_col-sm-8\"><div class=\"vc_column-inner\"><div class=\"wpb_wrapper\"><h1 style=\"text-align: left\" class=\"vc_custom_heading vc_do_custom_heading\" >IGI \u0160PIC, ARHITEKT<\/h1><h2 style=\"text-align: left\" class=\"vc_custom_heading vc_do_custom_heading\" >PO PO\u0160TI PRIPOTUJE V VA\u0160 MALI SVET<\/h2>\n\t<div class=\"wpb_text_column wpb_content_element\" >\n\t\t<div class=\"wpb_wrapper\">\n\t\t\t<p><em>\u00bbNekateri otroci gradijo gradove iz peska, nekateri otroci delajo poti\u010dke, nekateri gradijo ogromne stolpe iz kock, toda nih\u010de ni bolj\u0161i v gradnji kot Igi \u0160pic. \u0160koda, da le malo ljudi ceni njegov dar, \u0161e najmanj pa njegova u\u010diteljica, gospodi\u010dna Lila. Ko \u017ee ka\u017ee, da bo Igi moral zamenjati svoja orodja za vo\u0161\u010denke, na usodnem \u0161olskem izletu sprevidijo, da je lahko dober arhitekt \u0161e kako koristen!\u00ab<\/em><\/p>\n<p><em>&#8211; odlomek iz slikanice Igi \u0160pic, arhitekt<\/em><\/p>\n\n\t\t<\/div>\n\t<\/div>\n<\/div><\/div><\/div><div class=\"wpb_column vc_column_container vc_col-sm-4\"><div class=\"vc_column-inner\"><div class=\"wpb_wrapper\"><\/div><\/div><\/div><\/div><div class=\"vc_row wpb_row vc_row-fluid\"><div class=\"wpb_column vc_column_container vc_col-sm-12\"><div class=\"vc_column-inner\"><div class=\"wpb_wrapper\"><div class=\"vc_separator wpb_content_element vc_separator_align_center vc_sep_width_100 vc_sep_pos_align_center vc_separator_no_text vc_sep_color_grey wpb_content_element  wpb_content_element\" ><span class=\"vc_sep_holder vc_sep_holder_l\"><span class=\"vc_sep_line\"><\/span><\/span><span class=\"vc_sep_holder vc_sep_holder_r\"><span class=\"vc_sep_line\"><\/span><\/span>\n<\/div><\/div><\/div><\/div><\/div><div class=\"vc_row wpb_row vc_row-fluid\"><div class=\"wpb_column vc_column_container vc_col-sm-8\"><div class=\"vc_column-inner\"><div class=\"wpb_wrapper\">\n\t<div class=\"wpb_text_column wpb_content_element vc_custom_1597734390446\" >\n\t\t<div class=\"wpb_wrapper\">\n\t\t\t<p><strong><em>Igi \u0160pic, arhitekt<\/em><\/strong> je otro\u0161ka slikanica v verzih, v kateri nastopa radoveden de\u010dek Igi, ki ga \u017ee od malih nog zanima arhitektura. Ker smo v Centru arhitekture Slovenije trdno prepri\u010dani, da imata <strong>prostor in arhitektura<\/strong> izjemen vpliv na na\u0161e po\u010dutje, zdravje in ustvarjanje, smo za vrt\u010devske otroke pripravili <strong>zanimiva, igriva in pou\u010dna pisma<\/strong> <strong>z ustvarjalnimi nalogami<\/strong> iz tega podro\u010dja.<\/p>\n<p><strong>Ilustrirano pismo knji\u017enega junaka Igija<\/strong>, s katerim otroci igrivo spoznavajo vsaki\u010d drugo zanimivo mesto, v<strong> poljubnem \u010dasovnem razponu<\/strong> (enkrat tedensko, enkrat mese\u010dno ali dvakrat mese\u010dno) po\u0161ljemo v va\u0161 vrtec. Pismo skupaj z otroki preberete, otroci pa nato s pomo\u010djo vzgojiteljic in vzgojiteljev sledijo navodilom, ob tem pa <strong>raziskujejo, ri\u0161ejo ter izdelujejo razli\u010dne izdelke in makete<\/strong>. Otrokom tako skupaj z vami na druga\u010den na\u010din omogo\u010dimo <strong>ustvarjalno do\u017eivetje,<\/strong> s katerim bodo na igriv na\u010din spoznavali nova mesta, zanje zna\u010dilno arhitekturo, nove prostore, kraje in besede.<\/p>\n<p><strong>Z<\/strong> <strong>dopisovanjem s knji\u017enim junakom Igijem \u0160picem<\/strong> otroci vzpostavijo posebno povezavo, tako pa si pridobljeno znanje skozi igro in ustvarjanje \u0161e posebej dobro zapomnijo. Igi se odgovorov na svoja pisma vedno zelo razveseli in z veseljem odgovori na vpra\u0161anja mladih nadobudne\u017eev, njegovi pomo\u010dniki pa risbice redno objavljajo na spletu.<\/p>\n\n\t\t<\/div>\n\t<\/div>\n<\/div><\/div><\/div><div class=\"wpb_column vc_column_container vc_col-sm-4\"><div class=\"vc_column-inner\"><div class=\"wpb_wrapper\">\n\t<div  class=\"wpb_single_image wpb_content_element vc_align_right wpb_content_element\">\n\t\t\n\t\t<figure class=\"wpb_wrapper vc_figure\">\n\t\t\t<a href=\"https:\/\/issuu.com\/rokus-klett\/docs\/igi_spic_notranjost_low\/2\" target=\"_self\" class=\"vc_single_image-wrapper   vc_box_border_grey\"><img decoding=\"async\" width=\"300\" height=\"300\" src=\"https:\/\/igrivarhitektura.org\/new\/wp-content\/uploads\/2020\/04\/naslovnica-300x300.jpg\" class=\"vc_single_image-img attachment-medium\" alt=\"\" title=\"naslovnica\" srcset=\"https:\/\/igrivarhitektura.org\/new\/wp-content\/uploads\/2020\/04\/naslovnica-66x66.jpg 66w, https:\/\/igrivarhitektura.org\/new\/wp-content\/uploads\/2020\/04\/naslovnica-150x150.jpg 150w, https:\/\/igrivarhitektura.org\/new\/wp-content\/uploads\/2020\/04\/naslovnica-200x200.jpg 200w, https:\/\/igrivarhitektura.org\/new\/wp-content\/uploads\/2020\/04\/naslovnica-300x300.jpg 300w, https:\/\/igrivarhitektura.org\/new\/wp-content\/uploads\/2020\/04\/naslovnica-400x400.jpg 400w, https:\/\/igrivarhitektura.org\/new\/wp-content\/uploads\/2020\/04\/naslovnica-600x600.jpg 600w, https:\/\/igrivarhitektura.org\/new\/wp-content\/uploads\/2020\/04\/naslovnica-768x768.jpg 768w, https:\/\/igrivarhitektura.org\/new\/wp-content\/uploads\/2020\/04\/naslovnica.jpg 800w\" sizes=\"(max-width: 300px) 100vw, 300px\" \/><\/a>\n\t\t<\/figure>\n\t<\/div>\n<\/div><\/div><\/div><\/div><div class=\"vc_row wpb_row vc_row-fluid\"><div class=\"wpb_column vc_column_container vc_col-sm-12\"><div class=\"vc_column-inner\"><div class=\"wpb_wrapper\"><div class=\"vc_separator wpb_content_element vc_separator_align_center vc_sep_width_100 vc_sep_pos_align_center vc_separator_no_text vc_sep_color_grey wpb_content_element  wpb_content_element\" ><span class=\"vc_sep_holder vc_sep_holder_l\"><span class=\"vc_sep_line\"><\/span><\/span><span class=\"vc_sep_holder vc_sep_holder_r\"><span class=\"vc_sep_line\"><\/span><\/span>\n<\/div><div class=\"vc_empty_space\"   style=\"height: 18px\"><span class=\"vc_empty_space_inner\"><\/span><\/div><\/div><\/div><\/div><\/div><div class=\"vc_row wpb_row vc_row-fluid\"><div class=\"wpb_column vc_column_container vc_col-sm-8\"><div class=\"vc_column-inner\"><div class=\"wpb_wrapper\">\n\t<div class=\"wpb_text_column wpb_content_element vc_custom_1652073719798\" >\n\t\t<div class=\"wpb_wrapper\">\n\t\t\t<p><strong>VSEBINA ILUSTRIRANIH PISEM<\/strong><\/p>\n<p>Prvo pismo: <strong>Neboti\u010dniki v velemestu New York<\/strong><br \/>\nDrugo pismo: <strong>Najbolj znan stolp v Parizu<\/strong><br \/>\nTretje pismo: <strong>Skriti zmaji v Ljubljani<\/strong><\/p>\n<p>Cena za<strong> tri pisemske po\u0161iljke <\/strong>z Igijevim nagovorom in <strong>7 nalogami<\/strong> za izvedbo delavnic, je<strong> 150,00 eur + DDV<\/strong>.<br \/>\nV ceno je <strong>vklju\u010dena slikanica<\/strong> <strong>Igi \u0160pic, arhitekt<\/strong> in vsi stro\u0161ki tiska, materialni stro\u0161ki in stro\u0161ki po\u0161iljanja.<\/p>\n\n\t\t<\/div>\n\t<\/div>\n<\/div><\/div><\/div><div class=\"wpb_column vc_column_container vc_col-sm-4\"><div class=\"vc_column-inner\"><div class=\"wpb_wrapper\">\n\t<div class=\"wpb_text_column wpb_content_element\" >\n\t\t<div class=\"wpb_wrapper\">\n\t\t\t<p><em>Otro\u0161ko slikanico <strong>Igi \u0160pic, arhitekt<\/strong>, ki se je ob izidu izvirnika v reviji Time uvrstila med 10 najbolj\u0161ih otro\u0161kih knjig, lahko naro\u010dite na <span style=\"text-decoration: underline;\"><a href=\"mailto:info@centerarhitekture.org\">info (at) centerarhitekture.org<\/a><\/span> ali jo poi\u0161\u010dete v bli\u017enji knjigarni.\u00a0<\/em><\/p>\n<p><em>Slikanica Iggy Peck, Architect, avtorice Andree Beaty z ilustracijami Davida Robinsa, je iz\u0161la leta 2007 pri zalo\u017ebi Abram v New Yorku. Leta 2010 je slikanica v slovenskem jeziku, v prevodu pesnika in pisatelja Matja\u017ea Pikala, iz\u0161la pri zalo\u017ebi <a href=\"https:\/\/www.rokus-klett.si\/\"><span style=\"text-decoration: underline;\">Rokus Klett<\/span><\/a>.<\/em><\/p>\n\n\t\t<\/div>\n\t<\/div>\n<\/div><\/div><\/div><\/div><div class=\"vc_row wpb_row vc_row-fluid\"><div class=\"wpb_column vc_column_container vc_col-sm-12\"><div class=\"vc_column-inner\"><div class=\"wpb_wrapper\"><div class=\"vc_empty_space\"   style=\"height: 20px\"><span class=\"vc_empty_space_inner\"><\/span><\/div><\/div><\/div><\/div><\/div>\n<\/div>","protected":false},"excerpt":{"rendered":"IGI \u0160PIC, ARHITEKTPO PO\u0160TI PRIPOTUJE V VA\u0160 MALI SVET \u00bbNekateri otroci gradijo gradove iz peska, nekateri otroci delajo poti\u010dke, nekateri gradijo ogromne stolpe iz kock, toda nih\u010de ni bolj\u0161i v gradnji kot Igi \u0160pic. \u0160koda, da le malo ljudi ceni njegov dar, \u0161e najmanj pa njegova u\u010diteljica, gospodi\u010dna Lila. Ko \u017ee ka\u017ee, da bo Igi","protected":false},"author":3,"featured_media":0,"parent":0,"menu_order":0,"comment_status":"closed","ping_status":"closed","template":"","meta":{"pgc_meta":"","iawp_total_views":23,"footnotes":""},"class_list":["post-3292","page","type-page","status-publish","hentry"],"pgc_meta":"","_links":{"self":[{"href":"https:\/\/igrivarhitektura.org\/en\/wp-json\/wp\/v2\/pages\/3292","targetHints":{"allow":["GET"]}}],"collection":[{"href":"https:\/\/igrivarhitektura.org\/en\/wp-json\/wp\/v2\/pages"}],"about":[{"href":"https:\/\/igrivarhitektura.org\/en\/wp-json\/wp\/v2\/types\/page"}],"author":[{"embeddable":true,"href":"https:\/\/igrivarhitektura.org\/en\/wp-json\/wp\/v2\/users\/3"}],"replies":[{"embeddable":true,"href":"https:\/\/igrivarhitektura.org\/en\/wp-json\/wp\/v2\/comments?post=3292"}],"version-history":[{"count":16,"href":"https:\/\/igrivarhitektura.org\/en\/wp-json\/wp\/v2\/pages\/3292\/revisions"}],"predecessor-version":[{"id":4256,"href":"https:\/\/igrivarhitektura.org\/en\/wp-json\/wp\/v2\/pages\/3292\/revisions\/4256"}],"wp:attachment":[{"href":"https:\/\/igrivarhitektura.org\/en\/wp-json\/wp\/v2\/media?parent=3292"}],"curies":[{"name":"wp","href":"https:\/\/api.w.org\/{rel}","templated":true}]}}