{"id":4147,"date":"2022-01-25T12:19:18","date_gmt":"2022-01-25T11:19:18","guid":{"rendered":"https:\/\/igrivarhitektura.org\/?page_id=4147"},"modified":"2022-01-25T15:29:58","modified_gmt":"2022-01-25T14:29:58","slug":"prirocnik-kreativnost-odgovornost-prihodnost","status":"publish","type":"page","link":"https:\/\/igrivarhitektura.org\/en\/prirocnik-kreativnost-odgovornost-prihodnost\/","title":{"rendered":"Priro\u010dnik KREATIVNOST + ODGOVORNOST = PRIHODNOST"},"content":{"rendered":"<div class=\"wpb-content-wrapper\"><div class=\"vc_row wpb_row vc_row-fluid\"><div class=\"wpb_column vc_column_container vc_col-sm-12\"><div class=\"vc_column-inner\"><div class=\"wpb_wrapper\"><div class=\"vc_empty_space\"   style=\"height: 32px\"><span class=\"vc_empty_space_inner\"><\/span><\/div><h2 style=\"text-align: left\" class=\"vc_custom_heading vc_do_custom_heading\" >KREATIVNOST + ODGOVORNOST = PRIHODNOST<br \/>\nPriro\u010dnik za odkrivanje kompetenc in \u017eelja za poklicno usmerjanje<\/h2><\/div><\/div><\/div><\/div><div class=\"vc_row wpb_row vc_row-fluid\"><div class=\"wpb_column vc_column_container vc_col-sm-12\"><div class=\"vc_column-inner\"><div class=\"wpb_wrapper\"><div class=\"vc_empty_space\"   style=\"height: 10px\"><span class=\"vc_empty_space_inner\"><\/span><\/div><div class=\"vc_separator wpb_content_element vc_separator_align_center vc_sep_width_100 vc_sep_pos_align_center vc_separator_no_text vc_sep_color_grey wpb_content_element  wpb_content_element\" ><span class=\"vc_sep_holder vc_sep_holder_l\"><span class=\"vc_sep_line\"><\/span><\/span><span class=\"vc_sep_holder vc_sep_holder_r\"><span class=\"vc_sep_line\"><\/span><\/span>\n<\/div><div class=\"vc_empty_space\"   style=\"height: 10px\"><span class=\"vc_empty_space_inner\"><\/span><\/div><\/div><\/div><\/div><\/div><div class=\"vc_row wpb_row vc_row-fluid\"><div class=\"wpb_column vc_column_container vc_col-sm-8\"><div class=\"vc_column-inner\"><div class=\"wpb_wrapper\">\n\t<div class=\"wpb_text_column wpb_content_element\" >\n\t\t<div class=\"wpb_wrapper\">\n\t\t\t<p>V okviru projekta Promocija poklicnega izobra\u017eevanja 2021-2022 je na pobudo <a href=\"https:\/\/cpi.si\/\"><strong>Centra RS za poklicno izobra\u017eevanje<\/strong><\/a> in<a href=\"http:\/\/www.centerarhitekture.org\"><strong> Centra arhitekture Slovenije<\/strong><\/a> v sodelovanju z uspe\u0161nimi in navdihujo\u010dimi posamezniki ter vidnimi strokovnjaki z razli\u010dnih podro\u010dij nastal priro\u010dnik\u00a0<strong>KREATIVNOST + ODGOVORNOST = PRIHODNOST<\/strong><strong>, Priro\u010dnik za odkrivanje kompetenc in \u017eelja za poklicno usmerjanje, <\/strong>ki bo mladim na kreativen na\u010din pomagal pri odkrivanju njih samih, njihovih lastnosti, kompetenc in \u017eelja. Priro\u010dnik skozi igro omogo\u010da seznanitev s poklici, ki bodo gradili svet prihodnosti, in s spretnostmi, ki bodo pomembne za uspe\u0161no zaposlovanje.<\/p>\n<p>V Centru arhitekture Slovenije smo o vpra\u0161anju, kaj so pravzaprav poklici prihodnosti, veliko razmi\u0161ljali. Kreativno viharjenje mo\u017eganov nas je pripeljalo do odgovora, da je poklicev prihodnosti najverjetneje toliko, kot je nadobudnih mladih ljudi, njihovih ve\u0161\u010din in \u017eelja.<\/p>\n<p>Priro\u010dnik zato ne niza novih zamisli za poklice prihodnosti. Verjamemo, da so mladi sami temelj in navdih za odkrivanje poklicev prihodnosti, zato smo se osredoto\u010dili na pomen kompetenc, ki so mladim v oporo pri oblikovanju lastnih \u017eelja po izbiri poklica prihodnosti, pri odlo\u010ditvah o vrsti \u0161olanja in lastnih strokovnih poteh.<\/p>\n<p>Priro\u010dnik \u017eeli spodbuditi u\u010ditelje, mentorje, spremljevalce, skrbnike in star\u0161e mladostnikov, da jim dovolijo sanjati in raziskovati ter jim tako okrepiti vero v znanje in vedo\u017eeljnost. Le tako bodo s ponosom udejanjali svojo kreativnost in odgovornost v izbranem poklicu prihodnosti.<\/p>\n<p>Nabor navdihujo\u010dih tekstov in delavnic naj mlade navdahne, da prepoznavajo svoje kompetence, ocenijo svoja neformalna znanja in ohranjajo vedo\u017eeljnost s vse\u017eivljenjskim u\u010denjem. Na ta na\u010din bodo v ravnovesju s samimi seboj in v koraku s \u010dasom.<\/p>\n\n\t\t<\/div>\n\t<\/div>\n<div class=\"vc_empty_space\"   style=\"height: 10px\"><span class=\"vc_empty_space_inner\"><\/span><\/div><\/div><\/div><\/div><div class=\"wpb_column vc_column_container vc_col-sm-4\"><div class=\"vc_column-inner\"><div class=\"wpb_wrapper\">\n\t<div  class=\"wpb_single_image wpb_content_element vc_align_left wpb_content_element\">\n\t\t\n\t\t<figure class=\"wpb_wrapper vc_figure\">\n\t\t\t<a href=\"https:\/\/igrivarhitektura.org\/new\/wp-content\/uploads\/2022\/01\/2022_PRIROCNIK_KREATIVNOST_ODGOVORNOST_PRIHODNOST_web.pdf\" target=\"_self\" class=\"vc_single_image-wrapper   vc_box_border_grey\"><img decoding=\"async\" width=\"1000\" height=\"1000\" src=\"https:\/\/igrivarhitektura.org\/new\/wp-content\/uploads\/2022\/01\/naslovnica-KREATIVNOST-ODGOVORNOST-PRIHODNOST.jpg\" class=\"vc_single_image-img attachment-full\" alt=\"\" title=\"naslovnica-KREATIVNOST-ODGOVORNOST-PRIHODNOST\" srcset=\"https:\/\/igrivarhitektura.org\/new\/wp-content\/uploads\/2022\/01\/naslovnica-KREATIVNOST-ODGOVORNOST-PRIHODNOST-12x12.jpg 12w, https:\/\/igrivarhitektura.org\/new\/wp-content\/uploads\/2022\/01\/naslovnica-KREATIVNOST-ODGOVORNOST-PRIHODNOST-66x66.jpg 66w, https:\/\/igrivarhitektura.org\/new\/wp-content\/uploads\/2022\/01\/naslovnica-KREATIVNOST-ODGOVORNOST-PRIHODNOST-150x150.jpg 150w, https:\/\/igrivarhitektura.org\/new\/wp-content\/uploads\/2022\/01\/naslovnica-KREATIVNOST-ODGOVORNOST-PRIHODNOST-200x200.jpg 200w, https:\/\/igrivarhitektura.org\/new\/wp-content\/uploads\/2022\/01\/naslovnica-KREATIVNOST-ODGOVORNOST-PRIHODNOST-300x300.jpg 300w, https:\/\/igrivarhitektura.org\/new\/wp-content\/uploads\/2022\/01\/naslovnica-KREATIVNOST-ODGOVORNOST-PRIHODNOST-400x400.jpg 400w, https:\/\/igrivarhitektura.org\/new\/wp-content\/uploads\/2022\/01\/naslovnica-KREATIVNOST-ODGOVORNOST-PRIHODNOST-600x600.jpg 600w, https:\/\/igrivarhitektura.org\/new\/wp-content\/uploads\/2022\/01\/naslovnica-KREATIVNOST-ODGOVORNOST-PRIHODNOST-768x768.jpg 768w, https:\/\/igrivarhitektura.org\/new\/wp-content\/uploads\/2022\/01\/naslovnica-KREATIVNOST-ODGOVORNOST-PRIHODNOST-800x800.jpg 800w, https:\/\/igrivarhitektura.org\/new\/wp-content\/uploads\/2022\/01\/naslovnica-KREATIVNOST-ODGOVORNOST-PRIHODNOST.jpg 1000w\" sizes=\"(max-width: 1000px) 100vw, 1000px\" \/><\/a>\n\t\t<\/figure>\n\t<\/div>\n<div class=\"vc_btn3-container vc_btn3-center vc_do_btn\" ><a class=\"vc_general vc_btn3 vc_btn3-size-sm vc_btn3-shape-square vc_btn3-style-flat vc_btn3-icon-left vc_btn3-color-sky\" href=\"https:\/\/igrivarhitektura.org\/new\/wp-content\/uploads\/2022\/01\/2022_PRIROCNIK_KREATIVNOST_ODGOVORNOST_PRIHODNOST_web.pdf\" title=\"\"><i class=\"vc_btn3-icon fas fa-download\"><\/i> Prenesite si priro\u010dnik KREATIVNOST + ODGOVORNOST = PRIHODNOST<\/a><\/div><\/div><\/div><\/div><\/div><div class=\"vc_row wpb_row vc_row-fluid\"><div class=\"wpb_column vc_column_container vc_col-sm-12\"><div class=\"vc_column-inner\"><div class=\"wpb_wrapper\"><div class=\"vc_empty_space\"   style=\"height: 10px\"><span class=\"vc_empty_space_inner\"><\/span><\/div><div class=\"vc_separator wpb_content_element vc_separator_align_center vc_sep_width_100 vc_sep_pos_align_center vc_sep_color_grey wpb_content_element vc_separator-has-text\" ><span class=\"vc_sep_holder vc_sep_holder_l\"><span class=\"vc_sep_line\"><\/span><\/span><h4>mnenja o priro\u010dniku<\/h4><span class=\"vc_sep_holder vc_sep_holder_r\"><span class=\"vc_sep_line\"><\/span><\/span>\n<\/div><div class=\"vc_empty_space\"   style=\"height: 10px\"><span class=\"vc_empty_space_inner\"><\/span><\/div><\/div><\/div><\/div><\/div><div class=\"vc_row wpb_row vc_row-fluid\"><div class=\"wpb_column vc_column_container vc_col-sm-4\"><div class=\"vc_column-inner\"><div class=\"wpb_wrapper\"><div class=\"vc_row wpb_row vc_inner vc_row-fluid\"><div class=\"wpb_column vc_column_container vc_col-sm-3\"><div class=\"vc_column-inner\"><div class=\"wpb_wrapper\"><div class=\"vc_icon_element vc_icon_element-outer vc_do_icon vc_icon_element-align-left\"><div class=\"vc_icon_element-inner vc_icon_element-color-pink vc_icon_element-size-md vc_icon_element-style- vc_icon_element-background-color-grey\" ><span class=\"vc_icon_element-icon fas fa-microphone\" ><\/span><\/div><\/div><\/div><\/div><\/div><div class=\"wpb_column vc_column_container vc_col-sm-9 vc_col-has-fill\"><div class=\"vc_column-inner vc_custom_1643116088819\"><div class=\"wpb_wrapper\">\n\t<div class=\"wpb_text_column wpb_content_element\" >\n\t\t<div class=\"wpb_wrapper\">\n\t\t\t<p>Priro\u010dnik za odkrivanje kompetenc in \u017eelja za poklicno usmerjanje v prihodnosti na zanimiv in pou\u010den na\u010din omogo\u010da mladim, da spoznajo poklice, s katerimi se bodo lahko ukvarjali v svojem \u017eivljenju. Hkrati jim omogo\u010da spoznati svoje interese, sposobnosti in \u017eelje glede poklicnega delovanja. Koristil bo tudi pedago\u0161kim delavcem, ki se ukvarjajo s karierno orientacijo, in vsem, ki v dr\u017eavi skrbijo za promocijo strokovnega in poklicnega izobra\u017eevanja.<\/p>\n<p><em>izr. prof. dr. Janez Vogrinc, dekan Pedago\u0161ke fakultete Univerze v Ljubljani<\/em><\/p>\n\n\t\t<\/div>\n\t<\/div>\n<\/div><\/div><\/div><\/div><\/div><\/div><\/div><div class=\"wpb_column vc_column_container vc_col-sm-4\"><div class=\"vc_column-inner\"><div class=\"wpb_wrapper\"><div class=\"vc_row wpb_row vc_inner vc_row-fluid\"><div class=\"wpb_column vc_column_container vc_col-sm-3\"><div class=\"vc_column-inner\"><div class=\"wpb_wrapper\"><div class=\"vc_icon_element vc_icon_element-outer vc_do_icon vc_icon_element-align-left\"><div class=\"vc_icon_element-inner vc_icon_element-color-pink vc_icon_element-size-md vc_icon_element-style- vc_icon_element-background-color-grey\" ><span class=\"vc_icon_element-icon fas fa-microphone\" ><\/span><\/div><\/div><\/div><\/div><\/div><div class=\"wpb_column vc_column_container vc_col-sm-9 vc_col-has-fill\"><div class=\"vc_column-inner vc_custom_1643116080438\"><div class=\"wpb_wrapper\">\n\t<div class=\"wpb_text_column wpb_content_element\" >\n\t\t<div class=\"wpb_wrapper\">\n\t\t\t<p>Napovedovanje poklicev prihodnosti je nehvale\u017eno delo. Razvoj tehnologij ter novih poslovnih in dru\u017ebenih modelov vse bolj in bolj spreminja razmere na trgu dela in celo njegovo opredelitev. Nekaj pa je zagotovo, spremembe ustvarjamo ljudje in na nas samih je, da si omogo\u010dimo, da v njih lahko tudi celostno za\u017eivimo. Priro\u010dnik, ki je pred vami, opozori na izjemno pomembno dimenzijo na\u0161ega razvoja \u2013 prostor. Prostor, kjer se razvija na\u0161a domi\u0161ljija, kreacija, na\u0161 jaz, ve\u0161\u010dine in kompetence ter zato tudi na\u0161 odnos do sveta. Naj vam bo v oporo in navdih.<\/p>\n<p><em>Violeta Bulc, slovenska politi\u010darka, podjetnica in nekdanja evropska komisarka za promet<\/em><\/p>\n\n\t\t<\/div>\n\t<\/div>\n<\/div><\/div><\/div><\/div><\/div><\/div><\/div><div class=\"wpb_column vc_column_container vc_col-sm-4\"><div class=\"vc_column-inner\"><div class=\"wpb_wrapper\"><div class=\"vc_row wpb_row vc_inner vc_row-fluid\"><div class=\"wpb_column vc_column_container vc_col-sm-3\"><div class=\"vc_column-inner\"><div class=\"wpb_wrapper\"><div class=\"vc_icon_element vc_icon_element-outer vc_do_icon vc_icon_element-align-left\"><div class=\"vc_icon_element-inner vc_icon_element-color-pink vc_icon_element-size-md vc_icon_element-style- vc_icon_element-background-color-grey\" ><span class=\"vc_icon_element-icon fas fa-microphone\" ><\/span><\/div><\/div><\/div><\/div><\/div><div class=\"wpb_column vc_column_container vc_col-sm-9 vc_col-has-fill\"><div class=\"vc_column-inner vc_custom_1643116072967\"><div class=\"wpb_wrapper\">\n\t<div class=\"wpb_text_column wpb_content_element\" >\n\t\t<div class=\"wpb_wrapper\">\n\t\t\t<p>Prednost priro\u010dnika KREATIVNOST + ODGOVORNOST = PRIHODNOST je v tem, da ne niza zgolj opisov poklicev, ampak se osredoto\u010da na grajenje kompetenc, ki bodo mladim koristile tako pri izbiri poklicev kot pri iskanju zaposlitve in samem delu. Izku\u0161nje \u0161tevilnih sogovornikov pomagajo premagati strah pred izbiro poklica kot enim samim usodnim trenutkom brez povratka, z delavnicami pa pridobijo zavedanje, da je pri poklicu pomemben dejavnik tudi okolje, v katerem ga bodo opravljali.<\/p>\n<p><em>Bo\u0161tjan Gorenc, slovenski prevajalec in pisatelj, komik, igralec in podcaster <\/em><\/p>\n\n\t\t<\/div>\n\t<\/div>\n<\/div><\/div><\/div><\/div><\/div><\/div><\/div><\/div><div class=\"vc_row wpb_row vc_row-fluid\"><div class=\"wpb_column vc_column_container vc_col-sm-12\"><div class=\"vc_column-inner\"><div class=\"wpb_wrapper\"><div class=\"vc_empty_space\"   style=\"height: 10px\"><span class=\"vc_empty_space_inner\"><\/span><\/div><div class=\"vc_separator wpb_content_element vc_separator_align_center vc_sep_width_100 vc_sep_pos_align_center vc_separator_no_text vc_sep_color_grey wpb_content_element  wpb_content_element\" ><span class=\"vc_sep_holder vc_sep_holder_l\"><span class=\"vc_sep_line\"><\/span><\/span><span class=\"vc_sep_holder vc_sep_holder_r\"><span class=\"vc_sep_line\"><\/span><\/span>\n<\/div><div class=\"vc_empty_space\"   style=\"height: 4px\"><span class=\"vc_empty_space_inner\"><\/span><\/div><h3 style=\"text-align: left\" class=\"vc_custom_heading vc_do_custom_heading\" >Participating Institutions<\/h3><div class=\"vc_empty_space\"   style=\"height: 4px\"><span class=\"vc_empty_space_inner\"><\/span><\/div><\/div><\/div><\/div><\/div><div class=\"vc_row wpb_row vc_row-fluid\"><div class=\"wpb_column vc_column_container vc_col-sm-1\/5\"><div class=\"vc_column-inner\"><div class=\"wpb_wrapper\">\n\t<div  class=\"wpb_single_image wpb_content_element vc_align_left wpb_content_element\">\n\t\t\n\t\t<figure class=\"wpb_wrapper vc_figure\">\n\t\t\t<div class=\"vc_single_image-wrapper   vc_box_border_grey\"><img decoding=\"async\" width=\"3337\" height=\"2564\" src=\"https:\/\/igrivarhitektura.org\/new\/wp-content\/uploads\/2020\/03\/CAS_logo_outline_transparent.png\" class=\"vc_single_image-img attachment-full\" alt=\"\" title=\"CAS_logo_outline_transparent\" srcset=\"https:\/\/igrivarhitektura.org\/new\/wp-content\/uploads\/2020\/03\/CAS_logo_outline_transparent-200x154.png 200w, https:\/\/igrivarhitektura.org\/new\/wp-content\/uploads\/2020\/03\/CAS_logo_outline_transparent-300x231.png 300w, https:\/\/igrivarhitektura.org\/new\/wp-content\/uploads\/2020\/03\/CAS_logo_outline_transparent-400x307.png 400w, https:\/\/igrivarhitektura.org\/new\/wp-content\/uploads\/2020\/03\/CAS_logo_outline_transparent-600x461.png 600w, https:\/\/igrivarhitektura.org\/new\/wp-content\/uploads\/2020\/03\/CAS_logo_outline_transparent-768x590.png 768w, https:\/\/igrivarhitektura.org\/new\/wp-content\/uploads\/2020\/03\/CAS_logo_outline_transparent-800x615.png 800w, https:\/\/igrivarhitektura.org\/new\/wp-content\/uploads\/2020\/03\/CAS_logo_outline_transparent-1024x787.png 1024w, https:\/\/igrivarhitektura.org\/new\/wp-content\/uploads\/2020\/03\/CAS_logo_outline_transparent-1200x922.png 1200w, https:\/\/igrivarhitektura.org\/new\/wp-content\/uploads\/2020\/03\/CAS_logo_outline_transparent-1536x1180.png 1536w, https:\/\/igrivarhitektura.org\/new\/wp-content\/uploads\/2020\/03\/CAS_logo_outline_transparent.png 3337w\" sizes=\"(max-width: 3337px) 100vw, 3337px\" \/><\/div>\n\t\t<\/figure>\n\t<\/div>\n<\/div><\/div><\/div><div class=\"wpb_column vc_column_container vc_col-sm-1\/5\"><div class=\"vc_column-inner\"><div class=\"wpb_wrapper\">\n\t<div  class=\"wpb_single_image wpb_content_element vc_align_left wpb_content_element\">\n\t\t\n\t\t<figure class=\"wpb_wrapper vc_figure\">\n\t\t\t<div class=\"vc_single_image-wrapper   vc_box_border_grey\"><img decoding=\"async\" width=\"200\" height=\"108\" src=\"https:\/\/igrivarhitektura.org\/new\/wp-content\/uploads\/2017\/04\/logo_ia-3.png\" class=\"vc_single_image-img attachment-full\" alt=\"\" title=\"logo_ia-3\" \/><\/div>\n\t\t<\/figure>\n\t<\/div>\n<\/div><\/div><\/div><div class=\"wpb_column vc_column_container vc_col-sm-1\/5\"><div class=\"vc_column-inner\"><div class=\"wpb_wrapper\">\n\t<div  class=\"wpb_single_image wpb_content_element vc_align_left wpb_content_element\">\n\t\t\n\t\t<figure class=\"wpb_wrapper vc_figure\">\n\t\t\t<a href=\"https:\/\/www.gov.si\/drzavni-organi\/ministrstva\/ministrstvo-za-izobrazevanje-znanost-in-sport\/\" target=\"_self\" class=\"vc_single_image-wrapper   vc_box_border_grey\"><img decoding=\"async\" width=\"1343\" height=\"331\" src=\"https:\/\/igrivarhitektura.org\/new\/wp-content\/uploads\/2022\/01\/mizs-logo.jpg\" class=\"vc_single_image-img attachment-full\" alt=\"\" title=\"mizs logo\" srcset=\"https:\/\/igrivarhitektura.org\/new\/wp-content\/uploads\/2022\/01\/mizs-logo-18x4.jpg 18w, https:\/\/igrivarhitektura.org\/new\/wp-content\/uploads\/2022\/01\/mizs-logo-200x49.jpg 200w, https:\/\/igrivarhitektura.org\/new\/wp-content\/uploads\/2022\/01\/mizs-logo-300x74.jpg 300w, https:\/\/igrivarhitektura.org\/new\/wp-content\/uploads\/2022\/01\/mizs-logo-400x99.jpg 400w, https:\/\/igrivarhitektura.org\/new\/wp-content\/uploads\/2022\/01\/mizs-logo-600x148.jpg 600w, https:\/\/igrivarhitektura.org\/new\/wp-content\/uploads\/2022\/01\/mizs-logo-768x189.jpg 768w, https:\/\/igrivarhitektura.org\/new\/wp-content\/uploads\/2022\/01\/mizs-logo-800x197.jpg 800w, https:\/\/igrivarhitektura.org\/new\/wp-content\/uploads\/2022\/01\/mizs-logo-1024x252.jpg 1024w, https:\/\/igrivarhitektura.org\/new\/wp-content\/uploads\/2022\/01\/mizs-logo-1200x296.jpg 1200w, https:\/\/igrivarhitektura.org\/new\/wp-content\/uploads\/2022\/01\/mizs-logo.jpg 1343w\" sizes=\"(max-width: 1343px) 100vw, 1343px\" \/><\/a>\n\t\t<\/figure>\n\t<\/div>\n<\/div><\/div><\/div><div class=\"wpb_column vc_column_container vc_col-sm-1\/5\"><div class=\"vc_column-inner\"><div class=\"wpb_wrapper\">\n\t<div  class=\"wpb_single_image wpb_content_element vc_align_left wpb_content_element\">\n\t\t\n\t\t<figure class=\"wpb_wrapper vc_figure\">\n\t\t\t<a href=\"https:\/\/cpi.si\/\" target=\"_self\" class=\"vc_single_image-wrapper   vc_box_border_grey\"><img decoding=\"async\" width=\"669\" height=\"340\" src=\"https:\/\/igrivarhitektura.org\/new\/wp-content\/uploads\/2022\/01\/cpi-logo.jpg\" class=\"vc_single_image-img attachment-full\" alt=\"\" title=\"cpi logo\" srcset=\"https:\/\/igrivarhitektura.org\/new\/wp-content\/uploads\/2022\/01\/cpi-logo-18x9.jpg 18w, https:\/\/igrivarhitektura.org\/new\/wp-content\/uploads\/2022\/01\/cpi-logo-200x102.jpg 200w, https:\/\/igrivarhitektura.org\/new\/wp-content\/uploads\/2022\/01\/cpi-logo-300x152.jpg 300w, https:\/\/igrivarhitektura.org\/new\/wp-content\/uploads\/2022\/01\/cpi-logo-400x203.jpg 400w, https:\/\/igrivarhitektura.org\/new\/wp-content\/uploads\/2022\/01\/cpi-logo-600x305.jpg 600w, https:\/\/igrivarhitektura.org\/new\/wp-content\/uploads\/2022\/01\/cpi-logo.jpg 669w\" sizes=\"(max-width: 669px) 100vw, 669px\" \/><\/a>\n\t\t<\/figure>\n\t<\/div>\n<\/div><\/div><\/div><div class=\"wpb_column vc_column_container vc_col-sm-1\/5\"><div class=\"vc_column-inner\"><div class=\"wpb_wrapper\">\n\t<div  class=\"wpb_single_image wpb_content_element vc_align_left wpb_content_element\">\n\t\t\n\t\t<figure class=\"wpb_wrapper vc_figure\">\n\t\t\t<div class=\"vc_single_image-wrapper   vc_box_border_grey\"><img decoding=\"async\" width=\"1394\" height=\"516\" src=\"https:\/\/igrivarhitektura.org\/new\/wp-content\/uploads\/2022\/01\/eu-logo.jpg\" class=\"vc_single_image-img attachment-full\" alt=\"\" title=\"eu logo\" srcset=\"https:\/\/igrivarhitektura.org\/new\/wp-content\/uploads\/2022\/01\/eu-logo-18x7.jpg 18w, https:\/\/igrivarhitektura.org\/new\/wp-content\/uploads\/2022\/01\/eu-logo-200x74.jpg 200w, https:\/\/igrivarhitektura.org\/new\/wp-content\/uploads\/2022\/01\/eu-logo-300x111.jpg 300w, https:\/\/igrivarhitektura.org\/new\/wp-content\/uploads\/2022\/01\/eu-logo-400x148.jpg 400w, https:\/\/igrivarhitektura.org\/new\/wp-content\/uploads\/2022\/01\/eu-logo-600x222.jpg 600w, https:\/\/igrivarhitektura.org\/new\/wp-content\/uploads\/2022\/01\/eu-logo-768x284.jpg 768w, https:\/\/igrivarhitektura.org\/new\/wp-content\/uploads\/2022\/01\/eu-logo-800x296.jpg 800w, https:\/\/igrivarhitektura.org\/new\/wp-content\/uploads\/2022\/01\/eu-logo-1024x379.jpg 1024w, https:\/\/igrivarhitektura.org\/new\/wp-content\/uploads\/2022\/01\/eu-logo-1200x444.jpg 1200w, https:\/\/igrivarhitektura.org\/new\/wp-content\/uploads\/2022\/01\/eu-logo.jpg 1394w\" sizes=\"(max-width: 1394px) 100vw, 1394px\" \/><\/div>\n\t\t<\/figure>\n\t<\/div>\n<\/div><\/div><\/div><\/div><div class=\"vc_row wpb_row vc_row-fluid\"><div class=\"wpb_column vc_column_container vc_col-sm-12\"><div class=\"vc_column-inner\"><div class=\"wpb_wrapper\"><div class=\"vc_empty_space\"   style=\"height: 32px\"><span class=\"vc_empty_space_inner\"><\/span><\/div><\/div><\/div><\/div><\/div>\n<\/div>","protected":false},"excerpt":{"rendered":"KREATIVNOST + ODGOVORNOST = PRIHODNOST Priro\u010dnik za odkrivanje kompetenc in \u017eelja za poklicno usmerjanje V okviru projekta Promocija poklicnega izobra\u017eevanja 2021-2022 je na pobudo Centra RS za poklicno izobra\u017eevanje in Centra arhitekture Slovenije v sodelovanju z uspe\u0161nimi in navdihujo\u010dimi posamezniki ter vidnimi strokovnjaki z razli\u010dnih podro\u010dij nastal priro\u010dnik\u00a0KREATIVNOST + ODGOVORNOST = PRIHODNOST, Priro\u010dnik za odkrivanje","protected":false},"author":3,"featured_media":0,"parent":0,"menu_order":0,"comment_status":"closed","ping_status":"closed","template":"","meta":{"pgc_meta":"","iawp_total_views":114,"footnotes":""},"class_list":["post-4147","page","type-page","status-publish","hentry"],"pgc_meta":"","_links":{"self":[{"href":"https:\/\/igrivarhitektura.org\/en\/wp-json\/wp\/v2\/pages\/4147","targetHints":{"allow":["GET"]}}],"collection":[{"href":"https:\/\/igrivarhitektura.org\/en\/wp-json\/wp\/v2\/pages"}],"about":[{"href":"https:\/\/igrivarhitektura.org\/en\/wp-json\/wp\/v2\/types\/page"}],"author":[{"embeddable":true,"href":"https:\/\/igrivarhitektura.org\/en\/wp-json\/wp\/v2\/users\/3"}],"replies":[{"embeddable":true,"href":"https:\/\/igrivarhitektura.org\/en\/wp-json\/wp\/v2\/comments?post=4147"}],"version-history":[{"count":8,"href":"https:\/\/igrivarhitektura.org\/en\/wp-json\/wp\/v2\/pages\/4147\/revisions"}],"predecessor-version":[{"id":4171,"href":"https:\/\/igrivarhitektura.org\/en\/wp-json\/wp\/v2\/pages\/4147\/revisions\/4171"}],"wp:attachment":[{"href":"https:\/\/igrivarhitektura.org\/en\/wp-json\/wp\/v2\/media?parent=4147"}],"curies":[{"name":"wp","href":"https:\/\/api.w.org\/{rel}","templated":true}]}}