{"id":4217,"date":"2022-02-21T10:22:53","date_gmt":"2022-02-21T09:22:53","guid":{"rendered":"https:\/\/igrivarhitektura.org\/?page_id=4217"},"modified":"2022-02-21T11:08:36","modified_gmt":"2022-02-21T10:08:36","slug":"arhi_u_trip","status":"publish","type":"page","link":"https:\/\/igrivarhitektura.org\/en\/arhi_u_trip\/","title":{"rendered":"ARHi_U_TRIP"},"content":{"rendered":"<div class=\"wpb-content-wrapper\"><div class=\"vc_row wpb_row vc_row-fluid\"><div class=\"wpb_column vc_column_container vc_col-sm-12\"><div class=\"vc_column-inner\"><div class=\"wpb_wrapper\"><div class=\"vc_empty_space\"   style=\"height: 20px\"><span class=\"vc_empty_space_inner\"><\/span><\/div><h1 style=\"text-align: center\" class=\"vc_custom_heading vc_do_custom_heading\" >ARHi_U_TRIP<\/h1><h2 style=\"text-align: center\" class=\"vc_custom_heading vc_do_custom_heading\" >ARHITEKTURNO IZOBRA\u017dEVANJE ZA DIJAKE<\/h2>\n\t<div  class=\"wpb_single_image wpb_content_element vc_align_center wpb_content_element\">\n\t\t\n\t\t<figure class=\"wpb_wrapper vc_figure\">\n\t\t\t<div class=\"vc_single_image-wrapper   vc_box_border_grey\"><img decoding=\"async\" width=\"907\" height=\"290\" src=\"https:\/\/igrivarhitektura.org\/new\/wp-content\/uploads\/2022\/02\/55_ARHI_U_TRIP_web-e1645437915160.jpg\" class=\"vc_single_image-img attachment-full\" alt=\"\" title=\"55_ARHI_U_TRIP_web\" srcset=\"https:\/\/igrivarhitektura.org\/new\/wp-content\/uploads\/2022\/02\/55_ARHI_U_TRIP_web-e1645437915160-18x6.jpg 18w, https:\/\/igrivarhitektura.org\/new\/wp-content\/uploads\/2022\/02\/55_ARHI_U_TRIP_web-e1645437915160-200x64.jpg 200w, https:\/\/igrivarhitektura.org\/new\/wp-content\/uploads\/2022\/02\/55_ARHI_U_TRIP_web-e1645437915160-300x96.jpg 300w, https:\/\/igrivarhitektura.org\/new\/wp-content\/uploads\/2022\/02\/55_ARHI_U_TRIP_web-e1645437915160-400x128.jpg 400w, https:\/\/igrivarhitektura.org\/new\/wp-content\/uploads\/2022\/02\/55_ARHI_U_TRIP_web-e1645437915160-600x192.jpg 600w, https:\/\/igrivarhitektura.org\/new\/wp-content\/uploads\/2022\/02\/55_ARHI_U_TRIP_web-e1645437915160-768x246.jpg 768w, https:\/\/igrivarhitektura.org\/new\/wp-content\/uploads\/2022\/02\/55_ARHI_U_TRIP_web-e1645437915160-800x256.jpg 800w, https:\/\/igrivarhitektura.org\/new\/wp-content\/uploads\/2022\/02\/55_ARHI_U_TRIP_web-e1645437915160.jpg 907w\" sizes=\"(max-width: 907px) 100vw, 907px\" \/><\/div>\n\t\t<\/figure>\n\t<\/div>\n<div class=\"vc_empty_space\"   style=\"height: 10px\"><span class=\"vc_empty_space_inner\"><\/span><\/div><\/div><\/div><\/div><\/div><div class=\"vc_row wpb_row vc_row-fluid\"><div class=\"wpb_column vc_column_container vc_col-sm-6\"><div class=\"vc_column-inner\"><div class=\"wpb_wrapper\"><h3 style=\"text-align: left\" class=\"vc_custom_heading vc_do_custom_heading\" >KAJ?<\/h3>\n\t<div class=\"wpb_text_column wpb_content_element\" >\n\t\t<div class=\"wpb_wrapper\">\n\t\t\t<p>Arhitekturno izobra\u017eevanje za dijake je sestavljeno iz te\u010daja arhitekturnega risanja in predavanj oz. delavnic o arhitekturi in prostoru.<br \/>\nIzobra\u017eevanje je primerno za vse dijake, ki jih to podro\u010dje zanima in tudi za tiste, ki si \u017eelijo intenzivnej\u0161e in celovitej\u0161e priprave na sprejemne izpite Fakultete za arhitekturo UL, Fakultete za gradbeni\u0161tvo, prometno in\u017eenirstvo in arhitekturo UM ali Fakultete za dizajn UP.<\/p>\n\n\t\t<\/div>\n\t<\/div>\n<h3 style=\"text-align: left\" class=\"vc_custom_heading vc_do_custom_heading\" >CILJI<\/h3>\n\t<div class=\"wpb_text_column wpb_content_element\" >\n\t\t<div class=\"wpb_wrapper\">\n\t\t\t<p>Dejstva in podatke o arhitektih in arhitekturi lahko najdete v knjigah ali na spletu. Na te\u010daju vas bomo nau\u010dili in vas z neposredno izku\u0161njo seznanili s kakovostno arhitekturo, urbanizmom in oblikovanjem ter njihovimi ustvarjalci.<\/p>\n\n\t\t<\/div>\n\t<\/div>\n<h3 style=\"text-align: left\" class=\"vc_custom_heading vc_do_custom_heading\" >PROGRAM<\/h3>\n\t<div class=\"wpb_text_column wpb_content_element\" >\n\t\t<div class=\"wpb_wrapper\">\n\t\t\t<p>Sre\u010danja bodo sestavljena iz arhitekturnega sprehoda\/vodenega ogleda arhitekture oz. arhitekturne delavnice in arhitekturnega risanja. \u010casovno bo vsako sre\u010danje sestavljeno iz 1 ure arhitekturne dejavnosti in 2 ur arhitekturnega risanja.<\/p>\n\n\t\t<\/div>\n\t<\/div>\n<\/div><\/div><\/div><div class=\"wpb_column vc_column_container vc_col-sm-6\"><div class=\"vc_column-inner\"><div class=\"wpb_wrapper\"><div class=\"vc_empty_space\"   style=\"height: 10px\"><span class=\"vc_empty_space_inner\"><\/span><\/div>\n\t<div class=\"wpb_text_column wpb_content_element vc_custom_1645436923277\" >\n\t\t<div class=\"wpb_wrapper\">\n\t\t\t<p><strong>KJE IN KDAJ?<\/strong><br \/>\nProgram obsega <strong>8 dru\u017eenj<\/strong>, ki jih bosta vodila arhitekta in drugi strokovnjaki s podro\u010dja arhitekture in prostora.<br \/>\nSre\u010danja bodo potekala<strong> 8 zaporednih petkov<\/strong>, <strong>od 16. do 19. ure<\/strong>, v prostorih <strong>Mladinskega centra Nova Gorica<\/strong>.<br \/>\nPrvo sre\u010danje bo <strong>18. 3. 2022<\/strong>.<\/p>\n\n\t\t<\/div>\n\t<\/div>\n<div class=\"vc_empty_space\"   style=\"height: 10px\"><span class=\"vc_empty_space_inner\"><\/span><\/div>\n\t<div class=\"wpb_text_column wpb_content_element vc_custom_1645437709089\" >\n\t\t<div class=\"wpb_wrapper\">\n\t\t\t<p><strong>PRIJAVE<\/strong><br \/>\nPrijave zbiramo na<span style=\"text-decoration: underline;\"><strong><a href=\"mailto:info@mc-novagorica.si\"> info(at)mc-novagorica.si<\/a><\/strong><\/span> <strong>do srede, 16. 3. 2022<\/strong>.<\/p>\n\n\t\t<\/div>\n\t<\/div>\n<div class=\"vc_empty_space\"   style=\"height: 10px\"><span class=\"vc_empty_space_inner\"><\/span><\/div>\n\t<div class=\"wpb_text_column wpb_content_element vc_custom_1645436980859\" >\n\t\t<div class=\"wpb_wrapper\">\n\t\t\t<p><strong>CENA<\/strong><br \/>\nCena izobra\u017eevanja je <strong>384,00 EUR z DDV<\/strong> \/ udele\u017eenca.<\/p>\n\n\t\t<\/div>\n\t<\/div>\n<div class=\"vc_empty_space\"   style=\"height: 10px\"><span class=\"vc_empty_space_inner\"><\/span><\/div>\n\t<div class=\"wpb_text_column wpb_content_element vc_custom_1645436992287\" >\n\t\t<div class=\"wpb_wrapper\">\n\t\t\t<p><strong>CONTACT<\/strong><br \/>\n\u010ce imate vpra\u0161anja ali potrebujete ve\u010d informacij, se oglasite na <a href=\"mailto:info(at)centerarhitekture.org\"><span style=\"text-decoration: underline;\"><strong>info(at)centerarhitekture.org<\/strong><\/span><\/a> ali <strong>040 270 232<\/strong>.<\/p>\n\n\t\t<\/div>\n\t<\/div>\n<\/div><\/div><\/div><\/div><div class=\"vc_row wpb_row vc_row-fluid\"><div class=\"wpb_column vc_column_container vc_col-sm-12\"><div class=\"vc_column-inner\"><div class=\"wpb_wrapper\"><div class=\"vc_empty_space\"   style=\"height: 20px\"><span class=\"vc_empty_space_inner\"><\/span><\/div><div class=\"vc_separator wpb_content_element vc_separator_align_center vc_sep_width_100 vc_sep_pos_align_center vc_separator_no_text vc_sep_color_grey wpb_content_element  wpb_content_element\" ><span class=\"vc_sep_holder vc_sep_holder_l\"><span class=\"vc_sep_line\"><\/span><\/span><span class=\"vc_sep_holder vc_sep_holder_r\"><span class=\"vc_sep_line\"><\/span><\/span>\n<\/div><div class=\"vc_empty_space\"   style=\"height: 20px\"><span class=\"vc_empty_space_inner\"><\/span><\/div><\/div><\/div><\/div><\/div><div class=\"vc_row wpb_row vc_row-fluid\"><div class=\"wpb_column vc_column_container vc_col-sm-6\"><div class=\"vc_column-inner\"><div class=\"wpb_wrapper\">\n\t<div class=\"wpb_text_column wpb_content_element\" >\n\t\t<div class=\"wpb_wrapper\">\n\t\t\t<p><strong>ARHITEKTURNE DEJAVNOSTI<\/strong><br \/>\n<strong>vsak petek, trajanje 1 ura<\/strong><\/p>\n<p><em>Arhitekturne dejavnosti bodo vodili arhitekti z ve\u010dletnimi izku\u0161njami na strokovnem in pedago\u0161kem podro\u010dju.<\/em><\/p>\n<p>1. Prostoro\u010dno risanje po modelu, osnove za skico, arhitekturno risbo.<br \/>\n2. Urbani sprehod: percepcija prostora, mentalni zemljevid, skiciranje arhitekture.<br \/>\n3. Arhitekturno vodstvo po Ravnikarjevi Novi Gorici, urbanisti\u010dni sprehod, pogovor (spoznavanje razvoja mesta, posameznih primerov arhitektur in pomembnej\u0161ih arhitektov).<br \/>\n4. Opazovanje arhitekture z vsemi \u010dutili, izkustvena delavnica.<br \/>\n5. Arhitekturni ogled enega od objektov v Novi Gorici, ki nam ga bodo predstavili arhitekti in avtorji stavbe.<br \/>\n6. Obisk arhitekturnega biroja in pogovor z arhitekti (o delu arhitekta in mo\u017enostih zaposlitve).<br \/>\n7. Arhitekturna delavnica o prostorskem 3D prikazu ideje in predstavitev skupini.<br \/>\n8. Simulacija pogovora na sprejemnem izpitu.<\/p>\n\n\t\t<\/div>\n\t<\/div>\n<\/div><\/div><\/div><div class=\"wpb_column vc_column_container vc_col-sm-6\"><div class=\"vc_column-inner\"><div class=\"wpb_wrapper\">\n\t<div class=\"wpb_text_column wpb_content_element\" >\n\t\t<div class=\"wpb_wrapper\">\n\t\t\t<p><strong>ARHITEKTURNO RISANJE<\/strong><br \/>\n<strong>vsak petek, trajanje 2 uri<\/strong><\/p>\n<p><em>Arhitekturno risanje bo vodila arhitektka Jana Jocif z ve\u010dletnimi izku\u0161njami pri izvajanju te\u010dajev arhitekturnega risanja.<\/em><\/p>\n<p>Program arhitekturnega risanja je zasnovan tako, da dijak v osmih sre\u010danjih osvoji osnovne principe risanja v perspektivi.<\/p>\n\n\t\t<\/div>\n\t<\/div>\n<div class=\"vc_empty_space\"   style=\"height: 80px\"><span class=\"vc_empty_space_inner\"><\/span><\/div>\n\t<div  class=\"wpb_single_image wpb_content_element vc_align_left wpb_content_element\">\n\t\t\n\t\t<figure class=\"wpb_wrapper vc_figure\">\n\t\t\t<div class=\"vc_single_image-wrapper   vc_box_border_grey\"><img decoding=\"async\" width=\"801\" height=\"183\" src=\"https:\/\/igrivarhitektura.org\/new\/wp-content\/uploads\/2022\/02\/logoti.jpg\" class=\"vc_single_image-img attachment-full\" alt=\"\" title=\"logoti\" srcset=\"https:\/\/igrivarhitektura.org\/new\/wp-content\/uploads\/2022\/02\/logoti-18x4.jpg 18w, https:\/\/igrivarhitektura.org\/new\/wp-content\/uploads\/2022\/02\/logoti-200x46.jpg 200w, https:\/\/igrivarhitektura.org\/new\/wp-content\/uploads\/2022\/02\/logoti-300x69.jpg 300w, https:\/\/igrivarhitektura.org\/new\/wp-content\/uploads\/2022\/02\/logoti-400x91.jpg 400w, https:\/\/igrivarhitektura.org\/new\/wp-content\/uploads\/2022\/02\/logoti-600x137.jpg 600w, https:\/\/igrivarhitektura.org\/new\/wp-content\/uploads\/2022\/02\/logoti-768x175.jpg 768w, https:\/\/igrivarhitektura.org\/new\/wp-content\/uploads\/2022\/02\/logoti.jpg 801w\" sizes=\"(max-width: 801px) 100vw, 801px\" \/><\/div>\n\t\t<\/figure>\n\t<\/div>\n<\/div><\/div><\/div><\/div><div class=\"vc_row wpb_row vc_row-fluid\"><div class=\"wpb_column vc_column_container vc_col-sm-12\"><div class=\"vc_column-inner\"><div class=\"wpb_wrapper\"><div class=\"vc_separator wpb_content_element vc_separator_align_center vc_sep_width_100 vc_sep_pos_align_center vc_separator_no_text vc_sep_color_grey wpb_content_element  wpb_content_element\" ><span class=\"vc_sep_holder vc_sep_holder_l\"><span class=\"vc_sep_line\"><\/span><\/span><span class=\"vc_sep_holder vc_sep_holder_r\"><span class=\"vc_sep_line\"><\/span><\/span>\n<\/div><div class=\"vc_empty_space\"   style=\"height: 10px\"><span class=\"vc_empty_space_inner\"><\/span><\/div><\/div><\/div><\/div><\/div><div class=\"vc_row wpb_row vc_row-fluid\"><div class=\"wpb_column vc_column_container vc_col-sm-12\"><div class=\"vc_column-inner\"><div class=\"wpb_wrapper\">\n\t<div class=\"wpb_text_column wpb_content_element\" >\n\t\t<div class=\"wpb_wrapper\">\n\t\t\t<p><em>Program izvaja Center arhitekture Slovenije, zavod, ki deluje na podro\u010dju ozave\u0161\u010danja in vzgoje ter izobra\u017eevanja o kulturi bivanja, grajenem prostoru, arhitekturi in oblikovanju.<\/em><\/p>\n<p><em>Program Igriva arhitektura poteka pod okriljem Centra arhitekture Slovenije in s sodobnimi metodami u\u010denja \u2013 z izku\u0161njo \u2013 podpira razvoj kriti\u010dnega in kreativnega mi\u0161ljenja, ponuja kakovostne in zanimive postopke za razumevanje prostora, arhitekture in oblikovanja v formalnih in neformalnih izobra\u017eevalnih okoljih.<\/em><\/p>\n\n\t\t<\/div>\n\t<\/div>\n<div class=\"vc_empty_space\"   style=\"height: 20px\"><span class=\"vc_empty_space_inner\"><\/span><\/div><\/div><\/div><\/div><\/div>\n<\/div>","protected":false},"excerpt":{"rendered":"ARHi_U_TRIPARHITEKTURNO IZOBRA\u017dEVANJE ZA DIJAKE KAJ? Arhitekturno izobra\u017eevanje za dijake je sestavljeno iz te\u010daja arhitekturnega risanja in predavanj oz. delavnic o arhitekturi in prostoru. Izobra\u017eevanje je primerno za vse dijake, ki jih to podro\u010dje zanima in tudi za tiste, ki si \u017eelijo intenzivnej\u0161e in celovitej\u0161e priprave na sprejemne izpite Fakultete za arhitekturo UL, Fakultete za gradbeni\u0161tvo,","protected":false},"author":3,"featured_media":0,"parent":0,"menu_order":0,"comment_status":"closed","ping_status":"closed","template":"","meta":{"pgc_meta":"","iawp_total_views":21,"footnotes":""},"class_list":["post-4217","page","type-page","status-publish","hentry"],"pgc_meta":"","_links":{"self":[{"href":"https:\/\/igrivarhitektura.org\/en\/wp-json\/wp\/v2\/pages\/4217","targetHints":{"allow":["GET"]}}],"collection":[{"href":"https:\/\/igrivarhitektura.org\/en\/wp-json\/wp\/v2\/pages"}],"about":[{"href":"https:\/\/igrivarhitektura.org\/en\/wp-json\/wp\/v2\/types\/page"}],"author":[{"embeddable":true,"href":"https:\/\/igrivarhitektura.org\/en\/wp-json\/wp\/v2\/users\/3"}],"replies":[{"embeddable":true,"href":"https:\/\/igrivarhitektura.org\/en\/wp-json\/wp\/v2\/comments?post=4217"}],"version-history":[{"count":7,"href":"https:\/\/igrivarhitektura.org\/en\/wp-json\/wp\/v2\/pages\/4217\/revisions"}],"predecessor-version":[{"id":4230,"href":"https:\/\/igrivarhitektura.org\/en\/wp-json\/wp\/v2\/pages\/4217\/revisions\/4230"}],"wp:attachment":[{"href":"https:\/\/igrivarhitektura.org\/en\/wp-json\/wp\/v2\/media?parent=4217"}],"curies":[{"name":"wp","href":"https:\/\/api.w.org\/{rel}","templated":true}]}}