{"id":4403,"date":"2022-12-18T12:06:42","date_gmt":"2022-12-18T11:06:42","guid":{"rendered":"https:\/\/igrivarhitektura.org\/?page_id=4403"},"modified":"2026-03-16T06:28:58","modified_gmt":"2026-03-16T05:28:58","slug":"zlata-kocka","status":"publish","type":"page","link":"https:\/\/igrivarhitektura.org\/en\/zlata-kocka\/","title":{"rendered":"Zlata kocka"},"content":{"rendered":"<div class=\"wpb-content-wrapper\"><div class=\"vc_row wpb_row vc_row-fluid\"><div class=\"wpb_column vc_column_container vc_col-sm-12\"><div class=\"vc_column-inner\"><div class=\"wpb_wrapper\"><div class=\"vc_empty_space\"   style=\"height: 32px\"><span class=\"vc_empty_space_inner\"><\/span><\/div><\/div><\/div><\/div><\/div><div class=\"vc_row wpb_row vc_row-fluid\"><div class=\"wpb_column vc_column_container vc_col-sm-8\"><div class=\"vc_column-inner\"><div class=\"wpb_wrapper\"><h2 style=\"text-align: left\" class=\"vc_custom_heading vc_do_custom_heading\" >ZLATA KOCKA 2026<\/h2><div class=\"vc_empty_space\"   style=\"height: 10px\"><span class=\"vc_empty_space_inner\"><\/span><\/div>\n\t<div class=\"wpb_text_column wpb_content_element\" >\n\t\t<div class=\"wpb_wrapper\">\n\t\t\t<p>Center arhitekture Slovenije je novembra 2025 ob podpori Zbornice za arhitekturo in prostor Slovenije objavil javni nate\u010daj za pridobitev projektov za izobra\u017eevanje otrok in mladostnikov o arhitekturi in grajenem okolju. Nate\u010daj je del mednarodnega nate\u010daja, ki ga razpisuje Svetovna zveza arhitektov (UIA).<\/p>\n<p>Link do UIA \u2013 architecture&amp;children:\u00a0<a href=\"https:\/\/www.architectureandchildren-uia.com\/\">https:\/\/www.architectureandchildren-uia.com\/<\/a><\/p>\n<p>Nagrade nate\u010daja &#8211; Zlata kocka, se podeljujejo tistim, ki za otroke in mladostnike pripravljajo programe in projekte s podro\u010dja arhitekture in grajenega okolja. Za nagrade so se lahko potegovali vzgojno-izobra\u017eevalni zavodi, druge ustanove, posamezniki in mediji.<\/p>\n<p>Do konca razpisa, 16. februarja 2026, je pravo\u010dasno prispelo 11 projektov. Od tega 5 v kategoriji vzgojno-izobra\u017eevalni zavodi, 4 projekti so prispeli v kategoriji ustanove in 2 projekt med tiskanimi mediji.<\/p>\n<p>Strokovna \u017eirija je na podlagi v razpisu objavljenih meril ocenjevanja upo\u0161tevala celostni vidik posameznega projekta ter je podelila naslednje nagrade:<\/p>\n<p><strong><u>KATEGORIJA USTANOVE:<br \/>\n<\/u><\/strong>&#8211; nagrada Zlata kocka 2026: <strong>Ple\u010dnikova hi\u0161a, za projekt \u00bbMOJstrov VRT\u00ab,<\/strong><\/p>\n<p><strong><u>KATEGORIJA VZGOJNO-IZOBRA\u017dEVALNI ZAVODI\/\u0160OLE:<br \/>\n<\/u><\/strong>&#8211; nagrada Zlata kocka 2026: <strong>Maja Pristovnik, prof. sij. In Sa\u0161a Oder, prof. lum., za projekt \u00bbKulturna dedi\u0161\u010dina Prevalj\u00ab,<br \/>\n<\/strong>&#8211; posebno priznanje Zlata kocka 2026:<strong> Vrtec \u0160kofja Loka, za projekt \u00bbVrtec pod kozolcem\u00ab.<\/strong><\/p>\n<p><strong><u>KATEGORIJA TISKANI MEDIJI:<br \/>\n<\/u><\/strong>&#8211; nagrada Zlata kocka 2026: <strong>Muzej za arhitekturo in oblikovanje, za projekt \u00bbMINIMAO IGRARIJE\u00ab.<br \/>\n<\/strong>&#8211; posebno priznanje Zlata kocka 2026: <strong>Manica K. Musil, za projekt \u00bbARHITEKTA BOVA!\u00ab.<\/strong><\/p>\n<p><strong>\u017dirija v sestavi<\/strong>:<br \/>\n&#8211; Ur\u0161ka Harej \u010coha, Zavod RS za \u0161olstvo,<br \/>\n&#8211; Ana Lovrec Medved, arhitektka, tehni\u010dna urednica revije AB, raziskovalka,<br \/>\n&#8211; izr. Prof. Mojca Gregorski, Fakulteta za arhitekturo UL,<br \/>\n&#8211; izr. Prof. mag. Polona Filipi\u010d Goren\u0161ek, Fakulteta za arhitekturo UL.<\/p>\n\n\t\t<\/div>\n\t<\/div>\n<div class=\"vc_row wpb_row vc_inner vc_row-fluid\"><div class=\"wpb_column vc_column_container vc_col-sm-4\"><div class=\"vc_column-inner\"><div class=\"wpb_wrapper\"><div class=\"vc_btn3-container vc_btn3-center vc_do_btn\" ><a style=\"background-color:#D7A528; color:#FFFFFF;\" class=\"vc_general vc_btn3 vc_btn3-size-md vc_btn3-shape-square vc_btn3-style-custom vc_btn3-block\" href=\"https:\/\/igrivarhitektura.org\/new\/wp-content\/uploads\/2025\/10\/PRIJAVNICA_ZK-26-1.pdf\" title=\"\">Prijavnica<\/a><\/div><div class=\"vc_btn3-container vc_btn3-center vc_do_btn\" ><a style=\"background-color:#D7A528; color:#FFFFFF;\" class=\"vc_general vc_btn3 vc_btn3-size-md vc_btn3-shape-square vc_btn3-style-custom vc_btn3-block\" href=\"https:\/\/igrivarhitektura.org\/new\/wp-content\/uploads\/2026\/01\/00_Zlata_kocka-2023-2026-besedilo-RAZPISA-podaljsan-k.pdf\" title=\"\">Razpisna dokumentacija<\/a><\/div><\/div><\/div><\/div><div class=\"wpb_column vc_column_container vc_col-sm-4\"><div class=\"vc_column-inner\"><div class=\"wpb_wrapper\"><div class=\"vc_btn3-container vc_btn3-center vc_do_btn\" ><a style=\"background-color:#D7A528; color:#FFFFFF;\" class=\"vc_general vc_btn3 vc_btn3-size-md vc_btn3-shape-square vc_btn3-style-custom vc_btn3-block\" href=\"https:\/\/igrivarhitektura.org\/new\/wp-content\/uploads\/2025\/10\/03_Predloga-plakata-A2_SLO.pdf\" title=\"\">Plakat SL<\/a><\/div><div class=\"vc_btn3-container vc_btn3-center vc_do_btn\" ><a style=\"background-color:#D7A528; color:#FFFFFF;\" class=\"vc_general vc_btn3 vc_btn3-size-md vc_btn3-shape-square vc_btn3-style-custom vc_btn3-block\" href=\"https:\/\/igrivarhitektura.org\/new\/wp-content\/uploads\/2026\/01\/03_Predloga-plakata-A2_ANG.pdf\" title=\"\">Plakat EN<\/a><\/div><\/div><\/div><\/div><div class=\"wpb_column vc_column_container vc_col-sm-4\"><div class=\"vc_column-inner\"><div class=\"wpb_wrapper\"><div class=\"vc_btn3-container vc_btn3-center vc_do_btn\" ><a style=\"background-color:#D7A528; color:#FFFFFF;\" class=\"vc_general vc_btn3 vc_btn3-size-md vc_btn3-shape-square vc_btn3-style-custom vc_btn3-block\" href=\"https:\/\/igrivarhitektura.org\/new\/wp-content\/uploads\/2026\/03\/Koncno-porocilo-zirije_zlata-kocka-2026.pdf\" title=\"\">Poro\u010dilo \u017eirije<\/a><\/div><\/div><\/div><\/div><\/div><div class=\"vc_separator wpb_content_element vc_separator_align_center vc_sep_width_100 vc_sep_pos_align_center vc_separator_no_text vc_sep_color_grey wpb_content_element  wpb_content_element\" ><span class=\"vc_sep_holder vc_sep_holder_l\"><span class=\"vc_sep_line\"><\/span><\/span><span class=\"vc_sep_holder vc_sep_holder_r\"><span class=\"vc_sep_line\"><\/span><\/span>\n<\/div><h1 style=\"font-size: 22px;text-align: left\" class=\"vc_custom_heading vc_do_custom_heading\" >2024<\/h1>\n\t<div class=\"wpb_text_column wpb_content_element\" >\n\t\t<div class=\"wpb_wrapper\">\n\t\t\t<p>20. marca 2024, smo v Klubu Cankarjevega doma podelili nagrade in priznanja ZLATA KOCKA 2023.<\/p>\n\n\t\t<\/div>\n\t<\/div>\n<div class=\"wpb_images_carousel wpb_content_element vc_clearfix wpb_content_element\"><div class=\"wpb_wrapper\"><div id=\"vc_images-carousel-1-1777030445\" data-ride=\"vc_carousel\" data-wrap=\"false\" style=\"width: 100%;\" data-interval=\"0\" data-auto-height=\"yes\" data-mode=\"horizontal\" data-partial=\"false\" data-per-view=\"2\" data-hide-on-end=\"true\" class=\"vc_slide vc_images_carousel\"><ol class=\"vc_carousel-indicators\"><li data-target=\"#vc_images-carousel-1-1777030445\" data-slide-to=\"0\"><\/li><li data-target=\"#vc_images-carousel-1-1777030445\" data-slide-to=\"1\"><\/li><li data-target=\"#vc_images-carousel-1-1777030445\" data-slide-to=\"2\"><\/li><li data-target=\"#vc_images-carousel-1-1777030445\" data-slide-to=\"3\"><\/li><\/ol><div class=\"vc_carousel-inner\"><div class=\"vc_carousel-slideline\"><div class=\"vc_carousel-slideline-inner\"><div class=\"vc_item\"><div class=\"vc_inner\"><a class=\"\" href=\"https:\/\/igrivarhitektura.org\/new\/wp-content\/uploads\/2024\/05\/ZlataKocka2024-03.jpg\" data-lightbox=\"lightbox[rel-4403-3055975962]\"><img decoding=\"async\" width=\"800\" height=\"533\" src=\"https:\/\/igrivarhitektura.org\/new\/wp-content\/uploads\/2024\/05\/ZlataKocka2024-03.jpg\" class=\"attachment-full\" alt=\"\" title=\"ZlataKocka2024-03\" srcset=\"https:\/\/igrivarhitektura.org\/new\/wp-content\/uploads\/2024\/05\/ZlataKocka2024-03-18x12.jpg 18w, https:\/\/igrivarhitektura.org\/new\/wp-content\/uploads\/2024\/05\/ZlataKocka2024-03-200x133.jpg 200w, https:\/\/igrivarhitektura.org\/new\/wp-content\/uploads\/2024\/05\/ZlataKocka2024-03-300x200.jpg 300w, https:\/\/igrivarhitektura.org\/new\/wp-content\/uploads\/2024\/05\/ZlataKocka2024-03-391x260.jpg 391w, https:\/\/igrivarhitektura.org\/new\/wp-content\/uploads\/2024\/05\/ZlataKocka2024-03-400x267.jpg 400w, https:\/\/igrivarhitektura.org\/new\/wp-content\/uploads\/2024\/05\/ZlataKocka2024-03-600x400.jpg 600w, https:\/\/igrivarhitektura.org\/new\/wp-content\/uploads\/2024\/05\/ZlataKocka2024-03-768x512.jpg 768w, https:\/\/igrivarhitektura.org\/new\/wp-content\/uploads\/2024\/05\/ZlataKocka2024-03.jpg 800w\" sizes=\"(max-width: 800px) 100vw, 800px\" \/><\/a><\/div><\/div><div class=\"vc_item\"><div class=\"vc_inner\"><a class=\"\" href=\"https:\/\/igrivarhitektura.org\/new\/wp-content\/uploads\/2024\/05\/ZlataKocka2024-04.jpg\" data-lightbox=\"lightbox[rel-4403-3055975962]\"><img decoding=\"async\" width=\"800\" height=\"533\" src=\"https:\/\/igrivarhitektura.org\/new\/wp-content\/uploads\/2024\/05\/ZlataKocka2024-04.jpg\" class=\"attachment-full\" alt=\"\" title=\"ZlataKocka2024-04\" srcset=\"https:\/\/igrivarhitektura.org\/new\/wp-content\/uploads\/2024\/05\/ZlataKocka2024-04-18x12.jpg 18w, https:\/\/igrivarhitektura.org\/new\/wp-content\/uploads\/2024\/05\/ZlataKocka2024-04-200x133.jpg 200w, https:\/\/igrivarhitektura.org\/new\/wp-content\/uploads\/2024\/05\/ZlataKocka2024-04-300x200.jpg 300w, https:\/\/igrivarhitektura.org\/new\/wp-content\/uploads\/2024\/05\/ZlataKocka2024-04-391x260.jpg 391w, https:\/\/igrivarhitektura.org\/new\/wp-content\/uploads\/2024\/05\/ZlataKocka2024-04-400x267.jpg 400w, https:\/\/igrivarhitektura.org\/new\/wp-content\/uploads\/2024\/05\/ZlataKocka2024-04-600x400.jpg 600w, https:\/\/igrivarhitektura.org\/new\/wp-content\/uploads\/2024\/05\/ZlataKocka2024-04-768x512.jpg 768w, https:\/\/igrivarhitektura.org\/new\/wp-content\/uploads\/2024\/05\/ZlataKocka2024-04.jpg 800w\" sizes=\"(max-width: 800px) 100vw, 800px\" \/><\/a><\/div><\/div><div class=\"vc_item\"><div class=\"vc_inner\"><a class=\"\" href=\"https:\/\/igrivarhitektura.org\/new\/wp-content\/uploads\/2024\/05\/ZlataKocka2024-01.jpg\" data-lightbox=\"lightbox[rel-4403-3055975962]\"><img decoding=\"async\" width=\"800\" height=\"533\" src=\"https:\/\/igrivarhitektura.org\/new\/wp-content\/uploads\/2024\/05\/ZlataKocka2024-01.jpg\" class=\"attachment-full\" alt=\"\" title=\"ZlataKocka2024-01\" srcset=\"https:\/\/igrivarhitektura.org\/new\/wp-content\/uploads\/2024\/05\/ZlataKocka2024-01-18x12.jpg 18w, https:\/\/igrivarhitektura.org\/new\/wp-content\/uploads\/2024\/05\/ZlataKocka2024-01-200x133.jpg 200w, https:\/\/igrivarhitektura.org\/new\/wp-content\/uploads\/2024\/05\/ZlataKocka2024-01-300x200.jpg 300w, https:\/\/igrivarhitektura.org\/new\/wp-content\/uploads\/2024\/05\/ZlataKocka2024-01-391x260.jpg 391w, https:\/\/igrivarhitektura.org\/new\/wp-content\/uploads\/2024\/05\/ZlataKocka2024-01-400x267.jpg 400w, https:\/\/igrivarhitektura.org\/new\/wp-content\/uploads\/2024\/05\/ZlataKocka2024-01-600x400.jpg 600w, https:\/\/igrivarhitektura.org\/new\/wp-content\/uploads\/2024\/05\/ZlataKocka2024-01-768x512.jpg 768w, https:\/\/igrivarhitektura.org\/new\/wp-content\/uploads\/2024\/05\/ZlataKocka2024-01.jpg 800w\" sizes=\"(max-width: 800px) 100vw, 800px\" \/><\/a><\/div><\/div><div class=\"vc_item\"><div class=\"vc_inner\"><a class=\"\" href=\"https:\/\/igrivarhitektura.org\/new\/wp-content\/uploads\/2024\/05\/ZlataKocka2024-02.jpg\" data-lightbox=\"lightbox[rel-4403-3055975962]\"><img decoding=\"async\" width=\"800\" height=\"533\" src=\"https:\/\/igrivarhitektura.org\/new\/wp-content\/uploads\/2024\/05\/ZlataKocka2024-02.jpg\" class=\"attachment-full\" alt=\"\" title=\"ZlataKocka2024-02\" srcset=\"https:\/\/igrivarhitektura.org\/new\/wp-content\/uploads\/2024\/05\/ZlataKocka2024-02-18x12.jpg 18w, https:\/\/igrivarhitektura.org\/new\/wp-content\/uploads\/2024\/05\/ZlataKocka2024-02-200x133.jpg 200w, https:\/\/igrivarhitektura.org\/new\/wp-content\/uploads\/2024\/05\/ZlataKocka2024-02-300x200.jpg 300w, https:\/\/igrivarhitektura.org\/new\/wp-content\/uploads\/2024\/05\/ZlataKocka2024-02-391x260.jpg 391w, https:\/\/igrivarhitektura.org\/new\/wp-content\/uploads\/2024\/05\/ZlataKocka2024-02-400x267.jpg 400w, https:\/\/igrivarhitektura.org\/new\/wp-content\/uploads\/2024\/05\/ZlataKocka2024-02-600x400.jpg 600w, https:\/\/igrivarhitektura.org\/new\/wp-content\/uploads\/2024\/05\/ZlataKocka2024-02-768x512.jpg 768w, https:\/\/igrivarhitektura.org\/new\/wp-content\/uploads\/2024\/05\/ZlataKocka2024-02.jpg 800w\" sizes=\"(max-width: 800px) 100vw, 800px\" \/><\/a><\/div><\/div><\/div><\/div><\/div><a class=\"vc_left vc_carousel-control\" href=\"#vc_images-carousel-1-1777030445\" data-slide=\"prev\"><span class=\"icon-prev\"><\/span><\/a><a class=\"vc_right vc_carousel-control\" href=\"#vc_images-carousel-1-1777030445\" data-slide=\"next\"><span class=\"icon-next\"><\/span><\/a><\/div><\/div><\/div><div class=\"vc_separator wpb_content_element vc_separator_align_center vc_sep_width_100 vc_sep_pos_align_center vc_separator_no_text vc_sep_color_grey wpb_content_element  wpb_content_element\" ><span class=\"vc_sep_holder vc_sep_holder_l\"><span class=\"vc_sep_line\"><\/span><\/span><span class=\"vc_sep_holder vc_sep_holder_r\"><span class=\"vc_sep_line\"><\/span><\/span>\n<\/div><h1 style=\"font-size: 22px;text-align: left\" class=\"vc_custom_heading vc_do_custom_heading\" >2023<\/h1><div class=\"wpb_images_carousel wpb_content_element vc_clearfix wpb_content_element\"><div class=\"wpb_wrapper\"><div id=\"vc_images-carousel-2-1777030445\" data-ride=\"vc_carousel\" data-wrap=\"false\" style=\"width: 100%;\" data-interval=\"0\" data-auto-height=\"yes\" data-mode=\"horizontal\" data-partial=\"false\" data-per-view=\"2\" data-hide-on-end=\"true\" class=\"vc_slide vc_images_carousel\"><ol class=\"vc_carousel-indicators\"><li data-target=\"#vc_images-carousel-2-1777030445\" data-slide-to=\"0\"><\/li><li data-target=\"#vc_images-carousel-2-1777030445\" data-slide-to=\"1\"><\/li><\/ol><div class=\"vc_carousel-inner\"><div class=\"vc_carousel-slideline\"><div class=\"vc_carousel-slideline-inner\"><div class=\"vc_item\"><div class=\"vc_inner\"><a class=\"\" href=\"https:\/\/igrivarhitektura.org\/new\/wp-content\/uploads\/2023\/03\/Zlatakocka_2023_1.jpg\" data-lightbox=\"lightbox[rel-4403-1383647846]\"><img decoding=\"async\" width=\"800\" height=\"600\" src=\"https:\/\/igrivarhitektura.org\/new\/wp-content\/uploads\/2023\/03\/Zlatakocka_2023_1.jpg\" class=\"attachment-full\" alt=\"\" title=\"Zlatakocka_2023_1\" srcset=\"https:\/\/igrivarhitektura.org\/new\/wp-content\/uploads\/2023\/03\/Zlatakocka_2023_1-16x12.jpg 16w, https:\/\/igrivarhitektura.org\/new\/wp-content\/uploads\/2023\/03\/Zlatakocka_2023_1-200x150.jpg 200w, https:\/\/igrivarhitektura.org\/new\/wp-content\/uploads\/2023\/03\/Zlatakocka_2023_1-300x225.jpg 300w, https:\/\/igrivarhitektura.org\/new\/wp-content\/uploads\/2023\/03\/Zlatakocka_2023_1-400x300.jpg 400w, https:\/\/igrivarhitektura.org\/new\/wp-content\/uploads\/2023\/03\/Zlatakocka_2023_1-600x450.jpg 600w, https:\/\/igrivarhitektura.org\/new\/wp-content\/uploads\/2023\/03\/Zlatakocka_2023_1-768x576.jpg 768w, https:\/\/igrivarhitektura.org\/new\/wp-content\/uploads\/2023\/03\/Zlatakocka_2023_1.jpg 800w\" sizes=\"(max-width: 800px) 100vw, 800px\" \/><\/a><\/div><\/div><div class=\"vc_item\"><div class=\"vc_inner\"><a class=\"\" href=\"https:\/\/igrivarhitektura.org\/new\/wp-content\/uploads\/2023\/03\/Zlatakocka_2023_2.jpg\" data-lightbox=\"lightbox[rel-4403-1383647846]\"><img decoding=\"async\" width=\"800\" height=\"600\" src=\"https:\/\/igrivarhitektura.org\/new\/wp-content\/uploads\/2023\/03\/Zlatakocka_2023_2.jpg\" class=\"attachment-full\" alt=\"\" title=\"Zlatakocka_2023_2\" srcset=\"https:\/\/igrivarhitektura.org\/new\/wp-content\/uploads\/2023\/03\/Zlatakocka_2023_2-16x12.jpg 16w, https:\/\/igrivarhitektura.org\/new\/wp-content\/uploads\/2023\/03\/Zlatakocka_2023_2-200x150.jpg 200w, https:\/\/igrivarhitektura.org\/new\/wp-content\/uploads\/2023\/03\/Zlatakocka_2023_2-300x225.jpg 300w, https:\/\/igrivarhitektura.org\/new\/wp-content\/uploads\/2023\/03\/Zlatakocka_2023_2-400x300.jpg 400w, https:\/\/igrivarhitektura.org\/new\/wp-content\/uploads\/2023\/03\/Zlatakocka_2023_2-600x450.jpg 600w, https:\/\/igrivarhitektura.org\/new\/wp-content\/uploads\/2023\/03\/Zlatakocka_2023_2-768x576.jpg 768w, https:\/\/igrivarhitektura.org\/new\/wp-content\/uploads\/2023\/03\/Zlatakocka_2023_2.jpg 800w\" sizes=\"(max-width: 800px) 100vw, 800px\" \/><\/a><\/div><\/div><\/div><\/div><\/div><a class=\"vc_left vc_carousel-control\" href=\"#vc_images-carousel-2-1777030445\" data-slide=\"prev\"><span class=\"icon-prev\"><\/span><\/a><a class=\"vc_right vc_carousel-control\" href=\"#vc_images-carousel-2-1777030445\" data-slide=\"next\"><span class=\"icon-next\"><\/span><\/a><\/div><\/div><\/div>\n\t<div class=\"wpb_text_column wpb_content_element\" >\n\t\t<div class=\"wpb_wrapper\">\n\t\t\t<p>Center arhitekture Slovenije je novembra 2022 ob podpori Zbornice za arhitekturo in prostor Slovenije objavil javni nate\u010daj za pridobitev projektov za izobra\u017eevanje otrok in mladostnikov o arhitekturi in grajenem okolju. Nate\u010daj je del mednarodnega nate\u010daja, ki ga razpisuje Svetovna zveza arhitektov (UIA).<\/p>\n<p>Link do UIA &#8211; architecture&amp;children:\u00a0<a href=\"https:\/\/www.architectureandchildren-uia.com\/\">https:\/\/www.architectureandchildren-uia.com\/<\/a><\/p>\n<p>Do konca razpisa, 7. februarja 2023, je pravo\u010dasno prispelo 12 projektov. Od tega 9 v kategoriji vzgojno-izobra\u017eevalni zavodi, 2 projekta sta prispela v kategoriji ustanove in 1 projekt med tiskanimi mediji.<\/p>\n<p>Strokovna komisija je na podlagi v razpisu objavljenih meril ocenjevanja upo\u0161tevala celostni vidik posameznega projekta ter je podelila naslednje nagrade:<\/p>\n<p><strong><u>KATEGORIJA USTANOVE:<\/u><\/strong><\/p>\n<p>&#8211;\u00a0\u00a0\u00a0\u00a0\u00a0\u00a0\u00a0 nagrada Zlata kocka 2023: <strong>Zavod divja misel, za projekt \u00bbPravlji\u010dni studio\u00ab,<br \/>\n<\/strong>&#8211;\u00a0\u00a0\u00a0\u00a0\u00a0\u00a0\u00a0 posebno priznanje Zlata kocka 2023: <strong>Muzej za arhitekturo in oblikovanje Ljubljana, za projekt \u00bbKonstrukta\u00ab.<br \/>\n<\/strong><\/p>\n<p><strong><u>KATEGORIJA VZGOJNO-IZOBRA\u017dEVALNI ZAVODI\/\u0160OLE:<\/u><\/strong><\/p>\n<p><strong>Vrtci:<br \/>\n<\/strong>&#8211;\u00a0\u00a0\u00a0\u00a0\u00a0\u00a0\u00a0 nagrada Zlata kocka 2023: <strong>Vrtec Ciciban, Enota Pastir\u010dek, Ljubljana, za projekt \u00bbPle\u010dnik v vrtcu Ciciban\u00ab,<br \/>\n<\/strong>&#8211;\u00a0\u00a0\u00a0\u00a0\u00a0\u00a0\u00a0 posebno priznanje Zlata kocka 2023:<strong> Vrtci ob\u010dine \u017dalec, za projekt \u00bbVsi bi \u017eiveli v \u010distem okolju\u00ab.<\/strong><\/p>\n<p><strong>\u0160ole:<br \/>\n<\/strong>&#8211;\u00a0\u00a0\u00a0\u00a0\u00a0\u00a0\u00a0 nagrada Zlata kocka 2023: <strong>O\u0160 Gustava \u0160iliha Laporje, za projekt \u00bbMaketa lesenih hi\u0161\u00ab,<br \/>\n<\/strong>&#8211;\u00a0\u00a0\u00a0\u00a0\u00a0\u00a0\u00a0 posebno priznanje Zlata kocka 2023:<strong> O\u0160 Pesnica, za projekt \u00bbPesni\u0161ki viadukt\u00ab,<br \/>\n<\/strong>&#8211;\u00a0\u00a0\u00a0\u00a0\u00a0\u00a0\u00a0 posebno priznanje Zlata kocka 2023:<strong> O\u0160 Franja Goloba Prevalje, za projekt \u00bbVseslovenski dan habitata\u00ab.<\/strong><\/p>\n<p><strong><u>KATEGORIJA TISKANI MEDIJI:<\/u><\/strong><\/p>\n<p>&#8211;\u00a0 \u00a0 \u00a0 \u00a0posebno priznanje Zlata kocka 2023: <strong>Miha Prosen, m.i.a., za projekt \u00bbArhitekturna hi\u0161ka\u00ab.<\/strong><\/p>\n<p><strong>\u017dirija v sestavi<\/strong>:<br \/>\n&#8211; mag. Len\u010da Humerca \u0160olar, Ministrstvo za okolje in prostor<br \/>\n&#8211; Sinan Mihel\u010di\u010d, Fakulteta za arhitekturo UL<br \/>\n&#8211; doc. Dr. Matev\u017e Juvan\u010di\u010d, Fakulteta za arhitekturo UL<br \/>\n&#8211; Natalija Kocjan\u010di\u010d, Zavod RS za \u0161olstvo<br \/>\n&#8211; Sa\u0161a Bojc, Novinarka \u010dasopisa DELO.<\/p>\n\n\t\t<\/div>\n\t<\/div>\n<\/div><\/div><\/div><div class=\"wpb_column vc_column_container vc_col-sm-4\"><div class=\"vc_column-inner\"><div class=\"wpb_wrapper\">\n\t<div  class=\"wpb_single_image wpb_content_element vc_align_center wpb_content_element\">\n\t\t\n\t\t<figure class=\"wpb_wrapper vc_figure\">\n\t\t\t<div class=\"vc_single_image-wrapper   vc_box_border_grey\"><img decoding=\"async\" width=\"504\" height=\"143\" src=\"https:\/\/igrivarhitektura.org\/new\/wp-content\/uploads\/2025\/10\/ZK-logo_2026.png\" class=\"vc_single_image-img attachment-full\" alt=\"\" title=\"ZK-logo_2026\" srcset=\"https:\/\/igrivarhitektura.org\/new\/wp-content\/uploads\/2025\/10\/ZK-logo_2026-18x5.png 18w, https:\/\/igrivarhitektura.org\/new\/wp-content\/uploads\/2025\/10\/ZK-logo_2026-200x57.png 200w, https:\/\/igrivarhitektura.org\/new\/wp-content\/uploads\/2025\/10\/ZK-logo_2026-300x85.png 300w, https:\/\/igrivarhitektura.org\/new\/wp-content\/uploads\/2025\/10\/ZK-logo_2026-400x113.png 400w, https:\/\/igrivarhitektura.org\/new\/wp-content\/uploads\/2025\/10\/ZK-logo_2026.png 504w\" sizes=\"(max-width: 504px) 100vw, 504px\" \/><\/div>\n\t\t<\/figure>\n\t<\/div>\n<div class=\"vc_empty_space\"   style=\"height: 10px\"><span class=\"vc_empty_space_inner\"><\/span><\/div>\n\t<div  class=\"wpb_single_image wpb_content_element vc_align_center wpb_content_element\">\n\t\t\n\t\t<figure class=\"wpb_wrapper vc_figure\">\n\t\t\t<div class=\"vc_single_image-wrapper   vc_box_border_grey\"><img decoding=\"async\" class=\"vc_single_image-img \" src=\"https:\/\/igrivarhitektura.org\/new\/wp-content\/uploads\/2022\/12\/LOGO_Zlata-kocka-150x150.png\" width=\"150\" height=\"150\" alt=\"LOGO_Zlata kocka\" title=\"LOGO_Zlata kocka\" \/><\/div>\n\t\t<\/figure>\n\t<\/div>\n<div class=\"vc_empty_space\"   style=\"height: 10px\"><span class=\"vc_empty_space_inner\"><\/span><\/div>\n\t<div  class=\"wpb_single_image wpb_content_element vc_align_center wpb_content_element\">\n\t\t\n\t\t<figure class=\"wpb_wrapper vc_figure\">\n\t\t\t<div class=\"vc_single_image-wrapper   vc_box_border_grey\"><img decoding=\"async\" width=\"569\" height=\"88\" src=\"https:\/\/igrivarhitektura.org\/new\/wp-content\/uploads\/2023\/03\/architecturechildren.jpg\" class=\"vc_single_image-img attachment-full\" alt=\"\" title=\"architecturechildren\" srcset=\"https:\/\/igrivarhitektura.org\/new\/wp-content\/uploads\/2023\/03\/architecturechildren-18x3.jpg 18w, https:\/\/igrivarhitektura.org\/new\/wp-content\/uploads\/2023\/03\/architecturechildren-200x31.jpg 200w, https:\/\/igrivarhitektura.org\/new\/wp-content\/uploads\/2023\/03\/architecturechildren-300x46.jpg 300w, https:\/\/igrivarhitektura.org\/new\/wp-content\/uploads\/2023\/03\/architecturechildren-400x62.jpg 400w, https:\/\/igrivarhitektura.org\/new\/wp-content\/uploads\/2023\/03\/architecturechildren.jpg 569w\" sizes=\"(max-width: 569px) 100vw, 569px\" \/><\/div>\n\t\t<\/figure>\n\t<\/div>\n<div class=\"vc_empty_space\"   style=\"height: 10px\"><span class=\"vc_empty_space_inner\"><\/span><\/div>\n\t<div  class=\"wpb_single_image wpb_content_element vc_align_center wpb_content_element\">\n\t\t\n\t\t<figure class=\"wpb_wrapper vc_figure\">\n\t\t\t<div class=\"vc_single_image-wrapper   vc_box_border_grey\"><img decoding=\"async\" width=\"340\" height=\"148\" src=\"https:\/\/igrivarhitektura.org\/new\/wp-content\/uploads\/2023\/03\/uia.png\" class=\"vc_single_image-img attachment-full\" alt=\"\" title=\"uia\" srcset=\"https:\/\/igrivarhitektura.org\/new\/wp-content\/uploads\/2023\/03\/uia-18x8.png 18w, https:\/\/igrivarhitektura.org\/new\/wp-content\/uploads\/2023\/03\/uia-200x87.png 200w, https:\/\/igrivarhitektura.org\/new\/wp-content\/uploads\/2023\/03\/uia-300x131.png 300w, https:\/\/igrivarhitektura.org\/new\/wp-content\/uploads\/2023\/03\/uia.png 340w\" sizes=\"(max-width: 340px) 100vw, 340px\" \/><\/div>\n\t\t<\/figure>\n\t<\/div>\n<div class=\"vc_empty_space\"   style=\"height: 10px\"><span class=\"vc_empty_space_inner\"><\/span><\/div>\n\t<div  class=\"wpb_single_image wpb_content_element vc_align_center wpb_content_element\">\n\t\t\n\t\t<figure class=\"wpb_wrapper vc_figure\">\n\t\t\t<div class=\"vc_single_image-wrapper   vc_box_border_grey\"><img decoding=\"async\" class=\"vc_single_image-img \" src=\"https:\/\/igrivarhitektura.org\/new\/wp-content\/uploads\/2022\/07\/zbornica_arhitektura-150x150.png\" width=\"150\" height=\"150\" alt=\"zbornica_arhitektura\" title=\"zbornica_arhitektura\" \/><\/div>\n\t\t<\/figure>\n\t<\/div>\n<\/div><\/div><\/div><\/div>\n<\/div>","protected":false},"excerpt":{"rendered":"ZLATA KOCKA 2026 Center arhitekture Slovenije je novembra 2025 ob podpori Zbornice za arhitekturo in prostor Slovenije objavil javni nate\u010daj za pridobitev projektov za izobra\u017eevanje otrok in mladostnikov o arhitekturi in grajenem okolju. Nate\u010daj je del mednarodnega nate\u010daja, ki ga razpisuje Svetovna zveza arhitektov (UIA). Link do UIA \u2013 architecture&amp;children:\u00a0https:\/\/www.architectureandchildren-uia.com\/ Nagrade nate\u010daja - Zlata kocka,","protected":false},"author":1,"featured_media":0,"parent":0,"menu_order":0,"comment_status":"closed","ping_status":"closed","template":"","meta":{"pgc_meta":"","iawp_total_views":952,"footnotes":""},"class_list":["post-4403","page","type-page","status-publish","hentry"],"pgc_meta":"","_links":{"self":[{"href":"https:\/\/igrivarhitektura.org\/en\/wp-json\/wp\/v2\/pages\/4403","targetHints":{"allow":["GET"]}}],"collection":[{"href":"https:\/\/igrivarhitektura.org\/en\/wp-json\/wp\/v2\/pages"}],"about":[{"href":"https:\/\/igrivarhitektura.org\/en\/wp-json\/wp\/v2\/types\/page"}],"author":[{"embeddable":true,"href":"https:\/\/igrivarhitektura.org\/en\/wp-json\/wp\/v2\/users\/1"}],"replies":[{"embeddable":true,"href":"https:\/\/igrivarhitektura.org\/en\/wp-json\/wp\/v2\/comments?post=4403"}],"version-history":[{"count":47,"href":"https:\/\/igrivarhitektura.org\/en\/wp-json\/wp\/v2\/pages\/4403\/revisions"}],"predecessor-version":[{"id":5003,"href":"https:\/\/igrivarhitektura.org\/en\/wp-json\/wp\/v2\/pages\/4403\/revisions\/5003"}],"wp:attachment":[{"href":"https:\/\/igrivarhitektura.org\/en\/wp-json\/wp\/v2\/media?parent=4403"}],"curies":[{"name":"wp","href":"https:\/\/api.w.org\/{rel}","templated":true}]}}